{"id":10175,"date":"2021-01-25T07:48:00","date_gmt":"2021-01-25T07:48:00","guid":{"rendered":"http:\/\/ktbb.org\/v1\/?page_id=10175"},"modified":"2021-01-25T07:48:00","modified_gmt":"2021-01-25T07:48:00","slug":"19-haziran-2019-7-birlik-yurutme-kurulu-toplantisi","status":"publish","type":"page","link":"https:\/\/ktbb.org\/v1\/19-haziran-2019-7-birlik-yurutme-kurulu-toplantisi\/","title":{"rendered":"19 Haziran 2019 7. Birlik Y\u00fcr\u00fctme Kurulu Toplant\u0131s\u0131"},"content":{"rendered":"<p><strong>Karar No : 17\/019<\/strong><\/p>\n<p>Avrupa Birli\u011fi , Belediyeler ve Birlik kapasite geli\u015ftirmesini \u00a0art\u0131rmak i\u00e7in T\u00fcm siyasi partilerin temsil edilece\u011fi;<\/p>\n<p>1 DP<\/p>\n<p>1 TDP<\/p>\n<p>3 BA\u011eIMSIZ<\/p>\n<p>3 CTP<\/p>\n<p>3 UBP\u2019den bir heyetin olu\u015fturmas\u0131na ve eyl\u00fcl ay\u0131 i\u00e7erisinde bir otelde \u00c7al\u0131\u015ftay ger\u00e7ekle\u015ftirmesine oy birli\u011fi ile karar verildi.<\/p>\n<p><strong>Karar No : 18\/019<\/strong><\/p>\n<p>18 Temmuz 2019 tarihinde Birlik Meclisinin toplanmas\u0131na oy birli\u011fi\u00a0 ile karar verildi.<\/p>\n<p><strong> Karar No : 19\/019<\/strong><\/p>\n<p>T\u00fcrkiye Cumhuriyeti\u2019ndeki se\u00e7imlerinden sonra Belediye Ba\u015fkanlar\u0131m\u0131zla birlikte T\u00fcrkiye Cumhuriyeti\u2019nde bulunan Belediye Birliklerine ziyaret etme karar\u0131 al\u0131nd\u0131.<\/p>\n<p><strong>\u00a0<\/strong><\/p>\n<p><strong>\u00a0<\/strong><\/p>\n<p><strong>\u00a0<\/strong><\/p>\n","protected":false},"excerpt":{"rendered":"<p>Karar No : 17\/019 Avrupa Birli\u011fi , Belediyeler ve Birlik [&hellip;]<\/p>\n","protected":false},"author":9,"featured_media":0,"parent":0,"menu_order":0,"comment_status":"closed","ping_status":"closed","template":"","meta":{"footnotes":""},"class_list":["post-10175","page","type-page","status-publish","hentry"],"_links":{"self":[{"href":"https:\/\/ktbb.org\/v1\/wp-json\/wp\/v2\/pages\/10175","targetHints":{"allow":["GET"]}}],"collection":[{"href":"https:\/\/ktbb.org\/v1\/wp-json\/wp\/v2\/pages"}],"about":[{"href":"https:\/\/ktbb.org\/v1\/wp-json\/wp\/v2\/types\/page"}],"author":[{"embeddable":true,"href":"https:\/\/ktbb.org\/v1\/wp-json\/wp\/v2\/users\/9"}],"replies":[{"embeddable":true,"href":"https:\/\/ktbb.org\/v1\/wp-json\/wp\/v2\/comments?post=10175"}],"version-history":[{"count":1,"href":"https:\/\/ktbb.org\/v1\/wp-json\/wp\/v2\/pages\/10175\/revisions"}],"predecessor-version":[{"id":10176,"href":"https:\/\/ktbb.org\/v1\/wp-json\/wp\/v2\/pages\/10175\/revisions\/10176"}],"wp:attachment":[{"href":"https:\/\/ktbb.org\/v1\/wp-json\/wp\/v2\/media?parent=10175"}],"curies":[{"name":"wp","href":"https:\/\/api.w.org\/{rel}","templated":true}]}}