{"id":10179,"date":"2021-01-25T07:53:53","date_gmt":"2021-01-25T07:53:53","guid":{"rendered":"http:\/\/ktbb.org\/v1\/?page_id=10179"},"modified":"2021-01-25T07:53:53","modified_gmt":"2021-01-25T07:53:53","slug":"7-agustos-2019-tarihli-8-birlik-yurutme-kurulu-toplantisi","status":"publish","type":"page","link":"https:\/\/ktbb.org\/v1\/7-agustos-2019-tarihli-8-birlik-yurutme-kurulu-toplantisi\/","title":{"rendered":"7 A\u011fustos 2019 Tarihli 8. Birlik Y\u00fcr\u00fctme Kurulu Toplant\u0131s\u0131"},"content":{"rendered":"<p><strong>Karar No : 20\/2019<\/strong><\/p>\n<p>Belediyeler Reformunu Merkezi H\u00fck\u00fcmet ile m\u00fczakere etmek \u00fczere \u00a0K.T. Belediyeler Birli\u011fi Birlik Y\u00fcr\u00fctme Kurulu \u00dcyeleri, Yedek \u00dcyeler, CTP\u2019den Lefke Belediye Ba\u015fkan\u0131 Aziz KAYA ve DP\u2019 den Tatl\u0131su Belediye Ba\u015fkan\u0131 Hayri OR\u00c7AN, Birlik Avukat\u0131 M\u00fcjgan IRKAD ve Birlik Koordinat\u00f6r\u00fc H\u00fcseyin K\u00d6LE\u2019den olu\u015fan bir Komite kurulmas\u0131na oy birli\u011fi ile karar verildi.<\/p>\n<p><strong>Karar No : 21\/2019<\/strong><\/p>\n<p>Mehmet\u00e7ik Belediyesinin olu\u015fturaca\u011f\u0131 <strong>\u2018\u2018MEYAT\u2019\u2019<\/strong> \u015eirketine K.T. Belediyeler Birli\u011finin % 1 oran\u0131nda hisse ile ortak olmas\u0131 hususu g\u00fcndeme getirilerek tart\u0131\u015f\u0131ld\u0131 ve K.T. Belediyeler Birli\u011finin % 1 oran\u0131nda hissedar olmas\u0131na oy birli\u011fi ile karar verildi.<\/p>\n<p><strong>Karar No : 22\/2019<\/strong><\/p>\n<p>Belediye Ba\u015fkanlar\u0131na y\u00f6nelik tecr\u00fcbe payla\u015f\u0131m\u0131 \u00e7er\u00e7evesinde,\u00a0\u00a0 T\u00fcrkiye Cumhuriyeti\u2019nin Ankara, Konya ve Eski\u015fehir illerine\u00a0 bilimsel gezi d\u00fczenlenmesine karar verildi.<\/p>\n<p><strong>Karar No : 23\/2019<\/strong><\/p>\n<p>Beyarmudu Belediyesinin olu\u015fturaca\u011f\u0131 <strong>\u2018\u2018G\u00dcNMES\u2019\u2019<\/strong> \u015eirketine K.T. Belediyeler Birli\u011finin % 1 oran\u0131nda hisse ile ortak olmas\u0131 hususu g\u00fcndeme getirilerek tart\u0131\u015f\u0131ld\u0131 ve K.T. Belediyeler Birli\u011finin % 1 oran\u0131nda hissedar olmas\u0131na oy birli\u011fi ile karar verildi.<\/p>\n<p><strong>Karar No : 24\/2019<\/strong><\/p>\n<p>Sa\u011fl\u0131k Bakanl\u0131\u011f\u0131 i\u015fbirli\u011fi halinde Ta\u015f\u0131y\u0131c\u0131s\u0131 Sivrisinek olan<\/p>\n<p><strong>\u00a0\u2018\u2018Bat\u0131 Nil Vir\u00fcs\u00fc\u2019\u2019<\/strong> ne kar\u015f\u0131 etkin m\u00fccadele \u00e7al\u0131\u015fmalar\u0131n\u0131n y\u00fcr\u00fct\u00fclmesine karar verildi.<\/p>\n<p><strong>Yurtd\u0131\u015f\u0131 Temaslarla \u0130lgili Bilgilendirme.<\/strong><\/p>\n<ol>\n<li>a-) K.T. Belediyeler Birli\u011fi Ba\u015fkan\u0131 Mahmut \u00d6Z\u00c7INAR, Avrupa Konseyi t\u00fcm Komite toplant\u0131lar\u0131, T\u00fcrk D\u00fcnyas\u0131 Belediyeler Birli\u011fi ve 6. Birle\u015fmi\u015f Kentler ve Yerel Y\u00f6netimler Orta Do\u011fu ve Bat\u0131 Asya B\u00f6lge Te\u015fkilat\u0131 ( UCLG-MEWA) toplant\u0131lar\u0131 hakk\u0131nda, Birlik Y\u00fcr\u00fctme Kuruluna bilgi aktard\u0131.<\/li>\n<\/ol>\n<p>b-) K.T. Belediyeler Birli\u011fi Ba\u015fkan\u0131 Mahmut \u00d6Z\u00c7INAR, 28-30 Temmuz tarihleri aras\u0131nda B\u00fcy\u00fck\u00e7ekmece Belediye Ba\u015fkan\u0131 Say\u0131n Dr. Hasan AYG\u00dcN\u2019ne nezaket ziyaretinde bulundu\u011fu hususunda bilgi aktard\u0131.<\/p>\n<p>&nbsp;<\/p>\n<p><strong>\u00a0<\/strong><\/p>\n","protected":false},"excerpt":{"rendered":"<p>Karar No : 20\/2019 Belediyeler Reformunu Merkezi H\u00fck\u00fcmet ile m\u00fczakere [&hellip;]<\/p>\n","protected":false},"author":9,"featured_media":0,"parent":0,"menu_order":0,"comment_status":"closed","ping_status":"closed","template":"","meta":{"footnotes":""},"class_list":["post-10179","page","type-page","status-publish","hentry"],"_links":{"self":[{"href":"https:\/\/ktbb.org\/v1\/wp-json\/wp\/v2\/pages\/10179","targetHints":{"allow":["GET"]}}],"collection":[{"href":"https:\/\/ktbb.org\/v1\/wp-json\/wp\/v2\/pages"}],"about":[{"href":"https:\/\/ktbb.org\/v1\/wp-json\/wp\/v2\/types\/page"}],"author":[{"embeddable":true,"href":"https:\/\/ktbb.org\/v1\/wp-json\/wp\/v2\/users\/9"}],"replies":[{"embeddable":true,"href":"https:\/\/ktbb.org\/v1\/wp-json\/wp\/v2\/comments?post=10179"}],"version-history":[{"count":1,"href":"https:\/\/ktbb.org\/v1\/wp-json\/wp\/v2\/pages\/10179\/revisions"}],"predecessor-version":[{"id":10180,"href":"https:\/\/ktbb.org\/v1\/wp-json\/wp\/v2\/pages\/10179\/revisions\/10180"}],"wp:attachment":[{"href":"https:\/\/ktbb.org\/v1\/wp-json\/wp\/v2\/media?parent=10179"}],"curies":[{"name":"wp","href":"https:\/\/api.w.org\/{rel}","templated":true}]}}