{"id":10187,"date":"2021-01-25T09:26:49","date_gmt":"2021-01-25T09:26:49","guid":{"rendered":"http:\/\/ktbb.org\/v1\/?page_id=10187"},"modified":"2021-01-25T09:26:49","modified_gmt":"2021-01-25T09:26:49","slug":"7-subat-2020-tarihli-1-birlik-yurutme-kurulu-toplantisi","status":"publish","type":"page","link":"https:\/\/ktbb.org\/v1\/7-subat-2020-tarihli-1-birlik-yurutme-kurulu-toplantisi\/","title":{"rendered":"7 \u015eubat 2020 Tarihli 1. Birlik Y\u00fcr\u00fctme Kurulu Toplant\u0131s\u0131"},"content":{"rendered":"<p><strong>Karar No: 1\/2020<\/strong><\/p>\n<p>2020 Y\u0131l\u0131 B\u00fct\u00e7e Tasla\u011f\u0131 Birlik Y\u00fcr\u00fctme Kurulu\u2019na sunuldu. Y\u00fcr\u00fctme Kurulu Genel Kurul sunumdan \u00f6nce analitik b\u00fct\u00e7eye ge\u00e7ildi\u011fi nedeni ile b\u00fct\u00e7enin kalemleri ile ilgili paragraf paragraf a\u00e7\u0131l\u0131m yap\u0131lmas\u0131 ve izahat yap\u0131lmas\u0131 \u015feklinde b\u00fct\u00e7e tasla\u011f\u0131n\u0131n d\u00fczeltilmesini ve Genel Kurul yap\u0131l\u0131p B\u00fct\u00e7e tasla\u011f\u0131n\u0131n Kurula sunulmas\u0131na oy birli\u011fi ile karar veridi.<\/p>\n<p><strong>Karar No : 2\/2020<\/strong><\/p>\n<p>Akdeniz Belediyeler Birli\u011finden gelen Fuar davetine kat\u0131l\u0131m olmas\u0131na oy birli\u011fi ile karar al\u0131nd\u0131.<\/p>\n<p><strong>Karar No : 3\/2020<\/strong><\/p>\n<p>Bosna-Hersek Belediyeleri\u2019nin K.K.T.C Belediyeleri ile Karde\u015f Belediye olmalar\u0131 y\u00f6n\u00fcnde t\u0131pk\u0131 Lefko\u015fa T\u00fcrk Belediyesi ile Saraybosna Belediyesi ile yapt\u0131\u011f\u0131 gibi Karde\u015f Belediye olu\u015fturulmas\u0131nda \u00e7al\u0131\u015fma ba\u015flat\u0131lmas\u0131na oy birli\u011fi ile karar verildi.<\/p>\n<p><strong>Karar No : 4\/2020<\/strong><\/p>\n<p>Bosna-Hersek Turizm Fuar\u0131n\u0131n 30 Mart- 1 Nisan tarihleri aras\u0131nda yap\u0131laca\u011f\u0131 ve bu konuda bir davet gelece\u011fi ve bu davet \u0131\u015f\u0131\u011f\u0131nda Bosna- Hersek Turizm Fuar\u0131na kat\u0131lmas\u0131 ve K.T. Belediyeler Birli\u011fi olarak bu Fuarda Girne Belediyesi bir stant olu\u015fturmas\u0131na ve \u00fcr\u00fcnlerinin tan\u0131t\u0131lmas\u0131na oy birli\u011fi karar verildi.<br \/>\nBu fuara gidi\u015f amac\u0131 ile K.K.T.C B\u00fcy\u00fck El\u00e7ili\u011fi\u2019ne gidilip Pasaport al\u0131m\u0131 ile g\u00f6r\u00fc\u015f\u00fclmesine karar verildi.<\/p>\n<p><strong>Karar No : 5\/2020<\/strong><\/p>\n<p>Almanya\u2019da yap\u0131lacak Yerel Y\u00f6netimler Fuar\u0131 8 Nisan 2020 de<br \/>\nger\u00e7ekle\u015fecek olup iki g\u00fcn s\u00fcrelidir ve bu Fuara gidilmesi i\u00e7in \u00e7al\u0131\u015fma ba\u015flat\u0131lmas\u0131na oy birli\u011fi ile karar verildi.<\/p>\n<p><strong>Karar No : 6\/2020<\/strong><\/p>\n<p>2020 Mart ay\u0131 \u0130\u00e7erisinde Konya ve Gaziantep\u2019e ayr\u0131 ayr\u0131 yirmi\u015fer ki\u015filik Birlik Meclis \u00dcyelerinden se\u00e7ilecek iki ayr\u0131 ekibin g\u00f6nderilmesine, K\u00fclt\u00fcrel ve Belediyecilik a\u00e7\u0131s\u0131ndan yaral\u0131 olaca\u011f\u0131 d\u00fc\u015f\u00fcn\u00fcld\u00fc\u011f\u00fcnden Konya B\u00fcy\u00fck\u015fehir ve Gaziantep B\u00fcy\u00fck\u015fehir Belediyeleri\u2019nin ziyaretine oy birli\u011fi ile karar verilir.<\/p>\n<p><strong>Karar No : 7\/2020<\/strong><\/p>\n<p>\u0130\u00e7i\u015fleri Bakanl\u0131\u011f\u0131 M\u00fcste\u015far\u0131 Mehmet \u00d6ZNACAR taraf\u0131ndan g\u00f6nderilen 5 \u015eubat 2020 tarihli yaz\u0131 ekindeki Belediyeler (De\u011fi\u015fiklik ) Yasa Tasar\u0131s\u0131 \u00e7al\u0131\u015fmas\u0131n\u0131n ge\u00e7mi\u015fte yap\u0131lan Belediyeler Birli\u011fi \u00e7al\u0131\u015fmalar\u0131 da dikkate al\u0131narak kar\u015f\u0131la\u015ft\u0131rmal\u0131 bir \u00e7al\u0131\u015fma yap\u0131lmas\u0131 14.2.2020 de Saat 11\u2019de Yap\u0131lacak Y\u00fcr\u00fctme Kurulu toplant\u0131s\u0131nda bu konunun tart\u0131\u015f\u0131lmas\u0131na oy birli\u011fi ile karar verildi.<br \/>\nT\u00fcm Y\u00fcr\u00fctme Kurulu \u00dcyelerine Taslakla ilgili g\u00f6r\u00fc\u015f ve \u00f6nerilerinin al\u0131naca\u011f\u0131 y\u00f6n\u00fcnde 14 .2.2020 yap\u0131lacak Y\u00fcr\u00fctme Kurulu toplant\u0131s\u0131nda hat\u0131rlatma yap\u0131lmas\u0131na ve t\u00fcm Belediye Ba\u015fkanlar\u0131\u2019na Taslak ile \u0130lgili g\u00f6r\u00fc\u015f ve \u00f6nerilerini 14 \u015eubat 2020 tarihine kadar sunmalar\u0131 i\u00e7in, \u0130\u00e7i\u015fleri Bakanl\u0131\u011f\u0131 ad\u0131nda g\u00f6nderilen bu Tasar\u0131n\u0131n bir kopyas\u0131n\u0131n t\u00fcm Belediye Ba\u015fkanlar\u0131na g\u00f6nderilmesine karar verildi.<\/p>\n<p><strong>Karar No : 8\/2020<\/strong><\/p>\n<p>Girne Belediyesi ve Ma\u011fusa Belediyesi\u2019nin kullan\u0131m\u0131nda olan Belediyeler Birli\u011fi taraf\u0131ndan \u00fczerine F\u0131r\u0131n yap\u0131l\u0131p Kiraya verilen yerlerin, Kiralar\u0131n\u0131n 2019 y\u0131l\u0131 i\u00e7inde ger\u00e7ekle\u015fmi\u015f olan hayat pahal\u0131l\u0131\u011f\u0131 oran\u0131nda Kira bedeline art\u0131\u015f yap\u0131lmas\u0131na ve yaz\u0131l\u0131 olarak Kiras\u0131nda bulunduranlara bildirmesine oy birli\u011fi ile karar verildi.<\/p>\n<p><strong>Karar No : 9\/2020<\/strong><\/p>\n<p>Talep eden Ba\u015fkanlara EBYS Sistemine ge\u00e7ildi\u011fi nedeni ile belli bir sistem i\u00e7erisinde Belediyeler Birli\u011fi ile ileti\u015fim sa\u011flanmas\u0131 i\u00e7in, talep eden Belediye Ba\u015fkanlar\u0131\u2019n\u0131n 20\/2016 say\u0131l\u0131 Kamu \u0130hale Yasas\u0131n\u0131n 24. Maddesi uyar\u0131nca do\u011frudan al\u0131m y\u00f6ntemi ile al\u0131nmas\u0131na oy birli\u011fi ile karar verildi.<\/p>\n","protected":false},"excerpt":{"rendered":"<p>Karar No: 1\/2020 2020 Y\u0131l\u0131 B\u00fct\u00e7e Tasla\u011f\u0131 Birlik Y\u00fcr\u00fctme Kurulu\u2019na [&hellip;]<\/p>\n","protected":false},"author":9,"featured_media":0,"parent":0,"menu_order":0,"comment_status":"closed","ping_status":"closed","template":"","meta":{"footnotes":""},"class_list":["post-10187","page","type-page","status-publish","hentry"],"_links":{"self":[{"href":"https:\/\/ktbb.org\/v1\/wp-json\/wp\/v2\/pages\/10187","targetHints":{"allow":["GET"]}}],"collection":[{"href":"https:\/\/ktbb.org\/v1\/wp-json\/wp\/v2\/pages"}],"about":[{"href":"https:\/\/ktbb.org\/v1\/wp-json\/wp\/v2\/types\/page"}],"author":[{"embeddable":true,"href":"https:\/\/ktbb.org\/v1\/wp-json\/wp\/v2\/users\/9"}],"replies":[{"embeddable":true,"href":"https:\/\/ktbb.org\/v1\/wp-json\/wp\/v2\/comments?post=10187"}],"version-history":[{"count":1,"href":"https:\/\/ktbb.org\/v1\/wp-json\/wp\/v2\/pages\/10187\/revisions"}],"predecessor-version":[{"id":10188,"href":"https:\/\/ktbb.org\/v1\/wp-json\/wp\/v2\/pages\/10187\/revisions\/10188"}],"wp:attachment":[{"href":"https:\/\/ktbb.org\/v1\/wp-json\/wp\/v2\/media?parent=10187"}],"curies":[{"name":"wp","href":"https:\/\/api.w.org\/{rel}","templated":true}]}}