{"id":10189,"date":"2021-01-25T09:29:05","date_gmt":"2021-01-25T09:29:05","guid":{"rendered":"http:\/\/ktbb.org\/v1\/?page_id=10189"},"modified":"2021-01-25T09:29:05","modified_gmt":"2021-01-25T09:29:05","slug":"11-mart-2020-tarihli-2-yurutme-kurulu-toplantisi","status":"publish","type":"page","link":"https:\/\/ktbb.org\/v1\/11-mart-2020-tarihli-2-yurutme-kurulu-toplantisi\/","title":{"rendered":"11 Mart 2020 Tarihli  2. Y\u00fcr\u00fctme Kurulu Toplant\u0131s\u0131"},"content":{"rendered":"<p><strong>Karar No: 10 \/2020<\/strong><\/p>\n<p>Korona vir\u00fcs\u00fcnden\u00a0 korunulmas\u0131 amac\u0131yla\u00a0 Belediyelerimizin ikinci bir duyuruya kadar yapaca\u011f\u0131 k\u00fclt\u00fcrel etkinliklerin ertelenmesi y\u00f6n\u00fcnde karar al\u0131nd\u0131.<\/p>\n<p><strong>Karar No: \u00a011 \/2020<\/strong><\/p>\n<p>18-24 Mart aras\u0131nda her y\u0131l Belediyeler taraf\u0131ndan yap\u0131lmakta olan ya\u015fl\u0131larla ilgili etkinliklerin ikinci bir duyuruya kadar ertelenmesi y\u00f6n\u00fcnde karar al\u0131nd\u0131.<\/p>\n<p><strong>Karar No: \u00a012 \/2020<\/strong><\/p>\n<p>Belediyeler Birli\u011fi, ikinci bir duyuruya kadar T\u00fcrkiye ve \u00fc\u00e7\u00fcnc\u00fc \u00fclkelere yap\u0131lacak olan programlanm\u0131\u015f ziyaret ve \u00e7al\u0131\u015fmalar\u0131n\u0131n iptaline karar vermi\u015ftir.<\/p>\n<p><strong>Karar No: \u00a013 \/2020<\/strong><\/p>\n<p>Belediyelerimizin Anayasa\u2019n\u0131n ve Belediyeler Yasas\u0131\u2019n\u0131n kendilerine vermi\u015f oldu\u011fu yetki ve g\u00f6revlere uygun olarak halk sa\u011fl\u0131\u011f\u0131 ile ilgili yapmakta oldu\u011fu temizlik, ila\u00e7lama hizmetleri, ha\u015fere ile m\u00fccadele hizmetlerini s\u0131kla\u015ft\u0131rarak devam etmeleri y\u00f6n\u00fcnde karar al\u0131nd\u0131.<\/p>\n<p><strong> Karar No: 14 \/2020<\/strong><\/p>\n<p>Bay\u0131nd\u0131rl\u0131k ve Ula\u015ft\u0131rma Bakanl\u0131\u011f\u0131\u2019n\u0131n ba\u015flatt\u0131\u011f\u0131 toplu ta\u015f\u0131ma ara\u00e7lar\u0131n\u0131n hijyen denetimi ile ilgili her Belediye kendi s\u0131n\u0131rlar\u0131 i\u00e7erisinde yap\u0131lacak \u00e7al\u0131\u015fmalarda yer almalar\u0131 y\u00f6n\u00fcnde karar al\u0131nd\u0131.<\/p>\n<p><strong>Karar No: 15 \/2020<\/strong><\/p>\n<p>Belediyelerimizin, e\u011flence ve dinlence yerleri, al\u0131\u015f-veri\u015f merkezleri gibi toplu \u00a0kullan\u0131m alanlar\u0131n\u0131n temizlik ve sa\u011fl\u0131k ile ilgili denetimlerini art\u0131rmas\u0131 y\u00f6n\u00fcnde karar al\u0131nd\u0131.<\/p>\n<p>&nbsp;<\/p>\n","protected":false},"excerpt":{"rendered":"<p>Karar No: 10 \/2020 Korona vir\u00fcs\u00fcnden\u00a0 korunulmas\u0131 amac\u0131yla\u00a0 Belediyelerimizin ikinci [&hellip;]<\/p>\n","protected":false},"author":9,"featured_media":0,"parent":0,"menu_order":0,"comment_status":"closed","ping_status":"closed","template":"","meta":{"footnotes":""},"class_list":["post-10189","page","type-page","status-publish","hentry"],"_links":{"self":[{"href":"https:\/\/ktbb.org\/v1\/wp-json\/wp\/v2\/pages\/10189","targetHints":{"allow":["GET"]}}],"collection":[{"href":"https:\/\/ktbb.org\/v1\/wp-json\/wp\/v2\/pages"}],"about":[{"href":"https:\/\/ktbb.org\/v1\/wp-json\/wp\/v2\/types\/page"}],"author":[{"embeddable":true,"href":"https:\/\/ktbb.org\/v1\/wp-json\/wp\/v2\/users\/9"}],"replies":[{"embeddable":true,"href":"https:\/\/ktbb.org\/v1\/wp-json\/wp\/v2\/comments?post=10189"}],"version-history":[{"count":1,"href":"https:\/\/ktbb.org\/v1\/wp-json\/wp\/v2\/pages\/10189\/revisions"}],"predecessor-version":[{"id":10190,"href":"https:\/\/ktbb.org\/v1\/wp-json\/wp\/v2\/pages\/10189\/revisions\/10190"}],"wp:attachment":[{"href":"https:\/\/ktbb.org\/v1\/wp-json\/wp\/v2\/media?parent=10189"}],"curies":[{"name":"wp","href":"https:\/\/api.w.org\/{rel}","templated":true}]}}