{"id":10191,"date":"2021-01-25T09:30:35","date_gmt":"2021-01-25T09:30:35","guid":{"rendered":"http:\/\/ktbb.org\/v1\/?page_id=10191"},"modified":"2021-01-25T09:30:35","modified_gmt":"2021-01-25T09:30:35","slug":"27-mart-2020-tarihli-3-yurutme-kurulu-toplantisi","status":"publish","type":"page","link":"https:\/\/ktbb.org\/v1\/27-mart-2020-tarihli-3-yurutme-kurulu-toplantisi\/","title":{"rendered":"27 Mart 2020 Tarihli 3. Y\u00fcr\u00fctme Kurulu Toplant\u0131s\u0131"},"content":{"rendered":"<p><strong>Karar No: 16\/2020<\/strong><\/p>\n<p>Belediyelerin temel sa\u011fl\u0131k ve personel giderlerinin kar\u015f\u0131lanmas\u0131 i\u00e7in Devletin kaynak azaltma miktar\u0131 kadar bor\u00e7lanmaya gidebilmesi ve Devletin kefil olarak g\u00f6sterilmesinin sa\u011flanmas\u0131 konusunda karar al\u0131nm\u0131\u015ft\u0131r.<\/p>\n<p><strong>Karar No 17 \/ 2020<\/strong><\/p>\n<p>Maliye Bakanl\u0131\u011f\u0131 ile alacak ve vereceklerin mahsupla\u015fmas\u0131 konusunda \u00e7al\u0131\u015fma yap\u0131lmas\u0131.<\/p>\n<p><strong>\u00a0<\/strong><strong>Karar No : 18 \/ 2020<\/strong><\/p>\n<p>Belediyelerin g\u00f6rev s\u00fcresini a\u015fabilecek bor\u00e7lanmaya gidebilmesi i\u00e7in karar \u00e7\u0131kart\u0131lmas\u0131.<\/p>\n<p><strong>\u00a0<\/strong><strong>Karar No :19 \/2020<\/strong><\/p>\n<p>Birlik\u00a0 Y\u00fcr\u00fctme Kurulu her siyasi partiden bir temsilci olu\u015fturup h\u00fck\u00fcmet ile g\u00f6r\u00fc\u015fmelere ba\u015flamas\u0131 konusunda oy birli\u011fi ile karar ald\u0131.<\/p>\n","protected":false},"excerpt":{"rendered":"<p>Karar No: 16\/2020 Belediyelerin temel sa\u011fl\u0131k ve personel giderlerinin kar\u015f\u0131lanmas\u0131 [&hellip;]<\/p>\n","protected":false},"author":9,"featured_media":0,"parent":0,"menu_order":0,"comment_status":"closed","ping_status":"closed","template":"","meta":{"footnotes":""},"class_list":["post-10191","page","type-page","status-publish","hentry"],"_links":{"self":[{"href":"https:\/\/ktbb.org\/v1\/wp-json\/wp\/v2\/pages\/10191","targetHints":{"allow":["GET"]}}],"collection":[{"href":"https:\/\/ktbb.org\/v1\/wp-json\/wp\/v2\/pages"}],"about":[{"href":"https:\/\/ktbb.org\/v1\/wp-json\/wp\/v2\/types\/page"}],"author":[{"embeddable":true,"href":"https:\/\/ktbb.org\/v1\/wp-json\/wp\/v2\/users\/9"}],"replies":[{"embeddable":true,"href":"https:\/\/ktbb.org\/v1\/wp-json\/wp\/v2\/comments?post=10191"}],"version-history":[{"count":1,"href":"https:\/\/ktbb.org\/v1\/wp-json\/wp\/v2\/pages\/10191\/revisions"}],"predecessor-version":[{"id":10192,"href":"https:\/\/ktbb.org\/v1\/wp-json\/wp\/v2\/pages\/10191\/revisions\/10192"}],"wp:attachment":[{"href":"https:\/\/ktbb.org\/v1\/wp-json\/wp\/v2\/media?parent=10191"}],"curies":[{"name":"wp","href":"https:\/\/api.w.org\/{rel}","templated":true}]}}