{"id":10196,"date":"2021-01-25T11:51:36","date_gmt":"2021-01-25T11:51:36","guid":{"rendered":"http:\/\/ktbb.org\/v1\/?page_id=10196"},"modified":"2021-01-25T11:51:36","modified_gmt":"2021-01-25T11:51:36","slug":"13-mayis-2020-tarihli-5-yurutme-kurulu-toplantisi","status":"publish","type":"page","link":"https:\/\/ktbb.org\/v1\/13-mayis-2020-tarihli-5-yurutme-kurulu-toplantisi\/","title":{"rendered":"13  May\u0131s 2020  Tarihli  5. Y\u00fcr\u00fctme Kurulu Toplant\u0131s\u0131"},"content":{"rendered":"<p><strong>Karar No: 28\/2020<\/strong><\/p>\n<p>51 \/95\u00a0 Say\u0131l\u0131 Belediyeler Yasas\u0131nda Toplu Ta\u015f\u0131mac\u0131l\u0131k ile ilgi kurallar d\u00fczenlenmi\u015f olup, Belediyelerin hak ve yetkileri belirlenmi\u015ftir. Bu kapsamda Bay\u0131nd\u0131rl\u0131k ve Ula\u015ft\u0131rma Bakanl\u0131\u011f\u0131 ile ortak \u00e7al\u0131\u015fma yapmak ve g\u00f6r\u00fc\u015fmelerde bulunmak i\u00e7in Belediyeler Birli\u011fi t\u00fcm Belediyelere yaz\u0131l\u0131 olarak duyurmak ve Belediyelerin il\u00e7e Belediyeleri \u00f6nc\u00fcl\u00fc\u011f\u00fcnde toplant\u0131 d\u00fczenleyerek bu \u00e7al\u0131\u015fmalarda talep ve istekleri, \u00f6ng\u00f6r\u00fcleri ve ilkelerini\u00a0belirlemeleri ve yaz\u0131l\u0131 olarak Belediyeler Birli\u011fine aktarmalar\u0131, Bakanl\u0131kla yap\u0131lacak toplant\u0131lara il\u00e7e Belediye Ba\u015fkanlar\u0131 veya temsilcileri ile halen fiilen Toplu Ta\u015f\u0131mac\u0131l\u0131k yapmakta olan Belediyelerin Ba\u015fkanlar\u0131 veya temsilcilerinin kat\u0131laca\u011f\u0131 y\u00f6n\u00fcnde oy birli\u011fi ile karar al\u0131n\u0131r.<\/p>\n<p><strong>\u00a0<\/strong><\/p>\n<p><strong>\u00a0 \u00a0 \u00a0 \u00a0 \u00a0 \u00a0 \u00a0 \u00a0 \u00a0 \u00a0 \u00a0<\/strong><strong>\u00a0<\/strong><\/p>\n<p><strong>Toplant\u0131ya Kat\u0131lacak Belediye Ba\u015fkanlar\u0131n\u0131n- Listesi<\/strong><\/p>\n<p>&nbsp;<\/p>\n<p>&nbsp;<\/p>\n<ol>\n<li>Mahmut \u00d6Z\u00c7INAR G\u00fczelyurt Belediye Ba\u015fkan\u0131 ve KTBB Birli\u011fi Ba\u015fkan\u0131<\/li>\n<li>Mehmet HARMANCI Lefko\u015fa Belediye Ba\u015fkan\u0131 ve KTBB Asba\u015fkan\u0131<\/li>\n<li>\u0130smail ARTER Ma\u011fusa Belediye Ba\u015fkan\u0131<\/li>\n<li>Nidai G\u00dcNG\u00d6RD\u00dc Girne Belediye Ba\u015fkan\u0131<\/li>\n<li>Hasan SADIKO\u011eLU \u0130skele Belediye Ba\u015fkan\u0131<\/li>\n<li>Aziz KAYA Lefke Belediye Ba\u015fkan\u0131<\/li>\n<li>\u0130lker ED\u0130P Beyarmudu Belediye Ba\u015fkan\u0131\u00a0\u00a0 Y\u00fcr\u00fctmeden G\u00f6revli<\/li>\n<li>Ahmet BENL\u0130 G\u00f6nyeli Belediye Ba\u015fkan\u0131 Toplu Ta\u015f\u0131mac\u0131l\u0131k Yapan<\/li>\n<li>H\u00fcseyin K\u00d6LE T.Belediyeler Birli\u011fi Koordinat\u00f6r\u00fc<\/li>\n<\/ol>\n<p>&nbsp;<\/p>\n<p>&nbsp;<\/p>\n","protected":false},"excerpt":{"rendered":"<p>Karar No: 28\/2020 51 \/95\u00a0 Say\u0131l\u0131 Belediyeler Yasas\u0131nda Toplu Ta\u015f\u0131mac\u0131l\u0131k [&hellip;]<\/p>\n","protected":false},"author":9,"featured_media":0,"parent":0,"menu_order":0,"comment_status":"closed","ping_status":"closed","template":"","meta":{"footnotes":""},"class_list":["post-10196","page","type-page","status-publish","hentry"],"_links":{"self":[{"href":"https:\/\/ktbb.org\/v1\/wp-json\/wp\/v2\/pages\/10196","targetHints":{"allow":["GET"]}}],"collection":[{"href":"https:\/\/ktbb.org\/v1\/wp-json\/wp\/v2\/pages"}],"about":[{"href":"https:\/\/ktbb.org\/v1\/wp-json\/wp\/v2\/types\/page"}],"author":[{"embeddable":true,"href":"https:\/\/ktbb.org\/v1\/wp-json\/wp\/v2\/users\/9"}],"replies":[{"embeddable":true,"href":"https:\/\/ktbb.org\/v1\/wp-json\/wp\/v2\/comments?post=10196"}],"version-history":[{"count":1,"href":"https:\/\/ktbb.org\/v1\/wp-json\/wp\/v2\/pages\/10196\/revisions"}],"predecessor-version":[{"id":10197,"href":"https:\/\/ktbb.org\/v1\/wp-json\/wp\/v2\/pages\/10196\/revisions\/10197"}],"wp:attachment":[{"href":"https:\/\/ktbb.org\/v1\/wp-json\/wp\/v2\/media?parent=10196"}],"curies":[{"name":"wp","href":"https:\/\/api.w.org\/{rel}","templated":true}]}}