{"id":10198,"date":"2021-01-25T11:58:21","date_gmt":"2021-01-25T11:58:21","guid":{"rendered":"http:\/\/ktbb.org\/v1\/?page_id=10198"},"modified":"2021-01-29T00:37:56","modified_gmt":"2021-01-29T00:37:56","slug":"6-agustos-2020-tarihli-7-birlik-yurutme-kurulu-toplantisi","status":"publish","type":"page","link":"https:\/\/ktbb.org\/v1\/6-agustos-2020-tarihli-7-birlik-yurutme-kurulu-toplantisi\/","title":{"rendered":"6 A\u011fustos 2020 Tarihli 7. Birlik Y\u00fcr\u00fctme Kurulu Toplant\u0131s\u0131"},"content":{"rendered":"<p><strong>Karar No 34\/2020<\/strong><\/p>\n<p>AB taraf\u0131ndan\u00a0 Yap\u0131lan COV\u0130D 19 ile ilgili katk\u0131n\u0131n Belediyelerimize\u00a0 Eyl\u00fcl ay\u0131nda ve n\u00fcfus ihtiya\u00e7 durumu dikkate al\u0131narak, Birlik y\u00f6netiminin daha \u00f6nceki kriterlere g\u00f6re da\u011f\u0131t\u0131m\u0131na oy birli\u011fi ile karar verildi.(Bir k\u0131sm\u0131 i\u00e7eride kalma \u015fart\u0131 ile)<\/p>\n<p>&nbsp;<\/p>\n<p><strong>Karar No: 35\/2020<\/strong><\/p>\n<p>25 \u015eubat 2013 tarihli Y\u00fcr\u00fctme Kurulu Toplant\u0131s\u0131 393 \/013 karar numaras\u0131na g\u00f6re 30.5.2013 tarihli G\u00fcmr\u00fck ve R\u00fcsumat Dairesi ithal beyannamesi ile T\u00fcrkiye\u2019de bulunan Hidromek Firmas\u0131ndan 1 adet HMK 102 B Kaz\u0131c\u0131 Y\u00fckleyici Dikmen Belediyesi \u0130\u00e7in sat\u0131n al\u0131nm\u0131\u015ft\u0131r, ve yine ayn\u0131 y\u0131l i\u00e7erisinde al\u0131nan i\u015f arac\u0131n\u0131n \u00fccretinin Dikmen Belediyesinden tahsil edilmesi sureti ile birlikte \u00a0Belediyeye teslim edilmi\u015ftir. Arac\u0131n ilgili Belediyenin\u00a0 kay\u0131t i\u015flemlerinin yap\u0131labilmesi i\u00e7in Y\u00fcr\u00fctme Kurulu karar\u0131 al\u0131nm\u0131\u015ft\u0131r.<\/p>\n<p><strong>Karar No 36 \/2020<\/strong><\/p>\n<p>Birlik olarak AB\u2019ne sunulan iki projenin t\u00fcm Belediyelerimizden onay al\u0131nmas\u0131 karar\u0131 oy birli\u011fi ile al\u0131nm\u0131\u015ft\u0131r.<\/p>\n<p>Projeler<\/p>\n<ol>\n<li>T\u00fcm Belediyelerimizin elektrik ihtiya\u00e7lar\u0131n\u0131 kar\u015f\u0131layacak g\u00fcne\u015f enerji \u00fcretim tesisi<\/li>\n<li>Kat\u0131 At\u0131k master plan\u0131n\u0131n uygulanmas\u0131<\/li>\n<\/ol>\n<p><strong>Karar No 37\/2020<\/strong><\/p>\n<p>&nbsp;<\/p>\n<p>\u0130mar ve \u00c7evre Yaslar\u0131nda yap\u0131lacak d\u00fczenleme ve de\u011fi\u015fikliklerde K.T.Belediyeler Birli\u011finden ve \u00a0\u0130mar Plan\u0131 devam eden Belediyeler de dahil olmak \u00fczere bir komite kurulmas\u0131, aksi halde \u00a0Belediyelerin i\u00e7inde olamayaca\u011f\u0131 ve karar noktas\u0131nda onaylar\u0131n\u0131n olmadan \u00a0y\u00fcr\u00fcrl\u00fc\u011fe girmesinin tart\u0131\u015fma konusunun daha ileri bir boyuta ta\u015f\u0131nma ihtimalinin y\u00fckselece\u011fi ger\u00e7e\u011finden hareketle, s\u00fcrecin gerek tart\u0131\u015fma gerekse karar noktas\u0131nda mutlak Yerel Y\u00f6netimle hareket edilmesinin daha ger\u00e7ek\u00e7i\u00a0 bir zemin olu\u015fturulaca\u011f\u0131n\u0131 belirterek \u00f6ncelikle Say\u0131n Ba\u015fbakanla bir toplant\u0131 yaparak s\u00fcrece katk\u0131 konulaca\u011f\u0131na \u00a0oy birli\u011fi ile karar verildi.<\/p>\n<p>&nbsp;<\/p>\n<p><strong>Karar No 38 \/2020<\/strong><\/p>\n<p>&nbsp;<\/p>\n<p>\u0130\u00e7i\u015fleri \u00a0Bakanl\u0131\u011f\u0131 Taraf\u0131ndan Bakanlar Kuruluna g\u00f6nderilen 51\/ 95 Say\u0131l\u0131 Belediyeler\u00a0\u00a0\u00a0\u00a0 ( De\u011fi\u015fiklik ) Yasa Tasar\u0131s\u0131 bu g\u00fcne kadar yap\u0131lan \u00f6neriler ve s\u00fcrecin uzamas\u0131\u00a0 da dikkate al\u0131nd\u0131\u011f\u0131 zaman Yasan\u0131n Bakanlar Kuruluna ta\u015f\u0131nmas\u0131 bir geli\u015fme olarak g\u00f6r\u00fcld\u00fc. Bizim daha \u00f6nceki ve yeni yap\u0131lan taleplerimiz de dikkate al\u0131narak , de\u011fi\u015ftirebilece\u011fimizi\u00a0 Say\u0131n Ay\u015feg\u00fcl BAYBARS\u2019 da bize ifade ederek s\u00fcrecin uzamamas\u0131 ve mevcut Yasam\u0131zdaki d\u00fc\u015f\u00fcncelerimizi Hukuk M\u00fc\u015favirimiz Mujgan IRKAD \u00a0dile getirerek Belediye Ba\u015fkanlar\u0131m\u0131z\u2019da bu konudaki g\u00f6r\u00fc\u015f ve d\u00fc\u015f\u00fcncelerimizin komite safhas\u0131nda \u00f6neriler halinde bizlere ve de komiteye kat\u0131larak katk\u0131 konulaca\u011f\u0131n\u0131 ve her siyasi partiden olu\u015fan bir komite kurularak \u00e7al\u0131\u015fmalarda yer al\u0131naca\u011f\u0131na\u00a0 oy birli\u011fi ile karar verildi.<\/p>\n<p>&nbsp;<\/p>\n<p>&nbsp;<\/p>\n<p><strong>Karar No 39 \/ 2020<\/strong><\/p>\n<p>Genel Kurul tarihinin Pandemi s\u00fcreci ve \u00f6n\u00fcm\u00fczdeki Cumhurba\u015fkanl\u0131\u011f\u0131 se\u00e7imleri dolay\u0131s\u0131 ile \u00a0daha \u00f6neki yap\u0131lan Genel Kurul tarihlerine de ba\u011fl\u0131 kal\u0131narak 22 Ekim 2020 tarihinde yap\u0131lmas\u0131na oy birli\u011fi ile karar verildi.<\/p>\n<p>&nbsp;<\/p>\n<p>&nbsp;<\/p>\n<p><strong>Karar No 40\/ 2020<\/strong><\/p>\n<p>&nbsp;<\/p>\n<p>\u00dclkemizde ya\u015fanan COV\u0130D 19 ve d\u00f6viz krizi dikkate al\u0131narak ar\u0131tma tesisi olan Belediyelerimizin b\u00fct\u00e7e yap\u0131lar\u0131 s\u00fcrd\u00fcr\u00fclebilir bir boyuta gelmi\u015f ve bu alandaki giderlerinde b\u00fcy\u00fck art\u0131\u015f olu\u015fmu\u015ftur. Daha \u00f6nceden \u00fclkemizde uygulanan \u00a0Lefko\u015fa Belediyesine kanalizasyon giderlerinde b\u00fct\u00e7e ayr\u0131l\u0131p\u00a0\u00a0 katk\u0131 sa\u011flanmas\u0131\u00a0 gibi, ar\u0131tma tesisi olan Belediyelerimize de katk\u0131 sa\u011flanmas\u0131 y\u00f6n\u00fcnde \u0130\u00e7i\u015fleri Bakanl\u0131\u011f\u0131 kanal\u0131 ile Merkezi H\u00fck\u00fcmete talepte bulunma karar\u0131 oy birli\u011fi ile verildi.<\/p>\n<p><strong>Karar No 41\/2020<\/strong><\/p>\n<p>&nbsp;<\/p>\n<p>Belediyelerin Sosyal Sigortalarla ilgili 2015 \u00f6ncesi bor\u00e7lar\u0131 Ocak 2020 tarihinde Maliye Bakanl\u0131\u011f\u0131 ile imzalanan\u00a0 Sigorta ve Vergi bor\u00e7lar\u0131 ile ilgili taksitlendirme imkan\u0131 bizlere taah\u00fct edilmesine kar\u015f\u0131 vergilerde sa\u011flanan taksitlendirme imkan\u0131 Sosyal Sigortalardaki bakiye bor\u00e7lar\u0131 \u00fczerinde sa\u011flanamam\u0131\u015ft\u0131r. S\u00fcrekli Merkezi H\u00fck\u00fcmetle yap\u0131lan g\u00f6r\u00fc\u015fmelerde bu konuda mesafe sa\u011flanamad\u0131\u011f\u0131ndan en k\u0131sa zamanda Say\u0131n Ba\u015fbakanla bir toplant\u0131 yap\u0131lmas\u0131na oy birli\u011fi ile karar verildi.<\/p>\n<p>&nbsp;<\/p>\n<p><strong>Karar No 42\/ 2020<\/strong><\/p>\n<p>K.T Belediyeler Birli\u011finde s\u00f6zle\u015fme ile bu g\u00fcne kadar fiilen g\u00f6revli\u00a0 bulunan personelin\u00a0 a\u015fa\u011f\u0131da tarihleri ve g\u00f6revleri atanmas\u0131 \u00a0oy birli\u011fi ile karar\u0131 al\u0131nm\u0131\u015ft\u0131r.<\/p>\n<p>&nbsp;<\/p>\n<p>&nbsp;<\/p>\n<p>K.T BELED\u0130YELER B\u0130RL\u0130\u011e\u0130NDE \u00c7ALI\u015eAN\u00a0 PERSONEL<\/p>\n<p>&nbsp;<\/p>\n<ol>\n<li>Muammer G\u00dcNE\u015e &#8211; 1.6.2005\u00a0 \u00a0 \u00a0 \u00a0 \u00a0 \u00a0 \u00a0 \u00a0 \u00a0 \u00a0 \u00a0 \u00a0 \u00a0 \u00a0 \u00a0 \u0130dari Amiri<\/li>\n<li>Emine HAYDARO\u011eLLULARI \u2013 5.8.2005\u00a0 \u00a0 \u00a0 \u00a0 Mali \u0130\u015fler Sorumlusu<\/li>\n<li>Nazan \u00d6ZLAT\u0130F \u2013 14.3.2007 \u00a0\u00a0\u00a0\u00a0\u00a0\u00a0\u00a0\u00a0\u00a0\u00a0\u00a0\u00a0\u00a0\u00a0\u00a0\u00a0\u00a0\u00a0\u00a0\u00a0\u00a0\u00a0\u00a0\u00a0\u00a0\u00a0\u00a0\u00a0 \u0130dari Memuru<\/li>\n<li>Seher TANI\u015eMAN- 16.4.2018\u00a0 \u00a0 \u00a0 \u00a0 \u00a0 \u00a0 \u00a0 \u00a0 \u00a0 \u00a0 \u00a0 \u00a0 \u00a0 \u00a0 \u00a0Sekreter<\/li>\n<li>Merih BEYDOLA \u2013 1.8.2007\u00a0 \u00a0 \u00a0 \u00a0 \u00a0 \u00a0 \u00a0 \u00a0 \u00a0 \u00a0 \u00a0 \u00a0 \u00a0 \u00a0 \u00a0 D\u0131\u015f \u0130li\u015fkiler Sorumlusu<\/li>\n<li>Ay\u015fe OYAL \u2013 5.4.2019\u00a0 \u00a0 \u00a0 \u00a0 \u00a0 \u00a0 \u00a0 \u00a0 \u00a0 \u00a0 \u00a0 \u00a0 \u00a0 \u00a0 \u00a0 \u00a0 \u00a0 \u00a0 \u00a0 \u00a0 \u00a0D\u0131\u015f \u0130li\u015fkiler Memuru<\/li>\n<li>Sevim BASR\u0130 \u2013 7.5.2018\u00a0 \u00a0 \u00a0 \u00a0 \u00a0 \u00a0 \u00a0 \u00a0 \u00a0 \u00a0 \u00a0 \u00a0 \u00a0 \u00a0 \u00a0 \u00a0 \u00a0 \u00a0 \u00a0Bas\u0131n ve Halkla \u0130li\u015fkiler\u00a0 Memuru<\/li>\n<li>Macit G\u00dcLER \u2013 1.8.2005\u00a0 \u00a0 \u00a0 \u00a0 \u00a0 \u00a0 \u00a0 \u00a0 \u00a0 \u00a0 \u00a0 \u00a0 \u00a0 \u00a0 \u00a0 \u00a0 \u00a0 \u00a0\u015e\u00f6f\u00f6r ve Depo G\u00f6revlisi<\/li>\n<li>Fezile KARAAHMETL\u0130.- 1.10.2006\u00a0 \u00a0 \u00a0 \u00a0 \u00a0 \u00a0 \u00a0 \u00a0 \u00a0Temizlik G\u00f6revlisi<\/li>\n<li>Necati \u00c7OBAN- 4.5.2020\u00a0 \u00a0 \u00a0 \u00a0 \u00a0 \u00a0 \u00a0 \u00a0 \u00a0 \u00a0 \u00a0 \u00a0 \u00a0 \u00a0 \u00a0 \u00a0 \u00a0 \u00a0\u015e\u00f6f\u00f6r\u00a0 ve \u00a0odac\u0131<\/li>\n<\/ol>\n<p>&nbsp;<\/p>\n<p>&nbsp;<\/p>\n<p><strong>Ortak Ara\u00e7 Park\u0131 <\/strong><\/p>\n<p>1. \u0130brahim ALDA\u011e \u2013 5.1.2004 Operat\u00f6r<\/p>\n<p>2.Erc\u00fcment EVLAT \u2013 2.5.2005\u00a0\u00a0\u00a0\u00a0\u00a0\u00a0\u00a0\u00a0\u00a0\u00a0\u00a0\u00a0\u00a0\u00a0\u00a0\u00a0\u00a0 Operat\u00f6r<\/p>\n<p>3.Sayim HACIO\u011eULLARI \u2013 3.12.2018\u00a0\u00a0\u00a0\u00a0 Operat\u00f6r<\/p>\n<p>&nbsp;<\/p>\n<p>&nbsp;<\/p>\n<p>&nbsp;<\/p>\n<p>A prospective writer can use the internet, phone calls, and his friends and colleagues to come across the best writers <a href=\"https:\/\/www.affordable-papers.net\/\">affordable-papers.net<\/a> available.<\/p>\n","protected":false},"excerpt":{"rendered":"<p>Karar No 34\/2020 AB taraf\u0131ndan\u00a0 Yap\u0131lan COV\u0130D 19 ile ilgili [&hellip;]<\/p>\n","protected":false},"author":9,"featured_media":0,"parent":0,"menu_order":0,"comment_status":"closed","ping_status":"closed","template":"","meta":{"footnotes":""},"class_list":["post-10198","page","type-page","status-publish","hentry"],"_links":{"self":[{"href":"https:\/\/ktbb.org\/v1\/wp-json\/wp\/v2\/pages\/10198","targetHints":{"allow":["GET"]}}],"collection":[{"href":"https:\/\/ktbb.org\/v1\/wp-json\/wp\/v2\/pages"}],"about":[{"href":"https:\/\/ktbb.org\/v1\/wp-json\/wp\/v2\/types\/page"}],"author":[{"embeddable":true,"href":"https:\/\/ktbb.org\/v1\/wp-json\/wp\/v2\/users\/9"}],"replies":[{"embeddable":true,"href":"https:\/\/ktbb.org\/v1\/wp-json\/wp\/v2\/comments?post=10198"}],"version-history":[{"count":2,"href":"https:\/\/ktbb.org\/v1\/wp-json\/wp\/v2\/pages\/10198\/revisions"}],"predecessor-version":[{"id":10272,"href":"https:\/\/ktbb.org\/v1\/wp-json\/wp\/v2\/pages\/10198\/revisions\/10272"}],"wp:attachment":[{"href":"https:\/\/ktbb.org\/v1\/wp-json\/wp\/v2\/media?parent=10198"}],"curies":[{"name":"wp","href":"https:\/\/api.w.org\/{rel}","templated":true}]}}