{"id":10200,"date":"2021-01-25T12:00:39","date_gmt":"2021-01-25T12:00:39","guid":{"rendered":"http:\/\/ktbb.org\/v1\/?page_id=10200"},"modified":"2021-01-25T12:00:39","modified_gmt":"2021-01-25T12:00:39","slug":"30-haziran-2020-tarihli-6-birlik-yurutme-kurulu-toplantisi","status":"publish","type":"page","link":"https:\/\/ktbb.org\/v1\/30-haziran-2020-tarihli-6-birlik-yurutme-kurulu-toplantisi\/","title":{"rendered":"30 Haziran 2020 Tarihli 6. Birlik Y\u00fcr\u00fctme Kurulu Toplant\u0131s\u0131"},"content":{"rendered":"<p><strong>Karar No : 29\/2020\u00a0 <\/strong><\/p>\n<p>&nbsp;<\/p>\n<p>Hal Yasa Tasar\u0131s\u0131n\u0131 g\u00f6r\u00fc\u015fen Y\u00fcr\u00fctme Kurulu \u0130lgili Meclis alt komitesinde komite Ba\u015fkan\u0131 ile toplant\u0131 yap\u0131lmas\u0131 y\u00f6n\u00fcnde randevu al\u0131nmas\u0131na ve toplant\u0131 g\u00fcn ve saatini Belediye Ba\u015fkanlar\u0131na programlar\u0131nda bu konuya da yer ay\u0131rabilmeleri i\u00e7in yaz\u0131l\u0131 olarak Belediyeler Birli\u011fi taraf\u0131ndan bildirilmesine oy birli\u011fi ile karar verilir.<\/p>\n<p>&nbsp;<\/p>\n<p><strong>Karar No : 30\/2020<\/strong><\/p>\n<p>&nbsp;<\/p>\n<p>Belediyeler Birli\u011fi olarak Belediyelere yap\u0131lan malzeme yard\u0131mlar\u0131 ile ilgili 450.000 TL \u00a0\u00a0yard\u0131m\u0131n, 2020 mali y\u0131l\u0131 b\u00fct\u00e7esinde \u201cBelediyelere malzeme yard\u0131m\u0131 kaleminde\u201d \u00f6denek ayr\u0131lm\u0131\u015f olup bu ayr\u0131lan \u00f6denek, Belediyelerin 2019 y\u0131l\u0131 i\u00e7inde almalar\u0131 gereken malzeme yard\u0131mlar\u0131n\u0131, ilgili y\u0131l i\u00e7inde tamamlayamad\u0131klar\u0131 i\u00e7in tahsili 2020 y\u0131l\u0131nda yap\u0131ld\u0131\u011f\u0131ndan, 2020 y\u0131l\u0131 i\u00e7indeki bu kalemde yeterli \u00f6denek kalmam\u0131\u015f olup, bu \u00f6dene\u011fe Belediyeler Birli\u011fi b\u00fct\u00e7esi i\u00e7erisinde bulunan Uluslararas\u0131 \u0130li\u015fkiler b\u00fct\u00e7e kaleminden 229,376.24 TL nin Belediyelere malzeme yard\u0131m\u0131 kalemine aktar\u0131lmas\u0131n\u0131 Y\u00fcr\u00fctme Kurulu oy birli\u011fi ile onaylad\u0131.<\/p>\n<p>&nbsp;<\/p>\n<p><strong>Karar No :31\/2020<\/strong><\/p>\n<p>&nbsp;<\/p>\n<p>Girne ve Ma\u011fusa\u2019da Belediyeler Birli\u011finin Y\u00f6netimi ve tasarrufunda olan binalar\u0131m\u0131z\u0131n halen kirada oldu\u011fu nedeni ile ayl\u0131k kira bedellerinin her bir i\u015f yeri i\u00e7in 200 TL olarak art\u0131r\u0131lmas\u0131na oy birli\u011fi ile karar verilir.<\/p>\n<p>&nbsp;<\/p>\n<p><strong>Karar No : 32\/2020<\/strong><\/p>\n<p>&nbsp;<\/p>\n<p>\u0130skele Belediyesinin kurmu\u015f oldu\u011fu \u0130SBEL Yat\u0131r\u0131m LTD\u2019in sermaye art\u0131r\u0131m\u0131 Belediyeler Birli\u011fi Y\u00fcr\u00fctme Kurulu taraf\u0131ndan onaylan\u0131r.<\/p>\n<p>&nbsp;<\/p>\n<p><strong>Karar No: 33\/2020<\/strong><\/p>\n<p><strong>\u00a0<\/strong><\/p>\n<p>Belediyeler Birli\u011finin s\u00f6zle\u015fmeli \u00e7al\u0131\u015fan\u0131 olan Sevim Basri\u2019nin do\u011fum \u00f6ncesi ve do\u011fum sonras\u0131 izni ile ilgili konuyu de\u011ferlendiren Y\u00fcr\u00fctme Kurulu\u00a0 yasal olarak izinli oldu\u011fu s\u00fcre i\u00e7erisinde Sosyal g\u00fcvenlik fonu olan Sosyal Sigortalar Dairesinden \u00f6denece\u011fi do\u011fum izni \u00f6dene\u011fi ile ilgili \u00f6denece\u011fi mebla\u011f\u0131n halen Belediyeler Birli\u011finden ald\u0131\u011f\u0131 net maa\u015ftan daha d\u00fc\u015f\u00fck oldu\u011fu i\u00e7in eline daha d\u00fc\u015f\u00fck mebla\u011f ge\u00e7ece\u011finden, aradaki eksilen miktar\u0131n Belediyeler Birli\u011finden ald\u0131\u011f\u0131 net maa\u015f fark\u0131n\u0131n Belediyeler Birli\u011fi taraf\u0131ndan \u00f6denmesine ve bu \u00f6dene\u011fin ayl\u0131k olarak i\u015fleme tabi tutulmas\u0131na ve bundan sonraki benzer i\u015flemlerde de uygulanmas\u0131 i\u00e7in Toplu \u0130\u015f S\u00f6zle\u015fmesinin tadili i\u00e7in gerekli giri\u015fimde bulunulmas\u0131na oy birli\u011fi ile karar verilir.<\/p>\n","protected":false},"excerpt":{"rendered":"<p>Karar No : 29\/2020\u00a0 &nbsp; Hal Yasa Tasar\u0131s\u0131n\u0131 g\u00f6r\u00fc\u015fen Y\u00fcr\u00fctme [&hellip;]<\/p>\n","protected":false},"author":9,"featured_media":0,"parent":0,"menu_order":0,"comment_status":"closed","ping_status":"closed","template":"","meta":{"footnotes":""},"class_list":["post-10200","page","type-page","status-publish","hentry"],"_links":{"self":[{"href":"https:\/\/ktbb.org\/v1\/wp-json\/wp\/v2\/pages\/10200","targetHints":{"allow":["GET"]}}],"collection":[{"href":"https:\/\/ktbb.org\/v1\/wp-json\/wp\/v2\/pages"}],"about":[{"href":"https:\/\/ktbb.org\/v1\/wp-json\/wp\/v2\/types\/page"}],"author":[{"embeddable":true,"href":"https:\/\/ktbb.org\/v1\/wp-json\/wp\/v2\/users\/9"}],"replies":[{"embeddable":true,"href":"https:\/\/ktbb.org\/v1\/wp-json\/wp\/v2\/comments?post=10200"}],"version-history":[{"count":2,"href":"https:\/\/ktbb.org\/v1\/wp-json\/wp\/v2\/pages\/10200\/revisions"}],"predecessor-version":[{"id":10202,"href":"https:\/\/ktbb.org\/v1\/wp-json\/wp\/v2\/pages\/10200\/revisions\/10202"}],"wp:attachment":[{"href":"https:\/\/ktbb.org\/v1\/wp-json\/wp\/v2\/media?parent=10200"}],"curies":[{"name":"wp","href":"https:\/\/api.w.org\/{rel}","templated":true}]}}