{"id":10211,"date":"2021-01-26T06:48:50","date_gmt":"2021-01-26T06:48:50","guid":{"rendered":"http:\/\/ktbb.org\/v1\/?page_id=10211"},"modified":"2021-01-26T06:48:50","modified_gmt":"2021-01-26T06:48:50","slug":"28-eylul-2020-tarihli-8-birlik-yurutme-kurulu-toplantisi","status":"publish","type":"page","link":"https:\/\/ktbb.org\/v1\/28-eylul-2020-tarihli-8-birlik-yurutme-kurulu-toplantisi\/","title":{"rendered":"28 Eyl\u00fcl 2020 Tarihli 8. Birlik Y\u00fcr\u00fctme Kurulu Toplant\u0131s\u0131"},"content":{"rendered":"<p><strong>Karar No :43 \/2020<\/strong><\/p>\n<p>Karar ve gere\u011fi olarak, K\u0131br\u0131s T\u00fcrk Belediyeler Birli\u011fi\u2019nin olu\u015fturdu\u011fu \u0130zleme Komitesinin en erken zamanda K\u0131br\u0131s T\u00fcrk Elektrik Kurumu ile bir toplant\u0131 yap\u0131lmas\u0131na oy birli\u011fi ile karar verilmi\u015ftir.<\/p>\n<p><strong>Karar No :44 \/2020<\/strong><\/p>\n<p>Alt\u0131 \u0130l\u00e7e Belediye Ba\u015fkanlar\u0131na \u00e7a\u011fr\u0131 yap\u0131larak 51\/ 1995 say\u0131l\u0131 Belediyeler Yasas\u0131\u2019n\u0131n 94.\u00fcnc\u00fc maddesi ve 2.ci Bendine g\u00f6re Belediye hudutlar\u0131 dahilinde Elektrik Kurumu taraf\u0131ndan sat\u0131lan enerjinin toplam fatura bedeli \u00fczerinden %1.5 (y\u00fczde bir bu\u00e7uk) K\u0131ymet Tart\u0131 \u00fccreti al\u0131nmas\u0131 i\u00e7in gerekli Yasal i\u015flemlerin ba\u015flamas\u0131na oy birli\u011fi ile karar verilmi\u015ftir.<\/p>\n<p><strong>Karar No :45 \/2020<\/strong><\/p>\n<p>Covid-19 ile m\u00fccadele ama\u00e7l\u0131 Belediyelere verilmek \u00fczere i\u00e7 mekan ULV makinesi (Dezenfektan Makinesi) ve ilac\u0131n\u0131n al\u0131m\u0131 i\u00e7in K.T. Belediyeler Birli\u011fi \u00e7e\u015fitli giderler kaleminde yer alan uluslararas\u0131 ili\u015fkiler giderinden, Belediyelere malzeme yard\u0131m\u0131 giderine 120.000 TL aktar\u0131lmas\u0131.<br \/>\nK.T. Belediyeler Birli\u011fi\u2019nin Ortak Ara\u00e7 Park\u0131 (OAP) personel gideri kaleminde yer alan net maa\u015f giderinden, sosyal haklar giderine 15. 000 TL aktar\u0131lmas\u0131na oy birli\u011fi ile karar verilmi\u015ftir.<\/p>\n<p><strong>Karar No:46\/2020<\/strong><\/p>\n<p>Belediyelerden gelen taleplerin y\u0131l i\u00e7erisinde art\u0131\u015f g\u00f6stermesi nedeniyle K\u0131br\u0131s T\u00fcrk Belediyeler Birli\u011fi mal al\u0131\u015f hesab\u0131nda \u00f6ng\u00f6r\u00fclen 7.000.000 (yedi milyon TL) Yetersiz kalm\u0131\u015ft\u0131r. Bu sebeple mal al\u0131\u015f hesab\u0131na 4.000.000 (d\u00f6rt milyon TL) art\u0131r\u0131lmas\u0131na ve Gelirden Belediyelerin \u0130htiya\u00e7lar\u0131 i\u00e7in Mal sat\u0131\u015ftan gelen gelirin ayn\u0131 oranda 4.000.000 ( D\u00f6rt Milyon TL) art\u0131r\u0131lmas\u0131na oy birli\u011fi ile karar verilmi\u015ftir.<\/p>\n","protected":false},"excerpt":{"rendered":"<p>Karar No :43 \/2020 Karar ve gere\u011fi olarak, K\u0131br\u0131s T\u00fcrk [&hellip;]<\/p>\n","protected":false},"author":9,"featured_media":0,"parent":0,"menu_order":0,"comment_status":"closed","ping_status":"closed","template":"","meta":{"footnotes":""},"class_list":["post-10211","page","type-page","status-publish","hentry"],"_links":{"self":[{"href":"https:\/\/ktbb.org\/v1\/wp-json\/wp\/v2\/pages\/10211","targetHints":{"allow":["GET"]}}],"collection":[{"href":"https:\/\/ktbb.org\/v1\/wp-json\/wp\/v2\/pages"}],"about":[{"href":"https:\/\/ktbb.org\/v1\/wp-json\/wp\/v2\/types\/page"}],"author":[{"embeddable":true,"href":"https:\/\/ktbb.org\/v1\/wp-json\/wp\/v2\/users\/9"}],"replies":[{"embeddable":true,"href":"https:\/\/ktbb.org\/v1\/wp-json\/wp\/v2\/comments?post=10211"}],"version-history":[{"count":1,"href":"https:\/\/ktbb.org\/v1\/wp-json\/wp\/v2\/pages\/10211\/revisions"}],"predecessor-version":[{"id":10212,"href":"https:\/\/ktbb.org\/v1\/wp-json\/wp\/v2\/pages\/10211\/revisions\/10212"}],"wp:attachment":[{"href":"https:\/\/ktbb.org\/v1\/wp-json\/wp\/v2\/media?parent=10211"}],"curies":[{"name":"wp","href":"https:\/\/api.w.org\/{rel}","templated":true}]}}