{"id":10215,"date":"2021-01-26T06:54:51","date_gmt":"2021-01-26T06:54:51","guid":{"rendered":"http:\/\/ktbb.org\/v1\/?page_id=10215"},"modified":"2021-01-26T06:54:51","modified_gmt":"2021-01-26T06:54:51","slug":"5-kasim-2020-tarihli-2-birlik-yurutme-kurulu-toplantisi","status":"publish","type":"page","link":"https:\/\/ktbb.org\/v1\/5-kasim-2020-tarihli-2-birlik-yurutme-kurulu-toplantisi\/","title":{"rendered":"5 Kas\u0131m 2020 Tarihli 2. Birlik Y\u00fcr\u00fctme Kurulu Toplant\u0131s\u0131"},"content":{"rendered":"<p><strong><u>Karar No: 48<\/u><\/strong><strong><u>\/ 2020<\/u><\/strong><\/p>\n<p>Belediye Hudutlar\u0131 i\u00e7erisinde KIB-TEK\u2019in satt\u0131\u011f\u0131 elektri\u011fin bedelleri ve Belediye hudutlar\u0131 i\u00e7erisinde ger\u00e7ekle\u015ftirmi\u015f oldu\u011fu proje bedelleri \u00fczerinde \u00fccretinin ilgili Belediyelerce de uygun g\u00f6r\u00fclmesi halinde ekte sunulan yaz\u0131l\u0131 metin esas al\u0131narak K\u0131b-tek kurumundan talepte bulunulmas\u0131na oy birli\u011fi ile karar verilir.<\/p>\n<p>&nbsp;<\/p>\n<p><strong><u>Karar No: 49<\/u><\/strong><strong><u>\/ 2020<\/u><\/strong><\/p>\n<p>\u0130hale Komisyonu \u00dcyelerinin belirlenmesi g\u00fcndem konusunu tart\u0131\u015fan, K\u0131br\u0131s T\u00fcrk Belediyeler Birli\u011fi Y\u00fcr\u00fctme Kurulu \u0130hale Komisyonu Ba\u015fkanl\u0131\u011fa\u2019na Say\u0131n Mahmut\u00a0 \u00d6z\u00e7\u0131nar, \u00a0\u00dcyeli\u011fe Say\u0131n Nidai G\u00fcng\u00f6rd\u00fc, Say\u0131n Mustafa Zurnac\u0131lar ve Say\u0131n Hayri\u00a0 Or\u00e7an, K\u0131br\u0131s T\u00fcrk Belediyeler Birli\u011fi Personeli Muammer G\u00fcne\u015f\u2019in de \u00fcye olarak belirlendi\u011fine oy birli\u011fi ile karar verilir.<\/p>\n<p>&nbsp;<\/p>\n<p><strong><u>Karar No: 50<\/u><\/strong><strong><u>\/ 2020<\/u><\/strong><\/p>\n<p>Stok d\u0131\u015f\u0131 \u00fcr\u00fcnlerin ilgili Belediyelerce talep edilmesi halinde Birlik taraf\u0131ndan al\u0131nmas\u0131nda \u00f6deme ko\u015fulunun sat\u0131c\u0131 taraf\u0131 ile Belediyeler Birli\u011fi aras\u0131nda bir vadeye ba\u011flanmas\u0131 halinde, vade sonuna kadar ilgili Belediye\u2019nin sat\u0131n al\u0131nan mal\u0131n bedelini \u00f6demesine, \u00f6dememesi halinde Devlet katk\u0131s\u0131ndan do\u011frudan kesilmesi y\u00f6n\u00fcnde ilgili Belediyeden yaz\u0131l\u0131 taahh\u00fct al\u0131nmas\u0131na oy birli\u011fi ile karar verilir.<\/p>\n<p>Stokta bulunan \u00fcr\u00fcnlerin ilgili Belediyelere taksitli olarak \u00f6demeleri ko\u015fulu ile verilen mallarla ilgili olu\u015fan bor\u00e7lar\u0131n\u0131n taksit \u00f6demelerinde baz\u0131 Belediyelerin \u00f6demeleri aksatt\u0131\u011f\u0131 ve \u00f6deme s\u0131k\u0131nt\u0131s\u0131 olu\u015ftu\u011fu g\u00f6zlemlenmi\u015f olup bu bor\u00e7lar\u0131n \u00f6denmesinin Devlet katk\u0131lar\u0131 ve bor\u00e7 miktarlar\u0131 dikkate al\u0131narak s\u00fcrd\u00fcr\u00fclebilir\u00a0 bir yap\u0131ya ula\u015f\u0131lmas\u0131 y\u00f6n\u00fcnde bir \u00e7al\u0131\u015fma yap\u0131lmas\u0131 ve bir sonraki toplant\u0131ya T\u00fcm Belediyelerin mevcut bor\u00e7 durumu, yap\u0131lan Devlet katk\u0131s\u0131nda Belediyeler Birli\u011fine aktar\u0131lan miktar\u0131 da i\u00e7erecek \u015fekilde bir tablo i\u00e7erisinde g\u00f6r\u00fclebilecek \u015fekilde \u00e7al\u0131\u015fma yap\u0131lmas\u0131 ve bir sonraki toplant\u0131da tart\u0131\u015f\u0131larak bir sonu\u00e7 \u00fcretilmesine oybirli\u011fi\u00a0 ile karar verilir.<\/p>\n<p><strong><u>\u00a0<\/u><\/strong><\/p>\n<p><strong><u>Karar No: 51<\/u><\/strong><strong><u>\/ 2020<\/u><\/strong><\/p>\n<p>Yasalarla ilgili Yasa Tasar\u0131lar\u0131n\u0131n Meclis Alt Komitelerine g\u00f6nderilmeden \u00f6nce haz\u0131rlanmas\u0131 a\u015famas\u0131nda Yerel Y\u00f6netimlerinin gerekli iradesinin Yasa Tasar\u0131s\u0131nda yer almas\u0131 ve Yasa Tasar\u0131s\u0131n\u0131n Meclis Alt Komitesinde g\u00f6r\u00fc\u015f\u00fclmesi a\u015famas\u0131nda gerekli katk\u0131larda bulunmas\u0131n\u0131n sa\u011flanmas\u0131 i\u00e7in \u00e7al\u0131\u015fma yap\u0131lmas\u0131 ve bu \u00e7al\u0131\u015fman\u0131n 27\u00a0 Kas\u0131m 2020 tarihinde ba\u015flay\u0131p \u00a029 Kas\u0131m2020 tarihinde \u00f6\u011fleyin sona ermek \u00fczere kararla\u015ft\u0131rarak \u00a0bir otelde \u00e7al\u0131\u015fma yap\u0131lmas\u0131na ve bu\u00a0 \u00a0\u00e7al\u0131\u015fmalar\u0131na\u00a0 Hukuk\u00a0 M\u00fc\u015faviri, Koordinat\u00f6r, \u0130dare Amiri ve \u0130dare Memurunun da kat\u0131lmas\u0131na oy birli\u011fi ile karar verilir.<\/p>\n<p>&nbsp;<\/p>\n<p><strong><u>Karar No: 52<\/u><\/strong><strong><u>\/ 2020<\/u><\/strong><\/p>\n<p>Ambar s\u00f6zle\u015fmesinin \u00a0ayl\u0131k kira bedelinin 4.000 TL olmas\u0131\u00a0 kabul\u00fcne \u00a0oy birli\u011fi ile karar verilir.<\/p>\n<p>&nbsp;<\/p>\n<p><strong><u>Karar No: 53<\/u><\/strong><strong><u>\/ 2020<\/u><\/strong><\/p>\n<p>Belediyeler Birli\u011finde Hukuk M\u00fc\u015favirli\u011fi Hizmeti vermekte olan Av. M\u00fcjgan Irkad \u2018\u0131n bir ayl\u0131k hizmet al\u0131m\u0131 kar\u015f\u0131l\u0131\u011f\u0131 olarak 5 Kas\u0131m 2020 tarih itibar\u0131 ile almakta oldu\u011fu y\u00fcr\u00fcrl\u00fckte olan bir asgari \u00fccret\u00a0 +2000 TL +KDV\u00a0 \u2018den olu\u015fan bedel ile y\u0131ll\u0131k s\u00f6zle\u015fme imzalanmas\u0131na oy birli\u011fi ile karar \u00a0verildi.<\/p>\n<p><strong><u>Karar No: 54<\/u><\/strong><strong><u>\/ 2020<\/u><\/strong><\/p>\n<p>K.T. Belediyeler Birli\u011fine ve Belediyelerimize yurtd\u0131\u015f\u0131nda gelmekte olan misafirlerin ula\u015f\u0131m\u0131n\u0131n sa\u011flanmas\u0131 i\u00e7in kiralanmakta olan arac\u0131n kira bedelinin \u00f6denmesine oy birli\u011fi ile karar verilir.<\/p>\n<p><strong><u>Karar No: 55<\/u><\/strong><strong><u>\/ 2020<\/u><\/strong><\/p>\n<p>K\u0131br\u0131s T\u00fcrk Belediyeler Birli\u011finde Koordinat\u00f6r olarak\u00a0 g\u00f6revli olan H\u00fcseyin K\u00f6le\u2019nin harcamalar\u0131n\u0131n ( Ara\u00e7,akaryak\u0131t,cep telefonu,birlik misafirlerin \u0130zaz ve ikram harcamalar\u0131n\u0131n) K\u0131br\u0131s T\u00fcrk Belediyeler Birli\u011fi taraf\u0131ndan Ba\u015fkan\u0131n onay\u0131 al\u0131narak kar\u015f\u0131lanmas\u0131na oy birli\u011fi ile karar verilir.<\/p>\n<p><strong><u>Karar No: 56<\/u><\/strong><strong><u>\/ 2020<\/u><\/strong><\/p>\n<p>K.T. Belediyeler Birli\u011fi\u2019nde\u00a0 tahsili m\u00fcmk\u00fcn olmayan alacaklar\u0131 bulunmaktad\u0131r. Bu alacaklar b\u00fct\u00e7e de her y\u0131l girilmekte olup bu alacaklar\u0131n hukuken g\u00f6zden ge\u00e7irilmesi ve yasal i\u015flem yap\u0131labilece\u011finin ara\u015ft\u0131r\u0131lmas\u0131na ve bir sonraki toplant\u0131da Y\u00fcr\u00fctme Kuruluna \u0131\u015f\u0131k tutmas\u0131 i\u00e7in Hukuk M\u00fc\u015favirinin \u00e7al\u0131\u015fma yapmas\u0131na oy birli\u011fi karar verilir.<\/p>\n<p>&nbsp;<\/p>\n<p><strong><u>Karar No: 57<\/u><\/strong><strong><u>\/ 2020<\/u><\/strong><\/p>\n<p>Birlik binas\u0131n\u0131n yap\u0131labilmesi i\u00e7in h\u00fck\u00fcmetten talepte bulunmas\u0131na. Belediyeler Birli\u011finin ambara olan ihtiyac\u0131 dikkate al\u0131narak bir ambar yap\u0131lmak \u00fczere sanayi b\u00f6lgesinden bir yer talebinin ilgili Bakanl\u0131ktan \u00a0talep edilmesine oy birli\u011fi\u00a0 karar verilir.<\/p>\n<p>&nbsp;<\/p>\n<p>&nbsp;<\/p>\n<p><strong><u>\u00a0<\/u><\/strong><\/p>\n<p><strong><u>Karar No: 58<\/u><\/strong><strong><u>\/ 2020<\/u><\/strong><\/p>\n<p>\u0130dari Amirinin rand\u0131manl\u0131 \u00e7al\u0131\u015fabilmesi i\u00e7in m\u00fcstakil bir odaya ihtiyac\u0131 oldu\u011funu dikkate al\u0131narak ar\u015fiv odas\u0131n\u0131n \u0130dare Amirine tahsisi ve ar\u015fiv odas\u0131nda halen bulunan iki personelinde muhasebe odas\u0131na aktar\u0131lmas\u0131na oy birli\u011fi ile karar verilir.<\/p>\n<p>&nbsp;<\/p>\n<p><strong><u>Karar No: 59<\/u><\/strong><strong><u>\/ 2020<\/u><\/strong><\/p>\n<p>2021 y\u0131l\u0131nda y\u00f6nelik olarak her y\u0131l sonu yapt\u0131r\u0131lmakta olan ajandalar yeniden yap\u0131lmas\u0131na oy birli\u011fi ile karar al\u0131nd\u0131.<\/p>\n<p>&nbsp;<\/p>\n<p><strong><u>Karar No: 60<\/u><\/strong><strong><u>\/ 2020<\/u><\/strong><\/p>\n<p>Belediye Ba\u015fkanlar\u0131na y\u0131lba\u015f\u0131 hediyesi olarak cep telefonu al\u0131nmas\u0131na oy birli\u011fi ile karar al\u0131nd\u0131.<\/p>\n<p>&nbsp;<\/p>\n<p><strong><u>Karar No: 61<\/u><\/strong><strong><u>\/ 2020<\/u><\/strong><\/p>\n<p>B\u00fcy\u00fckkonuk Belediyesi yapm\u0131\u015f oldu\u011fu tarihli dilek\u00e7enin bir sonraki toplant\u0131ya al\u0131nmas\u0131na karar verildi.<\/p>\n<p>&nbsp;<\/p>\n","protected":false},"excerpt":{"rendered":"<p>Karar No: 48\/ 2020 Belediye Hudutlar\u0131 i\u00e7erisinde KIB-TEK\u2019in satt\u0131\u011f\u0131 elektri\u011fin [&hellip;]<\/p>\n","protected":false},"author":9,"featured_media":0,"parent":0,"menu_order":0,"comment_status":"closed","ping_status":"closed","template":"","meta":{"footnotes":""},"class_list":["post-10215","page","type-page","status-publish","hentry"],"_links":{"self":[{"href":"https:\/\/ktbb.org\/v1\/wp-json\/wp\/v2\/pages\/10215","targetHints":{"allow":["GET"]}}],"collection":[{"href":"https:\/\/ktbb.org\/v1\/wp-json\/wp\/v2\/pages"}],"about":[{"href":"https:\/\/ktbb.org\/v1\/wp-json\/wp\/v2\/types\/page"}],"author":[{"embeddable":true,"href":"https:\/\/ktbb.org\/v1\/wp-json\/wp\/v2\/users\/9"}],"replies":[{"embeddable":true,"href":"https:\/\/ktbb.org\/v1\/wp-json\/wp\/v2\/comments?post=10215"}],"version-history":[{"count":1,"href":"https:\/\/ktbb.org\/v1\/wp-json\/wp\/v2\/pages\/10215\/revisions"}],"predecessor-version":[{"id":10216,"href":"https:\/\/ktbb.org\/v1\/wp-json\/wp\/v2\/pages\/10215\/revisions\/10216"}],"wp:attachment":[{"href":"https:\/\/ktbb.org\/v1\/wp-json\/wp\/v2\/media?parent=10215"}],"curies":[{"name":"wp","href":"https:\/\/api.w.org\/{rel}","templated":true}]}}