{"id":10217,"date":"2021-01-26T06:57:20","date_gmt":"2021-01-26T06:57:20","guid":{"rendered":"http:\/\/ktbb.org\/v1\/?page_id=10217"},"modified":"2021-01-26T06:57:20","modified_gmt":"2021-01-26T06:57:20","slug":"10-aralik-2020-tarihli-3-birlik-yurutme-kurulu-toplantisi","status":"publish","type":"page","link":"https:\/\/ktbb.org\/v1\/10-aralik-2020-tarihli-3-birlik-yurutme-kurulu-toplantisi\/","title":{"rendered":"10 Aral\u0131k 2020 Tarihli 3. Birlik Y\u00fcr\u00fctme Kurulu Toplant\u0131s\u0131"},"content":{"rendered":"<p><strong><u>Karar No: <\/u><\/strong><strong>62\/2020 \u00a0<\/strong><\/p>\n<p>B\u00fcy\u00fckkonuk \u00a0Belediyesi\u2019nin olu\u015fturaca\u011f\u0131 <strong>\u2018\u2018B\u00dcYBEL\u2019\u2019<\/strong> \u015eirketine K.T. Belediyeler Birli\u011finin % 1 oran\u0131nda hisse ile ortak olmas\u0131 hususu g\u00fcndeme getirilerek tart\u0131\u015f\u0131ld\u0131 ve K.T. Belediyeler Birli\u011finin % 1 oran\u0131nda hissedar olmas\u0131na oy birli\u011fi ile karar verildi.<\/p>\n<p>&nbsp;<\/p>\n<p><strong><u>Karar No: 63 \/ 2020<\/u><\/strong><\/p>\n<p>Su \u0130\u015fleri Dairesi M\u00fcd\u00fcrl\u00fc\u011f\u00fcnden gelen 12.11.2020 tarihli yaz\u0131da belirtilen \u201c \u0130\u00e7me Suyu ve Zirai Suyun Kullan\u0131m\u0131 Da\u011f\u0131t\u0131m\u0131 ve Hak Sahipli\u011fi ile \u00dccret Tarifelerinin Saptanmas\u0131 ve Tahsiline \u0130li\u015fkin Kurallar T\u00fcz\u00fc\u011f\u00fc\u201d n\u00fcn Yedinci maddesinin uygulamas\u0131n\u0131n Bakanlar Kurulu taraf\u0131ndan ertelenmedi\u011fi nedeniyle uygulamaya girece\u011fi bildirimine y\u00f6nelik olarak; Esas T\u00fcz\u00fc\u011f\u00fcn yedinci maddesinin y\u00fcr\u00fcrl\u00fc\u011fe girece\u011fi tarihe kadar Belediyelere yap\u0131lmakta olan 0.10 TL ve 0.25 TL kapsam\u0131ndaki uygulaman\u0131n devam ettirilmesi i\u00e7in Tar\u0131m ve Do\u011fal Kaynaklar\u00a0 Bakanl\u0131\u011f\u0131ndan talepte bulunulmas\u0131 ve Belediyelerin i\u015fletmesine b\u0131rak\u0131lan Belediyelere ait kuyular ile ilgili, kullan\u0131m hakk\u0131 devredilmeyen ve i\u015fletmesi\u00a0 Su \u0130\u015fleri Dairesi taraf\u0131ndan yap\u0131lan Yerel Su Kaynaklar\u0131n\u0131n \u00fccret tarifesine ge\u00e7irilmesi ve bu \u00fccret tarifesindeki uygulamaya tabi olmalar\u0131 y\u00f6n\u00fcndeki taleplerinin yeniden dile getirilmesi y\u00f6n\u00fcnde karar al\u0131n\u0131r.<\/p>\n<p>&nbsp;<\/p>\n<p>&nbsp;<\/p>\n<p>&nbsp;<\/p>\n","protected":false},"excerpt":{"rendered":"<p>Karar No: 62\/2020 \u00a0 B\u00fcy\u00fckkonuk \u00a0Belediyesi\u2019nin olu\u015fturaca\u011f\u0131 \u2018\u2018B\u00dcYBEL\u2019\u2019 \u015eirketine K.T. [&hellip;]<\/p>\n","protected":false},"author":9,"featured_media":0,"parent":0,"menu_order":0,"comment_status":"closed","ping_status":"closed","template":"","meta":{"footnotes":""},"class_list":["post-10217","page","type-page","status-publish","hentry"],"_links":{"self":[{"href":"https:\/\/ktbb.org\/v1\/wp-json\/wp\/v2\/pages\/10217","targetHints":{"allow":["GET"]}}],"collection":[{"href":"https:\/\/ktbb.org\/v1\/wp-json\/wp\/v2\/pages"}],"about":[{"href":"https:\/\/ktbb.org\/v1\/wp-json\/wp\/v2\/types\/page"}],"author":[{"embeddable":true,"href":"https:\/\/ktbb.org\/v1\/wp-json\/wp\/v2\/users\/9"}],"replies":[{"embeddable":true,"href":"https:\/\/ktbb.org\/v1\/wp-json\/wp\/v2\/comments?post=10217"}],"version-history":[{"count":1,"href":"https:\/\/ktbb.org\/v1\/wp-json\/wp\/v2\/pages\/10217\/revisions"}],"predecessor-version":[{"id":10218,"href":"https:\/\/ktbb.org\/v1\/wp-json\/wp\/v2\/pages\/10217\/revisions\/10218"}],"wp:attachment":[{"href":"https:\/\/ktbb.org\/v1\/wp-json\/wp\/v2\/media?parent=10217"}],"curies":[{"name":"wp","href":"https:\/\/api.w.org\/{rel}","templated":true}]}}