{"id":10671,"date":"2021-03-04T12:48:29","date_gmt":"2021-03-04T12:48:29","guid":{"rendered":"http:\/\/ktbb.org\/v1\/?page_id=10671"},"modified":"2021-03-04T12:48:29","modified_gmt":"2021-03-04T12:48:29","slug":"19-ocak-2021-tarihli-4-birlik-yurutme-kurulu-toplantisi","status":"publish","type":"page","link":"https:\/\/ktbb.org\/v1\/19-ocak-2021-tarihli-4-birlik-yurutme-kurulu-toplantisi\/","title":{"rendered":"19 Ocak 2021 Tarihli 4. Birlik Y\u00fcr\u00fctme Kurulu Toplant\u0131s\u0131"},"content":{"rendered":"<p><strong><u>Karar No:<\/u><\/strong> <strong>64\/2021 \u00a0<\/strong><\/p>\n<p>Devlet B\u00fct\u00e7esinde \u00f6ng\u00f6r\u00fclen yerel gelirler \u00fczerinden belediyelere verilen pay\u0131n 2021 y\u0131l\u0131 b\u00fct\u00e7esinde Hayat Pahal\u0131l\u0131\u011f\u0131 oran\u0131nda art\u0131r\u0131lmas\u0131n\u0131n h\u00fck\u00fcmetten talep edilmesine oy birli\u011fi ile karar verilir.<\/p>\n<p>&nbsp;<\/p>\n<p><strong>Karar No: 65\/2021<\/strong><\/p>\n<p>10 Aral\u0131k 2020 tarihli 3. Birlik Y\u00fcr\u00fctme Kurulu toplant\u0131s\u0131nda al\u0131nm\u0131\u015f olan 63\/2020 say\u0131l\u0131 karar ile \u201c \u0130\u00e7me Suyu ve Zirai Suyun Kullan\u0131m\u0131, Da\u011f\u0131t\u0131m\u0131 ve Hak Sahipli\u011fi \u0130le \u00dccret Tarifelerinin Saptanmas\u0131 ve Tahsiline \u0130li\u015fkin Kurallar T\u00fcz\u00fc\u011f\u00fc\u201d n\u00fcn 7. Maddesinin uygulanmas\u0131n\u0131n Bakanlar Kurulu taraf\u0131ndan ertelenmedi\u011fi ve uygulamaya girece\u011finin Su \u0130\u015fleri Dairesi M\u00fcd\u00fcrl\u00fc\u011f\u00fc taraf\u0131ndan bildirilmesi \u00fczerine; Esas T\u00fcz\u00fc\u011f\u00fcn 7. Maddesinin y\u00fcr\u00fcrl\u00fc\u011fe girece\u011fi tarihe kadar Belediyelere yap\u0131lmakta olan 0.10 TL ve 0.25 TL kapsam\u0131ndaki uygulaman\u0131n devam ettirilmesi i\u00e7in\u00a0 Tar\u0131m ve Do\u011fal Kaynaklar Bakanl\u0131\u011f\u0131ndan talepte bulunulmas\u0131 ve Belediyelerin i\u015fletmesine b\u0131rak\u0131lan kuyular ile ilgili, kullan\u0131m hakk\u0131 devredilmeyen ve i\u015fletmesi Su \u0130\u015fleri Dairesi taraf\u0131ndan yap\u0131lan yerel su kaynaklar\u0131n\u0131n \u00fccret tarifesine ge\u00e7irilmesi ve bu tarifedeki uygulamaya tabi olmalar\u0131 y\u00f6n\u00fcndeki taleplerin yeniden dile getirilmesi i\u00e7in karar alm\u0131\u015f ve bu karar\u0131 Tar\u0131m ve Do\u011fal Kaynaklar Bakanl\u0131\u011f\u0131na 11 Aral\u0131k 2020 tarih ve BLD.O.OO-140\/01-20\/E.17 say\u0131l\u0131 yaz\u0131 ile aktarm\u0131\u015ft\u0131r. Bu giri\u015fimlere ra\u011fmen ilgili T\u00fcz\u00fc\u011f\u00fcn 7. Maddesi uygulamaya konulmu\u015f olup 63\/2020 say\u0131l\u0131 kararda belirtilen taleplerimizde \u0131srarl\u0131 oldu\u011fumuza ve yeni giri\u015fimlerde bulunmam\u0131za oy birli\u011fi ile karar verilir.<\/p>\n<p>&nbsp;<\/p>\n<p><strong>Karar No: 66\/2021<\/strong><\/p>\n<p>45\/2018 Say\u0131l\u0131 Bula\u015f\u0131c\u0131 Hastal\u0131klar Yasas\u0131\u2019nda d\u00fczenlenen idari para cezas\u0131 ve kapatma cezas\u0131 verme ile organizasyon ve etkinlikleri durdurma yetkisinin ilgili Bakanl\u0131k ile birlikte, Bakanlar Kurulu taraf\u0131ndan yetkilendirilmesi durumunda belediye kolluk g\u00f6revlileri veya belediye sa\u011fl\u0131k personeli taraf\u0131ndan da kullan\u0131lmas\u0131nda \u201cbelediye kolluk g\u00f6revlilerinin Bakanlar Kurulu taraf\u0131ndan yetkilendirilmesi\u201d halinde belediye kolluk g\u00f6revlileri taraf\u0131ndan verilecek idari para cezas\u0131 ile ilgili tahsil edilecek ceza miktar\u0131n\u0131n, bu cezay\u0131 veren belediye kolluk g\u00f6revlisinin ba\u011fl\u0131 bulundu\u011fu belediyenin b\u00fct\u00e7esine aktar\u0131lmas\u0131 i\u00e7in gerekli giri\u015fimlerin Ba\u015fbakan nezdinde yap\u0131lmas\u0131na oy birli\u011fi ile karar verilir.<\/p>\n<p>&nbsp;<\/p>\n<p>&nbsp;<\/p>\n<p><strong>Karar No: 67\/2021<\/strong><\/p>\n<p>51\/95 say\u0131l\u0131 Belediyeler Yasas\u0131\u2019n\u0131n tadili tasla\u011f\u0131 Belediyeler Birli\u011fi taraf\u0131ndan haz\u0131rlanm\u0131\u015f ve daha \u00f6nce Genel Kurul\u2019un da bilgisine getirilmi\u015f tadil tasla\u011f\u0131 Meclis Alt Komitelerinde g\u00f6r\u00fc\u015f\u00fclemedi\u011fi ve uzun y\u0131llard\u0131r s\u00fcr\u00fcncemede b\u0131rak\u0131ld\u0131\u011f\u0131 nedeniyle, bu tasla\u011f\u0131n yeniden 1 Mart 2021 tarihine kadar ele al\u0131narak uzla\u015f\u0131lacak ve son haline getirilecek tadil tasla\u011f\u0131n\u0131n ilgili Meclis Alt Komitesinin g\u00fcndemine al\u0131nabilmesi i\u00e7in \u00e7al\u0131\u015fmalar yap\u0131lmas\u0131na oy birli\u011fi ile karar verilir.<\/p>\n<p>&nbsp;<\/p>\n<p><strong>\u00a0KararNo:68\/2021<\/strong><\/p>\n<p>K.T.Belediyeler Birli\u011fi B\u00fct\u00e7esinin, Belediyelerde uygulanan\u00a0\u00a0 Analitik B\u00fct\u00e7eye ge\u00e7mesi Y\u00fcr\u00fctme Kururluna sunuldu. B\u00fct\u00e7e program\u0131n\u0131n ve muhasebe program\u0131n\u0131n\u00a0 Birnet Yaz\u0131l\u0131m taraf\u0131ndan yap\u0131lmas\u0131na\u00a0 oy birli\u011fi ile karar verilir.<\/p>\n<p><strong>\u00a0<\/strong><\/p>\n<p><strong>Karar \u00a0No: 69 \/2021<\/strong><\/p>\n<p>K.T.Belediyeler Birli\u011fi Y\u00fcr\u00fctme Kurulu, Genel Kurul tarihinin 21 Ocak 2021 tarihinde\u00a0 Per\u015fembe G\u00fcn\u00fc saat 10.00 \u00a0da yap\u0131lmas\u0131na oy birli\u011fi ile karar verir.<\/p>\n<p><strong><u>\u00a0<\/u><\/strong><\/p>\n<p><strong><u>\u00a0<\/u><\/strong><\/p>\n<p><u>\u00a0<\/u><\/p>\n<p>&nbsp;<\/p>\n","protected":false},"excerpt":{"rendered":"<p>Karar No: 64\/2021 \u00a0 Devlet B\u00fct\u00e7esinde \u00f6ng\u00f6r\u00fclen yerel gelirler \u00fczerinden [&hellip;]<\/p>\n","protected":false},"author":9,"featured_media":0,"parent":0,"menu_order":0,"comment_status":"closed","ping_status":"closed","template":"","meta":{"footnotes":""},"class_list":["post-10671","page","type-page","status-publish","hentry"],"_links":{"self":[{"href":"https:\/\/ktbb.org\/v1\/wp-json\/wp\/v2\/pages\/10671","targetHints":{"allow":["GET"]}}],"collection":[{"href":"https:\/\/ktbb.org\/v1\/wp-json\/wp\/v2\/pages"}],"about":[{"href":"https:\/\/ktbb.org\/v1\/wp-json\/wp\/v2\/types\/page"}],"author":[{"embeddable":true,"href":"https:\/\/ktbb.org\/v1\/wp-json\/wp\/v2\/users\/9"}],"replies":[{"embeddable":true,"href":"https:\/\/ktbb.org\/v1\/wp-json\/wp\/v2\/comments?post=10671"}],"version-history":[{"count":1,"href":"https:\/\/ktbb.org\/v1\/wp-json\/wp\/v2\/pages\/10671\/revisions"}],"predecessor-version":[{"id":10672,"href":"https:\/\/ktbb.org\/v1\/wp-json\/wp\/v2\/pages\/10671\/revisions\/10672"}],"wp:attachment":[{"href":"https:\/\/ktbb.org\/v1\/wp-json\/wp\/v2\/media?parent=10671"}],"curies":[{"name":"wp","href":"https:\/\/api.w.org\/{rel}","templated":true}]}}