{"id":10673,"date":"2021-03-04T12:50:17","date_gmt":"2021-03-04T12:50:17","guid":{"rendered":"http:\/\/ktbb.org\/v1\/?page_id=10673"},"modified":"2021-03-04T12:50:17","modified_gmt":"2021-03-04T12:50:17","slug":"25-subat-2021-tarihli-5-birlik-yurutme-kurulu-toplantisi","status":"publish","type":"page","link":"https:\/\/ktbb.org\/v1\/25-subat-2021-tarihli-5-birlik-yurutme-kurulu-toplantisi\/","title":{"rendered":"25  \u015eubat 2021  Tarihli 5. Birlik Y\u00fcr\u00fctme Kurulu Toplant\u0131s\u0131"},"content":{"rendered":"<p><strong><u>Karar No: <\/u><\/strong><strong>70\/2021 <\/strong><\/p>\n<p>G\u00fcng\u00f6r Kat\u0131 At\u0131k depolama alan\u0131 konusunda \u00a0\u00a0bir ekip olu\u015fturulup konuyu aktarmak \u00fczere \u00a0Ba\u015fbakan\u0131n ziyaret edilmesine karar verildi.<\/p>\n<p><strong><u>Karar No: 71\/ 2021<\/u><\/strong><\/p>\n<p>4 Mart 2021 Per\u015fembe g\u00fcn\u00fc Genel Kurulda 2020 Mali Y\u0131l\u0131 Kesin Hesaplar\u0131n ve 2021 Mali Y\u0131l\u0131 B\u00fct\u00e7esinin onaylanmas\u0131 i\u00e7in sunulmas\u0131na karar verildi.<\/p>\n<p><strong><u>Karar No: 72\/ 2021<\/u><\/strong><\/p>\n<p>\u201c\u0130T\u0130RAZLI VEYA KES\u0130NLE\u015eT\u0130R\u0130LM\u0130\u015e VERG\u0130LERDE UZLA\u015eMA \u0130LE \u00d6DEME S\u00dcRES\u0130 GELD\u0130\u011e\u0130 HALDE KISMEN VEYA TAMAMEN \u00d6DENMEM\u0130\u015e KAMU ALACAKLARININ TAHS\u0130LATINA \u0130L\u0130\u015eK\u0130N YASA G\u00dcC\u00dcNDE KARARNAMEN\u0130N DE\u011e\u0130\u015eT\u0130R\u0130LMES\u0130 HAKKINDA YASA G\u00dcC\u00dcNDE KARARNAME\u201d nin yasalla\u015fmas\u0131 i\u00e7in kararname tasar\u0131s\u0131n\u0131n \u0130\u00e7i\u015fleri Bakanl\u0131\u011f\u0131na g\u00f6nderilmesine karar verilir.<\/p>\n","protected":false},"excerpt":{"rendered":"<p>Karar No: 70\/2021 G\u00fcng\u00f6r Kat\u0131 At\u0131k depolama alan\u0131 konusunda \u00a0\u00a0bir [&hellip;]<\/p>\n","protected":false},"author":9,"featured_media":0,"parent":0,"menu_order":0,"comment_status":"closed","ping_status":"closed","template":"","meta":{"footnotes":""},"class_list":["post-10673","page","type-page","status-publish","hentry"],"_links":{"self":[{"href":"https:\/\/ktbb.org\/v1\/wp-json\/wp\/v2\/pages\/10673","targetHints":{"allow":["GET"]}}],"collection":[{"href":"https:\/\/ktbb.org\/v1\/wp-json\/wp\/v2\/pages"}],"about":[{"href":"https:\/\/ktbb.org\/v1\/wp-json\/wp\/v2\/types\/page"}],"author":[{"embeddable":true,"href":"https:\/\/ktbb.org\/v1\/wp-json\/wp\/v2\/users\/9"}],"replies":[{"embeddable":true,"href":"https:\/\/ktbb.org\/v1\/wp-json\/wp\/v2\/comments?post=10673"}],"version-history":[{"count":1,"href":"https:\/\/ktbb.org\/v1\/wp-json\/wp\/v2\/pages\/10673\/revisions"}],"predecessor-version":[{"id":10674,"href":"https:\/\/ktbb.org\/v1\/wp-json\/wp\/v2\/pages\/10673\/revisions\/10674"}],"wp:attachment":[{"href":"https:\/\/ktbb.org\/v1\/wp-json\/wp\/v2\/media?parent=10673"}],"curies":[{"name":"wp","href":"https:\/\/api.w.org\/{rel}","templated":true}]}}