{"id":13052,"date":"2022-02-08T08:41:02","date_gmt":"2022-02-08T08:41:02","guid":{"rendered":"http:\/\/ktbb.org\/v1\/?page_id=13052"},"modified":"2022-02-08T08:41:02","modified_gmt":"2022-02-08T08:41:02","slug":"6-nisan-2021-tarihli-6-birlik-yurutme-kurulu-toplantisi","status":"publish","type":"page","link":"https:\/\/ktbb.org\/v1\/6-nisan-2021-tarihli-6-birlik-yurutme-kurulu-toplantisi\/","title":{"rendered":"6 Nisan 2021 Tarihli 6. Birlik Y\u00fcr\u00fctme Kurulu Toplant\u0131s\u0131"},"content":{"rendered":"<p><strong>Karar No: 74\/2021<\/strong><\/p>\n<p>12 -14 Nisan 2021 tarihleri aras\u0131nda adam\u0131za ziyarette bulunacak olan T\u00fcrkiye Belediyeler Birli\u011fi Heyetinin programlar\u0131 tam olarak netle\u015ftikten sonra Ma\u011fusa, Girne ve G\u00fczelyurt b\u00f6lgelerinde ziyarette bulunmalar\u0131na son g\u00fcn ise Y\u00fcr\u00fctme Kurulumuz ile bir de\u011ferlendirme toplant\u0131s\u0131 yapmalar\u0131na ve yapacaklar\u0131 t\u00fcm harcamalar\u0131n K.T. Belediyeler Birli\u011fi taraf\u0131ndan kar\u015f\u0131lanmas\u0131na\u00a0 \u00a0oy birli\u011fi ile karar verilir.<\/p>\n<p><strong>Karar No: 75\/ 2021<\/strong><\/p>\n<p>Covid 19 nedeni ile B\u00fct\u00e7emizden onayl\u0131 \u015fekli ile ilgili kalemden olu\u015fturulan aidat oranlar\u0131 dikkate al\u0131narak d\u00f6rt ayl\u0131k t\u00fcm Belediyelere destek verilmesine geriye kalan bir ay\u0131 ise n\u00fcfusu 6000 alt\u0131nda olan Belediyelere e\u015fit \u015fekilde b\u00f6l\u00fcnmesine karar verilir.<\/p>\n<p>6000 n\u00fcfus baz al\u0131narak olu\u015facak katk\u0131n\u0131n karara ilave olarak Belediyeler aras\u0131nda fark yaratmamas\u0131 a\u00e7\u0131s\u0131ndan dengeli bir katk\u0131 sa\u011flanmas\u0131na Birlik Ba\u015fkan\u0131n\u0131n dikkat ederek d\u00fczenleme yap\u0131lmas\u0131na , bu katk\u0131n\u0131n da\u011f\u0131t\u0131m\u0131 yap\u0131l\u0131rken mali destek makbuz kar\u015f\u0131l\u0131\u011f\u0131, Birlik stokundan olan malzemeden al\u0131m\u0131 ve Birlik taraf\u0131ndan Belediyelerce onaylanm\u0131\u015f taleplerine \u00f6deme yap\u0131lmas\u0131 Oy birli\u011fi ile karar verilir.<\/p>\n<p><strong>Karar No: 76\/ 2021<\/strong><\/p>\n<p>AB den hibe edilen malzemelerin %20 si stok olarak ayr\u0131lm\u0131\u015ft\u0131r . Bu malzemelerin\u00a0\u00a0 ihtiyaca g\u00f6re Belediyelere da\u011f\u0131t\u0131lmas\u0131na oy birli\u011fi ile karar verilir.<\/p>\n<p><strong>Karar No : 77 \/ 2021<\/strong><\/p>\n<p>K.T. Belediyeler birli\u011finin\u00a0 2 Binek arac\u0131, 1 Dozer ve 1 Ekskavat\u00f6r al\u0131m\u0131 i\u00e7in oy birli\u011fi ile karar al\u0131nm\u0131\u015ft\u0131r.<\/p>\n<p><strong>Karar No: 78\/ 2021<\/strong><\/p>\n<p>K.T. Belediyeler Birli\u011fi binas\u0131n\u0131n yap\u0131lmas\u0131 konusunda aktif bir \u00e7al\u0131\u015fma ba\u015flat\u0131lmas\u0131 i\u00e7in karar al\u0131nm\u0131\u015ft\u0131r.<\/p>\n<p><strong>Karar No : 79 \/ 2021<\/strong><\/p>\n<p>Belediyelerin ekte g\u00f6r\u00fclen listedeki mal al\u0131m\u0131 i\u015flemlerinde do\u011frudan al\u0131m y\u00f6ntemi ile K.T. Belediyeler\u00a0 Birli\u011fi Ba\u015fkan\u0131na yetki verilmesine, Belediye ad\u0131na yap\u0131lan mal al\u0131m\u0131nda \u00f6deme ko\u015fulunun sat\u0131c\u0131 taraf\u0131 ile Belediyeler Birli\u011fi aras\u0131nda bir vadeye ba\u011flanmas\u0131 halinde, vade sonuna kadar ilgili Belediyenin sat\u0131n al\u0131nan mal\u0131n bedelini \u00f6demesine, \u00f6dememesi halinde Devlet katk\u0131s\u0131ndan do\u011frudan kesilmesi y\u00f6n\u00fcnde ilgili Belediyeden yaz\u0131l\u0131 taahh\u00fct al\u0131nmas\u0131na oy birli\u011fi ile karar verilir.<\/p>\n<p><strong>Karar No : 80\/2021<\/strong><\/p>\n<p>Birli\u011fimizin mevcut ara\u00e7 park\u0131n\u0131n s\u00fcrd\u00fcr\u00fclebilir bir \u00e7al\u0131\u015fma olmas\u0131 i\u00e7in Belediyelerimize hizmet ta\u015f\u0131yabilmek, mevcut ara\u00e7 park\u0131m\u0131z\u0131n personel ihtiyac\u0131 hizmet sat\u0131n alma y\u00f6ntemi ile Belediyelerden ihtiya\u00e7 duyulmas\u0131 halinde kar\u015f\u0131lanmas\u0131na oy birli\u011fi ile karar verilir.<\/p>\n","protected":false},"excerpt":{"rendered":"<p>Karar No: 74\/2021 12 -14 Nisan 2021 tarihleri aras\u0131nda adam\u0131za [&hellip;]<\/p>\n","protected":false},"author":10,"featured_media":0,"parent":0,"menu_order":0,"comment_status":"closed","ping_status":"closed","template":"","meta":{"footnotes":""},"class_list":["post-13052","page","type-page","status-publish","hentry"],"_links":{"self":[{"href":"https:\/\/ktbb.org\/v1\/wp-json\/wp\/v2\/pages\/13052","targetHints":{"allow":["GET"]}}],"collection":[{"href":"https:\/\/ktbb.org\/v1\/wp-json\/wp\/v2\/pages"}],"about":[{"href":"https:\/\/ktbb.org\/v1\/wp-json\/wp\/v2\/types\/page"}],"author":[{"embeddable":true,"href":"https:\/\/ktbb.org\/v1\/wp-json\/wp\/v2\/users\/10"}],"replies":[{"embeddable":true,"href":"https:\/\/ktbb.org\/v1\/wp-json\/wp\/v2\/comments?post=13052"}],"version-history":[{"count":1,"href":"https:\/\/ktbb.org\/v1\/wp-json\/wp\/v2\/pages\/13052\/revisions"}],"predecessor-version":[{"id":13053,"href":"https:\/\/ktbb.org\/v1\/wp-json\/wp\/v2\/pages\/13052\/revisions\/13053"}],"wp:attachment":[{"href":"https:\/\/ktbb.org\/v1\/wp-json\/wp\/v2\/media?parent=13052"}],"curies":[{"name":"wp","href":"https:\/\/api.w.org\/{rel}","templated":true}]}}