{"id":13055,"date":"2022-02-08T08:44:07","date_gmt":"2022-02-08T08:44:07","guid":{"rendered":"http:\/\/ktbb.org\/v1\/?page_id=13055"},"modified":"2022-02-08T08:44:07","modified_gmt":"2022-02-08T08:44:07","slug":"25-mayis-2021-tarihli-7-birlik-yurutme-kurulu-toplantisi","status":"publish","type":"page","link":"https:\/\/ktbb.org\/v1\/25-mayis-2021-tarihli-7-birlik-yurutme-kurulu-toplantisi\/","title":{"rendered":"25 May\u0131s 2021 Tarihli 7. Birlik Y\u00fcr\u00fctme Kurulu Toplant\u0131s\u0131"},"content":{"rendered":"<p><strong>Karar No : 81\/ 2021<\/strong><\/p>\n<p>&nbsp;<\/p>\n<p>Belediyeler ( De\u011fi\u015fiklik ) Yasa Tasar\u0131s\u0131 ile ilgili yap\u0131lacak olan komite \u00e7al\u0131\u015fmalar\u0131na Y\u00fcr\u00fctme Kuruluna \u0130laveten her Partiden Bir temsilcinin ( Mahmut \u00d6Z\u00c7INAR, Nidai G\u00dcNG\u00d6RD\u00dc, Emrah Ye\u015fil\u0131rmak, Hayri ORA\u00c7AN , Mehmet HARMANCI ve Azizi KAYA) n\u0131n kat\u0131lmas\u0131na oy birli\u011fi ile karar verilir.<\/p>\n<p>&nbsp;<\/p>\n<p>&nbsp;<\/p>\n<p><strong>Karar No : 82\/ 2021 <\/strong><\/p>\n<p>&nbsp;<\/p>\n<p>Bakanlar Kurulu Taraf\u0131ndan Sunulan, Belediyelerin ve B\u00f6lge Sular Komitesince<\/p>\n<p>Olu\u015fturulan Sulama Birliklerinin K\u0131br\u0131s T\u00fcrk Elektrik Kurumuna Olan Bor\u00e7lar\u0131n\u0131n Yap\u0131land\u0131r\u0131lmas\u0131 Hakk\u0131nda Yasa G\u00fcc\u00fcnde Kararname ve Belediyelerin K\u0131br\u0131s T\u00fcrk Elektrik Kurumu \u0130le Yap\u0131land\u0131r\u0131lan Su Kuyular\u0131 Motorlar\u0131n\u0131n Elektrik Bor\u00e7lar\u0131n\u0131n Maliye Bakanl\u0131\u011f\u0131 Taraf\u0131ndan \u00dcstlenilmesi Hakk\u0131ndaki Yasa G\u00fcc\u00fcnde Kararname ile ilgili her Belediyenin bireysel olarak Abone ve kuyu say\u0131lar\u0131 \u00e7al\u0131\u015fmas\u0131n\u0131 yap\u0131p Belediyeler Birli\u011fine g\u00f6ndermesine\u00a0 oy birli\u011fi ile karar verilir.<\/p>\n<p>&nbsp;<\/p>\n<p><strong>Karar No : 83 \/ 2021<\/strong><\/p>\n<p>&nbsp;<\/p>\n<p>Konya B\u00fcy\u00fck\u015fehir Belediyesin den\u00a0 gelen talep \u00fczerine Ba\u015fbakan\u0131n da kat\u0131laca\u011f\u0131 programa Y\u00fcr\u00fctme Kurulu \u00dcyeleri ve \u0130l\u00e7e Ba\u015fkanlar\u0131n kat\u0131lmas\u0131na oy birli\u011fi ile karar verilir.<\/p>\n<p>&nbsp;<\/p>\n<p><strong>\u00a0<\/strong><\/p>\n<p><strong>Karar No : 84 \/ 2021<\/strong><\/p>\n<p>&nbsp;<\/p>\n<p>Ara\u00e7 Park\u0131m\u0131za ait ara\u00e7lar\u0131n g\u00fcnl\u00fck kira \u00fccretinin 1 Haziran 2021 tarih itibar\u0131 ile 400 TL den 500 TL\u00a0 olmas\u0131na oy\u00a0\u00a0 birli\u011fi ile karar verilir.<\/p>\n<p>&nbsp;<\/p>\n<p><strong>Karar No : 85 \/ 2021 <\/strong><\/p>\n<p>&nbsp;<\/p>\n<p>B\u00dcRO \u2013 \u0130\u015e Sendikas\u0131 ile imzalanan Toplu i\u015f s\u00f6zle\u015fmesinin yenilenmesi i\u00e7in Birlik Ba\u015fkan\u0131na tam yetki verilmesine oy birli\u011fi ile karar verilir.<\/p>\n<p>&nbsp;<\/p>\n<p><strong>\u00a0<\/strong><\/p>\n<p><strong>Tutanak\u00a0 <\/strong><\/p>\n<p>&nbsp;<\/p>\n<p>Maliye Bakanl\u0131\u011f\u0131 taraf\u0131ndan g\u00f6nderilen Say\u0131 : MLB.0.00-351\/07-21\/E .1241\u00a0\u00a0\u00a0\u00a0\u00a0\u00a0\u00a0\u00a0\u00a0\u00a0\u00a0\u00a0\u00a0\u00a0\u00a0\u00a0 Tarih\u00a0 24 May\u0131s 2021 yaz\u0131s\u0131nda,\u00a0 konu Belediyeler \u0130le \u0130lgili \u0130\u015flemler hakk\u0131nda emekli\u00a0 74 Belediye Ba\u015fkanlar\u0131n\u0131n maa\u015f \u00f6demelerinin May\u0131s ay\u0131 sonu\u00a0 Belediyeler taraf\u0131ndan \u00f6denmesine kar\u015f\u0131 \u00e7\u0131kan Belediye Ba\u015fkanlar\u0131 hemen bas\u0131n toplant\u0131s\u0131 yapmak istediler. \u00dc\u00e7 konu \u00fczerinde durulan bas\u0131n toplant\u0131s\u0131nda ele al\u0131nan konular.<\/p>\n<p>&nbsp;<\/p>\n<ol>\n<li>Maliye Bakanl\u0131\u011f\u0131ndan g\u00f6nderilen yaz\u0131da Belirtilen Emekli Belediye Ba\u015fkanlar\u0131n\u0131n Maa\u015f \u00d6demeleri<\/li>\n<li>51\/95 Say\u0131l\u0131 Belediyeler Yasas\u0131n\u0131n Sonu\u00e7land\u0131r\u0131lmas\u0131.<\/li>\n<li>Covid 19 deste\u011fi ad\u0131 alt\u0131nda Yerel Y\u00f6netimlere Destek Sa\u011flanmas\u0131.<\/li>\n<\/ol>\n<p>&nbsp;<\/p>\n<p>&nbsp;<\/p>\n<p><strong>\u00a0<\/strong><\/p>\n<p><strong>\u00a0<\/strong><\/p>\n<p><strong>\u00a0<\/strong><\/p>\n<p><strong>Karar No : 86 \/ 2021<\/strong><\/p>\n<p>&nbsp;<\/p>\n<p>Maliye Bakanl\u0131\u011f\u0131 taraf\u0131ndan 24 May\u0131s 2021 tarihinde g\u00f6nderilen emekli Belediye Ba\u015fkanlar\u0131n\u0131n Maa\u015f \u00f6demelerinin aynen\u00a0 Bakanl\u0131k taraf\u0131ndan\u00a0 devam etmesine, 51\/ 95 say\u0131l\u0131 Belediyeler Yasas\u0131n\u0131n Bu y\u0131l bitmeden sonu\u00e7land\u0131r\u0131lmas\u0131na ve Covid 19 deste\u011fi ad\u0131 alt\u0131nda Yerel Y\u00f6netimlere katk\u0131 sa\u011flanmas\u0131 i\u00e7in 25 May\u0131s 2021 tarihinde (bug\u00fcn) \u0130skele Belediyesi K\u00fclt\u00fcr Evinde bir bas\u0131n toplant\u0131s\u0131 yap\u0131lmas\u0131na oy birli\u011fi ile karar verilir.<\/p>\n<p>&nbsp;<\/p>\n","protected":false},"excerpt":{"rendered":"<p>Karar No : 81\/ 2021 &nbsp; Belediyeler ( De\u011fi\u015fiklik ) [&hellip;]<\/p>\n","protected":false},"author":10,"featured_media":0,"parent":0,"menu_order":0,"comment_status":"closed","ping_status":"closed","template":"","meta":{"footnotes":""},"class_list":["post-13055","page","type-page","status-publish","hentry"],"_links":{"self":[{"href":"https:\/\/ktbb.org\/v1\/wp-json\/wp\/v2\/pages\/13055","targetHints":{"allow":["GET"]}}],"collection":[{"href":"https:\/\/ktbb.org\/v1\/wp-json\/wp\/v2\/pages"}],"about":[{"href":"https:\/\/ktbb.org\/v1\/wp-json\/wp\/v2\/types\/page"}],"author":[{"embeddable":true,"href":"https:\/\/ktbb.org\/v1\/wp-json\/wp\/v2\/users\/10"}],"replies":[{"embeddable":true,"href":"https:\/\/ktbb.org\/v1\/wp-json\/wp\/v2\/comments?post=13055"}],"version-history":[{"count":1,"href":"https:\/\/ktbb.org\/v1\/wp-json\/wp\/v2\/pages\/13055\/revisions"}],"predecessor-version":[{"id":13056,"href":"https:\/\/ktbb.org\/v1\/wp-json\/wp\/v2\/pages\/13055\/revisions\/13056"}],"wp:attachment":[{"href":"https:\/\/ktbb.org\/v1\/wp-json\/wp\/v2\/media?parent=13055"}],"curies":[{"name":"wp","href":"https:\/\/api.w.org\/{rel}","templated":true}]}}