{"id":13057,"date":"2022-02-08T08:47:04","date_gmt":"2022-02-08T08:47:04","guid":{"rendered":"http:\/\/ktbb.org\/v1\/?page_id=13057"},"modified":"2022-02-08T08:47:04","modified_gmt":"2022-02-08T08:47:04","slug":"5-agustos-2021-8-birlik-yurutme-kurulu-toplantisi","status":"publish","type":"page","link":"https:\/\/ktbb.org\/v1\/5-agustos-2021-8-birlik-yurutme-kurulu-toplantisi\/","title":{"rendered":"5 A\u011fustos 2021 8. Birlik Y\u00fcr\u00fctme Kurulu Toplant\u0131s\u0131"},"content":{"rendered":"<p><strong>Karar No : 87\/ 2021<\/strong><\/p>\n<p>24 -25 A\u011fustos 2021 tarihlerinde Ankara\u2019da T\u00fcrkiye Belediyeler Birli\u011fi taraf\u0131ndan d\u00fczenlenecek olan \u201c Gen\u00e7 Dostu \u015eehirler Kongre ve Sergisi\u201d ba\u015fl\u0131kl\u0131 etkinli\u011fe kat\u0131lacak olan Ba\u015fkanlar\u0131m\u0131z\u0131n u\u00e7ak biletlerinin ve Y\u00fcr\u00fctme Kurulu \u00fcyelerinin yolluk \u00fccretlerinin K.T. Belediyeler Birli\u011fi taraf\u0131ndan kar\u015f\u0131lanmas\u0131na oy birli\u011fi ile karar verilmi\u015ftir.<\/p>\n<p>&nbsp;<\/p>\n<p><strong>Karar No ; 88\/ 2021<\/strong><\/p>\n<p>Stok d\u0131\u015f\u0131 malzeme al\u0131mlar\u0131 i\u00e7in Belediyelerimize verilen\u00a0 \u00a0ek listede de belirtilen, limitin \u00fcst\u00fcnde bor\u00e7lanma yapacak olan herhangi bir Belediyemizin \u00f6deme plan\u0131 sunmas\u0131na, bunu Y\u00fcr\u00fctme Kurulundan \u00a0onay alarak\u00a0 bor\u00e7lanmas\u0131na ve Belediyelerimize her ay yap\u0131lacak olan bor\u00e7 kesintisinin \u00a0\u00a0% 2 nin alt\u0131nda olmamas\u0131na oy \u00e7oklu\u011fu ile karar verilmi\u015ftir..<\/p>\n<p>&nbsp;<\/p>\n<p><strong>Karar No<\/strong><strong>;<\/strong><strong> 89\/ 2021<\/strong><\/p>\n<p>2021 B\u00fct\u00e7esine al\u0131nan ve ge\u00e7ici yurtd\u0131\u015f\u0131 ge\u00e7ici g\u00f6rev yolluklar\u0131 \u00a0kalemine konulan 50.000 TL nin yetersiz olmas\u0131ndan dolay\u0131,\u00a0 tan\u0131tma,a\u011f\u0131rlama, t\u00f6ren, fuar organizasyon gider\u00a0 kaleminden 250.000 TL nin ge\u00e7ici yurtd\u0131\u015f\u0131 ge\u00e7ici g\u00f6rev yolluklar\u0131 \u00a0kalemine aktar\u0131lmas\u0131na oy birli\u011fi ile karar verilmi\u015ftir.<\/p>\n<p>&nbsp;<\/p>\n<p><strong>\u00a0<\/strong><\/p>\n<p><strong>Karar No ; 90\/2021 <\/strong><\/p>\n<p>K.T. Belediyeler Birli\u011finin\u00a0 \u00a0Girne ve Ma\u011fusa da bulunan binalar\u0131n\u0131n \u00a0kira s\u00f6zle\u015fmelerinin \u00a0tekrardan yenilenmesi gerekti\u011finden \u00a0dolay\u0131 tekrar yap\u0131lacak olan yeni s\u00f6zle\u015fmede kiran\u0131n % 20 art\u0131r\u0131lmas\u0131na oy birli\u011fi ile karar verilmi\u015ftir.<\/p>\n<p>&nbsp;<\/p>\n<p><strong>Karar No; 91\/ 2021<\/strong><\/p>\n<p>Sa\u011fl\u0131k Bakanl\u0131\u011f\u0131n\u0131n 2018 y\u0131l\u0131nda toplum sa\u011fl\u0131\u011f\u0131n\u0131 ilgilendiren Bat\u0131 Nil Vir\u00fcs\u00fc salg\u0131n\u0131 i\u00e7in K.T. Belediyeler Birli\u011finden do\u011frudan al\u0131m yap\u0131lmas\u0131 i\u00e7in ba\u015fvuru yap\u0131lm\u0131\u015ft\u0131r. Bu ba\u011flamda K.T. Belediyeler Birli\u011fi\u00a0 bu \u00fcr\u00fcnleri, ilgili firmalardan teslim al\u0131p Sa\u011fl\u0131k Bakanl\u0131\u011f\u0131na teslim etmi\u015ftir. Ancak Sa\u011fl\u0131k Bakanl\u0131\u011f\u0131ndan bu g\u00fcne kadar\u00a0\u00a0 hen\u00fcz bir \u00f6deme ger\u00e7ekle\u015fmedi\u011finden dolay\u0131 ilgili firmalar \u00f6denememi\u015ftir. Bu konuda K.T. Belediyeler Birli\u011finin resmi bir yaz\u0131 yaz\u0131p Sa\u011fl\u0131k Bakanl\u0131\u011f\u0131na g\u00f6nderilmesine oy birli\u011fi ile karar verilmi\u015ftir.<\/p>\n<p>&nbsp;<\/p>\n<p><strong>Karar No; 92\/2021<\/strong><\/p>\n<p>K.T. Belediyeler Birli\u011fi ve Konya B\u00fcy\u00fck\u015fehir Belediyesi aras\u0131nda ilgili Belediyeler ile tecr\u00fcbe payla\u015f\u0131m\u0131 ve Belediyeler aras\u0131 i\u015fbirli\u011finin\u00a0 art\u0131r\u0131lmas\u0131n\u0131n ger\u00e7ekle\u015fmesi i\u00e7in Konya B\u00fcy\u00fck\u015fehir Belediyesi personelinin 15 \u2013 17 A\u011fustos tarihlerinde K.K.T.C\u00a0 de olacaklar\u0131ndan dolay\u0131 transfer ve konaklama harcamalar\u0131n\u0131n K.T. Belediyeler\u00a0\u00a0 Birli\u011finden kar\u015f\u0131lanmas\u0131na oy birli\u011fi ile karar verilir.<\/p>\n<p>&nbsp;<\/p>\n<p><strong>Karar No; 93\/2021<\/strong><\/p>\n<p>77\/ 2021 nolu karar numaras\u0131 ile Ortak Ara\u00e7 Park\u0131n\u0131n g\u00fc\u00e7lendirilmesi dolay\u0131s\u0131 ile \u00a0ara\u00e7 \u00a0al\u0131m\u0131 i\u00e7im m\u00fccbir sebeplerden dolay\u0131 Y\u00f6netim Kurulumuz Birlik Ba\u015fkan\u0131 Say\u0131n Mahmut \u00d6Z\u00c7INAR\u2019a do\u011frudan al\u0131m yapma yetkisi vererek ,T\u00fcrkiye Belediyeler Birli\u011fi ile yap\u0131lan protokole atfen T\u00fcrkiye Malzeme Emlak Ofisinden al\u0131nabilmesi i\u00e7in oy birli\u011fi ile yetki verilmi\u015ftir.<\/p>\n<p>&nbsp;<\/p>\n<p><strong>Karar ; 94 \/ 2021<\/strong><\/p>\n<p>K.T. Belediyeler Birli\u011fi Ortak Ara\u00e7 Park\u0131nda bulunan i\u015f makinelerinin tamiri, onar\u0131m\u0131 ve bak\u0131m\u0131n\u0131 yapmak \u00fczere \u00f6zelikle komatsu marka ekskavat\u00f6r\u00fcn ar\u0131zas\u0131n\u0131n giderilmesi i\u00e7in K.K.T.C de yap\u0131lan ara\u015ft\u0131rma neticesinde bu makineye\u00a0 destek sa\u011flayacak eleman olmad\u0131\u011f\u0131ndan dolay\u0131 T\u00fcrkiye Cumhuriyetinde yap\u0131lan ara\u015ft\u0131rma sonucu Say\u0131n Mustafa\u00a0 \u00a0Avc\u0131kurt ve Deniz Avc\u0131kurt gerek komatsu marka ekskavat\u00f6r\u00fcn tamirini yapmaya gerekse JCB ekskavat\u00f6r\u00fcn bak\u0131m\u0131n\u0131 yapmak i\u00e7in kendilerinden \u00e7ift a\u015f\u0131 ve PCR testi istenmek ko\u015fulu ile adaya getirilmelerine, ayr\u0131ca gelecek olan teknik ki\u015filerin u\u00e7ak biletlerinin, konaklama, yemek \u00fccretlerinin \u00a0ve i\u015f\u00e7ilik \u00fccretlerinin K.T. Belediyeler Birli\u011fi taraf\u0131ndan kar\u015f\u0131lanmas\u0131na oy birli\u011fi ile karar verilmi\u015ftir.<\/p>\n","protected":false},"excerpt":{"rendered":"<p>Karar No : 87\/ 2021 24 -25 A\u011fustos 2021 tarihlerinde [&hellip;]<\/p>\n","protected":false},"author":10,"featured_media":0,"parent":0,"menu_order":0,"comment_status":"closed","ping_status":"closed","template":"","meta":{"footnotes":""},"class_list":["post-13057","page","type-page","status-publish","hentry"],"_links":{"self":[{"href":"https:\/\/ktbb.org\/v1\/wp-json\/wp\/v2\/pages\/13057","targetHints":{"allow":["GET"]}}],"collection":[{"href":"https:\/\/ktbb.org\/v1\/wp-json\/wp\/v2\/pages"}],"about":[{"href":"https:\/\/ktbb.org\/v1\/wp-json\/wp\/v2\/types\/page"}],"author":[{"embeddable":true,"href":"https:\/\/ktbb.org\/v1\/wp-json\/wp\/v2\/users\/10"}],"replies":[{"embeddable":true,"href":"https:\/\/ktbb.org\/v1\/wp-json\/wp\/v2\/comments?post=13057"}],"version-history":[{"count":1,"href":"https:\/\/ktbb.org\/v1\/wp-json\/wp\/v2\/pages\/13057\/revisions"}],"predecessor-version":[{"id":13058,"href":"https:\/\/ktbb.org\/v1\/wp-json\/wp\/v2\/pages\/13057\/revisions\/13058"}],"wp:attachment":[{"href":"https:\/\/ktbb.org\/v1\/wp-json\/wp\/v2\/media?parent=13057"}],"curies":[{"name":"wp","href":"https:\/\/api.w.org\/{rel}","templated":true}]}}