{"id":13059,"date":"2022-02-08T08:52:18","date_gmt":"2022-02-08T08:52:18","guid":{"rendered":"http:\/\/ktbb.org\/v1\/?page_id=13059"},"modified":"2022-02-08T08:52:18","modified_gmt":"2022-02-08T08:52:18","slug":"1-aralik-2021-9-birlik-yurtume-kurulu-toplantisi","status":"publish","type":"page","link":"https:\/\/ktbb.org\/v1\/1-aralik-2021-9-birlik-yurtume-kurulu-toplantisi\/","title":{"rendered":"1 Aral\u0131k 2021 9. Birlik Y\u00fcrt\u00fcme Kurulu Toplant\u0131s\u0131"},"content":{"rendered":"<p><strong><u>Karar No : 95\/ 2021<\/u><\/strong><\/p>\n<p>K.T. Belediyeler Birli\u011finin kiras\u0131nda olan \u00c7a\u011flayan B\u00f6lgesindeki\u00a0 deponu( Ambar) \u0131n kira s\u00f6zle\u015fmesinin yenilenmesi konusunda Y\u00fcr\u00fctme Kurulu Ali Alper Toros\u2019un kiran\u0131n art\u0131r\u0131lmas\u0131 y\u00f6n\u00fcndeki talepleri de\u011ferlendirilmi\u015f olup ayl\u0131k kira bedelinin hayat pahal\u0131l\u0131\u011f\u0131 da dikkate al\u0131narak 4000 TL\u00a0 den \u00a04500 TL ye y\u00fckseltilmesi ko\u015fuluyla s\u00f6zle\u015fmenin yenilenmesine oy birli\u011fi ile karar verilmi\u015ftir.<\/p>\n<p><strong><u>Karar No : 96\/ 2021 <\/u><\/strong><\/p>\n<p>Av M\u00fcjgan Irkad\u0131n 6 Kas\u0131m 2020 tarihli Hukuk dan\u0131\u015fmanl\u0131\u011f\u0131 hizmet al\u0131m\u0131 s\u00f6zle\u015fmesi bir y\u0131ll\u0131k olmakla beraber ayn\u0131 s\u00f6zle\u015fmenin 7. Maddesi uyar\u0131nca taraflar yenilememe bildiriminde bulunmad\u0131klar\u0131ndan s\u00f6zle\u015fme kendili\u011fine yenilenmi\u015ftir. Ekim ve kas\u0131m aylar\u0131 i\u00e7erisinde Y\u00fcr\u00fctme Kurulu yap\u0131lmad\u0131\u011f\u0131ndan konunun g\u00f6r\u00fc\u015f\u00fclmesi bug\u00fcne b\u0131rak\u0131lm\u0131\u015f olup bu s\u00fcre i\u00e7erisinde Hukuk dan\u0131\u015fmanl\u0131\u011f\u0131 hizmetine al\u0131nmaya devam edilmi\u015f olup yaz\u0131l\u0131 olarak da s\u00f6zle\u015fmenin ayn\u0131 \u015fartlarda olmas\u0131 kayd\u0131yla imzalanmas\u0131 i\u00e7in Belediyeler Birli\u011fi Ba\u015fkan\u0131na oy birli\u011fi ile yetki verilir.<\/p>\n<p><strong><u>Karar No : 97\/ 2021<\/u><\/strong><\/p>\n<p>Yeni y\u0131la y\u00f6nelik Y\u0131lba\u015f\u0131 hediyesi\u00a0 ( \u00e7anta , ajanda, kalem, \u00e7ikolata vs) al\u0131m\u0131n\u0131n b\u00fct\u00e7e olanaklar\u0131 \u00e7er\u00e7evesinde\u00a0 Ba\u015fkan taraf\u0131ndan yap\u0131lmas\u0131 y\u00f6n\u00fcnde yetkilendirilmesine\u00a0 oy birli\u011fi ile karar verilir.<\/p>\n<p><strong>K<u>arar No : 98\/ 2021<\/u><\/strong><\/p>\n<p>Yurt d\u0131\u015f\u0131na gidilmesi veya KKTC ye gelinmesi y\u00f6n\u00fcnde gelen davetlerin giderlerinin ve veya harcamalar\u0131n\u0131n kar\u015f\u0131lanmas\u0131 yetkisinin b\u00fct\u00e7e olanaklar\u0131 da dikkate al\u0131narak kar\u015f\u0131lanmas\u0131 yetkisinin ba\u015fkana verilmesine oy birli\u011fi ile karar verilir.<\/p>\n<p><strong><u>Karar No : 99 \/ 2021<\/u><\/strong><\/p>\n<p>Emlak Vergisi ile ilgili mevzuat\u0131n hayat pahal\u0131l\u0131\u011f\u0131 oran\u0131nda art\u0131r\u0131lmas\u0131 y\u00f6n\u00fcnde de\u011fi\u015fiklik yap\u0131lmas\u0131 i\u00e7in Maliye ile ilgili Bakanl\u0131ktan talepte bulunulmas\u0131 y\u00f6n\u00fcnde Ba\u015fkana yetki verilmesine oy birli\u011fi ile karar verilir.<\/p>\n<p><strong><u>Karar No : 100\/2021<\/u><\/strong><\/p>\n<p>Bir addet Ekskavat\u00f6r ve bir adet D 6 dozer i\u015f makinas\u0131n\u0131n ihale duyurusuna \u00e7\u0131k\u0131lm\u0131\u015f olup bu ara\u00e7lara k\u0131\u015f mevsiminin de geldi\u011fini dikkate alarak Belediyeler Birli\u011finin ve Belediyelerin acil ihtiya\u00e7lar\u0131 oldu\u011funu dikkate alan Y\u00fcr\u00fctme Kurulu ihale s\u00fcrecinin devam edebilmesi i\u00e7in Y\u00fcksek Se\u00e7im Kuruluna Birlik Ba\u015fkan\u0131 taraf\u0131ndan yaz\u0131l\u0131 m\u00fcracaata bulunulmas\u0131na oy birli\u011fi ile karar verilir.<\/p>\n<p><strong><u>Karar No : 101\/2021<\/u><\/strong><\/p>\n<p>Uygulamada AB finansl\u0131 projelerin uygulanmas\u0131n\u0131n se\u00e7im yasaklar\u0131 kapsam\u0131nda olmad\u0131\u011f\u0131 ve uygulanmas\u0131na devam edildi\u011fi bilinmektedir. TC hibe projelerinin se\u00e7im yasaklar\u0131 i\u00e7inde devam edip edemeyece\u011fi hususunun Y\u00fcksek Se\u00e7im Kuruluna yaz\u0131l\u0131 olarak sunulmas\u0131 y\u00f6n\u00fcnde Belediye Ba\u015fkan\u0131na yetki verilmesine oy birli\u011fi ile karar verilir.<\/p>\n<p><strong><u>Karar No: 102\/ 2021<\/u><\/strong><\/p>\n<p>T\u00fcrk D\u00fcnyas\u0131, \u00a0Avrupa Konseyi, MEWA , Karde\u015f Belediyelerin KKTC yi\u00a0 ziyaretlerinde\u00a0 Belediye Ba\u015fkanlar\u0131n\u0131n\u00a0 ve Belediyeler Birli\u011finin zorunlu harcamalar\u0131 bulunmaktad\u0131r. Bu harcamalar\u0131n kar\u015f\u0131lanmas\u0131 y\u00f6n\u00fcnde b\u00fct\u00e7e olanaklar\u0131 ve mali durum dikkate al\u0131narak Belediyeler Birli\u011fi Ba\u015fkan\u0131n\u0131n yetkili olmas\u0131na oy birli\u011fi ile karar verilir. Bu konuda MEWA n\u0131n ev sahipli\u011fini yapt\u0131\u011f\u0131 Girne Belediye Ba\u015fkan\u0131na yapt\u0131\u011f\u0131 harcamalara kar\u015f\u0131l\u0131k on asgari \u00fccret oran\u0131nda destek verilmesi y\u00f6n\u00fcnde ve bu harcamalar\u0131n Birlik b\u00fct\u00e7esinden \u00a0kar\u015f\u0131lanmas\u0131 y\u00f6n\u00fcnde K.T. Belediyeler Birli\u011fi Ba\u015fkan\u0131na yetki verilmesine oy birli\u011fi ile karar verilir.<\/p>\n<p><strong><u>\u00a0<\/u><\/strong><\/p>\n<p><strong><u>\u00a0<\/u><\/strong><\/p>\n<p><strong><u>\u00a0<\/u><\/strong><\/p>\n<p><strong><u>\u00a0<\/u><\/strong><\/p>\n<p><strong><u>Karar No: 103\/ 2021<\/u><\/strong><\/p>\n<p>2020 Mali durum raporunda olu\u015fan 229.29 ( iki y\u00fcz yirmi dokuz TL yirmi dokuz kuru\u015f)fark\u0131n d\u00fczeltilmesi Y\u00fcr\u00fctme Kuruluna bilgi olarak sunulup oy birli\u011fi ile karar verilir.<\/p>\n<p><strong><u>Karar No: 104\/ 2021<\/u><\/strong><\/p>\n<p>B\u00fct\u00e7e kalemlerinin yetersiz kalmas\u0131ndan dolay\u0131 K a\u015fa\u011f\u0131da belirti\u011fimiz \u015fekilde\u00a0 kalemler aras\u0131 aktarma yap\u0131lmas\u0131na oy birli\u011fi ile karar verilir.<\/p>\n<ol>\n<li>\u0130lan Giderlerinden Sigorta Giderlerine 25.000TL ( Yirmi be\u015f bin TL )<\/li>\n<li>\u0130lan Giderlerinden \u0130\u015f Makinesi Giderlerine 32.000 TL ( Otuz iki bin TL)<\/li>\n<li>Ge\u00e7ici \u0130\u015f\u00e7i \u00dccretlerinden Dahili \u0130\u015f\u00e7i \u00dccretlerine 40.000 TL ( K\u0131rk bin TL )<\/li>\n<li>Hizmet Binas\u0131ndan Di\u011fer Al\u0131mlara 1500.000 ( Bir milyon be\u015f y\u00fcz bin TL)<\/li>\n<li>Ola\u011fan \u00dcst\u00fc Durum Giderlerinden Di\u011fer KDV \u00d6demelerine 150.000 TL ( Y\u00fcz elli bin TL)<\/li>\n<\/ol>\n<p><strong><u>\u00a0<\/u><\/strong><\/p>\n<p><strong><u>Karar No : 105\/ 2021<\/u><\/strong><\/p>\n<p>Belediyelerin talep etmi\u015f olduklar\u0131 malzeme al\u0131mlar\u0131n\u0131n \u00f6denebilmesi i\u00e7in 23 Kas\u0131m 2021 tarihinde Boskal vadeli hesaptan Koopbank 45535 112649 nolu cari hesaba 600.000 TL ve 12 A\u011fustos 2021 tarihinde 300.000 TL aktarma yap\u0131lm\u0131\u015ft\u0131r. Bundan sonra yap\u0131lacak olan aktarmalar hakk\u0131nda Birlik Ba\u015fkan\u0131na yetki verilmesine oy birli\u011fi ile karar verilir .<\/p>\n<p><strong><u>\u00a0<\/u><\/strong><\/p>\n","protected":false},"excerpt":{"rendered":"<p>Karar No : 95\/ 2021 K.T. Belediyeler Birli\u011finin kiras\u0131nda olan [&hellip;]<\/p>\n","protected":false},"author":10,"featured_media":0,"parent":0,"menu_order":0,"comment_status":"closed","ping_status":"closed","template":"","meta":{"footnotes":""},"class_list":["post-13059","page","type-page","status-publish","hentry"],"_links":{"self":[{"href":"https:\/\/ktbb.org\/v1\/wp-json\/wp\/v2\/pages\/13059","targetHints":{"allow":["GET"]}}],"collection":[{"href":"https:\/\/ktbb.org\/v1\/wp-json\/wp\/v2\/pages"}],"about":[{"href":"https:\/\/ktbb.org\/v1\/wp-json\/wp\/v2\/types\/page"}],"author":[{"embeddable":true,"href":"https:\/\/ktbb.org\/v1\/wp-json\/wp\/v2\/users\/10"}],"replies":[{"embeddable":true,"href":"https:\/\/ktbb.org\/v1\/wp-json\/wp\/v2\/comments?post=13059"}],"version-history":[{"count":1,"href":"https:\/\/ktbb.org\/v1\/wp-json\/wp\/v2\/pages\/13059\/revisions"}],"predecessor-version":[{"id":13060,"href":"https:\/\/ktbb.org\/v1\/wp-json\/wp\/v2\/pages\/13059\/revisions\/13060"}],"wp:attachment":[{"href":"https:\/\/ktbb.org\/v1\/wp-json\/wp\/v2\/media?parent=13059"}],"curies":[{"name":"wp","href":"https:\/\/api.w.org\/{rel}","templated":true}]}}