{"id":13070,"date":"2022-02-09T09:00:57","date_gmt":"2022-02-09T09:00:57","guid":{"rendered":"http:\/\/ktbb.org\/v1\/?page_id=13070"},"modified":"2022-02-09T09:00:57","modified_gmt":"2022-02-09T09:00:57","slug":"16-aralik-2021-tarihli-10-birlik-yurtume-kurulu-toplantisi","status":"publish","type":"page","link":"https:\/\/ktbb.org\/v1\/16-aralik-2021-tarihli-10-birlik-yurtume-kurulu-toplantisi\/","title":{"rendered":"16 Aral\u0131k 2021 Tarihli 10. Birlik Y\u00fcrt\u00fcme Kurulu Toplant\u0131s\u0131"},"content":{"rendered":"<p><strong><u>Karar No\u00a0 :106\/2021 <\/u><\/strong><\/p>\n<p>T\u00fcrkiye Belediyeler Birli\u011fi ile KTBB aras\u0131nda 11 \u015eubat 2021 tarihinde\u00a0 imzalanan i\u015fbirli\u011fi protokol\u00fc kapsam\u0131nda, KKTC Belediyelerinin talep edece\u011fi ve her Belediyenin kendi Belediye Meclisinin alaca\u011f\u0131 karar ile program kapsam\u0131nda olan konular i\u00e7inden belirleyece\u011fi \u00a0konulardaki projelerin de\u011ferlendirme sonucu hibe olarak kar\u015f\u0131lanmas\u0131 hususunda mutabakata var\u0131ld\u0131\u011f\u0131ndan ve\u00a0 hibenin be\u015f proje konusu ile s\u0131n\u0131rland\u0131r\u0131lm\u0131\u015f oldu\u011fu ve KKTC Belediyelerinden n\u00fcfusu 5000\u2019e kadar olan Belediyelere her proje bedeli kar\u015f\u0131l\u0131\u011f\u0131 olarak 50.000\u00a0 -150.000 TL aras\u0131nda, n\u00fcfusu 5.000 &#8211; 15.000\u2019e kadar olan belediyelere her proje kar\u015f\u0131l\u0131\u011f\u0131 olarak 100.000-300.000 TL aras\u0131nda, n\u00fcfusu 15.000\u2019in \u00fczerinde olan belediyelere her proje bedeli olarak 200.000 &#8211; 600.000 \u00a0TL aras\u0131nda bir miktar\u0131n proje bedeli olarak de\u011ferlendirilebilece\u011fi, i\u015fbirli\u011fi program\u0131 \u00e7er\u00e7evesinde hibe program\u0131, hibe program\u0131n\u0131n \u00f6ncelikli alanlar\u0131, hibe miktarlar\u0131, hibe ba\u015fvurusunda \u00f6nemli noktalar, ba\u015fvuru s\u00fcreci, tekliflerin g\u00f6nderilme s\u00fcreci , tekliflerin son kabul tarihi, ba\u015fvurular\u0131n de\u011ferlendirme kriterleri ve i\u015flemler i\u00e7in \u00f6ng\u00f6r\u00fclen s\u00fcreler ile ilgili bilgileri i\u00e7eren bro\u015f\u00fcrlerin Belediyeler Birli\u011finden al\u0131nabilece\u011fine ve hibe proje talebinde bulunmak isteyen Belediyelerin K.T. Belediyeler Birli\u011finden \u00fcyelik belgesi ve di\u011fer ileti\u015fim bilgilerini temin etmeleri gerekti\u011fine oy birli\u011fi ile karar verilir<\/p>\n<p>&nbsp;<\/p>\n<p><strong><u>\u00a0<\/u><\/strong><\/p>\n<p><strong><u>Karar No : 107\/2021 <\/u><\/strong><\/p>\n<p>Birlik Y\u00fcr\u00fctme Kurulu taraf\u0131ndan a\u015fa\u011f\u0131daki konularda oy birli\u011fi ile al\u0131nan kararlar\u0131n, ekte de belirtildi\u011fi gibi Bakanlar Kuruluna iletilmek \u00fczere \u0130\u00e7i\u015fleri Bakan\u0131 Kutlu Evren\u2019e yaz\u0131l\u0131 olarak bildirilmesine karar verilir.<\/p>\n<p><strong><u>Karar No: 108\/2021<\/u><\/strong><\/p>\n<p>Mal al\u0131m\u0131 ile ilgili b\u00fct\u00e7ede ayr\u0131lan limitlerin doldu\u011fu nedeni ile Belediyeler Birli\u011finden mal al\u0131m\u0131 yapan Belediyelerin taksit \u00f6demelerine titizlikle uymalar\u0131 gerekti\u011fine ve limitlerin elverdi\u011fi nisbette Belediyelere sadece mal al\u0131m\u0131nda yard\u0131mc\u0131 olundu\u011fu nedeni ile herhangi bir \u015fekilde herhangi bir Belediyenin para talebi konusundaki taleplerin Belediyeler Birli\u011finin yetkisi d\u0131\u015f\u0131nda oldu\u011fundan olumlu kar\u015f\u0131lanmayaca\u011f\u0131ndan oy birli\u011fi ile karar verilir.<\/p>\n<p><strong><u>Karar No :109\/2021<\/u><\/strong><\/p>\n<p>Mevcut hayat pahal\u0131l\u0131\u011f\u0131 \u0131\u015f\u0131\u011f\u0131nda Emlak Vergisinin % 26 oran\u0131nda y\u00fckseltilmesi y\u00f6n\u00fcnde talepte bulunulmas\u0131na oy birli\u011fi ile karar verilir.<\/p>\n<p><strong><u>Karar No: 110 \/2021<\/u><\/strong><\/p>\n<p>Ocak 2022 ay\u0131 i\u00e7inde Belediyeler Birli\u011fini ziyarete gelecek olan \u201c T\u00fcrkiye \u2013 K\u0131br\u0131s T\u00fcrk Cumhuriyeti \u0130\u015fbirli\u011fi Cemiyeti\u201d ile yap\u0131lacak olan k\u00fclt\u00fcrel bilgi ve g\u00f6r\u00fc\u015f al\u0131\u015fveri\u015fi \u00e7al\u0131\u015fmalar\u0131 nedeni ile adam\u0131zda bulunduklar\u0131 s\u00fcre i\u00e7erisinde yap\u0131lacak olan ziyaretler s\u0131ras\u0131ndaki transfer i\u00e7in bir otob\u00fcs\u00fcn\u00a0 sa\u011flanmas\u0131na\u00a0 ayr\u0131ca gelecek olan misafirlere\u00a0 bir ak\u015fam yeme\u011fi verilmesine ve bunlar\u0131n\u00a0 \u00a0Belediyeler Birli\u011fi taraf\u0131ndan kar\u015f\u0131lanmas\u0131na oy birli\u011fi ile karar verilir.<\/p>\n<p><strong><u>Karar No:111\/2021<\/u><\/strong><\/p>\n<p>K.T. Belediyeler Birli\u011fi\u00a0 Y\u00fcr\u00fctme Kurulu taraf\u0131ndan Birlik Genel b\u00fct\u00e7esinde de belirtilen kalemler do\u011frultusunda her y\u0131l Belediyelerimize al\u0131nan ajandalar\u0131n\u00a0 bu y\u0131l da al\u0131nmas\u0131na , ve yine her y\u0131l ba\u015fkanlar\u0131m\u0131za al\u0131nan yeni y\u0131l hediyesi olarak da\u00a0 bu y\u0131l kemer, c\u00fczdan ve ajanda al\u0131nmas\u0131na oy birli\u011fi ile karar verilir.<\/p>\n<p><strong><u>\u00a0<\/u><\/strong><\/p>\n<p><strong><u>\u00a0<\/u><\/strong><\/p>\n<p><strong><u>Karar No: 112\/2021<\/u><\/strong><\/p>\n<ol>\n<li>Bo\u011fazi\u00e7i Belediyesi taraf\u0131ndan K.T. Belediyeler Birli\u011finden talep etmi\u015f oldu\u011fu malzeme al\u0131mlar\u0131 ile ilgili olarak Y\u00fcr\u00fctme Kurulu malzemelerin 2022 genel b\u00fct\u00e7e kaleminden al\u0131nmas\u0131n\u0131 ve Belediyelerin ayl\u0131k katk\u0131s\u0131ndan taksitler \u015feklinde kesilmesi ko\u015fulu ile ger\u00e7ekle\u015fmesine oy birli\u011fi ile karar verilir.<\/li>\n<\/ol>\n<p><strong>Karar No:113\/2021<\/strong><\/p>\n<p>K.T. Belediyeler Birli\u011fi Ortak Ara\u00e7 Park\u0131nda bulunan i\u015f makinelerinin g\u00fcnl\u00fck kiralama bedeli 3 Ocak 2022 tarihi itibar\u0131 ile 600 TL olmas\u0131na oy birli\u011fi ile karar verilir.<\/p>\n<p><strong>Karar No:114\/ 2021<\/strong><\/p>\n<p>23 Aral\u0131k 2021 tarihinde K.T. Belediyeler Birli\u011fini ziyarete gelecek olan \u00a0Etimesgut Belediyesine ayn\u0131 g\u00fcn\u00fcn ak\u015fam\u0131 gelen misafirlere, Birlik taraf\u0131ndan Acapulco Hotelde yemek verilmesine oy birli\u011fi\u00a0 ile karar verir.<\/p>\n<p><strong>Karar 115\/ 2021<\/strong><\/p>\n<p>12 \u2013 15 Ocak 2022 tarihleri aras\u0131nda Ortak E\u011fitim Planlar\u0131n\u0131n Y\u00fcr\u00fct\u00fclmesi ve Kar\u015f\u0131l\u0131kl\u0131 Tecr\u00fcbe Payla\u015f\u0131m\u0131nda bulunmak \u00fczere K.T. Belediyeler Birli\u011fini ziyarete gelecek olan \u00a0\u00a0Mezgitli Belediyesinin burada bulunduklar\u0131 s\u00fcre i\u00e7erisinde ula\u015f\u0131m transferlerinin K.T. Belediyeler Birli\u011fi taraf\u0131ndan kar\u015f\u0131lanmas\u0131na oy birli\u011fi ile karar verilir.<\/p>\n<p>&nbsp;<\/p>\n","protected":false},"excerpt":{"rendered":"<p>Karar No\u00a0 :106\/2021 T\u00fcrkiye Belediyeler Birli\u011fi ile KTBB aras\u0131nda 11 [&hellip;]<\/p>\n","protected":false},"author":10,"featured_media":0,"parent":0,"menu_order":0,"comment_status":"closed","ping_status":"closed","template":"","meta":{"footnotes":""},"class_list":["post-13070","page","type-page","status-publish","hentry"],"_links":{"self":[{"href":"https:\/\/ktbb.org\/v1\/wp-json\/wp\/v2\/pages\/13070","targetHints":{"allow":["GET"]}}],"collection":[{"href":"https:\/\/ktbb.org\/v1\/wp-json\/wp\/v2\/pages"}],"about":[{"href":"https:\/\/ktbb.org\/v1\/wp-json\/wp\/v2\/types\/page"}],"author":[{"embeddable":true,"href":"https:\/\/ktbb.org\/v1\/wp-json\/wp\/v2\/users\/10"}],"replies":[{"embeddable":true,"href":"https:\/\/ktbb.org\/v1\/wp-json\/wp\/v2\/comments?post=13070"}],"version-history":[{"count":1,"href":"https:\/\/ktbb.org\/v1\/wp-json\/wp\/v2\/pages\/13070\/revisions"}],"predecessor-version":[{"id":13071,"href":"https:\/\/ktbb.org\/v1\/wp-json\/wp\/v2\/pages\/13070\/revisions\/13071"}],"wp:attachment":[{"href":"https:\/\/ktbb.org\/v1\/wp-json\/wp\/v2\/media?parent=13070"}],"curies":[{"name":"wp","href":"https:\/\/api.w.org\/{rel}","templated":true}]}}