{"id":13857,"date":"2022-07-01T05:51:34","date_gmt":"2022-07-01T05:51:34","guid":{"rendered":"http:\/\/ktbb.org\/v1\/?page_id=13857"},"modified":"2022-07-01T05:51:34","modified_gmt":"2022-07-01T05:51:34","slug":"19-ocak-2022-tarihli-1-birlik-yurutme-kurulu-toplantisi","status":"publish","type":"page","link":"https:\/\/ktbb.org\/v1\/19-ocak-2022-tarihli-1-birlik-yurutme-kurulu-toplantisi\/","title":{"rendered":"19 Ocak 2022  Tarihli 1. Birlik Y\u00fcr\u00fctme Kurulu Toplant\u0131s\u0131"},"content":{"rendered":"<p><strong>Karar No: 1\/2022<\/strong><\/p>\n<p>&nbsp;<\/p>\n<p>B\u00dcRO- \u0130\u015e, H\u00dcR- \u0130\u015e, DEV \u2013 \u0130\u015e, BES ve MTG \u2013 \u0130\u015e Sendikalar\u0131\u2019n\u0131n talepleri \u00fczerine 2021 y\u0131l\u0131 enflasyon oranlar\u0131 ve Hayat Pahal\u0131l\u0131\u011f\u0131 \u00f6dene\u011fi hakk\u0131nda Birlik Y\u00fcr\u00fctme Kurulumuz 20 Ocak 2022 tarihinde H\u00dcR \u2013 \u0130\u015e toplant\u0131 salonunda T\u00fcm Belediye Ba\u015fkanlar\u0131m\u0131z\u0131n kat\u0131l\u0131m\u0131 ile bir toplant\u0131 yap\u0131lmas\u0131na oy birli\u011fi ile karar verilir.<\/p>\n<p><strong><u>\u00a0<\/u><\/strong><\/p>\n<p><strong><u>\u00a0<\/u><\/strong><\/p>\n","protected":false},"excerpt":{"rendered":"<p>Karar No: 1\/2022 &nbsp; B\u00dcRO- \u0130\u015e, H\u00dcR- \u0130\u015e, DEV \u2013 [&hellip;]<\/p>\n","protected":false},"author":10,"featured_media":0,"parent":0,"menu_order":0,"comment_status":"closed","ping_status":"closed","template":"","meta":{"footnotes":""},"class_list":["post-13857","page","type-page","status-publish","hentry"],"_links":{"self":[{"href":"https:\/\/ktbb.org\/v1\/wp-json\/wp\/v2\/pages\/13857","targetHints":{"allow":["GET"]}}],"collection":[{"href":"https:\/\/ktbb.org\/v1\/wp-json\/wp\/v2\/pages"}],"about":[{"href":"https:\/\/ktbb.org\/v1\/wp-json\/wp\/v2\/types\/page"}],"author":[{"embeddable":true,"href":"https:\/\/ktbb.org\/v1\/wp-json\/wp\/v2\/users\/10"}],"replies":[{"embeddable":true,"href":"https:\/\/ktbb.org\/v1\/wp-json\/wp\/v2\/comments?post=13857"}],"version-history":[{"count":1,"href":"https:\/\/ktbb.org\/v1\/wp-json\/wp\/v2\/pages\/13857\/revisions"}],"predecessor-version":[{"id":13858,"href":"https:\/\/ktbb.org\/v1\/wp-json\/wp\/v2\/pages\/13857\/revisions\/13858"}],"wp:attachment":[{"href":"https:\/\/ktbb.org\/v1\/wp-json\/wp\/v2\/media?parent=13857"}],"curies":[{"name":"wp","href":"https:\/\/api.w.org\/{rel}","templated":true}]}}