{"id":13860,"date":"2022-07-01T05:53:31","date_gmt":"2022-07-01T05:53:31","guid":{"rendered":"http:\/\/ktbb.org\/v1\/?page_id=13860"},"modified":"2022-07-01T05:53:31","modified_gmt":"2022-07-01T05:53:31","slug":"11-subat-2022-tarihli-2-birlik-yurutme-kurulu-toplantisi","status":"publish","type":"page","link":"https:\/\/ktbb.org\/v1\/11-subat-2022-tarihli-2-birlik-yurutme-kurulu-toplantisi\/","title":{"rendered":"11 \u015eubat  2022  Tarihli 2. Birlik Y\u00fcr\u00fctme Kurulu Toplant\u0131s\u0131"},"content":{"rendered":"<p><strong><u>Karar 2 \/ 2022<\/u><\/strong><\/p>\n<p>&nbsp;<\/p>\n<p>Elektrik Kesintileri Konusu hakk\u0131nda Ekonomi ve Enerji Bakan\u0131 Say\u0131n Sunat Atun\u2019la\u00a0 ve\u00a0 Avans konular\u0131 hakk\u0131nda\u00a0 Maliye Bakan\u0131 \u00a0Say\u0131n Dursun O\u011fuz\u2019la g\u00f6r\u00fc\u015fmek i\u00e7in, Birlik Y\u00fcr\u00fctme Kurulu Birlik Ba\u015fkan\u0131 ve Asba\u015fkana oy birli\u011fi ile yetki verdi.<\/p>\n<p><strong><u>\u00a0<\/u><\/strong><\/p>\n<p><strong><u>Karar 3\/ 2022<\/u><\/strong><\/p>\n<p>K\u0131br\u0131s T\u00fcrk Belediyeler Birli\u011fi Say\u0131: 39 \/ 2003 Yasas\u0131nda bulunan madde 28\u00a0\u00a0\u00a0\u00a0\u00a0\u00a0\u00a0\u00a0\u00a0\u00a0\u00a0\u00a0\u00a0\u00a0\u00a0 \u00a0( T\u00fcz\u00fck yapma yetkisi ) 1. f\u0131kra C bendinde belirtilen Birlik Personeline ili\u015fkin kadrolar ile bu kadrolara ili\u015fkin g\u00f6rev , yetki ve sorumluluklar\u0131\u00a0 ile aranan nitelikleri: maddesine g\u00f6re personel \u015femas\u0131n\u0131n ivedi olarak haz\u0131rlan\u0131p Bakanlar Kuruluna g\u00f6nderilmesi i\u00e7in Birlik Y\u00fcr\u00fctme Kurulu , K.T Belediyeler Birli\u011fi avukat\u0131 Say\u0131n M\u00fcjgan Irkad\u2019\u0131 oy birli\u011fi ile g\u00f6revlendirmi\u015ftir.\u00a0 Ayr\u0131ca personel kadrolar\u0131n\u0131n maa\u015f baremleri, Genel B\u00fct\u00e7ede g\u00f6sterilmesine oy birli\u011fi ile karar verilmi\u015ftir.<\/p>\n<p>&nbsp;<\/p>\n<p><strong><u>Karar 4\/ 2022<\/u><\/strong><\/p>\n<p><strong><u>\u00a0<\/u><\/strong><\/p>\n<p>2003 Y\u0131l\u0131nda K.T. Belediyeler Birli\u011fi ad\u0131na sat\u0131n al\u0131nan Mitsubishi L 200 4&#215;4 \u00a0\u00a0marka \u00e7ift kabin FN 591 plakal\u0131 arac\u0131n 2003 y\u0131l\u0131nda K.T. Belediyeler Birli\u011finin muafiyet belgesinin olmamas\u0131ndan dolay\u0131 ara\u00e7 Beyarmudu Belediyesine kay\u0131t yapt\u0131r\u0131lm\u0131\u015ft\u0131r. Ancak 2003 y\u0131l\u0131ndan sonra K.T. Belediyeler Birli\u011fi de muafiyet yasas\u0131na tabi oldu\u011fundan dolay\u0131 binek arac\u0131n K.T. Belediyeler Birli\u011fi ad\u0131na kay\u0131t yap\u0131lmas\u0131na oy birli\u011fi ile karar verilmi\u015ftir.<\/p>\n<p>&nbsp;<\/p>\n<p><strong><u>Karar 5\/ 2022<\/u><\/strong><\/p>\n<p><strong><u>\u00a0<\/u><\/strong><\/p>\n<p>K.T. Belediyeler Birli\u011fine borcu olup tahsil edilmeyen alacaklar i\u00e7in K.T. Belediyeler Birli\u011fi avukat\u0131 Say\u0131n M\u00fcjgan Irkad taraf\u0131ndan bir yaz\u0131 yaz\u0131lmas\u0131na ve ilgili bor\u00e7lulara g\u00f6nderilmesine oy birli\u011fi ile karar verilir.<\/p>\n<p>&nbsp;<\/p>\n<p><strong><u>\u00a0<\/u><\/strong><\/p>\n<p><strong><u>\u00a0<\/u><\/strong><\/p>\n<p><strong><u>\u00a0<\/u><\/strong><\/p>\n<p><strong><u>\u00a0<\/u><\/strong><\/p>\n<p><strong><u>\u00a0<\/u><\/strong><\/p>\n<p><strong><u>Karar 6 \/ 2022<\/u><\/strong><\/p>\n<p><strong><u>\u00a0<\/u><\/strong><\/p>\n<p>\u0130lgili Belediyelerden K.T. Belediyeler Birli\u011fine gelen malzeme al\u0131m\u0131 talepleri do\u011frultusunda ilgili Belediye ve ilgili firma aras\u0131nda sa\u011flanacak \u00f6deme \u015fartlar\u0131 do\u011frultusunda al\u0131mlar yap\u0131l\u0131p, ilgili firmalara \u00f6demeler Belediyelerden kesilecek bor\u00e7 kesintisi ile sa\u011flanmas\u0131na oy birli\u011fi ile karar verilmi\u015ftir.<\/p>\n<p>&nbsp;<\/p>\n<p><strong><u>Karar 7\/ 2022<\/u><\/strong><\/p>\n<p><strong><em>\u00a0<\/em><\/strong><\/p>\n<p>T\u00fcrkiye Belediyeler Birli\u011fine \u00fcye Belediyeler ve K.T. Belediyeler Birli\u011fine \u00fcye Belediyeler aras\u0131nda yap\u0131lacak olan projelerin de\u011ferlendirmeleri i\u00e7in KKTC ye gelecek olan teknik personelin giderlerinin K.T. Belediyeler Birli\u011fi taraf\u0131ndan kar\u015f\u0131lanmas\u0131na oy birli\u011fi ile karar verilir.<\/p>\n<p><strong><u>\u00a0<\/u><\/strong><\/p>\n<p><strong><u>\u00a0<\/u><\/strong><\/p>\n<p><strong><u>Karar 8\/ 2022<\/u><\/strong><\/p>\n<p><strong><u>\u00a0<\/u><\/strong><\/p>\n<p>2022 Y\u0131l\u0131nda da operat\u00f6r hizmetleri i\u00e7in gerekli hizmet sat\u0131n al\u0131m\u0131na oy birli\u011fi ile karar verilir.<\/p>\n<p><strong><u>\u00a0<\/u><\/strong><\/p>\n","protected":false},"excerpt":{"rendered":"<p>Karar 2 \/ 2022 &nbsp; Elektrik Kesintileri Konusu hakk\u0131nda Ekonomi [&hellip;]<\/p>\n","protected":false},"author":10,"featured_media":0,"parent":0,"menu_order":0,"comment_status":"closed","ping_status":"closed","template":"","meta":{"footnotes":""},"class_list":["post-13860","page","type-page","status-publish","hentry"],"_links":{"self":[{"href":"https:\/\/ktbb.org\/v1\/wp-json\/wp\/v2\/pages\/13860","targetHints":{"allow":["GET"]}}],"collection":[{"href":"https:\/\/ktbb.org\/v1\/wp-json\/wp\/v2\/pages"}],"about":[{"href":"https:\/\/ktbb.org\/v1\/wp-json\/wp\/v2\/types\/page"}],"author":[{"embeddable":true,"href":"https:\/\/ktbb.org\/v1\/wp-json\/wp\/v2\/users\/10"}],"replies":[{"embeddable":true,"href":"https:\/\/ktbb.org\/v1\/wp-json\/wp\/v2\/comments?post=13860"}],"version-history":[{"count":1,"href":"https:\/\/ktbb.org\/v1\/wp-json\/wp\/v2\/pages\/13860\/revisions"}],"predecessor-version":[{"id":13861,"href":"https:\/\/ktbb.org\/v1\/wp-json\/wp\/v2\/pages\/13860\/revisions\/13861"}],"wp:attachment":[{"href":"https:\/\/ktbb.org\/v1\/wp-json\/wp\/v2\/media?parent=13860"}],"curies":[{"name":"wp","href":"https:\/\/api.w.org\/{rel}","templated":true}]}}