{"id":13862,"date":"2022-07-01T05:55:50","date_gmt":"2022-07-01T05:55:50","guid":{"rendered":"http:\/\/ktbb.org\/v1\/?page_id=13862"},"modified":"2022-07-01T05:55:50","modified_gmt":"2022-07-01T05:55:50","slug":"1-mart-2022-tarihli-3-birlik-yurutme-kurulu-toplantisi","status":"publish","type":"page","link":"https:\/\/ktbb.org\/v1\/1-mart-2022-tarihli-3-birlik-yurutme-kurulu-toplantisi\/","title":{"rendered":"1 Mart  2022  Tarihli 3. Birlik Y\u00fcr\u00fctme Kurulu Toplant\u0131s\u0131"},"content":{"rendered":"<p><strong>Karar No: 9\/ 2022<\/strong><\/p>\n<p>Yerel Y\u00f6netimler Uygulamalar\u0131n\u0131 yerinde g\u00f6rebilmek amac\u0131 ile 17 \u2013 20\u00a0 Mart 2022 tarihleri aras\u0131nda \u00c7anakkale\u2019ye Ba\u015fkanl\u0131k d\u00fczeyinde bir ziyaret ger\u00e7ekle\u015fmesine ve t\u00fcm harcamalar\u0131n K.T. Belediyeler Birli\u011fi Genel B\u00fct\u00e7esinden kar\u015f\u0131lanmas\u0131na oy birli\u011fi ile karar verilir.<\/p>\n<p><strong>\u00a0<\/strong><\/p>\n<p>Ayr\u0131ca yap\u0131lacak olan ziyarete Birlik personeli \u0130dare Amiri Muammer G\u00fcne\u015f ve \u0130dari Memur Nazan \u00d6zlatif\u2019in de kat\u0131lmas\u0131na ve t\u00fcm u\u00e7ak , konaklama, ula\u015f\u0131m ve harcamalar\u0131n\u0131n K.T. Belediyeler Birli\u011fi taraf\u0131ndan kar\u015f\u0131lanmas\u0131na oy birli\u011fi ile karar verilmi\u015ftir.<\/p>\n<p>&nbsp;<\/p>\n<p>&nbsp;<\/p>\n<p><strong>Karar No: 10 \/ 2022<\/strong><\/p>\n<p>&nbsp;<\/p>\n<p>28 \u2013 31 Mart 2022 tarihleri aras\u0131nda Ankara da, T\u00fcrkiye K\u0131br\u0131s T\u00fcrk Cemiyetinin organize etti\u011fi k\u00fclt\u00fcrel\u00a0 ve ara\u015ft\u0131rma ziyaret program\u0131na Ba\u015fkanlar\u0131m\u0131z\u0131n kat\u0131lmas\u0131na, t\u00fcm harcamalar\u0131n K.T. Belediyeler Birli\u011fi Genel B\u00fct\u00e7esinden kar\u015f\u0131lanmas\u0131na \u00a0oy birli\u011fi ile karar verilir.<\/p>\n<p>Ayr\u0131ca yap\u0131lacak olan ziyarete Birlik personeli \u0130dare Amiri Muammer G\u00fcne\u015f ve \u0130dari Memur Nazan \u00d6zlatif\u2019in de kat\u0131lmas\u0131na ve t\u00fcm u\u00e7ak , konaklama, ula\u015f\u0131m ve harcamalar\u0131n\u0131n K.T. Belediyeler Birli\u011fi taraf\u0131ndan kar\u015f\u0131lanmas\u0131na oy birli\u011fi ile karar verilmi\u015ftir.<\/p>\n<p>&nbsp;<\/p>\n<p><strong>\u00a0<\/strong><\/p>\n<p><strong>Karar No: 11 \/ 2022<\/strong><\/p>\n<p>&nbsp;<\/p>\n<p>10 \u2013 13- Mart 2022 tarihleri aras\u0131nda Say\u0131n Mahmut \u00d6Z\u00c7INAR\u2019\u0131n K\u0131y\u0131 Ege Belediyeler Birli\u011fini ziyarette bulunmas\u0131na oy birli\u011fi ile karar verilmi\u015ftir.<\/p>\n<p>&nbsp;<\/p>\n<p><strong>\u00a0<\/strong><\/p>\n<p><strong>Karar No: 12\/ 2022<\/strong><\/p>\n<p>&nbsp;<\/p>\n<p>20 \u2013 24 Mart 2022 tarihleri aras\u0131nda Fransa \u2013 Strazbourg\u2019da yap\u0131lacak olan Yerel ve B\u00f6lgesel Y\u00f6netimler Kongresinin Genel \u00a0Oturum\u00a0 ve Komitelerinin Toplant\u0131s\u0131na Say\u0131n Mahmut \u00d6Z\u00c7INAR, Say\u0131n Nidai G\u00dcNG\u00d6RD\u00dc, Say\u0131n Ahmet BENL\u0130 ve Birlik Koordinat\u00f6r\u00fc Say\u0131n H\u00fcseyin K\u00d6LE\u2019nin kat\u0131lmas\u0131na oy birli\u011fi ile karar verilir.<\/p>\n<p><strong>\u00a0<\/strong><\/p>\n","protected":false},"excerpt":{"rendered":"<p>Karar No: 9\/ 2022 Yerel Y\u00f6netimler Uygulamalar\u0131n\u0131 yerinde g\u00f6rebilmek amac\u0131 [&hellip;]<\/p>\n","protected":false},"author":10,"featured_media":0,"parent":0,"menu_order":0,"comment_status":"closed","ping_status":"closed","template":"","meta":{"footnotes":""},"class_list":["post-13862","page","type-page","status-publish","hentry"],"_links":{"self":[{"href":"https:\/\/ktbb.org\/v1\/wp-json\/wp\/v2\/pages\/13862","targetHints":{"allow":["GET"]}}],"collection":[{"href":"https:\/\/ktbb.org\/v1\/wp-json\/wp\/v2\/pages"}],"about":[{"href":"https:\/\/ktbb.org\/v1\/wp-json\/wp\/v2\/types\/page"}],"author":[{"embeddable":true,"href":"https:\/\/ktbb.org\/v1\/wp-json\/wp\/v2\/users\/10"}],"replies":[{"embeddable":true,"href":"https:\/\/ktbb.org\/v1\/wp-json\/wp\/v2\/comments?post=13862"}],"version-history":[{"count":1,"href":"https:\/\/ktbb.org\/v1\/wp-json\/wp\/v2\/pages\/13862\/revisions"}],"predecessor-version":[{"id":13863,"href":"https:\/\/ktbb.org\/v1\/wp-json\/wp\/v2\/pages\/13862\/revisions\/13863"}],"wp:attachment":[{"href":"https:\/\/ktbb.org\/v1\/wp-json\/wp\/v2\/media?parent=13862"}],"curies":[{"name":"wp","href":"https:\/\/api.w.org\/{rel}","templated":true}]}}