{"id":13864,"date":"2022-07-01T05:56:43","date_gmt":"2022-07-01T05:56:43","guid":{"rendered":"http:\/\/ktbb.org\/v1\/?page_id=13864"},"modified":"2022-07-01T05:56:43","modified_gmt":"2022-07-01T05:56:43","slug":"30-mart-2022-tarihli-4-birlik-yurutme-kurulu-kararlari","status":"publish","type":"page","link":"https:\/\/ktbb.org\/v1\/30-mart-2022-tarihli-4-birlik-yurutme-kurulu-kararlari\/","title":{"rendered":"30 Mart 2022 Tarihli 4. Birlik Y\u00fcr\u00fctme  Kurulu Kararlar\u0131"},"content":{"rendered":"<p><strong>Karar No:13\/ 2022<\/strong><\/p>\n<p>&nbsp;<\/p>\n<p>30 Mart 2022 tarihinde \u00fc\u00e7 g\u00fcndemle<\/p>\n<ol>\n<li>T. Belediyeler Birli\u011fi 2021 y\u0131l\u0131 Kesin Hesaplar\u0131.<\/li>\n<li>T. Belediyeler Birli\u011fi 2022 Y\u0131l\u0131 Genel B\u00fct\u00e7esi.<\/li>\n<li>T. Belediyeler Birli\u011fi\u00a0 Personel T\u00fcz\u00fc\u011f\u00fc Hakk\u0131nda,<\/li>\n<\/ol>\n<p>&nbsp;<\/p>\n<p>Toplanan Birlik Y\u00fcr\u00fctme kurulu yukarda belirtilen g\u00fcndemin tekrardan \u00a0incelenip\u00a0 konu\u015fulmas\u0131 \u00a0i\u00e7in 5 Nisan 2022 tarihinde Birlik Y\u00fcr\u00fctme Kurulu Toplant\u0131s\u0131 yap\u0131lmas\u0131na oy birli\u011fi ile karar verilmi\u015ftir.<\/p>\n","protected":false},"excerpt":{"rendered":"<p>Karar No:13\/ 2022 &nbsp; 30 Mart 2022 tarihinde \u00fc\u00e7 g\u00fcndemle [&hellip;]<\/p>\n","protected":false},"author":10,"featured_media":0,"parent":0,"menu_order":0,"comment_status":"closed","ping_status":"closed","template":"","meta":{"footnotes":""},"class_list":["post-13864","page","type-page","status-publish","hentry"],"_links":{"self":[{"href":"https:\/\/ktbb.org\/v1\/wp-json\/wp\/v2\/pages\/13864","targetHints":{"allow":["GET"]}}],"collection":[{"href":"https:\/\/ktbb.org\/v1\/wp-json\/wp\/v2\/pages"}],"about":[{"href":"https:\/\/ktbb.org\/v1\/wp-json\/wp\/v2\/types\/page"}],"author":[{"embeddable":true,"href":"https:\/\/ktbb.org\/v1\/wp-json\/wp\/v2\/users\/10"}],"replies":[{"embeddable":true,"href":"https:\/\/ktbb.org\/v1\/wp-json\/wp\/v2\/comments?post=13864"}],"version-history":[{"count":1,"href":"https:\/\/ktbb.org\/v1\/wp-json\/wp\/v2\/pages\/13864\/revisions"}],"predecessor-version":[{"id":13865,"href":"https:\/\/ktbb.org\/v1\/wp-json\/wp\/v2\/pages\/13864\/revisions\/13865"}],"wp:attachment":[{"href":"https:\/\/ktbb.org\/v1\/wp-json\/wp\/v2\/media?parent=13864"}],"curies":[{"name":"wp","href":"https:\/\/api.w.org\/{rel}","templated":true}]}}