{"id":13866,"date":"2022-07-01T05:59:40","date_gmt":"2022-07-01T05:59:40","guid":{"rendered":"http:\/\/ktbb.org\/v1\/?page_id=13866"},"modified":"2022-07-01T05:59:40","modified_gmt":"2022-07-01T05:59:40","slug":"13-nisan-2022-tarihli-6-birlik-yurutme-kurulu-kararlari","status":"publish","type":"page","link":"https:\/\/ktbb.org\/v1\/13-nisan-2022-tarihli-6-birlik-yurutme-kurulu-kararlari\/","title":{"rendered":"13 Nisan 2022 Tarihli 6. Birlik Y\u00fcr\u00fctme  Kurulu Kararlar\u0131"},"content":{"rendered":"<p><strong>Karar No:14 \/ 2022<\/strong><\/p>\n<p><strong>\u00a0<\/strong><\/p>\n<p>13 Nisan 2022 tarihinde yap\u0131lan Birlik Y\u00fcr\u00fctme Kurulu Toplant\u0131s\u0131n\u0131n 18 Nisan 2022 tarihinde tekrardan yap\u0131lmas\u0131na oy birli\u011fi ile karar verilir.<\/p>\n","protected":false},"excerpt":{"rendered":"<p>Karar No:14 \/ 2022 \u00a0 13 Nisan 2022 tarihinde yap\u0131lan [&hellip;]<\/p>\n","protected":false},"author":10,"featured_media":0,"parent":0,"menu_order":0,"comment_status":"closed","ping_status":"closed","template":"","meta":{"footnotes":""},"class_list":["post-13866","page","type-page","status-publish","hentry"],"_links":{"self":[{"href":"https:\/\/ktbb.org\/v1\/wp-json\/wp\/v2\/pages\/13866","targetHints":{"allow":["GET"]}}],"collection":[{"href":"https:\/\/ktbb.org\/v1\/wp-json\/wp\/v2\/pages"}],"about":[{"href":"https:\/\/ktbb.org\/v1\/wp-json\/wp\/v2\/types\/page"}],"author":[{"embeddable":true,"href":"https:\/\/ktbb.org\/v1\/wp-json\/wp\/v2\/users\/10"}],"replies":[{"embeddable":true,"href":"https:\/\/ktbb.org\/v1\/wp-json\/wp\/v2\/comments?post=13866"}],"version-history":[{"count":1,"href":"https:\/\/ktbb.org\/v1\/wp-json\/wp\/v2\/pages\/13866\/revisions"}],"predecessor-version":[{"id":13867,"href":"https:\/\/ktbb.org\/v1\/wp-json\/wp\/v2\/pages\/13866\/revisions\/13867"}],"wp:attachment":[{"href":"https:\/\/ktbb.org\/v1\/wp-json\/wp\/v2\/media?parent=13866"}],"curies":[{"name":"wp","href":"https:\/\/api.w.org\/{rel}","templated":true}]}}