{"id":14793,"date":"2023-03-13T10:49:47","date_gmt":"2023-03-13T08:49:47","guid":{"rendered":"http:\/\/ktbb.org\/v1\/?page_id=14793"},"modified":"2023-03-13T15:11:32","modified_gmt":"2023-03-13T13:11:32","slug":"belediyelerin-iletisim-numaralari","status":"publish","type":"page","link":"https:\/\/ktbb.org\/v1\/belediyelerin-iletisim-numaralari\/","title":{"rendered":"Belediyelerin \u0130leti\u015fim Numaralar\u0131"},"content":{"rendered":"<p>&nbsp;<\/p>\n<p>&nbsp;<\/p>\n<table border=\"0\" width=\"70%\" cellspacing=\"0\" cellpadding=\"5\" align=\"center\">\n<tbody>\n<tr>\n<td bgcolor=\"#ececec\" width=\"191\" height=\"26\"><strong>BELED\u0130YE<\/strong><\/td>\n<td bgcolor=\"#ececec\" width=\"387\"><strong>\u0130LET\u0130\u015e\u0130M NUMARASI<\/strong><\/td>\n<\/tr>\n<tr>\n<td class=\"xl26\" width=\"191\" height=\"26\"><strong><span style=\"color: #000000;\">LEFKO\u015eA<\/span><\/strong><\/td>\n<td width=\"387\"><span style=\"color: #000000;\"><span style=\"caret-color: #000000;\">0392 228 52 21 \/ 0392 227 55 51\u00a0<\/span><\/span><\/td>\n<\/tr>\n<tr>\n<td class=\"xl24\" width=\"191\" height=\"26\"><strong><span style=\"color: #000000;\">GAZ\u0130MA\u011eUSA<\/span><\/strong><\/td>\n<td width=\"387\"><span style=\"color: #000000;\"><span style=\"caret-color: #000000;\">0392 366 53 32 \/ 0392 630 05 11<\/span><\/span><\/td>\n<\/tr>\n<tr>\n<td class=\"xl24\" width=\"191\" height=\"26\"><strong><span style=\"color: #000000;\">G\u0130RNE<\/span><\/strong><\/td>\n<td width=\"387\"><span style=\"color: #000000;\">0392 815 21 18 \/ 0392 650 01 00<\/span><\/td>\n<\/tr>\n<tr>\n<td class=\"xl24\" width=\"191\" height=\"26\"><strong><span style=\"color: #000000;\">G\u00d6NYEL\u0130-ALAYK\u00d6Y<\/span><\/strong><\/td>\n<td width=\"387\"><span style=\"color: #000000;\"><span style=\"caret-color: #000000;\">0392 223 19 01 \/ 0392 223 17 67 \/0392 223 66 34\u00a0<\/span><\/span><\/td>\n<\/tr>\n<tr>\n<td class=\"xl24\" width=\"191\" height=\"26\"><strong><span style=\"color: #000000;\">LAPTA-ALSANCAK-\u00c7AMLIBEL<\/span><\/strong><\/td>\n<td width=\"387\"><span style=\"color: #000000;\">0392 822 86 23<\/span><\/td>\n<\/tr>\n<tr>\n<td class=\"xl24\" width=\"191\" height=\"26\"><strong><span style=\"color: #000000;\">G\u00dcZELYURT\u00a0<\/span><\/strong><\/td>\n<td width=\"387\"><span style=\"color: #000000;\">0392 714 28 13 \/ 0392 714 2018<\/span><\/td>\n<\/tr>\n<tr>\n<td class=\"xl24\" width=\"191\" height=\"26\"><strong><span style=\"color: #000000;\">DE\u011e\u0130RMENL\u0130K-AKINCILAR\u00a0<\/span><\/strong><\/td>\n<td width=\"387\"><span style=\"color: #000000;\">0392 232 33 22\u00a0<\/span><\/td>\n<\/tr>\n<tr>\n<td class=\"xl24\" width=\"191\" height=\"26\"><strong><span style=\"color: #000000;\">D\u0130KMEN<\/span><\/strong><\/td>\n<td width=\"387\"><span style=\"color: #000000;\"><span style=\"caret-color: #000000;\">0392 237 28 63\u00a0<\/span><\/span><\/td>\n<\/tr>\n<tr>\n<td class=\"xl24\" width=\"191\" height=\"26\"><strong><span style=\"color: #000000;\">LEFKE<\/span><\/strong><\/td>\n<td width=\"387\"><span style=\"color: #000000;\"> <span style=\"color: #000000;\">0392 728 73 47 \/ 0392 728 78 80<\/span><\/span><\/td>\n<\/tr>\n<tr>\n<td class=\"xl24\" width=\"191\" height=\"26\"><strong><span style=\"color: #000000;\">MESARYA<\/span><\/strong><\/td>\n<td width=\"387\"><span style=\"color: #000000;\"><span style=\"caret-color: #000000;\">0392 377 74 59\u00a0<\/span><\/span><\/td>\n<\/tr>\n<tr>\n<td class=\"xl24\" width=\"191\" height=\"26\"><strong><span style=\"color: #000000;\"><span style=\"caret-color: #000000;\">\u00c7ATALK\u00d6Y-ESENTEPE<\/span><\/span><\/strong><\/td>\n<td width=\"387\"><span style=\"color: #000000;\">0392 824 40 68<\/span><\/td>\n<\/tr>\n<tr>\n<td class=\"xl24\" width=\"191\" height=\"26\"><strong><span style=\"color: #000000;\">\u0130SKELE<\/span><\/strong><\/td>\n<td width=\"387\"><span style=\"color: #000000;\">0392 371 25 21<\/span><\/td>\n<\/tr>\n<tr>\n<td class=\"xl24\" width=\"191\" height=\"26\"><strong><span style=\"color: #000000;\"><span style=\"caret-color: #000000;\">ERENK\u00d6Y-KARPAZ<\/span><\/span><\/strong><\/td>\n<td width=\"387\"><span style=\"color: #000000;\">0392 374 4350<\/span><\/td>\n<\/tr>\n<tr>\n<td class=\"xl24\" width=\"191\" height=\"26\"><strong><span style=\"color: #000000;\"><span style=\"caret-color: #000000;\">YEN\u0130 BO\u011eAZ\u0130\u00c7\u0130\u00a0<\/span><\/span><\/strong><\/td>\n<td width=\"387\"><span style=\"color: #000000;\">0392 378 81 45<\/span><\/td>\n<\/tr>\n<tr>\n<td class=\"xl24\" width=\"191\" height=\"26\"><strong><span style=\"color: #000000;\"><span style=\"caret-color: #000000;\">GE\u00c7\u0130TKALE-SERDARLI<\/span><\/span><\/strong><\/td>\n<td width=\"387\"><span style=\"color: #000000;\">0392 373 31 47<\/span><\/td>\n<\/tr>\n<tr>\n<td class=\"xl24\" width=\"191\" height=\"26\"><strong><span style=\"color: #000000;\"><span style=\"caret-color: #000000;\">MEHMET\u00c7\u0130K-B\u00dcY\u00dcKKONUK<\/span><\/span><\/strong><\/td>\n<td width=\"387\"><span style=\"color: #000000;\">0392 375 50 90<\/span><\/td>\n<\/tr>\n<tr>\n<td class=\"xl24\" width=\"191\" height=\"26\"><strong><span style=\"color: #000000;\"><span style=\"caret-color: #000000;\">BEYARMUDU<\/span><\/span><\/strong><\/td>\n<td width=\"387\"><span style=\"color: #000000;\">0392 379 94 01<\/span><\/td>\n<\/tr>\n<tr>\n<td class=\"xl24\" width=\"191\" height=\"26\"><span style=\"color: #000000;\"><span style=\"caret-color: #000000;\"><b> <strong><span style=\"color: #000000;\">TATLISU<\/span><\/strong><\/b><\/span><\/span><\/td>\n<td width=\"387\"><span style=\"color: #000000;\">0392 389 20 26<\/span><\/td>\n<\/tr>\n<tr>\n<td class=\"xl24\" width=\"191\" height=\"26\"><\/td>\n<td width=\"387\"><\/td>\n<\/tr>\n<tr>\n<td class=\"xl24\" width=\"191\" height=\"26\"><\/td>\n<td width=\"387\"><\/td>\n<\/tr>\n<tr>\n<td class=\"xl24\" width=\"191\" height=\"26\"><\/td>\n<td width=\"387\"><\/td>\n<\/tr>\n<tr>\n<td class=\"xl24\" width=\"191\" height=\"26\"><\/td>\n<td width=\"387\"><\/td>\n<\/tr>\n<tr>\n<td class=\"xl24\" width=\"191\" height=\"26\"><\/td>\n<td width=\"387\"><\/td>\n<\/tr>\n<tr>\n<td class=\"xl24\" width=\"191\" height=\"26\"><\/td>\n<td width=\"387\"><\/td>\n<\/tr>\n<tr>\n<td class=\"xl24\" width=\"191\" height=\"26\"><\/td>\n<td width=\"387\"><\/td>\n<\/tr>\n<tr>\n<td class=\"xl24\" width=\"191\" height=\"26\"><\/td>\n<td width=\"387\"><\/td>\n<\/tr>\n<tr>\n<td class=\"xl24\" width=\"191\" height=\"26\"><\/td>\n<td width=\"387\"><\/td>\n<\/tr>\n<tr>\n<td class=\"xl24\" width=\"191\" height=\"26\"><\/td>\n<td width=\"387\"><\/td>\n<\/tr>\n<\/tbody>\n<\/table>\n<p>&nbsp;<\/p>\n","protected":false},"excerpt":{"rendered":"<p>&nbsp; &nbsp; BELED\u0130YE \u0130LET\u0130\u015e\u0130M NUMARASI LEFKO\u015eA 0392 228 52 21 [&hellip;]<\/p>\n","protected":false},"author":10,"featured_media":0,"parent":0,"menu_order":0,"comment_status":"closed","ping_status":"closed","template":"","meta":{"footnotes":""},"class_list":["post-14793","page","type-page","status-publish","hentry"],"_links":{"self":[{"href":"https:\/\/ktbb.org\/v1\/wp-json\/wp\/v2\/pages\/14793","targetHints":{"allow":["GET"]}}],"collection":[{"href":"https:\/\/ktbb.org\/v1\/wp-json\/wp\/v2\/pages"}],"about":[{"href":"https:\/\/ktbb.org\/v1\/wp-json\/wp\/v2\/types\/page"}],"author":[{"embeddable":true,"href":"https:\/\/ktbb.org\/v1\/wp-json\/wp\/v2\/users\/10"}],"replies":[{"embeddable":true,"href":"https:\/\/ktbb.org\/v1\/wp-json\/wp\/v2\/comments?post=14793"}],"version-history":[{"count":5,"href":"https:\/\/ktbb.org\/v1\/wp-json\/wp\/v2\/pages\/14793\/revisions"}],"predecessor-version":[{"id":14835,"href":"https:\/\/ktbb.org\/v1\/wp-json\/wp\/v2\/pages\/14793\/revisions\/14835"}],"wp:attachment":[{"href":"https:\/\/ktbb.org\/v1\/wp-json\/wp\/v2\/media?parent=14793"}],"curies":[{"name":"wp","href":"https:\/\/api.w.org\/{rel}","templated":true}]}}