{"id":14819,"date":"2023-03-13T14:01:02","date_gmt":"2023-03-13T12:01:02","guid":{"rendered":"http:\/\/ktbb.org\/v1\/?page_id=14819"},"modified":"2023-03-13T14:01:02","modified_gmt":"2023-03-13T12:01:02","slug":"19-nisan-2022-tarihli-7-birlik-yurutme-kurulu-toplantisi","status":"publish","type":"page","link":"https:\/\/ktbb.org\/v1\/19-nisan-2022-tarihli-7-birlik-yurutme-kurulu-toplantisi\/","title":{"rendered":"19 Nisan 2022 Tarihli 7. Birlik Y\u00fcr\u00fctme Kurulu Toplant\u0131s\u0131"},"content":{"rendered":"<p><strong>Karar No.15\/2022<\/strong><\/p>\n<p>&nbsp;<\/p>\n<p>K.T. Belediyeler Birli\u011fi 2021 Y\u0131l\u0131 Kesin Hesaplar\u0131n\u0131n Genel Kurula sunulmas\u0131na oy birli\u011fi ile karar verildi.<\/p>\n<p>&nbsp;<\/p>\n<p><strong>Karar No:16\/2022 <\/strong><\/p>\n<p>&nbsp;<\/p>\n<p>K.T. Belediyeler Birli\u011finin 2022 y\u0131l\u0131 B\u00fct\u00e7esi hen\u00fcz ge\u00e7medi\u011fi i\u00e7in\u00a0 ge\u00e7en y\u0131l\u0131n B\u00fct\u00e7esinin\u00a0 12 de 1\u00a0 oran\u0131nda Belediyeler Birli\u011finin harcama\u00a0 yapmas\u0131 y\u00f6n\u00fcnde oy birli\u011fi ile karar al\u0131n\u0131r.<\/p>\n<p>&nbsp;<\/p>\n<p><strong>Karar No: 17\/2022<\/strong><\/p>\n<p>&nbsp;<\/p>\n<p>Girne Belediye Ba\u015fkan\u0131 Nidai G\u00dcNG\u00d6RD\u00dc n\u00fcn yapm\u0131\u015f oldu\u011fu yaz\u0131l\u0131 talebi \u00fczerine Girne Belediyesinin \u00fcyesi bulundu\u011fu UCLG \u2013 MEWA \u00f6rg\u00fct\u00fcn\u00fcn\u00a0 K\u00fclt\u00fcr ve Turizm Komite Ba\u015fkanl\u0131\u011f\u0131n\u0131 y\u00fcr\u00fctt\u00fc\u011f\u00fc nedeni ile 21 \u2013 22 ekim 2021 tarihinde Girne de\u00a0 uluslararas\u0131 ger\u00e7ekle\u015ftirdi\u011fi \u2018Eri\u015filebilir Turizm \u00c7al\u0131\u015ftay\u0131\u2019 s\u0131ras\u0131nda yapm\u0131\u015f oldu\u011fu takribi 425.000.00 TL civar\u0131ndaki harcamalar\u0131na katk\u0131 olmas\u0131 amac\u0131yla 60.000.00 TL\u2019nin Girne Belediyesine Belediyecili\u011fe katk\u0131lar\u0131 ve \u00fclkemizi temsiliyeti nedeni ile verilmesine oy birli\u011fi ile karar verilir.<\/p>\n<p>&nbsp;<\/p>\n<p><strong>Karar No:18\/2022<\/strong><\/p>\n<p><strong>\u00a0<\/strong><\/p>\n<p>G\u00fcney K\u0131br\u0131staki Osmanl\u0131 Eserlerini tan\u0131t\u0131m projesi i\u00e7in Belediyelere, Belediyeler Birli\u011fine ziyaret ger\u00e7ekle\u015ftiren TC Cumhuriyeti Belediyelerinin yetkililerine ve yurt d\u0131\u015f\u0131 yap\u0131lan ziyaretler s\u0131ras\u0131nda da\u011f\u0131tmak sureti ile \u00a0projenin\u00a0 hayata ge\u00e7irilmesi i\u00e7in 50.000.00 TL kaynak ayr\u0131lmas\u0131na oy birli\u011fi ile karar verilir.<\/p>\n<p>&nbsp;<\/p>\n<p><strong>Karar No:19\/2022<\/strong><\/p>\n<p><strong>\u00a0<\/strong><\/p>\n<p>Belediyeler Yasas\u0131 alt\u0131nda haz\u0131rlanm\u0131\u015f olan Belediyeler Birli\u011fi Personel T\u00fcz\u00fc\u011f\u00fc Y\u00fcr\u00fctme Kurulu taraf\u0131ndan de\u011ferlendirilmi\u015f olup haz\u0131rlanan Taslak T\u00fcz\u00fc\u011f\u00fcn Say\u0131\u015ftay Ba\u015fkanl\u0131\u011f\u0131 ve Personel Dairesi M\u00fcd\u00fcr\u00fc ile g\u00f6r\u00fc\u015f\u00fcld\u00fckten sonra al\u0131nacak bilgiler \u0131\u015f\u0131\u011f\u0131nda Genel Kurulun g\u00fcndemine getirilmesine oy birli\u011fi ile karar verilir.<\/p>\n<p>&nbsp;<\/p>\n<p><strong>Karar No:20\/2022<\/strong><\/p>\n<p><strong>\u00a0<\/strong><\/p>\n<p>K.T. Belediyeler Birli\u011fi ile TC Belediyeler Birli\u011fi aras\u0131ndaki Protokol \u00e7er\u00e7evesinde Sakarya Belediyesi ve G\u00fczelyurt Belediyesi aras\u0131nda yap\u0131lacak olan projeleri yerinde g\u00f6rmek, haz\u0131rl\u0131klar\u0131 ve ilerlemeleri incelemek \u00fczere, Sakarya Belediyesinden May\u0131s 2022 ay\u0131 i\u00e7erisinde gelecek olan ekibin ula\u015f\u0131m harcamalar\u0131n\u0131n yukar\u0131da belirtilen Protokol \u00e7er\u00e7evesinde K.T. Belediyeler Birli\u011fi Genel B\u00fct\u00e7esinden kar\u015f\u0131lanmas\u0131na oy birli\u011fi ile karar verilir.<\/p>\n<p>&nbsp;<\/p>\n<p><strong>Karar No : 21\/2022<\/strong><\/p>\n<p><strong>\u00a0<\/strong><\/p>\n<p>Ordu B\u00fcy\u00fck\u015fehir Belediye Ba\u015fkan\u0131n\u0131n davetlisi olarak ak\u0131ll\u0131\u00a0 su saya\u00e7lar\u0131 uygulamalar\u0131 ve d\u00fczenli depolama alan\u0131 tesislerini incelmek ve\u00a0 yerinde g\u00f6rebilmek amac\u0131 ile Say\u0131n Mahmut \u00d6Z\u00c7INAR\u2019\u0131n\u00a0 8 &#8211; 10 May\u0131s 2022 tarihleri aras\u0131nda Orduya gitmesine u\u00e7ak bileti ve di\u011fer masraflar\u0131n\u0131n Birlik Genel B\u00fct\u00e7esinden kar\u015f\u0131lanmas\u0131na oy birli\u011fi ile karar verilir.<\/p>\n<p>&nbsp;<\/p>\n<p><strong>Karar No : 22\/ 2022<\/strong><\/p>\n<p>&nbsp;<\/p>\n<p>Kayseri B\u00fcy\u00fck\u015fehir Belediyesi ile K.T. Belediyeler Birli\u011fi aras\u0131nda \u00e7\u00f6p toplama alanlar\u0131 ile ilgili yap\u0131lan \u00e7al\u0131\u015fmalar hakk\u0131nda bilgi al\u0131\u015fveri\u015finde bulunmak \u00fczere 15 \u2013 16 Haziran tarihlerinde \u00fclkemize gelecek teknik 2 personelin u\u00e7ak , ula\u015f\u0131m ,konaklama ve di\u011fer giderlerin\u00a0 K.T. Belediyeler Birli\u011fi genel b\u00fct\u00e7esinden kar\u015f\u0131lanmas\u0131na oy birli\u011fi ile karar verilir.<\/p>\n<p><strong>\u00a0<\/strong><\/p>\n<p><strong>Karar No:23\/2022 <\/strong><\/p>\n<p><strong>\u00a0<\/strong><\/p>\n<p>T\u00fcrkiye Konya \u015fehrinde yap\u0131lacak olan MEWA Genel Kurul Toplant\u0131s\u0131na kat\u0131lacak olan \u00fcye Belediye Ba\u015fkanlar\u0131n\u0131n ula\u015f\u0131m ve di\u011fer masraflar\u0131n\u0131n Birlik Genel B\u00fct\u00e7esinden kar\u015f\u0131lanmas\u0131na oy birli\u011fi ile karar verilir.<\/p>\n<p>&nbsp;<\/p>\n<p><strong>Karar No : 24\/ 2022<\/strong><\/p>\n<p><strong>\u00a0<\/strong><\/p>\n<p>T\u00fcrkiye Ayd\u0131n \u015fehrinde ger\u00e7ekle\u015fecek olan Ayd\u0131n Sultan Hisar Belediye Ba\u015fkanl\u0131\u011f\u0131n\u0131n d\u00fczenledi\u011fi etkinlik davetine \u00a0K.T. Belediyeler Birli\u011fi Ba\u015fkan\u0131 Say\u0131n Mahmut \u00d6Z\u00c7INAR ve Y\u00f6netim Kurulu \u00fcyesi Say\u0131n Mehmet HULUS\u0130O\u011eLU\u2019 nun kat\u0131lmas\u0131na ula\u015f\u0131m ve di\u011fer masraflar\u0131n\u0131n Birlik Genel B\u00fct\u00e7esinden kar\u015f\u0131lanmas\u0131na oy birli\u011fi ile karar verilir.<\/p>\n<p>&nbsp;<\/p>\n<p><strong>Karar No : 25\/2022<\/strong><\/p>\n<p><strong>\u00a0<\/strong><\/p>\n<p>K.T. Belediyeler Birli\u011fi ile TC Belediyeler Birli\u011fi aras\u0131ndaki Protokol \u00e7er\u00e7evesinde, Pa\u015fak\u00f6y Belediyesi ve Ankara Yeni Mahalle Belediyesi aras\u0131nda yap\u0131lacak olan projelerin yerinde incelenebilmesi i\u00e7in Ankara Yeni Mahalle Belediyesinden gelen \u00fc\u00e7 teknik personelin otel, konaklama\u00a0 masraflar\u0131n\u0131n yukar\u0131da belirtilen Protokol \u00e7er\u00e7evesinde K.T. Belediyeler Birli\u011fi genel B\u00fct\u00e7esinden kar\u015f\u0131lanmas\u0131na oy birli\u011fi ile karar verilir.<\/p>\n<p>&nbsp;<\/p>\n<p><strong>Karar No:26\/2022<\/strong><\/p>\n<p>&nbsp;<\/p>\n<p>Say\u0131n Mahmut \u00d6Z\u00c7INAR, Kahramanmara\u015f B\u00fcy\u00fck\u015fehir Belediyesinin organizasyonu ile \u201cK\u0131br\u0131s Hat\u0131ralar\u0131 Yerinde Canlan\u0131yor\u201d projesi kapsam\u0131nda May\u0131s ay\u0131 i\u00e7erisinde adam\u0131zda bulanacak olan 46 ki\u015filik K\u0131br\u0131s Gazisini Kalkanl\u0131da \u015eerife Hilkat Park Restaurant\u2019ta bir yemek vermesine ve masraf\u0131n K.T. Belediyeler Birli\u011fi Genel B\u00fct\u00e7esinden kar\u015f\u0131lanmas\u0131na oy birli\u011fi ile karar verilir.<\/p>\n<p>&nbsp;<\/p>\n<p><strong>Karar No: 27\/2022<\/strong><\/p>\n<p><strong>\u00a0<\/strong><\/p>\n<p>9- 12 Haziran 2022 tarihleri aras\u0131nda T\u00fcrk D\u00fcnyas\u0131 Belediyeler Birli\u011fi 6. Ola\u011fan Genel Kurul Toplant\u0131s\u0131na kat\u0131lacak olan Belediye Ba\u015fkanlar\u0131, e\u015fleri, K.T. Belediyeler Birli\u011fi \u0130dari Amir Muammer G\u00fcne\u015f , \u0130dari Memur Nazife \u00d6zlatif ve eski Alsancak\u00a0 Belediye Ba\u015fkan\u0131 \u00a0Y\u00fccel Atakara\u2019n\u0131n da heyetle birlikte , t\u00fcm u\u00e7ak biletleri ve di\u011fer harcamalar\u0131n ayr\u0131ca gidecek olan Y\u00fcr\u00fctme Kurulu \u00dcye Ba\u015fkanlar\u0131m\u0131za ve\u00a0 Birlik personeline yolluk verilmesine, t\u00fcm bunlar\u0131n Birlik Genel B\u00fct\u00e7esinden kar\u015f\u0131lanmas\u0131na oy birli\u011fi ile karar verilir.<\/p>\n<p>&nbsp;<\/p>\n","protected":false},"excerpt":{"rendered":"<p>Karar No.15\/2022 &nbsp; K.T. Belediyeler Birli\u011fi 2021 Y\u0131l\u0131 Kesin Hesaplar\u0131n\u0131n [&hellip;]<\/p>\n","protected":false},"author":10,"featured_media":0,"parent":0,"menu_order":0,"comment_status":"closed","ping_status":"closed","template":"","meta":{"footnotes":""},"class_list":["post-14819","page","type-page","status-publish","hentry"],"_links":{"self":[{"href":"https:\/\/ktbb.org\/v1\/wp-json\/wp\/v2\/pages\/14819","targetHints":{"allow":["GET"]}}],"collection":[{"href":"https:\/\/ktbb.org\/v1\/wp-json\/wp\/v2\/pages"}],"about":[{"href":"https:\/\/ktbb.org\/v1\/wp-json\/wp\/v2\/types\/page"}],"author":[{"embeddable":true,"href":"https:\/\/ktbb.org\/v1\/wp-json\/wp\/v2\/users\/10"}],"replies":[{"embeddable":true,"href":"https:\/\/ktbb.org\/v1\/wp-json\/wp\/v2\/comments?post=14819"}],"version-history":[{"count":1,"href":"https:\/\/ktbb.org\/v1\/wp-json\/wp\/v2\/pages\/14819\/revisions"}],"predecessor-version":[{"id":14820,"href":"https:\/\/ktbb.org\/v1\/wp-json\/wp\/v2\/pages\/14819\/revisions\/14820"}],"wp:attachment":[{"href":"https:\/\/ktbb.org\/v1\/wp-json\/wp\/v2\/media?parent=14819"}],"curies":[{"name":"wp","href":"https:\/\/api.w.org\/{rel}","templated":true}]}}