{"id":14821,"date":"2023-03-13T14:05:43","date_gmt":"2023-03-13T12:05:43","guid":{"rendered":"http:\/\/ktbb.org\/v1\/?page_id=14821"},"modified":"2023-03-13T14:05:43","modified_gmt":"2023-03-13T12:05:43","slug":"11-agustos-2022-tarihli-8-birlik-yurutme-kurulu-toplantisi","status":"publish","type":"page","link":"https:\/\/ktbb.org\/v1\/11-agustos-2022-tarihli-8-birlik-yurutme-kurulu-toplantisi\/","title":{"rendered":"11 A\u011fustos 2022 Tarihli 8. Birlik Y\u00fcr\u00fctme Kurulu Toplant\u0131s\u0131"},"content":{"rendered":"<p><strong>Kara No\u00a0 : 28\/2022<\/strong><\/p>\n<p>&nbsp;<\/p>\n<p>Ger\u00e7ekle\u015fen hayat pahal\u0131l\u0131\u011f\u0131 nedeniyle ve Devlet B\u00fct\u00e7esinde \u00f6ng\u00f6r\u00fclen yerel gelirlerden ayr\u0131lan pay (Devlet Katk\u0131s\u0131) nedeniyle olu\u015fan art\u0131\u015f oran\u0131nda yeniden g\u00fcncellenerek haz\u0131rlanan 2022 y\u0131l\u0131 K.T. Belediyeler Birli\u011fi Genel B\u00fct\u00e7e Tasar\u0131s\u0131, Y\u00fcr\u00fctme Kurulunda okundu ve d\u00fczenlenmi\u015f yeni halinin K.T. Belediyeler Birli\u011fi Genel Y\u00f6netim Kuruluna gitmesine oy birli\u011fi ile karar verildi.<\/p>\n<p>&nbsp;<\/p>\n<p><strong>Karar No: 29\/ 2022<\/strong><\/p>\n<p>&nbsp;<\/p>\n<p>Ombudsman Ba\u015fkanl\u0131\u011f\u0131ndan gelen 28 Eyl\u00fcl 2021 tarihli rapor do\u011frultusunda K.T. Belediyeler Birli\u011fi Yasas\u0131\u2019n\u0131n 13. Maddesinde yap\u0131lmas\u0131 \u00f6ng\u00f6r\u00fclen de\u011fi\u015fiklikler\u00a0 Y\u00fcr\u00fctme Kurulu\u2019nda okundu. Say\u0131n Hulusio\u011flu bu maddenin baz\u0131 f\u0131kralar\u0131nda de\u011fi\u015fiklikler yap\u0131lmas\u0131n\u0131 \u00f6ng\u00f6rd\u00fc. \u00d6ng\u00f6r\u00fclen de\u011fi\u015fiklikler de dahi okunan de\u011fi\u015fiklik tasla\u011f\u0131 onaylanarak Genel Kurula sunulmas\u0131na oy birli\u011fi karar verildi.<\/p>\n<p>&nbsp;<\/p>\n<p><strong>Karar No : 30\/ 2022 <\/strong><\/p>\n<p><strong>\u00a0<\/strong><\/p>\n<p>Talep \u00fczerine Belediyeler Birli\u011fi hukuk m\u00fc\u015faviri taraf\u0131ndan haz\u0131rlanan K.T. Belediyeler Birli\u011fi Personel T\u00fcz\u00fc\u011f\u00fc tasla\u011f\u0131n\u0131n, \u00f6ncelikle Personel Dairesinden yaz\u0131l\u0131 g\u00f6r\u00fc\u015f al\u0131nmas\u0131 i\u00e7in bir kapak yaz\u0131s\u0131 ile Personel Dairesine g\u00f6nderilmesine oy birli\u011fi ile karar verilir.<\/p>\n<p>&nbsp;<\/p>\n<p><strong>Karar No : 31\/2022<\/strong><\/p>\n<p>&nbsp;<\/p>\n<p>K.T. Belediyeler Birli\u011fini temsilen Macaristan\u0131n Capolta Kentinde 17- \u00a021 A\u011fustos 2022 tarihileri aras\u0131nda \u00a0yap\u0131lacak olan Sosyal etkinli\u011fe Belediye Ba\u015fkanlar\u0131ndan\u00a0 Nidai G\u00fcng\u00f6rd\u00fc, F\u0131rat Ataser ve K. T. Belediyeler Birli\u011fi Koordinat\u00f6r\u00fc H\u00fcseyin K\u00f6le\u2019nin kat\u0131lmas\u0131na ve t\u00fcm masraflar\u0131n Belediyeler Birli\u011fi Genel B\u00fct\u00e7esinden kar\u015f\u0131lanmas\u0131na oy birli\u011fi ile karar verilir.<\/p>\n<p>&nbsp;<\/p>\n<p>&nbsp;<\/p>\n<p><strong>Karar No: 32\/2022<\/strong><\/p>\n<p>&nbsp;<\/p>\n<p>Tatl\u0131su Belediyesi ve Pa\u015fak\u00f6y Belediyesinin otomasyon yaz\u0131l\u0131m\u0131n\u0131n kurulum, e\u011fitim ve veri aktar\u0131m bedelinin K.T. Belediyeler Birli\u011fi Genel B\u00fct\u00e7esinden kar\u015f\u0131lanmas\u0131na oy birli\u011fi ile karar verilir.<\/p>\n<p>&nbsp;<\/p>\n<p>&nbsp;<\/p>\n<p><strong>Karar No: 33\/ 2022<\/strong><\/p>\n<p>&nbsp;<\/p>\n<p>5 A\u011fustos 2021 tarihli Birlik Y\u00fcr\u00fctme kurulu toplant\u0131s\u0131nda 88 \/ 2021 say\u0131l\u0131 karar\u0131 dikkate alan Birlik Y\u00fcr\u00fctme Kurulu a\u015fa\u011f\u0131daki karar\u0131 alm\u0131\u015ft\u0131r.<\/p>\n<p>&nbsp;<\/p>\n<p>Mehmet\u00e7ik Belediyesi\u2019nin festival harcamalar\u0131n\u0131n kar\u015f\u0131lanmas\u0131 talebi, daha \u00f6nce Belediyeler Birli\u011fi taraf\u0131ndan baz\u0131 temel hizmetler ile ilgili yap\u0131lacak harcamalar\u0131n kar\u015f\u0131lanmas\u0131 ve daha sonra taksitlerle geri \u00f6denmesi amac\u0131yla al\u0131nm\u0131\u015f olan karardaki temel hizmet \u00fcr\u00fcnleri d\u0131\u015f\u0131nda (stok d\u0131\u015f\u0131 \u00fcr\u00fcnler) oldu\u011fundan festival harcamalar\u0131 i\u00e7in talep etmi\u015f oldu\u011fu \u00f6demenin yap\u0131lmas\u0131n\u0131n uygun olmad\u0131\u011f\u0131na; Serdarl\u0131 Belediyesi\u2019nin kum sat\u0131n al\u0131nmas\u0131yla ilgili talep etmi\u015f oldu\u011fu \u00f6demenin temel hizmetler ile ilgili Belediyeler Birli\u011finin alm\u0131\u015f oldu\u011fu karara uygun olmad\u0131\u011f\u0131ndan ve ilgili belediyenin bor\u00e7 limit d\u00fczeyi dikkate al\u0131nd\u0131ktan sonra \u00f6deme yap\u0131lmas\u0131n\u0131n bu a\u015famada uygun \u00a0g\u00f6r\u00fclmedi\u011fine; Lefko\u015fa Belediyesi\u2019nin Hidro Karbon al\u0131m\u0131 ile ilgili\u00a0 talep etmi\u015f oldu\u011fu \u00f6demenin, Belediyeler Birli\u011finin baz\u0131 temel hizmetler ile ilgili alm\u0131\u015f oldu\u011fu karar kapsam\u0131nda olmad\u0131\u011f\u0131ndan ve mevcut bor\u00e7 limit d\u00fczeyi dikkate al\u0131narak \u00f6demenin yap\u0131lmas\u0131n\u0131n uygun g\u00f6r\u00fclmedi\u011fine;\u00a0oy birli\u011fi ile karar verilir<\/p>\n<p>&nbsp;<\/p>\n<p>&nbsp;<\/p>\n<p><strong>Karar No : 34\/ 2022<\/strong><\/p>\n<p><strong>\u00a0<\/strong><\/p>\n<p>UCLG \u2013 MEWA , T\u00fcrkiye Belediyeler Birli\u011fi, T\u00fcrk D\u00fcnyas\u0131 Belediyeler Birli\u011fi, Avrupa Birli\u011fi ve Avrupa Konseyi toplant\u0131lar\u0131na kat\u0131l\u0131m i\u00e7in gelen davetlerin Birlik Ba\u015fkan\u0131 taraf\u0131ndan de\u011ferlendirilmesine oy birli\u011fi ile yetki verilmi\u015ftir.<\/p>\n","protected":false},"excerpt":{"rendered":"<p>Kara No\u00a0 : 28\/2022 &nbsp; Ger\u00e7ekle\u015fen hayat pahal\u0131l\u0131\u011f\u0131 nedeniyle ve [&hellip;]<\/p>\n","protected":false},"author":10,"featured_media":0,"parent":0,"menu_order":0,"comment_status":"closed","ping_status":"closed","template":"","meta":{"footnotes":""},"class_list":["post-14821","page","type-page","status-publish","hentry"],"_links":{"self":[{"href":"https:\/\/ktbb.org\/v1\/wp-json\/wp\/v2\/pages\/14821","targetHints":{"allow":["GET"]}}],"collection":[{"href":"https:\/\/ktbb.org\/v1\/wp-json\/wp\/v2\/pages"}],"about":[{"href":"https:\/\/ktbb.org\/v1\/wp-json\/wp\/v2\/types\/page"}],"author":[{"embeddable":true,"href":"https:\/\/ktbb.org\/v1\/wp-json\/wp\/v2\/users\/10"}],"replies":[{"embeddable":true,"href":"https:\/\/ktbb.org\/v1\/wp-json\/wp\/v2\/comments?post=14821"}],"version-history":[{"count":1,"href":"https:\/\/ktbb.org\/v1\/wp-json\/wp\/v2\/pages\/14821\/revisions"}],"predecessor-version":[{"id":14822,"href":"https:\/\/ktbb.org\/v1\/wp-json\/wp\/v2\/pages\/14821\/revisions\/14822"}],"wp:attachment":[{"href":"https:\/\/ktbb.org\/v1\/wp-json\/wp\/v2\/media?parent=14821"}],"curies":[{"name":"wp","href":"https:\/\/api.w.org\/{rel}","templated":true}]}}