{"id":14824,"date":"2023-03-13T14:36:50","date_gmt":"2023-03-13T12:36:50","guid":{"rendered":"http:\/\/ktbb.org\/v1\/?page_id=14824"},"modified":"2023-03-13T14:36:50","modified_gmt":"2023-03-13T12:36:50","slug":"9-ocak-2023-tarihli-1-birlik-yurutme-kurulu-toplantisi","status":"publish","type":"page","link":"https:\/\/ktbb.org\/v1\/9-ocak-2023-tarihli-1-birlik-yurutme-kurulu-toplantisi\/","title":{"rendered":"9 Ocak 2023 Tarihli 1. Birlik Y\u00fcr\u00fctme Kurulu Toplant\u0131s\u0131"},"content":{"rendered":"<p><strong>Karar No: 1\/ 2023<\/strong><\/p>\n<p>Birlik Y\u00fcr\u00fctme Kurulu 9 asil 2 yedek \u00fcyelerden olu\u015fmu\u015ftur. Birlik Y\u00fcr\u00fctme Kurulu Ba\u015fkanl\u0131\u011f\u0131na Say\u0131n Mahmut \u00d6z\u00e7\u0131nar, Asba\u015fkanl\u0131\u011fa da Say\u0131n Hasan Sad\u0131ko\u011flu, Oy birli\u011fi ile karar verilmi\u015ftir.<\/p>\n<p>&nbsp;<\/p>\n<p><strong>Karar No: 2 \/ 2023<\/strong><\/p>\n<p>Bundan sonraki toplant\u0131lara Y\u00fcr\u00fctme Kurulu \u00dcyeleri, Ba\u015fkan\u0131 ve Asba\u015fkan\u0131 d\u0131\u015f\u0131nda Y\u00fcr\u00fctme Kurulunda olmayan t\u00fcm \u00fcyelerin de kat\u0131lmas\u0131na, ancak karar a\u015famas\u0131nda sadece Y\u00fcr\u00fctme Kurulu \u00dcyelerin, Ba\u015fkan ve Asba\u015fkan\u0131n bulunmas\u0131na oybirli\u011fi ile karar verilir.<\/p>\n<p>&nbsp;<\/p>\n","protected":false},"excerpt":{"rendered":"<p>Karar No: 1\/ 2023 Birlik Y\u00fcr\u00fctme Kurulu 9 asil 2 [&hellip;]<\/p>\n","protected":false},"author":10,"featured_media":0,"parent":0,"menu_order":0,"comment_status":"closed","ping_status":"closed","template":"","meta":{"footnotes":""},"class_list":["post-14824","page","type-page","status-publish","hentry"],"_links":{"self":[{"href":"https:\/\/ktbb.org\/v1\/wp-json\/wp\/v2\/pages\/14824","targetHints":{"allow":["GET"]}}],"collection":[{"href":"https:\/\/ktbb.org\/v1\/wp-json\/wp\/v2\/pages"}],"about":[{"href":"https:\/\/ktbb.org\/v1\/wp-json\/wp\/v2\/types\/page"}],"author":[{"embeddable":true,"href":"https:\/\/ktbb.org\/v1\/wp-json\/wp\/v2\/users\/10"}],"replies":[{"embeddable":true,"href":"https:\/\/ktbb.org\/v1\/wp-json\/wp\/v2\/comments?post=14824"}],"version-history":[{"count":1,"href":"https:\/\/ktbb.org\/v1\/wp-json\/wp\/v2\/pages\/14824\/revisions"}],"predecessor-version":[{"id":14825,"href":"https:\/\/ktbb.org\/v1\/wp-json\/wp\/v2\/pages\/14824\/revisions\/14825"}],"wp:attachment":[{"href":"https:\/\/ktbb.org\/v1\/wp-json\/wp\/v2\/media?parent=14824"}],"curies":[{"name":"wp","href":"https:\/\/api.w.org\/{rel}","templated":true}]}}