{"id":14826,"date":"2023-03-13T14:41:36","date_gmt":"2023-03-13T12:41:36","guid":{"rendered":"http:\/\/ktbb.org\/v1\/?page_id=14826"},"modified":"2023-03-13T14:42:50","modified_gmt":"2023-03-13T12:42:50","slug":"24-ocak-2023-tarihli-2-birlik-yurutme-kurulu-toplantisi","status":"publish","type":"page","link":"https:\/\/ktbb.org\/v1\/24-ocak-2023-tarihli-2-birlik-yurutme-kurulu-toplantisi\/","title":{"rendered":"24 Ocak 2023 Tarihli 2. Birlik Y\u00fcr\u00fctme Kurulu Toplant\u0131s\u0131"},"content":{"rendered":"<p><strong>Karar No: 3\/ 2023<\/strong><\/p>\n<p>&nbsp;<\/p>\n<p>20\/2016 Say\u0131l\u0131 Kamu \u0130hale Yasas\u0131\u2019n\u0131n 12. Maddesi uyar\u0131nca Kamu \u0130hale Yasas\u0131 Uyar\u0131nca, Kamu \u0130hale De\u011ferlendirme Komisyonu\u2019nun a\u015fa\u011f\u0131daki ki\u015filerden olu\u015fmas\u0131na oy birli\u011fi ile karar verilir.<\/p>\n<p>&nbsp;<\/p>\n<ol>\n<li>Mahmut \u00d6z\u00e7\u0131nar Ba\u015fkan (G\u00fczelyurt Belediyesi ve K.T.B.B Ba\u015fkan\u0131)<\/li>\n<\/ol>\n<ol start=\"2\">\n<li>Mehmet Harmanc\u0131 \u00a0\u00dcye\u00a0\u00a0 (Lefko\u015fa Belediye Ba\u015fkan\u0131)<\/li>\n<li>Murat \u015eenkul \u00dcye\u00a0 (Girne Belediyesi Ba\u015fkan\u0131)<\/li>\n<li>Halil KASIM \u00a0\u00a0\u00a0\u00dcye\u00a0 (Ge\u00e7itkale Serdarl\u0131 \u00a0Belediyesi Ba\u015fkan\u0131)<\/li>\n<li>Muammer G\u00fcne\u015f \u00dcye\u00a0 (Belediyeler Birli\u011fi \u0130dari Amiri)<\/li>\n<\/ol>\n<p>&nbsp;<\/p>\n<p><strong>\u00a0<\/strong><strong>\u00a0<\/strong><\/p>\n<p><strong>Karar No: 4\/ 2023<\/strong><\/p>\n<p>&nbsp;<\/p>\n<p>B\u00fcro-\u0130\u015f Sendikas\u0131 ile imzalanan Toplu \u0130\u015f S\u00f6zle\u015fmesinin\u00a0 \u00a0yenilenmesi i\u00e7in Birlik Ba\u015fkan\u0131na tam yetki verilmesine ve \u00a0bu Toplu \u0130\u015f S\u00f6zle\u015fmesine y\u00fcksek lisans yapm\u0131\u015f Belediyeler Birli\u011fi personeline bir baram i\u00e7i art\u0131\u015f verilmesi y\u00f6n\u00fcnde Toplu \u0130\u015f S\u00f6zle\u015fmesine kural konmas\u0131na oy birli\u011fi ile karar verilir.<\/p>\n<p>&nbsp;<\/p>\n<p>&nbsp;<\/p>\n<p><strong>Karar No: 5\/2023<\/strong><\/p>\n<p><strong>\u00a0<\/strong><\/p>\n<p>Yurtd\u0131\u015f\u0131ndan gelen Belediye Ba\u015fkanlar\u0131na ve Ba\u015fkanl\u0131k seviyesindeki misafirlerin her Belediye i\u00e7in senede \u00a0\u00fc\u00e7 defaya mahsus ula\u015f\u0131m giderlerinin Birlik taraf\u0131ndan kar\u015f\u0131lanmas\u0131na ve hotel giderlerinin ise \u00f6nceden Y\u00f6netim Kurulu \u00a0onay\u0131na sunulmas\u0131na oy birli\u011fi ile karar verilir.<\/p>\n<p>&nbsp;<\/p>\n<p><strong>Karar No: 6 \/ 2023<\/strong><\/p>\n<p>&nbsp;<\/p>\n<p>Tatl\u0131su Belediye Ba\u015fkan\u0131 \u00a0Say\u0131n Hayri Or\u00e7an\u2019n\u0131n K. T. Belediyeler Birli\u011fi ( E\u015f Ba\u015fkan) ad\u0131na \u00a0UCLG \u2013 MEWA Kent Diplomasi\u00a0 ve Yerel Y\u00f6netimler Komitesi toplant\u0131lar\u0131na kat\u0131lmas\u0131na, G\u00fczelyurt Belediyesi ve Birlik Ba\u015fkan\u0131 Say\u0131n Mahmut \u00d6z\u00e7\u0131nar\u2019\u0131n Ak\u0131ll\u0131 \u015eehirler ve Kentsel Mobilete Komitesi (\u00dcye) ve \u00c7evre Komitesi ( E\u015f Ba\u015fkan) olarak devam etmesine, Girne Belediye Ba\u015fkan\u0131 \u00a0Say\u0131n Murat \u015eenkul\u2019un \u00a0Toplumsal Cinsiyet E\u015fitli\u011fi Komitesi (Ba\u015fkan), K\u00fclt\u00fcr ve Turizm Komitesi (E\u015f Ba\u015fkan) ve MEWA (E\u015f Ba\u015fkan) olarak devam etmesine ve Beyarmudu Belediye Ba\u015fkan\u0131 \u00a0Say\u0131n B\u00fclent Bebek\u2019in\u00a0 \u00a0Toplumsal Cinsiyet E\u015fitli\u011fi Komitesi( E\u015f Ba\u015fkan ) olarak kalmas\u0131na \u00a0oy birli\u011fi ile karar verilir.<\/p>\n<p>&nbsp;<\/p>\n<p><strong>\u00a0<\/strong><\/p>\n<p><strong>Karar No: 7\/2023<\/strong><\/p>\n<p><strong>\u00a0<\/strong><\/p>\n<p>Avrupa Konseyi Toplant\u0131lar\u0131 \u0130zleme ve \u0130dari \u0130\u015fler Komitesine Say\u0131n Mahmut \u00d6z\u00e7\u0131nar\u2019\u0131n (Asli \u00dcye) , \u0130zleme Komitesi Toplant\u0131lar\u0131na Say\u0131n Mehmet Harmanc\u0131\u2019n\u0131n (Yedek \u00dcye) ve G\u00fcncel \u0130\u015fler Komitesi Toplant\u0131lar\u0131na da Say\u0131n Murat \u015eenkul\u2019un kat\u0131lmas\u0131na oy birli\u011fi ile karar verilir.<\/p>\n<p>&nbsp;<\/p>\n<p><strong>Karar No : 8 \/2023<\/strong><\/p>\n<p><strong>\u00a0<\/strong><\/p>\n<p>Belediyelerin ekte g\u00f6r\u00fclen listedeki mal al\u0131m\u0131 i\u015flerinde do\u011frudan al\u0131m y\u00f6ntemi ile K.T. Belediyeler Birli\u011fi Ba\u015fkan\u0131na yetki verilmesine, Belediye ad\u0131na yap\u0131lan mal al\u0131m\u0131nda \u00f6deme ko\u015fulunun sat\u0131c\u0131 taraf\u0131 ile Belediyeler Birli\u011fi aras\u0131nda bir vadeye ba\u011flanmas\u0131 halinde, vade sonuna kadar ilgili Belediyenin sat\u0131n al\u0131nan mal\u0131n bedeli \u00f6denmesine, \u00f6dememesi halinde Devlet katk\u0131s\u0131ndan do\u011frudan kesilmesi y\u00f6n\u00fcnde ilgili Belediyeden, yaz\u0131l\u0131 taahh\u00fct al\u0131nmas\u0131na oy birli\u011fi ile karar verilir.<\/p>\n<p>Stok d\u0131\u015f\u0131 malzeme al\u0131mlar\u0131 i\u00e7in Belediyelerimize verilen ek listede de belirtilen, limitin \u00fcst\u00fcnde bor\u00e7lanma yapacak olan herhangi bir Belediyemizin \u00f6deme plan\u0131 sunmas\u0131na, bunu Y\u00fcr\u00fctme Kurulundan onay alarak bor\u00e7lanmas\u0131na ve Belediyelerimize her ay yap\u0131lacak olan bor\u00e7 kesintisinin %2\u2019nin alt\u0131nda olmamas\u0131na oy birli\u011fi ile kara verilir.<\/p>\n<p><strong>\u00a0<\/strong><strong>\u00a0<\/strong><\/p>\n<p><strong>\u00a0Karar No: 9 \/ 2023<\/strong><\/p>\n<p>&nbsp;<\/p>\n<p>Her Belediyenin 2023 y\u0131l\u0131 i\u00e7erisinde vekt\u00f6rlerle m\u00fccadelede kullan\u0131lacak olan (6) alt\u0131 ayl\u0131k ha\u015fere ila\u00e7 miktarlar\u0131n\u0131n belirlenmesi i\u00e7in rapor haz\u0131rlan\u0131p bir sonraki Y\u00fcr\u00fctme Kurulu Toplant\u0131s\u0131nda sunulup de\u011ferlendirilmesinin yap\u0131lmas\u0131na oy birli\u011fi ile karar verilir.<\/p>\n<p><strong>\u00a0<\/strong><\/p>\n<p><strong>Karar No: 10 \/ 2023<\/strong><\/p>\n<p><strong>\u00a0<\/strong><\/p>\n<p>Ortak Ara\u00e7 Park\u0131m\u0131za ait \u0130\u015f makinalar\u0131n g\u00fcnl\u00fck kira \u00fccretinin 1 Ocak 2023 tarihi itibar\u0131 ile 1.000 TL olmas\u0131na oy birli\u011fi ile karar verilir.<\/p>\n<p><strong>\u00a0<\/strong><\/p>\n<p><strong>Karar No 11\/2023<\/strong><\/p>\n<p>K.T. Belediyeler Birli\u011fi\u2019nin Ortak Ara\u00e7 Park\u0131na Kullan\u0131lmak \u00fczere, 1 adet ekskavat\u00f6r, 1 adet D6, 1 adet Greyder , 1 adet Lift i\u015f makinalar\u0131n\u0131n al\u0131nmas\u0131na oy birli\u011fi ile karar verilmi\u015ftir.<\/p>\n<p>&nbsp;<\/p>\n<p><strong>Karar No: 12 \/2023<\/strong><\/p>\n<p>&nbsp;<\/p>\n<p>K.T. Belediyeler Birli\u011fi ile K.T. Bar\u0131\u015f Kuvvetleri Komutanl\u0131\u011f\u0131 aras\u0131nda 28 Haziran 2012 y\u0131l\u0131nda 1 TL den, 1 Eyl\u00fcl 2016 tarihinden itibaren de 4 TL den imzalanan ve yine ayn\u0131 \u015fekilde, K.T. Belediyeler Birli\u011fi ile G\u00fcvenlik Kuvvetleri\u00a0 aras\u0131nda 2017 y\u0131l\u0131nda 4 TL den imzalanan Belediye \u015eebeke Su Bedelinin \u00f6denmesine ili\u015fkin protokol hakk\u0131nda, K.T. Bar\u0131\u015f Kuvvetlerinden ve G\u00fcvenlik Kuvvetlerinden bir ziyaret randevusu al\u0131n\u0131p su t\u00fcketim bedelinin \u00a0g\u00f6r\u00fc\u015f\u00fcl\u00fcp tekrar \u00a0tadil edilmesine ve protokol\u00fcn yenilenmesine oy birli\u011fi ile karar verilir.<\/p>\n<p>&nbsp;<\/p>\n<p><strong>Karar No: 13 \/ 2023<\/strong><\/p>\n<p><strong>\u00a0<\/strong><\/p>\n<p>TC K\u00f6kenli Ba\u015fkanlar\u0131n T\u00fcrkiye d\u0131\u015f\u0131ndaki di\u011fer \u00fclkelere gidebilmeleri \u00a0i\u00e7in \u00a0TC El\u00e7ili\u011finden bir randevu talep edilmesine ve ye\u015fil pasaport alabilmeleri i\u00e7in bir \u00e7al\u0131\u015fma yap\u0131lmas\u0131na oy birli\u011fi ile karar verilir.<\/p>\n<p><strong>\u00a0<\/strong><strong>\u00a0<\/strong><\/p>\n<p><strong>Karar No: 14 \/ 2023<\/strong><\/p>\n<p><strong>\u00a0<\/strong><\/p>\n<p>Belediyeler Yasas\u0131 Birle\u015ftirilmi\u015f \u015fekli ile 500 adet Kitap\u00e7\u0131k olarak Matbaa da bas\u0131l\u0131p Belediyelere da\u011f\u0131t\u0131lmas\u0131na oy birli\u011fi ile karar verilmi\u015ftir.<\/p>\n<p>&nbsp;<\/p>\n<p><strong>Karar No:15\/ 2023<\/strong><\/p>\n<p><strong>\u00a0<\/strong><\/p>\n<p>Birli\u011fimizin mevcut ara\u00e7 park\u0131n\u0131n s\u00fcrd\u00fcr\u00fclebilir bir \u00e7al\u0131\u015fma olmas\u0131 i\u00e7in Belediyelerimize hizmet ta\u015f\u0131yabilmek, mevcut ara\u00e7 park\u0131m\u0131z\u0131n personel ihtiyac\u0131 hizmet sat\u0131n alma y\u00f6ntemi ile Belediyelerden ihtiya\u00e7 duyulmas\u0131 halinde kar\u015f\u0131lanmas\u0131na ayr\u0131ca ilgili personelin g\u00fcnl\u00fck \u00fccretinin \u00e7al\u0131\u015ft\u0131\u011f\u0131 Belediye taraf\u0131ndan kar\u015f\u0131lanmas\u0131na\u00a0 oy birli\u011fi ile karar verilir.<\/p>\n<p>&nbsp;<\/p>\n<p><strong>Karar No:16 \/ 2023<\/strong><\/p>\n<p>&nbsp;<\/p>\n<p>\u00dcye Belediyelerimizin K.T. Belediyeler Birli\u011fine olan birle\u015ftirilmi\u015f ek listede de \u00f6ng\u00f6r\u00fclen bor\u00e7 listesi Y\u00fcr\u00fctme kurulu \u00fcyelerinin bilgisine sunulmu\u015f ve oy birli\u011fi ile kabul edilmi\u015ftir.<\/p>\n<p><strong>\u00a0<\/strong><\/p>\n","protected":false},"excerpt":{"rendered":"<p>Karar No: 3\/ 2023 &nbsp; 20\/2016 Say\u0131l\u0131 Kamu \u0130hale Yasas\u0131\u2019n\u0131n [&hellip;]<\/p>\n","protected":false},"author":10,"featured_media":0,"parent":0,"menu_order":0,"comment_status":"closed","ping_status":"closed","template":"","meta":{"footnotes":""},"class_list":["post-14826","page","type-page","status-publish","hentry"],"_links":{"self":[{"href":"https:\/\/ktbb.org\/v1\/wp-json\/wp\/v2\/pages\/14826","targetHints":{"allow":["GET"]}}],"collection":[{"href":"https:\/\/ktbb.org\/v1\/wp-json\/wp\/v2\/pages"}],"about":[{"href":"https:\/\/ktbb.org\/v1\/wp-json\/wp\/v2\/types\/page"}],"author":[{"embeddable":true,"href":"https:\/\/ktbb.org\/v1\/wp-json\/wp\/v2\/users\/10"}],"replies":[{"embeddable":true,"href":"https:\/\/ktbb.org\/v1\/wp-json\/wp\/v2\/comments?post=14826"}],"version-history":[{"count":2,"href":"https:\/\/ktbb.org\/v1\/wp-json\/wp\/v2\/pages\/14826\/revisions"}],"predecessor-version":[{"id":14828,"href":"https:\/\/ktbb.org\/v1\/wp-json\/wp\/v2\/pages\/14826\/revisions\/14828"}],"wp:attachment":[{"href":"https:\/\/ktbb.org\/v1\/wp-json\/wp\/v2\/media?parent=14826"}],"curies":[{"name":"wp","href":"https:\/\/api.w.org\/{rel}","templated":true}]}}