{"id":15249,"date":"2023-05-11T10:20:05","date_gmt":"2023-05-11T08:20:05","guid":{"rendered":"http:\/\/ktbb.org\/v1\/?page_id=15249"},"modified":"2023-05-11T11:13:22","modified_gmt":"2023-05-11T09:13:22","slug":"dr-suleyman-ulucay","status":"publish","type":"page","link":"https:\/\/ktbb.org\/v1\/dr-suleyman-ulucay\/","title":{"rendered":"Dr. S\u00fcleyman Ulu\u00e7ay"},"content":{"rendered":"<p><img decoding=\"async\" class=\"alignnone size-medium wp-image-15250\" src=\"http:\/\/ktbb.org\/v1\/wp-content\/uploads\/2023\/05\/baskan-suleyman-ulucay-300x200.jpg\" alt=\"\" width=\"300\" height=\"200\" srcset=\"https:\/\/ktbb.org\/v1\/wp-content\/uploads\/2023\/05\/baskan-suleyman-ulucay-200x133.jpg 200w, https:\/\/ktbb.org\/v1\/wp-content\/uploads\/2023\/05\/baskan-suleyman-ulucay-300x200.jpg 300w, https:\/\/ktbb.org\/v1\/wp-content\/uploads\/2023\/05\/baskan-suleyman-ulucay-400x267.jpg 400w, https:\/\/ktbb.org\/v1\/wp-content\/uploads\/2023\/05\/baskan-suleyman-ulucay-600x400.jpg 600w, https:\/\/ktbb.org\/v1\/wp-content\/uploads\/2023\/05\/baskan-suleyman-ulucay-768x512.jpg 768w, https:\/\/ktbb.org\/v1\/wp-content\/uploads\/2023\/05\/baskan-suleyman-ulucay-800x533.jpg 800w, https:\/\/ktbb.org\/v1\/wp-content\/uploads\/2023\/05\/baskan-suleyman-ulucay-1024x683.jpg 1024w, https:\/\/ktbb.org\/v1\/wp-content\/uploads\/2023\/05\/baskan-suleyman-ulucay-1200x800.jpg 1200w, https:\/\/ktbb.org\/v1\/wp-content\/uploads\/2023\/05\/baskan-suleyman-ulucay-1536x1024.jpg 1536w, https:\/\/ktbb.org\/v1\/wp-content\/uploads\/2023\/05\/baskan-suleyman-ulucay-scaled.jpg 2560w\" sizes=\"(max-width: 300px) 100vw, 300px\" \/><\/p>\n<p>1962 y\u0131l\u0131nda Bal\u0131kesir\u2019de do\u011fdu. 1964 y\u0131l\u0131nda toplumlar aras\u0131 \u00e7at\u0131\u015fmalar nedeniyle, Ercan Havaalan\u0131 yan\u0131ndaki karma bir k\u00f6y olan Bal\u0131kesir\u2019den di\u011fer K\u0131br\u0131sl\u0131 T\u00fcrkler de k\u00f6yden ayr\u0131lmak zorunda kald\u0131\u011f\u0131 i\u00e7in, ailesi ile birlikte \u00f6nce Cihangir\u2019e ard\u0131ndan da Ma\u011fusa\u2019ya g\u00f6\u00e7 etti.<\/p>\n<p>\u0130lkokulu Pertev Pa\u015fa ve Gazi \u0130lkokulu\u2019nda okudu. Ortaokul ve lise e\u011fitimimi Nam\u0131k Kemal Lisesi\u2019nde tamamlayarak, 1980\u2019de mezun oldu. Lisedeyken okul voleybol tak\u0131m\u0131nda yer ald\u0131. Yine NKL ad\u0131na, T\u00dcB\u0130TAK\u2019\u0131n d\u00fczenledi\u011fi yar\u0131\u015fmalara tak\u0131m olarak kat\u0131larak \u00f6d\u00fcl kazand\u0131.<\/p>\n<p>NKL\u2019de 1979 \u2013 80 d\u00f6neminde okul kaptanl\u0131\u011f\u0131 yapt\u0131. 1980 y\u0131l\u0131nda yap\u0131lan \u00fcniversite giri\u015f s\u0131nav\u0131nda Ankara \u00dcniversitesi T\u0131p Fak\u00fcltesi\u2019ni kazand\u0131. Mezuniyetimin ard\u0131ndan ihtisas s\u0131navlar\u0131nda ba\u015far\u0131l\u0131 olarak, Hacettepe \u00dcniversitesi T\u0131p Fak\u00fcltesi \u00dcroloji B\u00f6l\u00fcm\u00fc\u2019nde ba\u015flad\u0131\u011f\u0131 uzmanl\u0131k e\u011fitimini ba\u015far\u0131 ile tamamlayarak, 1992\u2019de \u00fcroloji uzman\u0131 oldu.<\/p>\n<p>1992 \u2013 94 y\u0131llar\u0131 aras\u0131nda 15. D\u00f6nem yedek subay celbinde 22 ay vatani g\u00f6revini yapt\u0131. Askerlikten sonra k\u0131sa bir s\u00fcre Yozgat\u2019ta \u00fcroloji uzman\u0131 olarak \u00e7al\u0131\u015ft\u0131. K\u0131br\u0131s\u2019ta a\u00e7\u0131lan m\u00fcnhal s\u0131nav\u0131n\u0131 kazanarak, Lefko\u015fa Dr. Burhan Nalbanto\u011flu Devlet Hastanesi\u2019nde 1995\u2019te \u00fcroloji uzman\u0131 olarak g\u00f6reve ba\u015flad\u0131.<\/p>\n<p>Ayn\u0131 zamanda haftada bir de Cengiz Topel Hastanesi\u2019nde 8 y\u0131l s\u00fcreyle hizmet verdi. Dr. Burhan Nalbanto\u011flu Devlet Hastahanesi\u2019ndeki 27 y\u0131ll\u0131k g\u00f6rev s\u00fcresinde, \u00dcroloji alan\u0131nda KKTC\u2019de ilk b\u00f6brek naklinin ger\u00e7ekle\u015ftirilip, nakil ameliyatlar\u0131n\u0131n devam etmesinin yan\u0131 s\u0131ra, \u00fcrolojik kanser ve ta\u015f ameliyatlar\u0131 ve tedavilerinin yap\u0131l\u0131p geli\u015ftirilmesine katk\u0131da bulunup \u00f6nc\u00fc oldu.<\/p>\n<p>\u00dclkemizde \u00f6zel sa\u011fl\u0131k hizmetlerinin geli\u015fmesinde \u00f6nderlik yapan ve 1995 y\u0131l\u0131nda faaliyete ge\u00e7en Ma\u011fusa T\u0131p Merkezi Hastanesi kurulu\u015funda yer ald\u0131. 2017 y\u0131l\u0131ndan itibaren sadece devlet hastanesinde g\u00f6rev yapt\u0131. T\u00fcrkiye ve uluslararas\u0131 dergilerde \u00fcroloji alan\u0131nda yay\u0131mlanm\u0131\u015f makaleleri vard\u0131r. \u00c7ocukluktan gen\u00e7li\u011fe ge\u00e7ti\u011fi d\u00f6nemden itibaren, \u00fclke sorunlar\u0131yla ilgili oldu.<\/p>\n<p>Halk-Der ve Devrimci Gen\u00e7lik Derne\u011fi\u2019nde arkada\u015flar\u0131yla birlikte, \u00fclke ve gelece\u011fi i\u00e7in \u00e7al\u0131\u015fmalarda bulundu. \u00dcniversite i\u00e7in Ankara\u2019ya gittikten sonra T\u00fcrkiyeli ve K\u0131br\u0131sl\u0131 arkada\u015flaryla ayn\u0131 y\u00f6nde \u00e7al\u0131\u015fmalara devam etti. \u00dcniversite Temsilciler Konseyi\u2019nin kurucular\u0131 aras\u0131nda yer ald\u0131. K\u0131br\u0131s yak\u0131n tarihi \u00f6zel ilgi alan\u0131d\u0131r. \u00c7e\u015fitli gazetelerde, yak\u0131n tarih ve \u00fclkenin g\u00fcncel sorunlar\u0131 ile ilgili bir\u00e7ok makalesi yay\u0131nland\u0131. G\u00f6n\u00fcll\u00fcl\u00fck ilkesiyle d\u00fczenlenen pek \u00e7ok sa\u011fl\u0131k veya sosyal sorumluluk projelerine katk\u0131da bulundu. Girne da\u011flar\u0131ndaki b\u00fcy\u00fck yang\u0131n s\u0131ras\u0131nda, radyodan yap\u0131lan \u00e7a\u011fr\u0131ya uyarak, bir grup Ma\u011fusal\u0131 arkada\u015f\u0131yla birlikte, s\u00f6nd\u00fcrme \u00e7al\u0131\u015fmalar\u0131nda yer ald\u0131. K\u0131br\u0131s T\u00fcrk Tabipleri Odas\u0131, K\u0131br\u0131s T\u00fcrk Tabipleri Birli\u011fi, T\u0131p-\u0130\u015f, KTAMS ve K\u0131br\u0131s T\u00fcrk \u00dcroloji Derne\u011fi \u00fcyesidir. Ayn\u0131 zamanda, T\u00fcrkiye\u2019de T\u00fcrk \u00dcroloji Derne\u011fi \u00fcyesidir. 25 Aral\u0131k 2022\u2019de Gazima\u011fusa Belediye Ba\u015fkanl\u0131\u011f\u0131na se\u00e7ilen Ulu\u00e7ay 3 \u00e7ocuk babas\u0131d\u0131r. \u0130yi derecede \u0130ngilizce bilmektedir.<\/p>\n","protected":false},"excerpt":{"rendered":"<p>1962 y\u0131l\u0131nda Bal\u0131kesir\u2019de do\u011fdu. 1964 y\u0131l\u0131nda toplumlar aras\u0131 \u00e7at\u0131\u015fmalar nedeniyle, [&hellip;]<\/p>\n","protected":false},"author":10,"featured_media":0,"parent":0,"menu_order":0,"comment_status":"closed","ping_status":"closed","template":"","meta":{"footnotes":""},"class_list":["post-15249","page","type-page","status-publish","hentry"],"_links":{"self":[{"href":"https:\/\/ktbb.org\/v1\/wp-json\/wp\/v2\/pages\/15249","targetHints":{"allow":["GET"]}}],"collection":[{"href":"https:\/\/ktbb.org\/v1\/wp-json\/wp\/v2\/pages"}],"about":[{"href":"https:\/\/ktbb.org\/v1\/wp-json\/wp\/v2\/types\/page"}],"author":[{"embeddable":true,"href":"https:\/\/ktbb.org\/v1\/wp-json\/wp\/v2\/users\/10"}],"replies":[{"embeddable":true,"href":"https:\/\/ktbb.org\/v1\/wp-json\/wp\/v2\/comments?post=15249"}],"version-history":[{"count":2,"href":"https:\/\/ktbb.org\/v1\/wp-json\/wp\/v2\/pages\/15249\/revisions"}],"predecessor-version":[{"id":15310,"href":"https:\/\/ktbb.org\/v1\/wp-json\/wp\/v2\/pages\/15249\/revisions\/15310"}],"wp:attachment":[{"href":"https:\/\/ktbb.org\/v1\/wp-json\/wp\/v2\/media?parent=15249"}],"curies":[{"name":"wp","href":"https:\/\/api.w.org\/{rel}","templated":true}]}}