{"id":15252,"date":"2023-05-11T10:23:39","date_gmt":"2023-05-11T08:23:39","guid":{"rendered":"http:\/\/ktbb.org\/v1\/?page_id=15252"},"modified":"2023-05-11T10:23:39","modified_gmt":"2023-05-11T08:23:39","slug":"murat-senkul","status":"publish","type":"page","link":"https:\/\/ktbb.org\/v1\/murat-senkul\/","title":{"rendered":"Murat \u015eenkul"},"content":{"rendered":"<p><img decoding=\"async\" class=\"alignnone size-medium wp-image-15254\" src=\"http:\/\/ktbb.org\/v1\/wp-content\/uploads\/2023\/05\/MURAT-SENKUL-300x200.jpg\" alt=\"\" width=\"300\" height=\"200\" srcset=\"https:\/\/ktbb.org\/v1\/wp-content\/uploads\/2023\/05\/MURAT-SENKUL-200x134.jpg 200w, https:\/\/ktbb.org\/v1\/wp-content\/uploads\/2023\/05\/MURAT-SENKUL-300x200.jpg 300w, https:\/\/ktbb.org\/v1\/wp-content\/uploads\/2023\/05\/MURAT-SENKUL-400x267.jpg 400w, https:\/\/ktbb.org\/v1\/wp-content\/uploads\/2023\/05\/MURAT-SENKUL-600x401.jpg 600w, https:\/\/ktbb.org\/v1\/wp-content\/uploads\/2023\/05\/MURAT-SENKUL-768x513.jpg 768w, https:\/\/ktbb.org\/v1\/wp-content\/uploads\/2023\/05\/MURAT-SENKUL-800x534.jpg 800w, https:\/\/ktbb.org\/v1\/wp-content\/uploads\/2023\/05\/MURAT-SENKUL-1024x684.jpg 1024w, https:\/\/ktbb.org\/v1\/wp-content\/uploads\/2023\/05\/MURAT-SENKUL-1200x801.jpg 1200w, https:\/\/ktbb.org\/v1\/wp-content\/uploads\/2023\/05\/MURAT-SENKUL-1536x1026.jpg 1536w, https:\/\/ktbb.org\/v1\/wp-content\/uploads\/2023\/05\/MURAT-SENKUL.jpg 2441w\" sizes=\"(max-width: 300px) 100vw, 300px\" \/><\/p>\n<p>1978 tarihinde Girne\u2019de do\u011fan Girne Belediye Ba\u015fkan\u0131 Murat \u015eenkul, \u0130lk\u00f6\u011fretim e\u011fitimini 23 Nisan \u0130lkokulu\u2019nda ald\u0131ktan sonra, Orta ve Lise e\u011fitimini Lefko\u015fa T\u00fcrk Maarif Koleji\u2019nde tamamlad\u0131. Y\u00fcksek\u00f6\u011frenim e\u011fitimini Do\u011fu Akdeniz \u00dcniversitesi\u2019nde \u0130\u015fletme\/Ekonomi \u00fczerine alan \u015eenkul, Bankac\u0131l\u0131k Finans \u00fczerine ise Lisans\u00fcst\u00fc e\u011fitimini tamamlad\u0131.<\/p>\n<p>T\u00fcrk Oca\u011f\u0131 Limasol Kul\u00fcb\u00fc ve Ozank\u00f6y Spor Kul\u00fcb\u00fc\u2019nde uzun y\u0131llar futbol oynay\u0131p, kaptanl\u0131k ve y\u00f6neticilik g\u00f6revlerinde bulunan \u015eenkul, gen\u00e7lik y\u0131llar\u0131ndan itibaren \u00f6zel sekt\u00f6rde \u00e7ok farkl\u0131 i\u015f dallar\u0131nda i\u015fletmeci olarak \u00e7al\u0131\u015ft\u0131ktan sonra, 2005 y\u0131l\u0131ndan itibaren de orta\u011f\u0131 oldu\u011fu in\u015faat \u015firketinde y\u00f6neticilik yapt\u0131.<\/p>\n<p>Bug\u00fcne kadar bir\u00e7ok sivil toplum \u00f6rg\u00fct\u00fc ve inisiyatifte hem \u00fcye hem de kat\u0131l\u0131mc\u0131 olarak bulunan \u015eenkul \u00f6zellikle Girne \u0130mar Plan\u0131\u2019n\u0131n yasalla\u015fmas\u0131 s\u00fcreci ve Girne\u2019deki \u00e7evre sorunlar\u0131na dair yap\u0131lan eylemlere aktif \u015fekilde kat\u0131larak, Girne kentine bir\u00e7ok katk\u0131da bulunmu\u015ftur.<\/p>\n<p>25 Aral\u0131k 2022 tarihinde ger\u00e7ekle\u015ftirilen yerel se\u00e7imlerde oylar\u0131n % 35\u2019ini elde eden \u015eenkul, bu tarih itibar\u0131 ile Girne Belediye Ba\u015fkanl\u0131\u011f\u0131 g\u00f6revini s\u00fcrd\u00fcrmektedir.<\/p>\n<p>&nbsp;<\/p>\n","protected":false},"excerpt":{"rendered":"<p>1978 tarihinde Girne\u2019de do\u011fan Girne Belediye Ba\u015fkan\u0131 Murat \u015eenkul, \u0130lk\u00f6\u011fretim [&hellip;]<\/p>\n","protected":false},"author":10,"featured_media":0,"parent":0,"menu_order":0,"comment_status":"closed","ping_status":"closed","template":"","meta":{"footnotes":""},"class_list":["post-15252","page","type-page","status-publish","hentry"],"_links":{"self":[{"href":"https:\/\/ktbb.org\/v1\/wp-json\/wp\/v2\/pages\/15252","targetHints":{"allow":["GET"]}}],"collection":[{"href":"https:\/\/ktbb.org\/v1\/wp-json\/wp\/v2\/pages"}],"about":[{"href":"https:\/\/ktbb.org\/v1\/wp-json\/wp\/v2\/types\/page"}],"author":[{"embeddable":true,"href":"https:\/\/ktbb.org\/v1\/wp-json\/wp\/v2\/users\/10"}],"replies":[{"embeddable":true,"href":"https:\/\/ktbb.org\/v1\/wp-json\/wp\/v2\/comments?post=15252"}],"version-history":[{"count":1,"href":"https:\/\/ktbb.org\/v1\/wp-json\/wp\/v2\/pages\/15252\/revisions"}],"predecessor-version":[{"id":15255,"href":"https:\/\/ktbb.org\/v1\/wp-json\/wp\/v2\/pages\/15252\/revisions\/15255"}],"wp:attachment":[{"href":"https:\/\/ktbb.org\/v1\/wp-json\/wp\/v2\/media?parent=15252"}],"curies":[{"name":"wp","href":"https:\/\/api.w.org\/{rel}","templated":true}]}}