{"id":15256,"date":"2023-05-11T10:25:57","date_gmt":"2023-05-11T08:25:57","guid":{"rendered":"http:\/\/ktbb.org\/v1\/?page_id=15256"},"modified":"2023-05-11T10:25:57","modified_gmt":"2023-05-11T08:25:57","slug":"huseyin-amcaoglu","status":"publish","type":"page","link":"https:\/\/ktbb.org\/v1\/huseyin-amcaoglu\/","title":{"rendered":"H\u00fcseyin Amcao\u011flu"},"content":{"rendered":"<p><img decoding=\"async\" class=\"alignnone size-medium wp-image-15257\" src=\"http:\/\/ktbb.org\/v1\/wp-content\/uploads\/2023\/05\/H-Amcaoglu-1-Copy-300x200.jpg\" alt=\"\" width=\"300\" height=\"200\" srcset=\"https:\/\/ktbb.org\/v1\/wp-content\/uploads\/2023\/05\/H-Amcaoglu-1-Copy-200x133.jpg 200w, https:\/\/ktbb.org\/v1\/wp-content\/uploads\/2023\/05\/H-Amcaoglu-1-Copy-300x200.jpg 300w, https:\/\/ktbb.org\/v1\/wp-content\/uploads\/2023\/05\/H-Amcaoglu-1-Copy-400x267.jpg 400w, https:\/\/ktbb.org\/v1\/wp-content\/uploads\/2023\/05\/H-Amcaoglu-1-Copy-600x400.jpg 600w, https:\/\/ktbb.org\/v1\/wp-content\/uploads\/2023\/05\/H-Amcaoglu-1-Copy-768x512.jpg 768w, https:\/\/ktbb.org\/v1\/wp-content\/uploads\/2023\/05\/H-Amcaoglu-1-Copy-800x534.jpg 800w, https:\/\/ktbb.org\/v1\/wp-content\/uploads\/2023\/05\/H-Amcaoglu-1-Copy-1024x683.jpg 1024w, https:\/\/ktbb.org\/v1\/wp-content\/uploads\/2023\/05\/H-Amcaoglu-1-Copy-1200x800.jpg 1200w, https:\/\/ktbb.org\/v1\/wp-content\/uploads\/2023\/05\/H-Amcaoglu-1-Copy-1536x1025.jpg 1536w, https:\/\/ktbb.org\/v1\/wp-content\/uploads\/2023\/05\/H-Amcaoglu-1-Copy-scaled.jpg 2560w\" sizes=\"(max-width: 300px) 100vw, 300px\" \/><\/p>\n<p>1975 y\u0131l\u0131nda Lefko\u015fa\u2019da do\u011fdu. \u0130lk\u00f6\u011frenimini G\u00f6nyeli \u0130lkokulu, orta ve lise \u00f6\u011frenimini T\u00fcrk Maarif Koleji\u2019nde tamamlad\u0131. \u00dcniversiteyi Ankara\u2019da, Gazi \u00dcniversitesi \u0130ktisadi ve \u0130dari Bilimler Fak\u00fcltesi Kamu Y\u00f6netimi b\u00f6l\u00fcm\u00fcnde okuyan Amcao\u011flu, mezuniyetinin ard\u0131ndan Gazi \u00dcniversitesi Sosyal Bilimler Enstit\u00fcs\u00fc Kamu Y\u00f6netimi Anabilim Dal\u0131\u2019nda, Y\u00f6netim Bilimleri alan\u0131nda y\u00fcksek lisans yapt\u0131.<\/p>\n<p>G\u00f6nyeli Spor Kul\u00fcb\u00fc\u2019n\u00fcn ve K\u0131br\u0131s T\u00fcrk futbolunun sembol isimlerinden biri olan H\u00fcseyin Amcao\u011flu, 1990 &#8211; 2010 y\u0131llar\u0131 aras\u0131nda toplam 20 y\u0131l S\u00fcper Lig\u2019de futbol oynad\u0131. 1995-2010 y\u0131llar\u0131 aras\u0131nda olu\u015fturulan futbol milli tak\u0131mlar\u0131n\u0131n tamam\u0131nda g\u00f6rev ald\u0131 ve uzun s\u00fcre KKTC Milli Futbol Tak\u0131m\u0131\u2019n\u0131n kaptanl\u0131\u011f\u0131n\u0131 yapt\u0131. K\u0131br\u0131s T\u00fcrk Futbolcular Derne\u011fi\u2019nin kurulu\u015funda kurucu \u00fcye olarak yer alan Amcao\u011flu, derne\u011fin ilk genel kurulunda ba\u015fkanl\u0131k g\u00f6revine se\u00e7ilerek 5 y\u0131l ba\u015fkan olarak g\u00f6rev yapt\u0131.<\/p>\n<p>2002 y\u0131l\u0131nda ald\u0131\u011f\u0131 y\u00fcksek lisans e\u011fitiminin ard\u0131ndan, 2004 y\u0131l\u0131nda girdi\u011fi \u0130dare Amirli\u011fi s\u0131nav\u0131n\u0131 kazanarak 2004 &#8211; 2016 y\u0131llar\u0131 aras\u0131nda \u0130\u00e7i\u015fleri Bakanl\u0131\u011f\u0131\u2019nda \u0130dare Amiri olarak g\u00f6rev yapt\u0131. Bu s\u00fcre\u00e7te personel i\u015fleri ve t\u00fcm idari konular yan\u0131nda, yerel y\u00f6netimlerle ilgili t\u00fcm i\u015flemleri y\u00fcr\u00fctme g\u00f6revini \u00fcstlendi. Yine bu d\u00f6nemde Sivil Savunma Komitesi \u00fcyeli\u011fi ve Cezaevi Dan\u0131\u015fma Kurulu \u00fcyeli\u011fi g\u00f6revlerini y\u00fcr\u00fctt\u00fc.<\/p>\n<p>Uyu\u015fturucu ile M\u00fccadele Komisyonu ve Avrupa Birli\u011fi Koordinasyon Merkezi\u2019nden sorumlu m\u00fcste\u015far olmakla birlikte, ayr\u0131ca Denetimli Serbestlik Kurulu Ba\u015fkanl\u0131\u011f\u0131, Hellim Koordinasyon Kurulu Ba\u015fkanl\u0131\u011f\u0131 ve KKTC Teknik Heyet Ba\u015fkanl\u0131\u011f\u0131 g\u00f6revleri y\u00fcr\u00fctt\u00fc.<\/p>\n<p>Evli ve bir k\u0131z \u00e7ocuk babas\u0131d\u0131r.<\/p>\n<p>May\u0131s 2016 -Haziran 2020 tarihleri aras\u0131nda \u0130\u00e7i\u015fleri Bakanl\u0131\u011f\u0131\u2019nda Bakanl\u0131k M\u00fcd\u00fcr\u00fc olarak g\u00f6rev yapt\u0131.<\/p>\n<p>Haziran 2020 &#8211; \u015eubat 2021 aras\u0131nda Turizm ve \u00c7evre Bakanl\u0131\u011f\u0131\u2019nda M\u00fcste\u015far olarak g\u00f6rev yapt\u0131.<\/p>\n<p>\u015eubat 2021 \u2013 Aral\u0131k 2022 tarihleri aras\u0131nda KKTC Ba\u015fbakanl\u0131k M\u00fcste\u015farl\u0131\u011f\u0131 g\u00f6revini yapt\u0131.<\/p>\n<p>Aral\u0131k 2022 Yerel Y\u00f6netim Se\u00e7imlerinde G\u00f6nyeli-Alayk\u00f6y Belediye Ba\u015fkan\u0131 olarak se\u00e7ilerek G\u00f6nyeli-Alayk\u00f6y Belediye Ba\u015fkan\u0131 g\u00f6revini\u00a0y\u00fcr\u00fctmektedir.<\/p>\n","protected":false},"excerpt":{"rendered":"<p>1975 y\u0131l\u0131nda Lefko\u015fa\u2019da do\u011fdu. \u0130lk\u00f6\u011frenimini G\u00f6nyeli \u0130lkokulu, orta ve lise [&hellip;]<\/p>\n","protected":false},"author":10,"featured_media":0,"parent":0,"menu_order":0,"comment_status":"closed","ping_status":"closed","template":"","meta":{"footnotes":""},"class_list":["post-15256","page","type-page","status-publish","hentry"],"_links":{"self":[{"href":"https:\/\/ktbb.org\/v1\/wp-json\/wp\/v2\/pages\/15256","targetHints":{"allow":["GET"]}}],"collection":[{"href":"https:\/\/ktbb.org\/v1\/wp-json\/wp\/v2\/pages"}],"about":[{"href":"https:\/\/ktbb.org\/v1\/wp-json\/wp\/v2\/types\/page"}],"author":[{"embeddable":true,"href":"https:\/\/ktbb.org\/v1\/wp-json\/wp\/v2\/users\/10"}],"replies":[{"embeddable":true,"href":"https:\/\/ktbb.org\/v1\/wp-json\/wp\/v2\/comments?post=15256"}],"version-history":[{"count":1,"href":"https:\/\/ktbb.org\/v1\/wp-json\/wp\/v2\/pages\/15256\/revisions"}],"predecessor-version":[{"id":15258,"href":"https:\/\/ktbb.org\/v1\/wp-json\/wp\/v2\/pages\/15256\/revisions\/15258"}],"wp:attachment":[{"href":"https:\/\/ktbb.org\/v1\/wp-json\/wp\/v2\/media?parent=15256"}],"curies":[{"name":"wp","href":"https:\/\/api.w.org\/{rel}","templated":true}]}}