{"id":15281,"date":"2023-05-11T10:49:34","date_gmt":"2023-05-11T08:49:34","guid":{"rendered":"http:\/\/ktbb.org\/v1\/?page_id=15281"},"modified":"2023-05-11T10:49:34","modified_gmt":"2023-05-11T08:49:34","slug":"ceyhun-kirok","status":"publish","type":"page","link":"https:\/\/ktbb.org\/v1\/ceyhun-kirok\/","title":{"rendered":"Ceyhun K\u0131rok"},"content":{"rendered":"<p><img decoding=\"async\" class=\"alignnone size-medium wp-image-15282\" src=\"http:\/\/ktbb.org\/v1\/wp-content\/uploads\/2023\/05\/ceyhun-kirok-268x300.png\" alt=\"\" width=\"268\" height=\"300\" srcset=\"https:\/\/ktbb.org\/v1\/wp-content\/uploads\/2023\/05\/ceyhun-kirok-200x224.png 200w, https:\/\/ktbb.org\/v1\/wp-content\/uploads\/2023\/05\/ceyhun-kirok-268x300.png 268w, https:\/\/ktbb.org\/v1\/wp-content\/uploads\/2023\/05\/ceyhun-kirok-400x448.png 400w, https:\/\/ktbb.org\/v1\/wp-content\/uploads\/2023\/05\/ceyhun-kirok-600x672.png 600w, https:\/\/ktbb.org\/v1\/wp-content\/uploads\/2023\/05\/ceyhun-kirok-768x860.png 768w, https:\/\/ktbb.org\/v1\/wp-content\/uploads\/2023\/05\/ceyhun-kirok-800x895.png 800w, https:\/\/ktbb.org\/v1\/wp-content\/uploads\/2023\/05\/ceyhun-kirok-915x1024.png 915w, https:\/\/ktbb.org\/v1\/wp-content\/uploads\/2023\/05\/ceyhun-kirok-1200x1343.png 1200w, https:\/\/ktbb.org\/v1\/wp-content\/uploads\/2023\/05\/ceyhun-kirok-1372x1536.png 1372w, https:\/\/ktbb.org\/v1\/wp-content\/uploads\/2023\/05\/ceyhun-kirok-1830x2048.png 1830w, https:\/\/ktbb.org\/v1\/wp-content\/uploads\/2023\/05\/ceyhun-kirok.png 1912w\" sizes=\"(max-width: 268px) 100vw, 268px\" \/><\/p>\n<p>1977 y\u0131l\u0131nda Lefko\u015fa\u2019da do\u011fdu. \u0130lkokul e\u011fitimini \u00c7atalk\u00f6y \u0130lkokulu\u2019nda, ortaokul ve lise e\u011fitimini Girne Anafartalar Lisesi\u2019nde tamamlad\u0131. 2000 y\u0131l\u0131nda Girne Amerikan \u00dcniversitesi, \u0130nsani Bilimler Fak\u00fcltesi, T\u00fcrk Dili ve Edebiyat\u0131 \u00d6\u011fretmenli\u011fi b\u00f6l\u00fcm\u00fcnden mezun oldu. K\u0131br\u0131s Sa\u011fl\u0131k ve Toplum Bilimleri \u00dcniversitesi\u2019nde 2021 y\u0131l\u0131nda y\u00fcksek lisans\u0131n\u0131 tamamlay\u0131p yine ayn\u0131 y\u0131l doktora e\u011fitimine ba\u015flad\u0131 ve doktora e\u011fitimi halen devam etmektedir.<\/p>\n<p>2002-2010 y\u0131llar\u0131 aras\u0131nda 8 y\u0131l Bil-Test E\u011fitim \u015eirketi\u2019nde direkt\u00f6r olarak g\u00f6rev yapt\u0131. 2005-2010 y\u0131llar\u0131 aras\u0131nda Milli E\u011fitim Bakanl\u0131\u011f\u0131\u2019na ba\u011fl\u0131 bir \u00e7ok \u0130lk\u00f6\u011fretim ve Orta\u00f6\u011fretim okullar\u0131nda \u00e7al\u0131\u015ft\u0131. 2010 y\u0131l\u0131nda Atat\u00fcrk \u00d6\u011fretmen Akademisi, denklik diplomas\u0131 ald\u0131ktan sonra \u0130lk\u00f6\u011fretime ba\u011fl\u0131 Girne 23 Nisan \u0130lkokulu\u2019na kadroland\u0131. 12 y\u0131l bu okulda 5. S\u0131n\u0131f \u00f6\u011fretmenli\u011fi g\u00f6revini s\u00fcrd\u00fcrd\u00fc. Milli E\u011fitim Bakanl\u0131\u011f\u0131\u2019na ba\u011fl\u0131, \u00d6zel E\u011fitim Atletizm Oyunlar\u0131 ve Uluslararas\u0131 23 Nisan \u00c7ocuk \u015eenlikleri komitelerinde uzun y\u0131llar g\u00f6rev ald\u0131. AB hibe projeleri kapsam\u0131nda \u0130lk\u00f6\u011fretim Dairesi\u2019ne ba\u011fl\u0131 ilkokullar i\u00e7in bir\u00e7ok projede koordinat\u00f6r yard\u0131mc\u0131s\u0131 olarak aktif g\u00f6rev ald\u0131. T\u00fcrkiye\u2019de \u00d6zel Sporcular Spor Federasyonunun (TOSSFED) d\u00fczenlemi\u015f oldu\u011fu bir \u00e7ok atletizm\u00a0 yar\u0131\u015fmas\u0131na KKTC \u00d6zel E\u011fitim Okullar\u0131 ad\u0131na kafile ba\u015fkan\u0131 olarak kat\u0131ld\u0131. Evli ve iki \u00e7ocuk babas\u0131d\u0131r.<\/p>\n","protected":false},"excerpt":{"rendered":"<p>1977 y\u0131l\u0131nda Lefko\u015fa\u2019da do\u011fdu. \u0130lkokul e\u011fitimini \u00c7atalk\u00f6y \u0130lkokulu\u2019nda, ortaokul ve [&hellip;]<\/p>\n","protected":false},"author":10,"featured_media":0,"parent":0,"menu_order":0,"comment_status":"closed","ping_status":"closed","template":"","meta":{"footnotes":""},"class_list":["post-15281","page","type-page","status-publish","hentry"],"_links":{"self":[{"href":"https:\/\/ktbb.org\/v1\/wp-json\/wp\/v2\/pages\/15281","targetHints":{"allow":["GET"]}}],"collection":[{"href":"https:\/\/ktbb.org\/v1\/wp-json\/wp\/v2\/pages"}],"about":[{"href":"https:\/\/ktbb.org\/v1\/wp-json\/wp\/v2\/types\/page"}],"author":[{"embeddable":true,"href":"https:\/\/ktbb.org\/v1\/wp-json\/wp\/v2\/users\/10"}],"replies":[{"embeddable":true,"href":"https:\/\/ktbb.org\/v1\/wp-json\/wp\/v2\/comments?post=15281"}],"version-history":[{"count":1,"href":"https:\/\/ktbb.org\/v1\/wp-json\/wp\/v2\/pages\/15281\/revisions"}],"predecessor-version":[{"id":15283,"href":"https:\/\/ktbb.org\/v1\/wp-json\/wp\/v2\/pages\/15281\/revisions\/15283"}],"wp:attachment":[{"href":"https:\/\/ktbb.org\/v1\/wp-json\/wp\/v2\/media?parent=15281"}],"curies":[{"name":"wp","href":"https:\/\/api.w.org\/{rel}","templated":true}]}}