{"id":15288,"date":"2023-05-11T10:59:31","date_gmt":"2023-05-11T08:59:31","guid":{"rendered":"http:\/\/ktbb.org\/v1\/?page_id=15288"},"modified":"2023-05-11T11:13:31","modified_gmt":"2023-05-11T09:13:31","slug":"dr-hamit-bakirci","status":"publish","type":"page","link":"https:\/\/ktbb.org\/v1\/dr-hamit-bakirci\/","title":{"rendered":"Dr. Hamit Bak\u0131rc\u0131"},"content":{"rendered":"<p><img decoding=\"async\" class=\"alignnone size-medium wp-image-15289\" src=\"http:\/\/ktbb.org\/v1\/wp-content\/uploads\/2023\/05\/IMG-7755-300x300.jpg\" alt=\"\" width=\"300\" height=\"300\" srcset=\"https:\/\/ktbb.org\/v1\/wp-content\/uploads\/2023\/05\/IMG-7755-66x66.jpg 66w, https:\/\/ktbb.org\/v1\/wp-content\/uploads\/2023\/05\/IMG-7755-150x150.jpg 150w, https:\/\/ktbb.org\/v1\/wp-content\/uploads\/2023\/05\/IMG-7755-200x200.jpg 200w, https:\/\/ktbb.org\/v1\/wp-content\/uploads\/2023\/05\/IMG-7755-300x300.jpg 300w, https:\/\/ktbb.org\/v1\/wp-content\/uploads\/2023\/05\/IMG-7755-400x400.jpg 400w, https:\/\/ktbb.org\/v1\/wp-content\/uploads\/2023\/05\/IMG-7755-600x600.jpg 600w, https:\/\/ktbb.org\/v1\/wp-content\/uploads\/2023\/05\/IMG-7755-768x768.jpg 768w, https:\/\/ktbb.org\/v1\/wp-content\/uploads\/2023\/05\/IMG-7755-800x800.jpg 800w, https:\/\/ktbb.org\/v1\/wp-content\/uploads\/2023\/05\/IMG-7755.jpg 960w\" sizes=\"(max-width: 300px) 100vw, 300px\" \/><\/p>\n<p>Dr. Hamit Bak\u0131rc\u0131, 1972 y\u0131l\u0131nda T\u00fcrkiye \u00c7aykara&#8217;da do\u011fdu.<\/p>\n<p>1996 y\u0131l\u0131nda F\u0131rat \u00dcniversitesi T\u0131p Fak\u00fcltesi&#8217;ni bitirdi.\u00a0 2001-2013 Yenierenk\u00f6y-Dipkarpaz sa\u011fl\u0131k merkezlerinde g\u00f6rev ald\u0131.<\/p>\n<p>Kuzey K\u0131br\u0131s T\u00fcrk Cumhuriyeti 2013 y\u0131l\u0131nda ger\u00e7ekle\u015fen genel se\u00e7imlerinde milletvekili se\u00e7ilerek, \u00c7evre Do\u011fal Kaynaklar Bakan\u0131 oldu.<\/p>\n<p>Bak\u0131rc\u0131, 25 Aral\u0131k 2023 KKTC yerel se\u00e7imlerinde Erenk\u00f6y Karpaz Belediye Ba\u015fkan\u0131 olarak se\u00e7ildi.<\/p>\n<p>Evli iki \u00e7ocuk babas\u0131d\u0131r.<\/p>\n","protected":false},"excerpt":{"rendered":"<p>Dr. Hamit Bak\u0131rc\u0131, 1972 y\u0131l\u0131nda T\u00fcrkiye \u00c7aykara&#8217;da do\u011fdu. 1996 y\u0131l\u0131nda [&hellip;]<\/p>\n","protected":false},"author":10,"featured_media":0,"parent":0,"menu_order":0,"comment_status":"closed","ping_status":"closed","template":"","meta":{"footnotes":""},"class_list":["post-15288","page","type-page","status-publish","hentry"],"_links":{"self":[{"href":"https:\/\/ktbb.org\/v1\/wp-json\/wp\/v2\/pages\/15288","targetHints":{"allow":["GET"]}}],"collection":[{"href":"https:\/\/ktbb.org\/v1\/wp-json\/wp\/v2\/pages"}],"about":[{"href":"https:\/\/ktbb.org\/v1\/wp-json\/wp\/v2\/types\/page"}],"author":[{"embeddable":true,"href":"https:\/\/ktbb.org\/v1\/wp-json\/wp\/v2\/users\/10"}],"replies":[{"embeddable":true,"href":"https:\/\/ktbb.org\/v1\/wp-json\/wp\/v2\/comments?post=15288"}],"version-history":[{"count":2,"href":"https:\/\/ktbb.org\/v1\/wp-json\/wp\/v2\/pages\/15288\/revisions"}],"predecessor-version":[{"id":15309,"href":"https:\/\/ktbb.org\/v1\/wp-json\/wp\/v2\/pages\/15288\/revisions\/15309"}],"wp:attachment":[{"href":"https:\/\/ktbb.org\/v1\/wp-json\/wp\/v2\/media?parent=15288"}],"curies":[{"name":"wp","href":"https:\/\/api.w.org\/{rel}","templated":true}]}}