{"id":15292,"date":"2023-05-11T11:01:50","date_gmt":"2023-05-11T09:01:50","guid":{"rendered":"http:\/\/ktbb.org\/v1\/?page_id=15292"},"modified":"2023-05-11T11:01:50","modified_gmt":"2023-05-11T09:01:50","slug":"katip-demir","status":"publish","type":"page","link":"https:\/\/ktbb.org\/v1\/katip-demir\/","title":{"rendered":"Katip Demir"},"content":{"rendered":"<p><img decoding=\"async\" class=\"alignnone size-medium wp-image-15293\" src=\"http:\/\/ktbb.org\/v1\/wp-content\/uploads\/2023\/05\/katip-demir-229x300.png\" alt=\"\" width=\"229\" height=\"300\" srcset=\"https:\/\/ktbb.org\/v1\/wp-content\/uploads\/2023\/05\/katip-demir-200x262.png 200w, https:\/\/ktbb.org\/v1\/wp-content\/uploads\/2023\/05\/katip-demir-229x300.png 229w, https:\/\/ktbb.org\/v1\/wp-content\/uploads\/2023\/05\/katip-demir.png 340w\" sizes=\"(max-width: 229px) 100vw, 229px\" \/><\/p>\n<p>1959 Y\u0131l\u0131nda \u00c7aykara Uzuntarla K\u00f6y\u00fcnde do\u011fdu. Daha sonra ailesi ile birlikte Almanya&#8217;ya giderek uzun s\u00fcre orada kal\u0131r. 1975 y\u0131l\u0131nda ailesi ile birlikte K\u0131br\u0131s&#8217;a g\u00f6\u00e7 etti. 1981 Y\u0131l\u0131nda \u0130svi\u00e7re&#8217;nin Bern Kentinde Beruf Shulehouse Meslek Teknik okulundan mezun oldu.<\/p>\n<p>1984-1985 Y\u0131llar\u0131 aras\u0131nda Libya&#8217;da daha sonra Suudi Arabistan&#8217;da \u00e7e\u015fitli \u015firketlerde halkla ili\u015fkiler m\u00fcmessili ve y\u00f6neticilik yapt\u0131.<\/p>\n<p>1987 Y\u0131l\u0131nda tekrar K\u0131br\u0131s T\u00fcrk Cumhuriyeti&#8217;ne kesin d\u00f6n\u00fc\u015f yapan Demir, 1993-1996 Y\u0131llar aras\u0131nda Yenibo\u011fazi\u00e7i okul aile birli\u011fi ba\u015fkan\u0131, 2002-2006 y\u0131llar\u0131 kapsayan d\u00f6nemde Yenibo\u011fazi\u00e7i Belediye Ba\u015fkanl\u0131\u011f\u0131 yapt\u0131. 29 Haziran 2014 tarihinde yap\u0131lan yerel se\u00e7imlerde Ba\u011f\u0131ms\u0131z olarak Yenibo\u011fazi\u00e7i Belediye ba\u015fkanl\u0131\u011f\u0131na se\u00e7ildi.<\/p>\n<p>25 Aral\u0131k 2022 tarihinde yap\u0131lan yerel se\u00e7imlerde Ba\u011f\u0131ms\u0131z olarak tekrar Yenibo\u011fazi\u00e7i Belediye ba\u015fkanl\u0131\u011f\u0131na se\u00e7ildi.<\/p>\n<p>\u00c7ok iyi derecede, Almanca, \u0130ngilizce ve Arap\u00e7a bilen Demir, evli ve iki \u00e7ocuk babas\u0131d\u0131r.<\/p>\n","protected":false},"excerpt":{"rendered":"<p>1959 Y\u0131l\u0131nda \u00c7aykara Uzuntarla K\u00f6y\u00fcnde do\u011fdu. Daha sonra ailesi ile [&hellip;]<\/p>\n","protected":false},"author":10,"featured_media":0,"parent":0,"menu_order":0,"comment_status":"closed","ping_status":"closed","template":"","meta":{"footnotes":""},"class_list":["post-15292","page","type-page","status-publish","hentry"],"_links":{"self":[{"href":"https:\/\/ktbb.org\/v1\/wp-json\/wp\/v2\/pages\/15292","targetHints":{"allow":["GET"]}}],"collection":[{"href":"https:\/\/ktbb.org\/v1\/wp-json\/wp\/v2\/pages"}],"about":[{"href":"https:\/\/ktbb.org\/v1\/wp-json\/wp\/v2\/types\/page"}],"author":[{"embeddable":true,"href":"https:\/\/ktbb.org\/v1\/wp-json\/wp\/v2\/users\/10"}],"replies":[{"embeddable":true,"href":"https:\/\/ktbb.org\/v1\/wp-json\/wp\/v2\/comments?post=15292"}],"version-history":[{"count":1,"href":"https:\/\/ktbb.org\/v1\/wp-json\/wp\/v2\/pages\/15292\/revisions"}],"predecessor-version":[{"id":15294,"href":"https:\/\/ktbb.org\/v1\/wp-json\/wp\/v2\/pages\/15292\/revisions\/15294"}],"wp:attachment":[{"href":"https:\/\/ktbb.org\/v1\/wp-json\/wp\/v2\/media?parent=15292"}],"curies":[{"name":"wp","href":"https:\/\/api.w.org\/{rel}","templated":true}]}}