{"id":15295,"date":"2023-05-11T11:05:41","date_gmt":"2023-05-11T09:05:41","guid":{"rendered":"http:\/\/ktbb.org\/v1\/?page_id=15295"},"modified":"2023-05-11T11:13:35","modified_gmt":"2023-05-11T09:13:35","slug":"dr-fatma-cimen-tuglu","status":"publish","type":"page","link":"https:\/\/ktbb.org\/v1\/dr-fatma-cimen-tuglu\/","title":{"rendered":"Dr. Fatma \u00c7imen Tu\u011flu"},"content":{"rendered":"<p><img decoding=\"async\" class=\"alignnone size-medium wp-image-15297\" src=\"http:\/\/ktbb.org\/v1\/wp-content\/uploads\/2023\/05\/Fatma-Cimen-Tuglu-300x300.jpeg\" alt=\"\" width=\"300\" height=\"300\" srcset=\"https:\/\/ktbb.org\/v1\/wp-content\/uploads\/2023\/05\/Fatma-Cimen-Tuglu-66x66.jpeg 66w, https:\/\/ktbb.org\/v1\/wp-content\/uploads\/2023\/05\/Fatma-Cimen-Tuglu-150x150.jpeg 150w, https:\/\/ktbb.org\/v1\/wp-content\/uploads\/2023\/05\/Fatma-Cimen-Tuglu-200x200.jpeg 200w, https:\/\/ktbb.org\/v1\/wp-content\/uploads\/2023\/05\/Fatma-Cimen-Tuglu-300x300.jpeg 300w, https:\/\/ktbb.org\/v1\/wp-content\/uploads\/2023\/05\/Fatma-Cimen-Tuglu.jpeg 332w\" sizes=\"(max-width: 300px) 100vw, 300px\" \/><\/p>\n<p>22\/09\/1978 Lefko\u015fa, Ortak\u00f6y do\u011fdu. \u0130lk\u00f6\u011frenimi Gelibolu \u0130lkokulu, Orta\u00f6\u011frenimi\u00a0 Lefko\u015fa T\u00fcrk Maarif Kolejinde tamamlad\u0131ktan sonra Hacettepe \u00dcniversitesi T\u0131p Fak\u00fcltesi T\u0131p (\u0130ngilizce) b\u00f6l\u00fcm\u00fcnden mezun oldu. 2006 y\u0131l\u0131nda Yeni Erenk\u00f6y Sa\u011fl\u0131k Merkezinde hekimlik g\u00f6revine ba\u015flad\u0131.<\/p>\n<p>2006 y\u0131l\u0131ndan itibaren Mehmetcik Sa\u011fl\u0131k Merkezi, Mara\u015f Semt Poliklini\u011fi, \u0130skele Sa\u011fl\u0131k Merkezi, Dipkarpaz Sa\u011fl\u0131k Merkezi, Gazima\u011fusa Belediyesi Ya\u015fl\u0131 Bak\u0131m Hizmeti ve Gazima\u011fusa Devlet Hastanesi Acil Servisinde g\u00f6revlerde bulundu. \u00a02008 y\u0131l\u0131 itibari ile Mehmetcik Sa\u011fl\u0131k Merkezi sorumlu hekimi olarak g\u00f6rev yapmaktayd\u0131.<\/p>\n<p>2015 y\u0131l\u0131nda kurulan Y\u00fcz\u00fcnc\u00fc Y\u0131l Mehmetcik Karpaz Lions Kul\u00fcb\u00fc\u2019nde kurucu \u00fcye ve y\u00f6netim kurulu \u00fcyesi olarak g\u00f6rev ald\u0131. 2019-2020 d\u00f6nemi \u00a0Mehmetcik Karpaz Lions Kul\u00fcb\u00fc ba\u015fkanl\u0131k g\u00f6revini y\u00fcr\u00fctt\u00fc. Ba\u015fkanl\u0131k d\u00f6nemi boyunca pek \u00e7ok yard\u0131mla\u015fma ve sosyal etkinliklerde bulundu.<\/p>\n<p>2019 y\u0131l\u0131nda kurulan Agora Cimnastik ve Spor Kul\u00fcb\u00fcnde kurucu \u00fcye olarak g\u00f6rev ald\u0131.<\/p>\n<p>2022 Yerel Se\u00e7imlerinde Mehmet\u00e7ik B\u00fcy\u00fckkonuk Belediyesi Ba\u015fkanl\u0131\u011f\u0131n\u0131 halk\u0131n taktiri ile kazanarak g\u00f6revine ba\u015flad\u0131.<\/p>\n<p>\u0130yi derecede \u0130ngilizce bilmektedir.<\/p>\n<p>2007 y\u0131l\u0131ndan itibaren evli olup 2 \u00e7ocuk annesidir.<\/p>\n<p>&nbsp;<\/p>\n","protected":false},"excerpt":{"rendered":"<p>22\/09\/1978 Lefko\u015fa, Ortak\u00f6y do\u011fdu. \u0130lk\u00f6\u011frenimi Gelibolu \u0130lkokulu, Orta\u00f6\u011frenimi\u00a0 Lefko\u015fa T\u00fcrk [&hellip;]<\/p>\n","protected":false},"author":10,"featured_media":0,"parent":0,"menu_order":0,"comment_status":"closed","ping_status":"closed","template":"","meta":{"footnotes":""},"class_list":["post-15295","page","type-page","status-publish","hentry"],"_links":{"self":[{"href":"https:\/\/ktbb.org\/v1\/wp-json\/wp\/v2\/pages\/15295","targetHints":{"allow":["GET"]}}],"collection":[{"href":"https:\/\/ktbb.org\/v1\/wp-json\/wp\/v2\/pages"}],"about":[{"href":"https:\/\/ktbb.org\/v1\/wp-json\/wp\/v2\/types\/page"}],"author":[{"embeddable":true,"href":"https:\/\/ktbb.org\/v1\/wp-json\/wp\/v2\/users\/10"}],"replies":[{"embeddable":true,"href":"https:\/\/ktbb.org\/v1\/wp-json\/wp\/v2\/comments?post=15295"}],"version-history":[{"count":2,"href":"https:\/\/ktbb.org\/v1\/wp-json\/wp\/v2\/pages\/15295\/revisions"}],"predecessor-version":[{"id":15311,"href":"https:\/\/ktbb.org\/v1\/wp-json\/wp\/v2\/pages\/15295\/revisions\/15311"}],"wp:attachment":[{"href":"https:\/\/ktbb.org\/v1\/wp-json\/wp\/v2\/media?parent=15295"}],"curies":[{"name":"wp","href":"https:\/\/api.w.org\/{rel}","templated":true}]}}