{"id":15852,"date":"2023-07-26T11:06:22","date_gmt":"2023-07-26T09:06:22","guid":{"rendered":"https:\/\/ktbb.org\/v1\/?page_id=15852"},"modified":"2023-07-26T11:06:22","modified_gmt":"2023-07-26T09:06:22","slug":"22-subat-2023-tarihli-4-birlik-yurutme-kurulu-toplantisi","status":"publish","type":"page","link":"https:\/\/ktbb.org\/v1\/22-subat-2023-tarihli-4-birlik-yurutme-kurulu-toplantisi\/","title":{"rendered":"22 \u015eubat  2023 Tarihli 4. Birlik Y\u00fcr\u00fctme Kurulu Toplant\u0131s\u0131"},"content":{"rendered":"<p>Karar No: 20 \/ 2023<\/p>\n<p>Birlik Y\u00fcr\u00fctme Kurulu, K.T. Belediyeler Birli\u011fi 2022 Y\u0131l\u0131 Kesin Hesaplar\u0131n\u0131n Genel Y\u00f6netim Kurulu onay\u0131na sunulmas\u0131na oy birli\u011fi ile karar vermi\u015ftir.<\/p>\n<p>Karar No : 21 \/ 2023<\/p>\n<p>Birlik Y\u00fcr\u00fctme Kurulu , K.T. Belediyeler Birli\u011fi 2023 Y\u0131l\u0131 Genel B\u00fct\u00e7e Tasar\u0131s\u0131n\u0131n Genel Y\u00f6netim Kurulu onay\u0131na  sunulmas\u0131na oy birli\u011fi ile karar vermi\u015ftir.<\/p>\n<p>Karar No : 22\/ 2023<\/p>\n<p>8 \u015eubat 2023 tarihinde ger\u00e7ekle\u015fen  Birlik Y\u00fcr\u00fctme Kurulu toplant\u0131s\u0131nda al\u0131nan   Karar No : 18 \/ 2023 K.T. Belediyeler Birli\u011fi Y\u00fcr\u00fctme Kurulu 06\/02\/2023 tarihinde T\u00fcrkiye Cumhuriyetinde meydana gelen do\u011fal afet \/ deprem sebebiyle, depremden zarar g\u00f6ren b\u00f6lgelere katk\u0131 sa\u011flamak \u00fczere K.T. Belediyeler Birli\u011fi b\u00fct\u00e7esinde bulunan, Belediyelere yard\u0131m kaleminden kar\u015f\u0131lanmak  \u00fczere T.C. \u0130\u00e7i\u015fleri Bakanl\u0131\u011f\u0131 Afet ve Acil Durum Y\u00f6netimi Ba\u015fkanl\u0131\u011f\u0131 (AFAD)\u2019na    bir  milyon T\u00fcrk liras\u0131 ( 1.000.000 TL) verilmesine ve bu konuda gerekli i\u015flemlerin Belediyeler Birli\u011fi Ba\u015fkan\u0131 Say\u0131n Mahmut \u00d6z\u00e7\u0131nar taraf\u0131ndan y\u00fcr\u00fct\u00fclmesine ili\u015fkin karar do\u011frultusunda tekrardan Genel Y\u00f6netim Kurulunda g\u00f6r\u00fc\u015f\u00fcl\u00fcp de\u011ferlendirilmesine oy birli\u011fi ile karar verilmi\u015ftir.<\/p>\n<p>Karar No: 23\/ 2023<\/p>\n<p>24 Ocak 2023 tarihinde ger\u00e7ekle\u015fen Birlik Y\u00fcr\u00fctme Kurulu Toplant\u0131s\u0131nda al\u0131nan karar do\u011frultusunda  Karar No: 9 \/ 2023 Her Belediyenin 2023 y\u0131l\u0131 i\u00e7erisinde vekt\u00f6rlerle m\u00fccadelede kullan\u0131lacak olan (6) alt\u0131 ayl\u0131k ha\u015fere ila\u00e7 miktarlar\u0131n\u0131n belirlenip rapor haz\u0131rland\u0131ktan sonra do\u011frudan sat\u0131m  al\u0131m ihale y\u00f6ntemi ile al\u0131nmas\u0131na oy birli\u011fi ile karar verilmi\u015ftir.<\/p>\n<p>Karar No 24 \/ 2023 <\/p>\n<p>K.T. Belediyeler Birli\u011finde hizmet al\u0131m\u0131 y\u00f6ntemi ile Hukuk m\u00fc\u015favirli\u011fi hizmeti vermekte olan Av. M\u00fcjgan Irkad\u2019\u0131n   5 kas\u0131m 2020 tarih ve 53\/2000 say\u0131l\u0131 Birlik Y\u00fcr\u00fctme Kurulu karar\u0131 ile bir ayl\u0131k asgari \u00fccret + 2000 TL + KDV olan bir ayl\u0131k hizmet al\u0131m\u0131 kar\u015f\u0131l\u0131\u011f\u0131n\u0131n. 1 Ocak 2023 tarihi itibar\u0131 ile y\u00fcr\u00fcrl\u00fckte olan 1.35 ayl\u0131k asgari \u00fccret + %16 KDV olarak yeniden d\u00fczenlenmesine Y\u00fcr\u00fctme Kurulu taraf\u0131ndan oy birli\u011fi ile karar verilmi\u015ftir.<\/p>\n<p>Karar No: 25\/ 2023<\/p>\n<p>K.T. Belediyeler Birli\u011fine ait vadeli hesaplar\u0131nda bulunan T\u00fcrk Liras\u0131n\u0131n  yar\u0131s\u0131  (%50)\u2019n\u0131n  d\u00f6vize \u00e7evrilip (euro, sterlin ve dolar) baz\u0131nda yat\u0131r\u0131lmas\u0131na oy birli\u011fi ile karar verilmi\u015ftir.<\/p>\n<p>Karar No: 26 \/2023<\/p>\n<p>K.T. Belediyeler Birli\u011fi Ba\u015fkan\u0131 Say\u0131n Mahmut \u00d6z\u00e7\u0131nar\u2019\u0131n cep telefonunun Birlik Ba\u015fkanl\u0131\u011f\u0131 g\u00f6revi s\u00fcresince ilgili kalemden \u00f6denmesine oy birli\u011fi ile karar verilir.<\/p>\n","protected":false},"excerpt":{"rendered":"<p>Karar No: 20 \/ 2023 Birlik Y\u00fcr\u00fctme Kurulu, K.T. Belediyeler [&hellip;]<\/p>\n","protected":false},"author":10,"featured_media":0,"parent":0,"menu_order":0,"comment_status":"closed","ping_status":"closed","template":"","meta":{"footnotes":""},"class_list":["post-15852","page","type-page","status-publish","hentry"],"_links":{"self":[{"href":"https:\/\/ktbb.org\/v1\/wp-json\/wp\/v2\/pages\/15852","targetHints":{"allow":["GET"]}}],"collection":[{"href":"https:\/\/ktbb.org\/v1\/wp-json\/wp\/v2\/pages"}],"about":[{"href":"https:\/\/ktbb.org\/v1\/wp-json\/wp\/v2\/types\/page"}],"author":[{"embeddable":true,"href":"https:\/\/ktbb.org\/v1\/wp-json\/wp\/v2\/users\/10"}],"replies":[{"embeddable":true,"href":"https:\/\/ktbb.org\/v1\/wp-json\/wp\/v2\/comments?post=15852"}],"version-history":[{"count":1,"href":"https:\/\/ktbb.org\/v1\/wp-json\/wp\/v2\/pages\/15852\/revisions"}],"predecessor-version":[{"id":15853,"href":"https:\/\/ktbb.org\/v1\/wp-json\/wp\/v2\/pages\/15852\/revisions\/15853"}],"wp:attachment":[{"href":"https:\/\/ktbb.org\/v1\/wp-json\/wp\/v2\/media?parent=15852"}],"curies":[{"name":"wp","href":"https:\/\/api.w.org\/{rel}","templated":true}]}}