{"id":16721,"date":"2023-12-14T14:09:03","date_gmt":"2023-12-14T12:09:03","guid":{"rendered":"https:\/\/ktbb.org\/v1\/?page_id=16721"},"modified":"2023-12-14T14:11:05","modified_gmt":"2023-12-14T12:11:05","slug":"13-temmuz-2023-tarihli-5-birlik-yurutme-kurulu-toplantisi","status":"publish","type":"page","link":"https:\/\/ktbb.org\/v1\/13-temmuz-2023-tarihli-5-birlik-yurutme-kurulu-toplantisi\/","title":{"rendered":"13 Temmuz 2023 Tarihli 5. Birlik Y\u00fcr\u00fctme Kurulu Toplant\u0131s\u0131"},"content":{"rendered":"<p><strong>Karar No: 27 \/2023<\/strong><\/p>\n<p>K.T. Belediyeler Birli\u011fi ile K\u0131br\u0131s T\u00fcrk Bar\u0131\u015f Kuvvetleri Komutanl\u0131\u011f\u0131 ve G\u00fcvenlik Kuvvetleri Komutanl\u0131\u011f\u0131 Aras\u0131nda \u0130mzalanan Belediye \u015eebeke Su \u00a0Bedelinin \u00f6denmesine ili\u015fkin Protokol\u00fc yenilenmesi i\u00e7in KKTC Ba\u015fbakanl\u0131\u011f\u0131\u2019na ve ilgili kurum, kurulu\u015flara \u00a0yaz\u0131 yaz\u0131lmas\u0131na, 2012 y\u0131l\u0131nda K\u0131br\u0131s T\u00fcrk Bar\u0131\u015f Kuvvetleri Komutanl\u0131\u011f\u0131 \u00a0ve 2017 y\u0131l\u0131nda G\u00fcvenlik Kuvvetleri Komutanl\u0131\u011f\u0131 ile yap\u0131lan Protokol\u00fcne at\u0131fta bulunarak su oranlar\u0131 miktarlar\u0131nda, Belediyelerin herhangi bir ma\u011fduriyet ya\u015famamas\u0131 \u015feklinde d\u00fczenlenmesine oy birli\u011fi ile karar verilir.<\/p>\n<p>&nbsp;<\/p>\n<p><strong>Karar No: 28 \/2023<\/strong><\/p>\n<p>Ortak Ara\u00e7 Park\u0131m\u0131za ait \u0130\u015f makinelerinin g\u00fcnl\u00fck kira \u00fccreti 1 Temmuz 2023 tarih itibar\u0131 ile g\u00fcnl\u00fck kira bedellerinin 1.000 TL\u2019den 2.000 TL olmas\u0131na oy birli\u011fi ile karar verilir.<\/p>\n<p>&nbsp;<\/p>\n<p><strong>Karar No: 29 \/2023<\/strong><\/p>\n<p>Belediyelerin t\u00fcz\u00fck \u00e7al\u0131\u015fmalar\u0131n\u0131n kendi meclislerinden ge\u00e7mesi ve \u0130\u00e7i\u015fleri Bakanl\u0131\u011f\u0131\u2019na g\u00f6nderilmesine ra\u011fmen, Bakanlar Kurulundan ge\u00e7memesi nedeni ile ya\u015fam\u0131\u015f olduklar\u0131 s\u0131k\u0131nt\u0131lar\u0131 belirten, 16 May\u0131s 2023 Say\u0131: BLD.0.00-001\/03-23\/E.103 tarihindeki yaz\u0131m\u0131zda belirtmi\u015ftik. Bu yaz\u0131ya ilaveten \u0130\u00e7i\u015fleri Bakanl\u0131\u011f\u0131\u2019na ya\u015fanan ma\u011fduriyeti dile getirmek amac\u0131 ile bir yaz\u0131 yaz\u0131lmas\u0131 ve bir ay i\u00e7inde ilgili Belediye t\u00fcz\u00fcklerinin ge\u00e7ilmemesi halinde, yasal i\u015flem yap\u0131laca\u011f\u0131 hususunda oy birli\u011fi ile karar verilir.<\/p>\n<p>&nbsp;<\/p>\n<p><strong>Karar No: 30\/ 2023<\/strong><\/p>\n<p>Cumhuriyet Meclisi\u2019nde haz\u0131rlanan Yasa Tasar\u0131lar\u0131yla ilgili de bilgilendirme yap\u0131ld\u0131. Toplant\u0131da 51\/95 say\u0131l\u0131 Belediyeler Yasas\u0131 ve \u0130mar Yasas\u0131\u2019nda yap\u0131lmas\u0131 d\u00fc\u015f\u00fcn\u00fclen de\u011fi\u015fiklikler konusunda bilgi verildi. Cumhuriyet Meclisinde yap\u0131lacak komite toplant\u0131lar\u0131na, Belediye Ba\u015fkanlar\u0131m\u0131z \u2019da kat\u0131larak bu konudaki g\u00f6r\u00fc\u015f ve d\u00fc\u015f\u00fcncelerini komite safhas\u0131nda \u00f6neriler halinde katk\u0131 da bulunaca\u011f\u0131 i\u00e7in, her siyasi partiden birer temsilci belirleyerek de \u00e7al\u0131\u015fmalarda yer alaca\u011f\u0131na oy birli\u011fi ile karar verilir.<\/p>\n<p>&nbsp;<\/p>\n<p><strong>Karar No: 31\/ 2023<\/strong><\/p>\n<p>Belediyelerin mali a\u00e7\u0131dan ya\u015fad\u0131\u011f\u0131 s\u0131k\u0131nt\u0131 ve sorunlar\u0131n a\u015f\u0131lmas\u0131 i\u00e7in Merkezi H\u00fck\u00fcmet ile temaslar ger\u00e7ekle\u015ftirilmesi y\u00f6n\u00fcnde g\u00f6r\u00fc\u015f birli\u011fine var\u0131ld\u0131. Bu ba\u011flamda, Birlik Ba\u015fkan\u0131 ve Birlik Y\u00fcr\u00fctme Kurulu \u00dcyeleri ile birlikte, KKTC Ba\u015fbakan\u0131, \u0130\u00e7i\u015fleri Bakan\u0131 ve Maliye Bakan\u0131 ile toplant\u0131 yap\u0131lmas\u0131 i\u00e7in oy birli\u011fi ile karar al\u0131nd\u0131.<\/p>\n<p>&nbsp;<\/p>\n<p><strong>Karar No: 32\/ 2023<\/strong><\/p>\n<p>6 Eyl\u00fcl 2023 ve 10 Eyl\u00fcl 2023 tarihleri aras\u0131nda belirlenen g\u00fcnlerde T\u00fcrkiye\u2019 de k\u00fclt\u00fcr ve ara\u015ft\u0131rma gezisi yap\u0131lmas\u0131na, bu geziye Belediye Ba\u015fkanlar\u0131 ve e\u015flerinin ayr\u0131ca K.T. Belediyeler Birli\u011fi g\u00f6revli personelinin de kat\u0131lmas\u0131na ve masraflar\u0131n\u0131n, K.T. Belediyeler Birli\u011fi Genel B\u00fct\u00e7esinden kar\u015f\u0131lanmas\u0131na oy birli\u011fi ile karar verilir.<\/p>\n<p>&nbsp;<\/p>\n<p><strong>Karar No: 33\/ 2023<\/strong><\/p>\n<p>1 Temmuz 2023 tarihi itibari ile Ma\u011fusa ve Girne\u2019de bulunan K.T. Belediyeler Birli\u011fi\u2019ne ait binalar\u0131n kiralar\u0131n\u0131n mevcut s\u00f6zle\u015fmelerindeki miktar\u0131n iki kat\u0131na \u00e7\u0131kart\u0131lmas\u0131na oy birli\u011fi ile karar verilmi\u015ftir. \u00c7al\u0131\u015fkan Ekmek F\u0131r\u0131n\u0131 i\u00e7in kira bedelinin 4.966.00 TL, Z\u00fcbeyir Yanal i\u00e7in ise 5.380.00 TL, olmas\u0131na oybirli\u011fi ile karar verildi.<\/p>\n<p>&nbsp;<\/p>\n<p><strong>\u00a0<\/strong><strong>Karar No: 34\/ 2023<\/strong><\/p>\n<p><strong>\u00a0<\/strong>Uluslararas\u0131 Tar\u0131m \u015eehirleri Birli\u011fi (AGRICITIES) taraf\u0131ndan Ba\u015fkanl\u0131\u011fa g\u00f6nderilen toplant\u0131 daveti \u00fczerine, \u00fcyesi olan Tatl\u0131su Belediye Ba\u015fkan\u0131 Say\u0131n Ahmet Hayri Or\u00e7an ile Beyarmudu Belediye Ba\u015fkan\u0131 Say\u0131n B\u00fclent Bebek\u2019in 19-20 Temmuz 2023 tarihlerinde Samsun\u2019da ger\u00e7ekle\u015ftirilecek olan \u0130kinci K\u00fcresel Tar\u0131m Forumu\u2019na kat\u0131lmas\u0131na ve masraflar\u0131n\u0131n K.T. Belediyeler Birli\u011fi genel b\u00fct\u00e7esinden kar\u015f\u0131lanmas\u0131 oy birli\u011fi ile karar verildi.<\/p>\n<p><strong>\u00a0<\/strong><\/p>\n<p><strong>Karar No: 35\/2023<\/strong><\/p>\n<p>Belediyelere verilen ortak havuz katk\u0131s\u0131 i\u015fleyi\u015fi ve uzun zamand\u0131r Belediyelere \u00f6denmeyen Trafik \u00e7eklerinin tahsili konusunda Maliye Bakanl\u0131\u011f\u0131ndan bir toplant\u0131 talep edilmesi y\u00f6n\u00fcnde karar al\u0131nd\u0131. Toplant\u0131ya Birlik Ba\u015fkan\u0131 ve Birlik Y\u00fcr\u00fctme Kurulu \u00fcyelerinde kat\u0131lmas\u0131na oy birli\u011fi ile karar verildi.<\/p>\n<p><strong>\u00a0<\/strong><\/p>\n<p><strong>Karar No: 36\/ 2023<\/strong><\/p>\n<p>\u00d6nceki\u00a0 ve \u015fimdi g\u00f6revde olan Belediye Ba\u015fkanlar\u0131m\u0131z\u0131n bir\u00a0 Birlik kurmalar\u0131\u00a0 y\u00f6n\u00fcnde de \u00e7al\u0131\u015fma ba\u015flat\u0131lmalar\u0131na \u00a0oy birli\u011fi ile\u00a0 karar\u0131 verildi.<\/p>\n<p>&nbsp;<\/p>\n","protected":false},"excerpt":{"rendered":"<p>Karar No: 27 \/2023 K.T. Belediyeler Birli\u011fi ile K\u0131br\u0131s T\u00fcrk [&hellip;]<\/p>\n","protected":false},"author":10,"featured_media":0,"parent":0,"menu_order":0,"comment_status":"closed","ping_status":"closed","template":"","meta":{"footnotes":""},"class_list":["post-16721","page","type-page","status-publish","hentry"],"_links":{"self":[{"href":"https:\/\/ktbb.org\/v1\/wp-json\/wp\/v2\/pages\/16721","targetHints":{"allow":["GET"]}}],"collection":[{"href":"https:\/\/ktbb.org\/v1\/wp-json\/wp\/v2\/pages"}],"about":[{"href":"https:\/\/ktbb.org\/v1\/wp-json\/wp\/v2\/types\/page"}],"author":[{"embeddable":true,"href":"https:\/\/ktbb.org\/v1\/wp-json\/wp\/v2\/users\/10"}],"replies":[{"embeddable":true,"href":"https:\/\/ktbb.org\/v1\/wp-json\/wp\/v2\/comments?post=16721"}],"version-history":[{"count":2,"href":"https:\/\/ktbb.org\/v1\/wp-json\/wp\/v2\/pages\/16721\/revisions"}],"predecessor-version":[{"id":16724,"href":"https:\/\/ktbb.org\/v1\/wp-json\/wp\/v2\/pages\/16721\/revisions\/16724"}],"wp:attachment":[{"href":"https:\/\/ktbb.org\/v1\/wp-json\/wp\/v2\/media?parent=16721"}],"curies":[{"name":"wp","href":"https:\/\/api.w.org\/{rel}","templated":true}]}}