{"id":17,"date":"2015-03-07T07:29:13","date_gmt":"2015-03-07T07:29:13","guid":{"rendered":"http:\/\/ktbb.org\/v1\/?page_id=17"},"modified":"2024-05-14T11:22:31","modified_gmt":"2024-05-14T09:22:31","slug":"iletisim","status":"publish","type":"page","link":"https:\/\/ktbb.org\/v1\/iletisim\/","title":{"rendered":"\u0130leti\u015fim"},"content":{"rendered":"<div class=\"fusion-fullwidth fullwidth-box fusion-builder-row-1 nonhundred-percent-fullwidth non-hundred-percent-height-scrolling\" style=\"--awb-border-radius-top-left:0px;--awb-border-radius-top-right:0px;--awb-border-radius-bottom-right:0px;--awb-border-radius-bottom-left:0px;\" ><div class=\"fusion-builder-row fusion-row\"><div class=\"fusion-layout-column fusion_builder_column fusion-builder-column-0 fusion_builder_column_1_1 1_1 fusion-one-full fusion-column-first fusion-column-last\" style=\"--awb-bg-size:cover;\"><div class=\"fusion-column-wrapper fusion-column-has-shadow fusion-flex-column-wrapper-legacy\"><div class=\"fusion-text fusion-text-1\"><p><strong>K\u0131br\u0131s T\u00fcrk Belediyeler Birli\u011fi\u00a0 \u00a0 \u00a0 \u00a0 \u00a0 \u00a0 \u00a0 \u00a0 \u00a0 \u00a0 \u00a0 \u00a0 \u00a0 \u00a0 \u00a0 \u00a0 \u00a0 \u00a0 \u00a0 \u00a0 \u00a0 \u00a0 \u00a0 \u00a0 \u00a0 \u00a0 \u00a0 \u00a0 \u00a0 \u00a0 \u00a0 \u00a0 \u00a0 \u00a0 \u00a0 \u00a0 \u00a0 \u00a0 \u00a0 \u00a0<\/strong><\/p>\n<p><strong>Adres: P. K. 480 Selimiye Meydan\u0131, Lefko\u015fa<\/strong><\/p>\n<p><strong>Tel: +90 392 227 8417 &#8211; +90 392 227 5895 &#8211; +90 392 228 74 20 &#8211; +90 392 229 22 41\u00a0<\/strong><\/p>\n<p><strong>Fax: +90 392 229 22 43\u00a0<\/strong><\/p>\n<p><strong>E-mail: ktbb@ktbb.net<\/strong><\/p>\n<p><strong><a href=\"http:\/\/ktbb.org\/v1\/belediyelerin-iletisim-numaralari\/\">Belediyelerin \u0130leti\u015fim Numaralar\u0131 i\u00e7in t\u0131klay\u0131n\u0131z&gt;&gt;&gt;<\/a><\/strong><\/p>\n<p>_____________________________________________________________________________________________________<\/p>\n<p><strong>Birlik M\u00fcd\u00fcr\u00fc: Muammer G\u00dcNE\u015e<\/strong><\/p>\n<p><strong>Tel: 0539 102 94 02 \/\/ E-mail: m.gunes1907@gmail.com<\/strong><\/p>\n<p>_____________________________________________________________________________________________________<\/p>\n<p><strong>Mali \u0130\u015fler Amiri: Emine HAYDARO\u011eULLARI<\/strong><\/p>\n<p><strong>Tel: 0539 102 94 03 \/\/ E-mail: emine@ktbb.net<\/strong><\/p>\n<p>_____________________________________________________________________________________________________<\/p>\n<p><strong>D\u0131\u015f \u0130li\u015fkiler Sorumlusu: Merih BEYDOLA<\/strong><\/p>\n<p><strong>Tel: 0539 102 94 04 \/\/ E-mail: m.beydola@ktbb.net<\/strong><\/p>\n<p>_____________________________________________________________________________________________________<\/p>\n<p><strong>\u0130dari Memuru: Nazan \u00d6ZLAT\u0130F<\/strong><\/p>\n<p><strong>Tel: 0539 102 94 06 \/\/ E-mail: nazanozlatif@ktbb.net<\/strong><\/p>\n<p>_____________________________________________________________________________________________________<\/p>\n<p><strong>D\u0131\u015f \u0130li\u015fkiler Memuru: Ay\u015fe OYAL\u00a0<\/strong><\/p>\n<p><strong>Tel: 0539 102 94 12 \/\/ E-mail: ayse.oyal@ktbb.net<\/strong><\/p>\n<p>_____________________________________________________________________________________________________<\/p>\n<p><strong>Bas\u0131n ve Halkla \u0130li\u015fkiler Memuru: Sevim BASR\u0130<\/strong><\/p>\n<p><strong>Tel: 0539 102 94 05 \/\/ E-mail: sevim@ktbb.net<\/strong><\/p>\n<p>_____________________________________________________________________________________________________<\/p>\n<p><strong>Sekreter: Seher \u015eANLIEL<\/strong><\/p>\n<p><strong>Tel: 0539 135 84 29 \/\/ E-mail: seher@ktbb.net<\/strong><\/p>\n<\/div><div class=\"fusion-clearfix\"><\/div><\/div><\/div><\/div><\/div>\n","protected":false},"excerpt":{"rendered":"","protected":false},"author":9,"featured_media":0,"parent":0,"menu_order":0,"comment_status":"open","ping_status":"closed","template":"","meta":{"footnotes":""},"class_list":["post-17","page","type-page","status-publish","hentry"],"_links":{"self":[{"href":"https:\/\/ktbb.org\/v1\/wp-json\/wp\/v2\/pages\/17","targetHints":{"allow":["GET"]}}],"collection":[{"href":"https:\/\/ktbb.org\/v1\/wp-json\/wp\/v2\/pages"}],"about":[{"href":"https:\/\/ktbb.org\/v1\/wp-json\/wp\/v2\/types\/page"}],"author":[{"embeddable":true,"href":"https:\/\/ktbb.org\/v1\/wp-json\/wp\/v2\/users\/9"}],"replies":[{"embeddable":true,"href":"https:\/\/ktbb.org\/v1\/wp-json\/wp\/v2\/comments?post=17"}],"version-history":[{"count":42,"href":"https:\/\/ktbb.org\/v1\/wp-json\/wp\/v2\/pages\/17\/revisions"}],"predecessor-version":[{"id":17733,"href":"https:\/\/ktbb.org\/v1\/wp-json\/wp\/v2\/pages\/17\/revisions\/17733"}],"wp:attachment":[{"href":"https:\/\/ktbb.org\/v1\/wp-json\/wp\/v2\/media?parent=17"}],"curies":[{"name":"wp","href":"https:\/\/api.w.org\/{rel}","templated":true}]}}