{"id":17544,"date":"2024-04-17T09:46:31","date_gmt":"2024-04-17T07:46:31","guid":{"rendered":"https:\/\/ktbb.org\/v1\/?page_id=17544"},"modified":"2024-04-17T09:47:05","modified_gmt":"2024-04-17T07:47:05","slug":"7-mart-2024-tarihli-1-birlik-yurutme-kurulu-toplantisi","status":"publish","type":"page","link":"https:\/\/ktbb.org\/v1\/7-mart-2024-tarihli-1-birlik-yurutme-kurulu-toplantisi\/","title":{"rendered":"7 Mart 2024 Tarihli 1. Birlik Y\u00fcr\u00fctme Kurulu Toplant\u0131s\u0131"},"content":{"rendered":"<p><strong>Karar No: 1 \/2024<\/strong><\/p>\n<p>K.T. Belediyeler Birli\u011fi Y\u00fcr\u00fctme Kurulu haz\u0131rlanan 2023 y\u0131l\u0131 Kesin Hesaplar\u0131n\u0131 okunduktan sonra g\u00f6r\u00fc\u015fm\u00fc\u015f olup, K.T. Belediyeler Birli\u011fi Genel Y\u00f6netim Kurulunun onay\u0131na sunulmas\u0131na oy birli\u011fi ile karar vermi\u015ftir.<\/p>\n<p><strong>Karar No : 2 \/ 2024 <\/strong><\/p>\n<p>K.T. Belediyeler Birli\u011fi Y\u00fcr\u00fctme Kurulu, haz\u0131rlanan 2024 y\u0131l\u0131 Genel B\u00fct\u00e7e Tasar\u0131s\u0131n\u0131 okunduktan sonra g\u00f6r\u00fc\u015fm\u00fc\u015f olup Birlik Genel Y\u00f6netim Kurulunun onay\u0131na sunulmas\u0131na oy birli\u011fi ile karar vermi\u015ftir.<\/p>\n<p><strong>Karar No : 3 \/ 2024 <\/strong><\/p>\n<p>K.T. Belediyeler Birli\u011fi Y\u00fcr\u00fctme Kurulu haz\u0131rlanan 2023 y\u0131l\u0131 Faaliyet Raporunu okunduktan sonra g\u00f6r\u00fc\u015fm\u00fc\u015f olup Birlik Genel Y\u00f6netim Kurulunun onay\u0131na sunulmas\u0131na oy birli\u011fi ile karar vermi\u015ftir.<\/p>\n<p><strong>\u00a0<\/strong><\/p>\n<p>&nbsp;<\/p>\n","protected":false},"excerpt":{"rendered":"<p>Karar No: 1 \/2024 K.T. Belediyeler Birli\u011fi Y\u00fcr\u00fctme Kurulu haz\u0131rlanan [&hellip;]<\/p>\n","protected":false},"author":10,"featured_media":0,"parent":0,"menu_order":0,"comment_status":"closed","ping_status":"closed","template":"","meta":{"footnotes":""},"class_list":["post-17544","page","type-page","status-publish","hentry"],"_links":{"self":[{"href":"https:\/\/ktbb.org\/v1\/wp-json\/wp\/v2\/pages\/17544","targetHints":{"allow":["GET"]}}],"collection":[{"href":"https:\/\/ktbb.org\/v1\/wp-json\/wp\/v2\/pages"}],"about":[{"href":"https:\/\/ktbb.org\/v1\/wp-json\/wp\/v2\/types\/page"}],"author":[{"embeddable":true,"href":"https:\/\/ktbb.org\/v1\/wp-json\/wp\/v2\/users\/10"}],"replies":[{"embeddable":true,"href":"https:\/\/ktbb.org\/v1\/wp-json\/wp\/v2\/comments?post=17544"}],"version-history":[{"count":2,"href":"https:\/\/ktbb.org\/v1\/wp-json\/wp\/v2\/pages\/17544\/revisions"}],"predecessor-version":[{"id":17546,"href":"https:\/\/ktbb.org\/v1\/wp-json\/wp\/v2\/pages\/17544\/revisions\/17546"}],"wp:attachment":[{"href":"https:\/\/ktbb.org\/v1\/wp-json\/wp\/v2\/media?parent=17544"}],"curies":[{"name":"wp","href":"https:\/\/api.w.org\/{rel}","templated":true}]}}