{"id":18410,"date":"2024-09-05T11:11:20","date_gmt":"2024-09-05T09:11:20","guid":{"rendered":"https:\/\/ktbb.org\/v1\/?page_id=18410"},"modified":"2024-09-05T11:11:20","modified_gmt":"2024-09-05T09:11:20","slug":"7-mayis-2024-tarihli-2-birlik-yurutme-kurulu-toplantisi","status":"publish","type":"page","link":"https:\/\/ktbb.org\/v1\/7-mayis-2024-tarihli-2-birlik-yurutme-kurulu-toplantisi\/","title":{"rendered":"7 May\u0131s 2024 Tarihli 2. Birlik Y\u00fcr\u00fctme Kurulu Toplant\u0131s\u0131"},"content":{"rendered":"<p><strong>Karar No: 4\/ 2024 <\/strong><\/p>\n<p>&nbsp;<\/p>\n<p>Yol S\u00fcp\u00fcrme makinalar\u0131 ekipmanlar\u0131 ve t\u00fcm\u00a0 i\u015f makinalar\u0131n\u0131n \u00a02. el olarak al\u0131nmas\u0131 durumunda KDV muafiyetinden\u00a0 yararlanmak i\u00e7in Maliye Bakanl\u0131\u011f\u0131na bir yaz\u0131 g\u00f6nderilmesine, ayr\u0131ca yap\u0131lacak toplu i\u015f makinalar\u0131 \u00a0al\u0131m\u0131 ile ilgili \u00e7al\u0131\u015fma yapmas\u0131 i\u00e7in \u00a0Birlik Ba\u015fkan\u0131na\u00a0 yetki verilmesine oy birli\u011fi ile karar verilmi\u015ftir.<\/p>\n<p>&nbsp;<\/p>\n<p><strong>Karar No: 5\/ 2024<\/strong><\/p>\n<p><strong>\u00a0<\/strong><\/p>\n<p>51\/ 95 Say\u0131l\u0131 Belediyeler Yasas\u0131n\u0131n 108. Maddesinde d\u00fczenlenmi\u015f olan Devlet Katk\u0131 Pay\u0131n\u0131n % 9.25\u2019 ten ( y\u00fczde dokuz nokta yirmi be\u015f) % 10\u2019a \u00a0( y\u00fczde on)art\u0131r\u0131lmas\u0131 i\u00e7in yap\u0131lan Yasal d\u00fczenleme \u00e7al\u0131\u015fmas\u0131n\u0131n \u00a0\u0130\u00e7i\u015fleri Bakanl\u0131\u011f\u0131&#8217;na g\u00f6nderilmesine Oybirli\u011fi ile karar verilmi\u015ftir.<\/p>\n<p>&nbsp;<\/p>\n<p>&nbsp;<\/p>\n<p><strong>Karar No: 6\/ 2024<\/strong><\/p>\n<p>&nbsp;<\/p>\n<p>Maliye Bakanl\u0131\u011f\u0131&#8217;ndan, Ta\u015f\u0131nmaz Mal Vergisi&#8217;nin hayat pahal\u0131l\u0131\u011f\u0131 oran\u0131nda art\u0131r\u0131lmas\u0131 i\u00e7in\u00a0 Yasal d\u00fczenleme yap\u0131lmas\u0131 \u00a0talebinde bulunulmas\u0131na \u00a0oy birli\u011fi ile karar verilmi\u015ftir.<\/p>\n<p><strong>\u00a0<\/strong><strong>\u00a0<\/strong><\/p>\n<p><strong>Karar No: 7\/ 2024<\/strong><\/p>\n<p><strong>\u00a0<\/strong><\/p>\n<p>K.T. Belediyeler Birli\u011fi&#8217;ne ait ta\u015f\u0131nmaz mallar\u0131n \u00a0kira s\u00f6zle\u015fmelerinin\u00a0 30. 6. 2024 tarihine sona erecek olmas\u0131 \u00a0nedeni ile tekrardan yenilenecek olan kira s\u00f6zle\u015fmelerinde ayl\u0131k kira bedellerinin hayat pahal\u0131l\u0131\u011f\u0131 oran\u0131nda revize edilmesine oy birli\u011fi ile karar verilmi\u015ftir.<\/p>\n<p>&nbsp;<\/p>\n<p><strong>Karar No: 8\/ 2024<\/strong><\/p>\n<p><strong>\u00a0<\/strong><\/p>\n<p>7 Mart 2024 tarihli 82. Genel Kurul Toplant\u0131s\u0131&#8217;nda al\u0131nan 64\/ 2024 Nolu karar do\u011frultusunda \u00a0d\u00fcnyada \u00f6nde gelen ve Almanya\u2019da d\u00fczenlenecek olan \u00a0Ticaret Fuar\u0131na (IFAT) kat\u0131lacak olan Birlik Ba\u015fkan\u0131&#8217;na \u00f6nceden avans verilmesine oy birli\u011fi ile karar verilmi\u015ftir.<\/p>\n<p>&nbsp;<\/p>\n<p><strong>\u00a0<\/strong><\/p>\n<p><strong>Karar No: 9\/ 2024<\/strong><\/p>\n<p>&nbsp;<\/p>\n<p>K.T. Belediyeler Birli\u011fi ortak Ara\u00e7 park\u0131nda mevcut olan JCB marka ekskavat\u00f6r\u00fcn tamiri i\u00e7in Artesa Trading Co. Ltd. taraf\u0131ndan verilen teklifin onaylanmas\u0131na oy birli\u011fi ile karar verilmi\u015ftir.<\/p>\n<p>&nbsp;<\/p>\n<p><strong>Karar No: 10\/ 2024 <\/strong><\/p>\n<p>&nbsp;<\/p>\n<p>Vak\u0131flar \u0130daresine ait olup K.T. Belediyeler Birli\u011fi&#8217;nin de \u00a0\u00a0kirac\u0131s\u0131 oldu\u011fu Birlik ana binas\u0131n\u0131n \u00a0Vak\u0131flar \u0130daresi&#8217;nden \u00a0\u00a0gelen kira bedeli y\u00fckseltilmesi ile ilgili yeni kira\u00a0 bedeli talebinin y\u00fcksek oldu\u011fu g\u00f6r\u00fc\u015f\u00fcnde oldu\u011funa karar verildi\u011finden, \u00a0yeniden g\u00f6zden ge\u00e7irilmesi ve bu binaya Belediyeler Birli\u011fi taraf\u0131ndan yap\u0131lan t\u00fcm tadilat giderlerinin \u00a0kira bedelinden d\u00fc\u015f\u00fcr\u00fclmesi talebi i\u00e7in Vak\u0131flar \u0130daresi&#8217;ne yaz\u0131l\u0131 olarak bildirilmesine oy birli\u011fi ile karar verilmi\u015ftir.<\/p>\n<p>&nbsp;<\/p>\n<p><strong>\u00a0<\/strong><\/p>\n<p><strong>Karar : 11\/ 2024 <\/strong><\/p>\n<p>&nbsp;<\/p>\n<p>42\/ 2020 nolu\u00a0 karar ile K.T. Belediyeler Birli\u011finde g\u00f6revli bulunan personelin g\u00f6rev tan\u0131mlamas\u0131 yap\u0131lmas\u0131 ve 28\/ 2023 nolu karar ile y\u00f6neticilik s\u0131n\u0131f\u0131na girecek personel ile ilgili gerekli d\u00fczenlemelerin ve intibaklar\u0131n haz\u0131rlanan personel T\u00fcz\u00fc\u011f\u00fcn\u00fcn \u0130\u00e7i\u015fleri Bakanl\u0131\u011f\u0131na yaz\u0131l\u0131 olarak sunulmas\u0131 neticesinde gelen cevap do\u011frultusunda,\u00a0 K.T. Belediyeler Birli\u011fi \u0130dari Amir memuru Muammer G\u00fcne\u015f&#8217;in, \u00a0Birlik M\u00fcd\u00fcr\u00fc ve Mali \u0130\u015fler Sorumlusu memuru Emine Haydaro\u011fullar\u0131&#8217;n\u0131n , Mali \u0130\u015fler Amiri olarak herhangi bir barem de\u011fi\u015fikli\u011fi yap\u0131lmadan yeni g\u00f6rev tan\u0131mlar\u0131na atanmas\u0131na, Ayr\u0131ca mevcut kadrolarda \u00e7al\u0131\u015fan personelin de haklar\u0131na halel gelmeksizin yap\u0131lacak yeni K.T. Belediyeler Birli\u011fi Yasas\u0131&#8217;n\u0131n \u0130\u00e7i\u015fleri Bakanl\u0131\u011f&#8217;\u0131na sunulmas\u0131na oy birli\u011fi ile karar verilmi\u015ftir.<\/p>\n<p>&nbsp;<\/p>\n<p><strong>Karar No: 12\/ 2024 <\/strong><\/p>\n<p>&nbsp;<\/p>\n<p>Say\u0131\u015ftay Ba\u015fkanl\u0131\u011f\u0131n\u0131n Birli\u011fimizi denetleme s\u00fcrecinde, Birli\u011fimize sundu\u011fu savunma \u00a0sorular\u0131nda ve bilgi \u2013 belge talebinde \u00a0Birlik Avukat\u0131 Say\u0131n M\u00fcjgan Irkad\u2019\u0131n Ocak \u2013 \u015eubat 2024 aylar\u0131nda Say\u0131\u015ftay Ba\u015fkanl\u0131\u011f\u0131n\u0131n talepleri ile ilgili \u00a0fazladan \u00e7al\u0131\u015fma yapmas\u0131 sebebi ile Belediyeler Birli\u011fine hukuki hizmetleri ile ilgili ald\u0131\u011f\u0131 hizmet bedeline \u00a0ek olarak,\u00a0 \u0130ki asgari \u00fccret + %16 KDV verilmesine oy birli\u011fi ile karar verilmi\u015ftir.<\/p>\n<p><strong>\u00a0<\/strong><\/p>\n<p><strong>\u00a0<\/strong><\/p>\n<p><strong>Karar No: 13\/ 2024<\/strong><\/p>\n<p>&nbsp;<\/p>\n<p>13- 15 May\u0131s 2024 tarihlerinde Konya\u2019 da yap\u0131lacak olan \u0130slam Ba\u015fkentleri \u00a0Yerel Y\u00f6netimler toplant\u0131s\u0131na K.T. Belediyeler Birli\u011fi Y\u00fcr\u00fctme Kurulu \u00fcyesi, Tatl\u0131su Belediye Ba\u015fkan\u0131 Say\u0131n A. Hayri Or\u00e7an ve K.T. Belediyeler Birli\u011fi Birlik M\u00fcd\u00fcr\u00fc Say\u0131n Muammer G\u00fcne\u015f\u2019in K.T. Belediyeler Birli\u011fini temsil etmesi i\u00e7in g\u00f6revlendirilmesine, ayr\u0131ca u\u00e7ak biletlerinin, yolluk \u00fccretlerinin ve t\u00fcm yapacaklar\u0131 harcamalar\u0131n K.T. Belediyeler Birli\u011fi Genel B\u00fct\u00e7esinden kar\u015f\u0131lanmas\u0131na oybirli\u011fi ile karar verilmi\u015ftir.<\/p>\n<p>&nbsp;<\/p>\n<p>&nbsp;<\/p>\n<p><strong>Karar : 14\/ 2024 <\/strong><\/p>\n<p>K.T. Belediyeler Birli\u011fi Ortak Ara\u00e7 Park\u0131 g\u00fcnl\u00fck park \u00fccretinin 1 Nisan 2024 tarihi itibar\u0131 ile \u00a04000 TL olmas\u0131na oy birli\u011fi ile karar verilmi\u015ftir.<\/p>\n<p>&nbsp;<\/p>\n<p><strong>Karar : 15\/ 2024<\/strong><\/p>\n<p><strong>\u00a0<\/strong><\/p>\n<p>10 \u2013 12 Haziran 2024 tarihleri aras\u0131nda Strazbourgda Yerel ve B\u00f6lgesel Y\u00f6netimler Kongresi \u0130dari \u0130\u015fler Komite toplant\u0131s\u0131na kat\u0131lacak olan K.T. Belediyeler Birli\u011fi ve G\u00fczelyurt Belediye Ba\u015fkan\u0131 Say\u0131n \u00d6z\u00e7\u0131nar ve G\u00f6nyeli \u2013 Alayk\u00f6y Belediye Ba\u015fkan\u0131 Say\u0131n H\u00fcseyin Amcao\u011flu&#8217;nun bilet, konaklama, ula\u015f\u0131m ve t\u00fcm harcamalar\u0131n\u0131n K.T. Belediyeler Birli\u011fi Genel B\u00fct\u00e7esi&#8217;nden kar\u015f\u0131lanmas\u0131na oy birli\u011fi ile karar verilmi\u015ftir.<\/p>\n<p>&nbsp;<\/p>\n<p><strong>Karar: 16\/ 2024<\/strong><\/p>\n<p>&nbsp;<\/p>\n<p>31 May\u0131s 3 Haziran aras\u0131 K.K.T.C \u2018 de k\u00fclt\u00fcrel ve ara\u015ft\u0131rma ziyaretinde bulunacak olan T\u00fcrk Cumhuriyeti \u0130\u015f Birli\u011fi Cemiyeti \u0130sti\u015fare Kurulu heyetinin\u00a0 Transfer ve Ula\u015f\u0131m masraflar\u0131n\u0131n K.T. Belediyeler Birli\u011fi Genel B\u00fct\u00e7esi&#8217;nden kar\u015f\u0131lanmas\u0131na oy birli\u011fi ile karar verilmi\u015ftir.<\/p>\n<p>&nbsp;<\/p>\n<p>&nbsp;<\/p>\n<p><strong>Karar: 17\/ 2024<\/strong><\/p>\n<p><strong>1-<\/strong>3\u00a0 Temmuz 20024 tarihleri Aras\u0131nda G\u00fcrcistan&#8217;da yap\u0131lacak olan Yerel ve B\u00f6lgesel Kongresinin \u0130zleme Komitesi toplant\u0131s\u0131na \u00a0kat\u0131lacak olan K.T. Belediyeler Birli\u011fi ve G\u00fczelyurt Belediye Ba\u015fkan\u0131 Say\u0131n Mahmut \u00d6z\u00e7\u0131nar ve Lefko\u015fa Belediye Ba\u015fkan\u0131 Say\u0131n Mehmet Harmanc\u0131&#8217;n\u0131n bilet, konaklama, ula\u015f\u0131m ve t\u00fcm harcamalar\u0131n\u0131n K.T. Belediyeler Birli\u011fi Genel B\u00fct\u00e7esi&#8217;nden kar\u015f\u0131lanmas\u0131na oy birli\u011fi ile karar verilmi\u015ftir.<\/p>\n<p>&nbsp;<\/p>\n<p><strong>Karar No: 18\/ 2024 <\/strong><\/p>\n<p><strong>\u00a0<\/strong><\/p>\n<p>3- 5 Temmuz 2024 tarihleri aras\u0131nda Satrasbourgda\u00a0 yap\u0131lacak olan Yerel ve B\u00f6lgesel Y\u00f6netimler Kongresi Toplumsal Kat\u0131l\u0131m ve \u0130nsan Onuru Komitesi toplant\u0131s\u0131na kat\u0131lacak olan \u00c7atalk\u00f6y Esentepe Belediye Ba\u015fkan\u0131 Say\u0131n Ceyhun K\u0131rok ve Girne Belediye M\u00fcd\u00fcr\u00fc ve Birlik Delegasyon Sekreteri Say\u0131n H\u00fcseyin K\u00f6le&#8217;nin bilet, konaklama, ula\u015f\u0131m ve t\u00fcm harcamalar\u0131n\u0131n K.T. Belediyeler Birli\u011fi Genel B\u00fct\u00e7esi&#8217;nden kar\u015f\u0131lanmas\u0131na oy birli\u011fi ile karar verilmi\u015ftir.<\/p>\n<p>&nbsp;<\/p>\n<p><strong>Karar No:19\/ 2024 <\/strong><\/p>\n<p>&nbsp;<\/p>\n<p>T\u00fcrkiye \u0130\u015f Bankas\u0131 G\u00fczelyurt \u015eubesi&#8217;ne, K.T. Belediyeler Birli\u011fi ad\u0131na hesap a\u00e7\u0131lmas\u0131na ve internet Bankac\u0131l\u0131\u011f\u0131n\u0131n uygulanmas\u0131 i\u00e7in i\u015flemlerin ba\u015flat\u0131lmas\u0131na\u00a0 oy birli\u011fi ile karar verilmi\u015ftir.<\/p>\n<p>&nbsp;<\/p>\n","protected":false},"excerpt":{"rendered":"<p>Karar No: 4\/ 2024 &nbsp; Yol S\u00fcp\u00fcrme makinalar\u0131 ekipmanlar\u0131 ve [&hellip;]<\/p>\n","protected":false},"author":10,"featured_media":0,"parent":0,"menu_order":0,"comment_status":"closed","ping_status":"closed","template":"","meta":{"footnotes":""},"class_list":["post-18410","page","type-page","status-publish","hentry"],"_links":{"self":[{"href":"https:\/\/ktbb.org\/v1\/wp-json\/wp\/v2\/pages\/18410","targetHints":{"allow":["GET"]}}],"collection":[{"href":"https:\/\/ktbb.org\/v1\/wp-json\/wp\/v2\/pages"}],"about":[{"href":"https:\/\/ktbb.org\/v1\/wp-json\/wp\/v2\/types\/page"}],"author":[{"embeddable":true,"href":"https:\/\/ktbb.org\/v1\/wp-json\/wp\/v2\/users\/10"}],"replies":[{"embeddable":true,"href":"https:\/\/ktbb.org\/v1\/wp-json\/wp\/v2\/comments?post=18410"}],"version-history":[{"count":1,"href":"https:\/\/ktbb.org\/v1\/wp-json\/wp\/v2\/pages\/18410\/revisions"}],"predecessor-version":[{"id":18411,"href":"https:\/\/ktbb.org\/v1\/wp-json\/wp\/v2\/pages\/18410\/revisions\/18411"}],"wp:attachment":[{"href":"https:\/\/ktbb.org\/v1\/wp-json\/wp\/v2\/media?parent=18410"}],"curies":[{"name":"wp","href":"https:\/\/api.w.org\/{rel}","templated":true}]}}