{"id":19136,"date":"2025-02-17T11:12:34","date_gmt":"2025-02-17T09:12:34","guid":{"rendered":"https:\/\/ktbb.org\/v1\/?page_id=19136"},"modified":"2025-02-17T11:12:34","modified_gmt":"2025-02-17T09:12:34","slug":"17-temmuz-2024-tarihli-3-birlik-yurutme-kurulu-toplantisi","status":"publish","type":"page","link":"https:\/\/ktbb.org\/v1\/17-temmuz-2024-tarihli-3-birlik-yurutme-kurulu-toplantisi\/","title":{"rendered":"17 Temmuz 2024 Tarihli 3. Birlik Y\u00fcr\u00fctme Kurulu Toplant\u0131s\u0131"},"content":{"rendered":"<p><strong>Karar No: 20\/2024<\/strong><\/p>\n<p><strong>\u00a0<\/strong><\/p>\n<p>K.T. Belediyeler Birli\u011finin, Ortak Ara\u00e7 Park\u0131nda ihtiya\u00e7 olan ve kendi mali olanaklar\u0131 ile giderilemeyecek durumda olan 1 Adet \u00a0Greyder, 1 Adet Ekskavat\u00f6r,1 Adet Silindir ve 1 Adet \u00a0Dozerin, \u00a0T. C. Lefko\u015fa B\u00fcy\u00fckel\u00e7ili\u011fi Kalk\u0131nma ve Ekonomik \u0130\u015fbirli\u011fi Ofisinden \u00a0(KE\u0130O)\u00a0\u00a0 temininin sa\u011flanmas\u0131 \u00a0ve\u00a0 Belediyeler Birli\u011fine verilmesi i\u00e7in yaz\u0131l\u0131 olarak talepte bulunulmas\u0131na \u00a0oy birli\u011fi ile karar verilir.<\/p>\n<p><strong><u>\u00a0 <\/u><\/strong><\/p>\n<p><strong>\u00a0<\/strong><\/p>\n<p><strong>Karar No: 21\/2024<\/strong><\/p>\n<p><strong>\u00a0<\/strong><\/p>\n<p><strong>\u00a0<\/strong><\/p>\n<p>T\u00fcrkiye-K\u0131br\u0131s T\u00fcrk Cumhuriyeti \u0130\u015fbirli\u011fi Cemiyeti, iki karde\u015f devletimizin Belediyelerini kayna\u015ft\u0131rmak ve ba\u015fta k\u00fclt\u00fcr, sanat, turizm, park-bah\u00e7e ve imar konular\u0131nda, i\u015fbirli\u011fini geli\u015ftirmek konusunda bize g\u00f6nderdi\u011fi davetle ilgili, \u00a0Eyl\u00fcl ay\u0131 i\u00e7erisinde Yerel Y\u00f6netimleri inceleme ve de\u011ferlendirme ziyareti yap\u0131lmas\u0131na oy birli\u011fi ile karar verilmi\u015ftir.<\/p>\n<p>&nbsp;<\/p>\n<p><strong>Karar No : 22\/2024<\/strong><\/p>\n<p><strong>\u00a0<\/strong><\/p>\n<p>T\u00fcrkiye Belediyeler Birli\u011finin \u00a0Ankara\u2019da yapaca\u011f\u0131 ilk Enc\u00fcmen Toplant\u0131s\u0131na, K.T. Belediyeler Birlik Y\u00fcr\u00fctme Kurulu \u00dcyelerin de kat\u0131lmas\u0131 y\u00f6n\u00fcnde oy birli\u011fi ile karar verilmi\u015ftir..<\/p>\n<p>&nbsp;<\/p>\n<p>&nbsp;<\/p>\n<p><strong>Karar\u00a0 No: 23\/2024<\/strong><\/p>\n<p>&nbsp;<\/p>\n<p>G\u00fcndem birde belirtilen K\u0131br\u0131s T\u00fcrk Bar\u0131\u015f Kuvvetleri Komutanl\u0131\u011f\u0131 ve G\u00fcvenlik Kuvvetleri Komutanl\u0131\u011f\u0131 ile K.T. Belediyeler Birli\u011fi aras\u0131nda var olan \u201c \u015eebeke Su Bedelinin \u00d6denmesi \u0130le \u0130lgili Protokol ve Protokola Ek Mutabakat Tutanaklar\u0131\u201d hakk\u0131nda T.C. Lefko\u015fa B\u00fcy\u00fckel\u00e7ili\u011fi Yard\u0131m Heyeti Ba\u015fkanl\u0131\u011f\u0131 ile yap\u0131lan g\u00f6r\u00fc\u015fmede su t\u00fcketim bedeli olarak 7.50 TL m3 den birim fiyat \u00fccret tarifesinin 9.80 TL m3 y\u00fckseltilmesi \u00fczerine birim fiyat\u0131n\u0131n 10.50 TL m3 olarak \u00f6denmesi y\u00f6n\u00fcndeki talebi, Y\u00fcr\u00fctme Kurulu taraf\u0131ndan de\u011ferlendirilmi\u015f ve bu konu ile ilgili Y\u00fcr\u00fctme Kurulundan bir heyet ile Ba\u015fbakanl\u0131ktan randevu al\u0131narak, yap\u0131lacak toplant\u0131da \u0130\u00e7i\u015fleri Bakanl\u0131\u011f\u0131, Maliye Bakanl\u0131\u011f\u0131 ve Tar\u0131m ve Do\u011fal Kaynaklar Bakanl\u0131\u011f\u0131n\u0131n da haz\u0131r olaca\u011f\u0131 bir ortamda toplant\u0131 yap\u0131lmas\u0131na ve talep edilen birim fiyata iyile\u015ftirme yap\u0131labilmesi i\u00e7in Su Dairesine \u00f6denmekte olan 0.50 TL \u2018nin \u00f6denmesinden Belediyelerin muaf tutulmalar\u0131 y\u00f6n\u00fcnde talepte bulunulmas\u0131na, yap\u0131lacak mutabakat\u0131n uygulama tarihinin \u015eubat 2024 ay\u0131ndan ba\u015flamak \u00fczere uygulanmas\u0131 konusunun ve 2024 y\u0131l\u0131 Ekim ay\u0131nda K.T. Bar\u0131\u015f Kuvvetleri ve G\u00fcvenlik Kuvvetlerine sat\u0131lan suyun Birim fiyat\u0131n\u0131n yeniden belirlenmesi konular\u0131nda Ba\u015fbakanl\u0131kta yap\u0131lacak toplant\u0131da g\u00f6r\u00fc\u015f\u00fclmesine oy birli\u011fi ile karar verilir.<\/p>\n<p>&nbsp;<\/p>\n<p>&nbsp;<\/p>\n<p><strong>Karar No : 24\/ 2024<\/strong><\/p>\n<p>&nbsp;<\/p>\n<p>Murat \u015eenkul ve Mehmet Harmanc\u0131n\u0131n \u00f6nerileri \u00fczerine Belediyelerin, G\u00fcvenlik Kuvvetleri ve K.T. Bar\u0131\u015f Kuvvetleri Komutanl\u0131\u011f\u0131na temin etti\u011fi i\u00e7me ve kullan\u0131m suyu bedellerinin Merkezi Y\u00f6netim Genel B\u00fct\u00e7esinden savunma kalemi alt\u0131nda \u00f6denek ayr\u0131lmas\u0131 ve 2025 y\u0131l\u0131 itibar\u0131 ile su sat\u0131\u015f bedelinin Genel B\u00fct\u00e7eye konarak, ilgili kalemden \u00f6denmesi y\u00f6n\u00fcnde Ba\u015fbakanl\u0131ktan yaz\u0131l\u0131 olarak talepte bulunulmas\u0131na oy birli\u011fi ile karar verilmi\u015ftir.<\/p>\n<p>&nbsp;<\/p>\n<p>&nbsp;<\/p>\n<p><strong>Karar No : 25\/ 2024 <\/strong><\/p>\n<p><strong>\u00a0<\/strong><\/p>\n<p>K.T. Belediyeler Birli\u011fi Genel B\u00fct\u00e7esinin 1.99.01.01.3.9.00.1.05.3.2.90 hesap numaral\u0131, Belediyelere Katk\u0131 Kaleminden, Belediyelerin yasal ve kurumsal yap\u0131lar\u0131n\u0131 geli\u015ftirmek i\u00e7in \u00e7al\u0131\u015fmalar yapmak \u00fczere ve k\u00fclt\u00fcrel faaliyetlerinin geli\u015ftirmesine katk\u0131 sa\u011flamak i\u00e7in yapmakta olduklar\u0131 festivallerde kullanmak \u00fczere Belediyelere ait olan ve sunacaklar\u0131 faturalar kar\u015f\u0131l\u0131\u011f\u0131nda olmak \u00fczere her Belediyeye 80.000 TL \u00a0\u00a0(Seksen Bin TL ) \u00f6denmesi y\u00f6n\u00fcnde oybirli\u011fi ile karar verilmi\u015ftir.<\/p>\n<p>&nbsp;<\/p>\n<p><strong>Karar: 26 \/ 2024<\/strong><\/p>\n<p><strong>\u00a0<\/strong><\/p>\n<p>24 \u2013 25 Temmuz 2024 tarihlerinde \u0130stanbul da ger\u00e7ekle\u015fecek olan T\u00fcrk D\u00fcnyas\u0131 Belediyeler Birli\u011fi Y\u00f6netim Kurulu Toplant\u0131s\u0131na kat\u0131lacak olan Say\u0131n Mahmut \u00d6z\u00e7\u0131nar\u2019\u0131n bilet, konaklama, ula\u015f\u0131m ve t\u00fcm harcamalar\u0131n\u0131n K.T. Belediyeler Birli\u011fi Genel B\u00fct\u00e7esinden kar\u015f\u0131lanmas\u0131na oy birli\u011fi ile karar verilmi\u015ftir.<\/p>\n<p>&nbsp;<\/p>\n<p><strong>\u00a0<\/strong><\/p>\n<p><strong>Karar : 27\/ 2024 <\/strong><\/p>\n<p>&nbsp;<\/p>\n<p>7 May\u0131s 2024 tarihinde yap\u0131lan Birlik Y\u00fcr\u00fctme Kurulu toplant\u0131s\u0131nda al\u0131nan\u00a0 4 \/ 2024 nolu karar do\u011frultusunda Yol S\u00fcp\u00fcrme\u00a0 ara\u00e7lar\u0131n\u0131 yerinde inceleyip ara\u015ft\u0131r\u0131lmas\u0131 i\u00e7in Say\u0131n Mahmut \u00d6z\u00e7\u0131nar, Say\u0131n Ali Karavezirler ve Say\u0131n Y\u00fcksel \u00c7elebinin\u00a0\u00a0 4- 6 Eyl\u00fcl 2024 tarihleri aras\u0131nda\u00a0 Ankara\u2019ya\u00a0 gitmelerine ve u\u00e7ak biletlerinin , Konaklama, ula\u015f\u0131m ve yap\u0131lacak olan t\u00fcm harcamalar\u0131n\u0131n Belediyeler Birli\u011fi Genel B\u00fct\u00e7esinden kar\u015f\u0131lanmas\u0131na oy birli\u011fi ile karar verilmi\u015ftir.<\/p>\n","protected":false},"excerpt":{"rendered":"<p>Karar No: 20\/2024 \u00a0 K.T. Belediyeler Birli\u011finin, Ortak Ara\u00e7 Park\u0131nda [&hellip;]<\/p>\n","protected":false},"author":10,"featured_media":0,"parent":0,"menu_order":0,"comment_status":"closed","ping_status":"closed","template":"","meta":{"footnotes":""},"class_list":["post-19136","page","type-page","status-publish","hentry"],"_links":{"self":[{"href":"https:\/\/ktbb.org\/v1\/wp-json\/wp\/v2\/pages\/19136","targetHints":{"allow":["GET"]}}],"collection":[{"href":"https:\/\/ktbb.org\/v1\/wp-json\/wp\/v2\/pages"}],"about":[{"href":"https:\/\/ktbb.org\/v1\/wp-json\/wp\/v2\/types\/page"}],"author":[{"embeddable":true,"href":"https:\/\/ktbb.org\/v1\/wp-json\/wp\/v2\/users\/10"}],"replies":[{"embeddable":true,"href":"https:\/\/ktbb.org\/v1\/wp-json\/wp\/v2\/comments?post=19136"}],"version-history":[{"count":1,"href":"https:\/\/ktbb.org\/v1\/wp-json\/wp\/v2\/pages\/19136\/revisions"}],"predecessor-version":[{"id":19137,"href":"https:\/\/ktbb.org\/v1\/wp-json\/wp\/v2\/pages\/19136\/revisions\/19137"}],"wp:attachment":[{"href":"https:\/\/ktbb.org\/v1\/wp-json\/wp\/v2\/media?parent=19136"}],"curies":[{"name":"wp","href":"https:\/\/api.w.org\/{rel}","templated":true}]}}