{"id":20,"date":"2015-03-07T07:35:55","date_gmt":"2015-03-07T07:35:55","guid":{"rendered":"http:\/\/ktbb.org\/v1\/?page_id=20"},"modified":"2019-06-13T13:39:51","modified_gmt":"2019-06-13T13:39:51","slug":"tarihsel-bilgi","status":"publish","type":"page","link":"https:\/\/ktbb.org\/v1\/tarihsel-bilgi\/","title":{"rendered":"Tarihsel Bilgi"},"content":{"rendered":"<p><span style=\"color: #000000;\">Lefko\u015fa\u2018da Selimiye camii kuzeyinde bulunan ve son y\u0131llarda BAYRAKTAR ORTAOKULU olarak an\u0131lan yap\u0131n\u0131n tarihi olduk\u00e7a eski \u00e7a\u011flara dayanmaktad\u0131r.<\/span><\/p>\n<p><span style=\"color: #000000;\">Yap\u0131m tarihi, K\u0131br\u0131s\u2018\u0131n L\u00fczinyanlar d\u00f6nemine rastlar. 1329 y\u0131l\u0131nda katolik ba\u015fpiskoposu taraf\u0131ndan ikametgah olarak Latin mimarisi tarz\u0131nda yapt\u0131r\u0131lm\u0131\u015f olup ayn\u0131 zamanda kesi\u015f manast\u0131r\u0131 olarak kullan\u0131lm\u0131\u015ft\u0131r.<\/span><\/p>\n<p><span style=\"color: #000000;\">Binan\u0131n zemin\u00a0 kat\u0131 K\u0131br\u0131s\u2018ta \u00e7ok rastlanan sar\u0131 kesme ta\u015ftan ve kal\u0131n duvarlardan in\u015fa edilmil\u015f olup, Latin mimarisi \u00f6rneklerinde g\u00f6r\u00fcld\u00fc\u011f\u00fc gibi bas\u0131k tavanl\u0131 k\u00fc\u00e7\u00fck hacimli odalardan olu\u015fmu\u015ftur. G\u00fcneyinde bulunan eski Ayasofya ve Snt. Catherine (Haydarpa\u015fa Camii) ile \u00fc\u00e7gen \u015feklinde yeralt\u0131 t\u00fcnelleriyle ba\u011flant\u0131l\u0131 olarak Ayasofya\u2018ya bakan g\u00fcney cephesinde orjinal sivri kemerli kap\u0131s\u0131 bu g\u00fcn de aynen muhafaza edilmektedir.<\/span><\/p>\n<p><span style=\"color: #000000;\">1571 y\u0131l\u0131nda fetihten sonra Mente\u015fo\u011fullar\u0131\u2018ndan K\u0131br\u0131s\u2018a kad\u0131 olarak atanan kad\u0131 Mente\u015fo\u011flu\u2018na ikametgah olarak tahsis edilmi\u015ftir. Mente\u015fo\u011flu binan\u0131n \u00fcst kat\u0131n\u0131 2 m. kadar y\u00fckselterek o zamanki\u00a0 T\u00fcrk Mimarisine uygun konak tarz\u0131nda yeniden in\u015fa edilmi\u015ftir. \u00dcst katta bulunun ve selaml\u0131k odas\u0131 olarak kullan\u0131ld\u0131\u011f\u0131n\u0131 zannetti\u011fimiz g\u00fcney-bat\u0131 k\u00f6\u015fesinde bulunan m\u00fczeyyen ah\u015fap oyman\u0131n g\u00fcn\u00fcm\u00fcze dek muhafaza edilmi\u015f olmas\u0131 binan\u0131n her d\u00f6nemde \u00f6nemli fonksiyonunu muhafaza etti\u011fini g\u00f6stermektedir.<\/span><\/p>\n<p><span style=\"color: #000000;\">Uzun bir s\u00fcre kad\u0131 kona\u011f\u0131 olarak kullan\u0131lan bina, K\u00fc\u00e7\u00fck Mehmet Pa\u015fa\u2018n\u0131n K\u0131br\u0131s Valisi olarak atanmas\u0131 ile tekrar restore edilerek Vali Kona\u011f\u0131 oldu. (1821-1826) Bina bu fonksiyonunu ada\u2018n\u0131n \u0130ngiliz y\u00f6netimine ge\u00e7i\u015fine kadar s\u00fcrd\u00fcrerek bilahare m\u00fcft\u00fcl\u00fcklere devredildi ve m\u00fcft\u00fcl\u00fck binas\u0131 haline getirildi.<\/span><\/p>\n<p><span style=\"color: #000000;\">1925 y\u0131l\u0131nda Maarif\u2018e devredilen bina Evkaf ve Maarif aras\u0131nda b\u00f6l\u00fc\u015f\u00fclerek m\u00fc\u015fterek kullan\u0131ld\u0131. Bu tarihten itibaren Ayasofya K\u0131z \u0130lkokulu olarak kullan\u0131lmaya ba\u015fland\u0131. 1948\u2018lerde K\u0131br\u0131s \u00d6\u011fretmen Koleji\u2018nin T\u00fcrk k\u0131z \u00f6\u011frencilerinin zaman zaman ders g\u00f6rd\u00fc\u011f\u00fc bir b\u00f6l\u00fcm ayr\u0131ld\u0131. Selimiye \u0130lkokulu olarak da kullan\u0131lan bina, Maarif Anaokulu ve 1962-63 \u00f6\u011fretim y\u0131l\u0131nda k\u0131smi bir onar\u0131mdan sonra Atat\u00fcrk Ortaokulu oldu. 1963\u2018ten sonra Bayraktar Atat\u00fcrk Ortaokulu ve di\u011fer Orta okullardan gelebilen \u00f6\u011frenciler birle\u015ftirilerek, 11 y\u0131l \u00e7ift redrisatla i\u015flevini s\u00fcrd\u00fcren tarihi bina 1979 y\u0131l\u0131nda b\u00fcy\u00fck \u00e7abta terkedilerek bo\u015falt\u0131lm\u0131\u015ft\u0131r.<\/span><\/p>\n<p><span style=\"color: #000000;\">700 y\u0131la yak\u0131n bir s\u00fcredir fonksiyonunu yitirmeyen tarihi bina, Latin ve Osmanl\u0131 mimarisini b\u00fcnyesinde bar\u0131nd\u0131ran nadir \u00f6rnekleriden birisi olmas\u0131 ile gelecek ku\u015faklara \u00e7ok anlaml\u0131 bir miras olarak kalacakt\u0131r.<\/span><\/p>\n<p><span style=\"color: #000000;\">Devlet mal\u0131 olan ve yukar\u0131da tarih\u00e7esi anlat\u0131lan Kad\u0131 Mente\u015fo\u011flu Kona\u011f\u0131 veya Bayraktar Ortaokulu diye adland\u0131r\u0131lan bu bina, Bakanlar Kurulu\u2018nun 5. H-464-84, No\u2018lu\u00a0 karar\u0131 ile K\u0131br\u0131s T\u00fcrk Belediyeler Birli\u011fi ve \u0130\u00e7i\u015fleri Bakanl\u0131\u011f\u0131\u2018n\u0131n kullan\u0131m\u0131na verilmi\u015ftir. Ayn\u0131 y\u0131l bu iki kurulu\u015f\u00e7a binan\u0131n restorasyonuna ba\u015flanm\u0131\u015f ve 1985 y\u0131l\u0131 Kas\u0131m ay\u0131nda tamamlanarak\u00a0 K\u0131br\u0131s T\u00fcrk Belediyeler Birli\u011fi ve E\u011fitim Merkezi olarak kullan\u0131lmaya ba\u015flanm\u0131\u015ft\u0131r.<\/span><\/p>\n","protected":false},"excerpt":{"rendered":"<p>Lefko\u015fa\u2018da Selimiye camii kuzeyinde bulunan ve son y\u0131llarda BAYRAKTAR ORTAOKULU [&hellip;]<\/p>\n","protected":false},"author":9,"featured_media":0,"parent":0,"menu_order":0,"comment_status":"open","ping_status":"closed","template":"","meta":{"footnotes":""},"class_list":["post-20","page","type-page","status-publish","hentry"],"_links":{"self":[{"href":"https:\/\/ktbb.org\/v1\/wp-json\/wp\/v2\/pages\/20","targetHints":{"allow":["GET"]}}],"collection":[{"href":"https:\/\/ktbb.org\/v1\/wp-json\/wp\/v2\/pages"}],"about":[{"href":"https:\/\/ktbb.org\/v1\/wp-json\/wp\/v2\/types\/page"}],"author":[{"embeddable":true,"href":"https:\/\/ktbb.org\/v1\/wp-json\/wp\/v2\/users\/9"}],"replies":[{"embeddable":true,"href":"https:\/\/ktbb.org\/v1\/wp-json\/wp\/v2\/comments?post=20"}],"version-history":[{"count":4,"href":"https:\/\/ktbb.org\/v1\/wp-json\/wp\/v2\/pages\/20\/revisions"}],"predecessor-version":[{"id":4958,"href":"https:\/\/ktbb.org\/v1\/wp-json\/wp\/v2\/pages\/20\/revisions\/4958"}],"wp:attachment":[{"href":"https:\/\/ktbb.org\/v1\/wp-json\/wp\/v2\/media?parent=20"}],"curies":[{"name":"wp","href":"https:\/\/api.w.org\/{rel}","templated":true}]}}