{"id":214,"date":"2015-03-07T12:01:00","date_gmt":"2015-03-07T12:01:00","guid":{"rendered":"http:\/\/ktbb.org\/v1\/?page_id=214"},"modified":"2023-05-11T11:15:19","modified_gmt":"2023-05-11T09:15:19","slug":"belediye-baskanlari","status":"publish","type":"page","link":"https:\/\/ktbb.org\/v1\/belediye-baskanlari\/","title":{"rendered":"Belediye Ba\u015fkanlar\u0131"},"content":{"rendered":"<table style=\"height: 1146px;\" border=\"0\" width=\"475\" cellspacing=\"0\" cellpadding=\"5\" align=\"center\">\n<tbody>\n<tr>\n<td bgcolor=\"#ececec\" width=\"191\" height=\"26\"><\/td>\n<td bgcolor=\"#ececec\" width=\"387\">\n<h4><strong><span style=\"color: #ff6600;\">Belediye Ba\u015fkanlar\u0131<\/span><\/strong><\/h4>\n<\/td>\n<\/tr>\n<tr>\n<td class=\"xl26\" width=\"191\" height=\"26\"><\/td>\n<td width=\"387\"><a href=\"http:\/\/ktbb.org\/v1\/mehmet-harmanci\/\"><strong>MEHMET HARMANCI (TDP)<\/strong><\/a><\/td>\n<\/tr>\n<tr>\n<td class=\"xl24\" width=\"191\" height=\"26\"><\/td>\n<td width=\"387\"><a href=\"http:\/\/ktbb.org\/v1\/dr-suleyman-ulucay\/\"><strong>S\u00dcLEYMAN ULU\u00c7AY (CTP)<\/strong><\/a><\/td>\n<\/tr>\n<tr>\n<td class=\"xl24\" width=\"191\" height=\"26\"><\/td>\n<td width=\"387\"><a href=\"http:\/\/ktbb.org\/v1\/murat-senkul\/\"><strong>MURAT \u015eENKUL (CTP)<\/strong><\/a><\/td>\n<\/tr>\n<tr>\n<td class=\"xl24\" width=\"191\" height=\"26\"><\/td>\n<td width=\"387\"><a href=\"http:\/\/ktbb.org\/v1\/huseyin-amcaoglu\/\"><strong>H\u00dcSEY\u0130N AMCAO\u011eLU ( UBP)<\/strong><\/a><\/td>\n<\/tr>\n<tr>\n<td class=\"xl24\" width=\"191\" height=\"26\"><\/td>\n<td width=\"387\"><a href=\"http:\/\/ktbb.org\/v1\/firat-ataser\/\"><strong>FIRAT ATASER (Ba\u011f\u0131ms\u0131z)\u00a0<\/strong><\/a><\/td>\n<\/tr>\n<tr>\n<td class=\"xl24\" width=\"191\" height=\"26\"><\/td>\n<td width=\"387\"><a href=\"http:\/\/ktbb.org\/v1\/mahmut-ozcinar\/\"><strong>MAHMUT \u00d6Z\u00c7INAR (UBP)<\/strong><\/a><\/td>\n<\/tr>\n<tr>\n<td class=\"xl24\" width=\"191\" height=\"26\"><\/td>\n<td width=\"387\"><a href=\"http:\/\/ktbb.org\/v1\/ali-karavezirler\/\"><strong>AL\u0130 KARAVEZ\u0130RLER (CTP)<\/strong><\/a><\/td>\n<\/tr>\n<tr>\n<td class=\"xl24\" width=\"191\" height=\"26\"><\/td>\n<td width=\"387\"><a href=\"http:\/\/ktbb.org\/v1\/yuksel-celebi\/\"><strong>Y\u00dcKSEL \u00c7ELEB\u0130 (CTP)<\/strong><\/a><\/td>\n<\/tr>\n<tr>\n<td class=\"xl24\" width=\"191\" height=\"26\"><\/td>\n<td width=\"387\"><a href=\"http:\/\/ktbb.org\/v1\/aziz-kaya\/\"><strong>AZ\u0130Z KAYA (CTP)<\/strong><\/a><\/td>\n<\/tr>\n<tr>\n<td class=\"xl24\" width=\"191\" height=\"26\"><\/td>\n<td width=\"387\"><a href=\"http:\/\/ktbb.org\/v1\/ahmet-latif\/\"><strong>AHMET LAT\u0130F (CTP)\u00a0<\/strong><\/a><\/td>\n<\/tr>\n<tr>\n<td class=\"xl24\" width=\"191\" height=\"26\"><\/td>\n<td width=\"387\"><a href=\"http:\/\/ktbb.org\/v1\/ceyhun-kirok\/\"><strong>CEYHUN KIROK (CTP)<\/strong><\/a><\/td>\n<\/tr>\n<tr>\n<td class=\"xl24\" width=\"191\" height=\"26\"><\/td>\n<td width=\"387\"><a href=\"http:\/\/ktbb.org\/v1\/hasan-sadikoglu\/\"><b>HASAN SADIKO\u011eLU (UBP)<\/b><\/a><\/td>\n<\/tr>\n<tr>\n<td class=\"xl24\" width=\"191\" height=\"26\"><\/td>\n<td width=\"387\"><strong><a href=\"http:\/\/ktbb.org\/v1\/dr-hamit-bakirci\/\">HAM\u0130T BAKIRCI (UBP<\/a>)<\/strong><\/td>\n<\/tr>\n<tr>\n<td class=\"xl24\" width=\"191\" height=\"26\"><\/td>\n<td width=\"387\"><a href=\"http:\/\/ktbb.org\/v1\/katip-demir\/\"><strong>KAT\u0130P DEM\u0130R ( Ba\u011f\u0131ms\u0131z)\u00a0<\/strong><\/a><\/td>\n<\/tr>\n<tr>\n<td class=\"xl24\" width=\"191\" height=\"26\"><\/td>\n<td width=\"387\"><a href=\"http:\/\/ktbb.org\/v1\/halil-kasim\/\"><strong>HAL\u0130L KASIM (UBP)<\/strong><\/a><\/td>\n<\/tr>\n<tr>\n<td class=\"xl24\" width=\"191\" height=\"26\"><\/td>\n<td width=\"387\"><a href=\"http:\/\/ktbb.org\/v1\/dr-fatma-cimen-tuglu\/\"><strong>FATMA \u00c7\u0130MEN TU\u011eLU (UBP)<\/strong><\/a><\/td>\n<\/tr>\n<tr>\n<td class=\"xl24\" width=\"191\" height=\"26\"><\/td>\n<td width=\"387\"><a href=\"http:\/\/ktbb.org\/v1\/bulent-bebek\/\"><strong>B\u00dcLENT BEBEK (Ba\u011f\u0131ms\u0131z)<\/strong><\/a><\/td>\n<\/tr>\n<tr>\n<td class=\"xl24\" width=\"191\" height=\"26\"><\/td>\n<td width=\"387\"><a href=\"http:\/\/ktbb.org\/v1\/ahmet-hayri-orcan\/\"><strong>HAYR\u0130 OR\u00c7AN (DP)<\/strong><\/a><\/td>\n<\/tr>\n<tr>\n<td class=\"xl24\" width=\"191\" height=\"26\"><\/td>\n<td width=\"387\"><\/td>\n<\/tr>\n<tr>\n<td class=\"xl24\" width=\"191\" height=\"26\"><\/td>\n<td width=\"387\"><\/td>\n<\/tr>\n<tr>\n<td class=\"xl24\" width=\"191\" height=\"26\"><\/td>\n<td width=\"387\"><\/td>\n<\/tr>\n<tr>\n<td class=\"xl24\" width=\"191\" height=\"26\"><\/td>\n<td width=\"387\"><\/td>\n<\/tr>\n<tr>\n<td class=\"xl24\" width=\"191\" height=\"26\"><\/td>\n<td width=\"387\"><\/td>\n<\/tr>\n<tr>\n<td class=\"xl24\" width=\"191\" height=\"26\"><\/td>\n<td width=\"387\"><\/td>\n<\/tr>\n<tr>\n<td class=\"xl24\" width=\"191\" height=\"26\"><\/td>\n<td width=\"387\"><\/td>\n<\/tr>\n<tr>\n<td class=\"xl24\" width=\"191\" height=\"26\"><\/td>\n<td width=\"387\"><\/td>\n<\/tr>\n<tr>\n<td class=\"xl24\" width=\"191\" height=\"26\"><\/td>\n<td width=\"387\"><\/td>\n<\/tr>\n<tr>\n<td class=\"xl24\" width=\"191\" height=\"26\"><\/td>\n<td width=\"387\"><\/td>\n<\/tr>\n<\/tbody>\n<\/table>\n","protected":false},"excerpt":{"rendered":"<p>Belediye Ba\u015fkanlar\u0131 MEHMET HARMANCI (TDP) S\u00dcLEYMAN ULU\u00c7AY (CTP) MURAT \u015eENKUL [&hellip;]<\/p>\n","protected":false},"author":9,"featured_media":0,"parent":0,"menu_order":0,"comment_status":"open","ping_status":"closed","template":"","meta":{"footnotes":""},"class_list":["post-214","page","type-page","status-publish","hentry"],"_links":{"self":[{"href":"https:\/\/ktbb.org\/v1\/wp-json\/wp\/v2\/pages\/214","targetHints":{"allow":["GET"]}}],"collection":[{"href":"https:\/\/ktbb.org\/v1\/wp-json\/wp\/v2\/pages"}],"about":[{"href":"https:\/\/ktbb.org\/v1\/wp-json\/wp\/v2\/types\/page"}],"author":[{"embeddable":true,"href":"https:\/\/ktbb.org\/v1\/wp-json\/wp\/v2\/users\/9"}],"replies":[{"embeddable":true,"href":"https:\/\/ktbb.org\/v1\/wp-json\/wp\/v2\/comments?post=214"}],"version-history":[{"count":25,"href":"https:\/\/ktbb.org\/v1\/wp-json\/wp\/v2\/pages\/214\/revisions"}],"predecessor-version":[{"id":15312,"href":"https:\/\/ktbb.org\/v1\/wp-json\/wp\/v2\/pages\/214\/revisions\/15312"}],"wp:attachment":[{"href":"https:\/\/ktbb.org\/v1\/wp-json\/wp\/v2\/media?parent=214"}],"curies":[{"name":"wp","href":"https:\/\/api.w.org\/{rel}","templated":true}]}}