{"id":22,"date":"2015-03-07T07:36:14","date_gmt":"2015-03-07T07:36:14","guid":{"rendered":"http:\/\/ktbb.org\/v1\/?page_id=22"},"modified":"2018-06-06T08:35:13","modified_gmt":"2018-06-06T08:35:13","slug":"birlik-hakkinda","status":"publish","type":"page","link":"https:\/\/ktbb.org\/v1\/birlik-hakkinda\/","title":{"rendered":"Birlik Hakk\u0131nda"},"content":{"rendered":"<p><span style=\"color: #000000;\"><strong><span style=\"text-decoration: underline;\">B\u0130RL\u0130\u011e\u0130N AMACI:<\/span><\/strong><\/span><\/p>\n<p><span style=\"color: #000000;\">Belediyeler aras\u0131ndaki ili\u015fkileri, i\u015fbirli\u011fini ve e\u015fg\u00fcd\u00fcm\u00fc etkin bir kurumsal yap\u0131ya kavu\u015fturmak \u00fczere t\u00fcm belediyelerin do\u011fal \u00fcye olaca\u011f\u0131 kamu t\u00fczel ki\u015fili\u011fini haiz bir birlik olu\u015fturmak ve bu birli\u011fin hukuki stat\u00fcs\u00fcn\u00fc d\u00fczenlemektir.<\/span><\/p>\n<p><span style=\"color: #000000;\"><strong>\u00a0B\u0130RL\u0130\u011e\u0130N G\u00d6REVLER\u0130:<\/strong><\/span><\/p>\n<p><span style=\"color: #000000;\">K\u0131br\u0131s T\u00fcrk Belediyeler Birli\u011finin G\u00f6revleri \u015funlard\u0131r:<\/span><\/p>\n<ol type=\"I\">\n<li><span style=\"color: #000000;\">Belediyelerin ortak \u00e7\u0131karlar\u0131n\u0131 savunmak ve geli\u015ftirmek;<\/span><\/li>\n<li><span style=\"color: #000000;\">Belediyelerin yasal ve kurumsal yap\u0131s\u0131n\u0131 geli\u015ftirmek i\u00e7in \u00e7al\u0131\u015fma yapmak;<\/span><\/li>\n<li><span style=\"color: #000000;\">Belediyeleri ilgilendiren yasal ve y\u00f6netsel d\u00fczenlemeler konusuda ortak g\u00f6r\u00fc\u015f olu\u015fturmak ve \u00f6nerilerde bulunmak;<\/span><\/li>\n<li><span style=\"color: #000000;\">Yasalarla Belediyelere verilen g\u00f6revlerden bir veya birka\u00e7\u0131n\u0131n ortakla\u015fa ifas\u0131n\u0131 ger\u00e7ekle\u015ftirmek amac\u0131yla her t\u00fcrl\u00fc altyap\u0131, konut yap\u0131m\u0131, planlama, kamu esenli\u011fi, kamu sa\u011fl\u0131\u011f\u0131 ve t\u00fcketicinin korunmas\u0131, \u00e7evre sorunlar\u0131n\u0131n \u00e7\u00f6z\u00fcm\u00fc, turizm, k\u00fclt\u00fcr, e\u011fitim ve sanat hizmetleriyle di\u011fer yerel konularda faaliyette bulunmak, gerekli tesisleri kurmak, i\u015fletmek ve \u00fcye yerel y\u00f6netimlerce yap\u0131lacak yat\u0131r\u0131m ve yard\u0131mlar\u0131 kabul ve organize etmek,<\/span><\/li>\n<li><span style=\"color: #000000;\">Di\u011fer iktisadi faaliyetlerde bulunmak, gerekli tesisleri kurmak, i\u015fletmek ve \u00fcye yerel y\u00f6netimlerce yap\u0131lacak yat\u0131r\u0131m ve yard\u0131mlar\u0131 kabul ve organize etmek;<\/span><\/li>\n<li><span style=\"color: #000000;\">Kamu kurulu\u015flar\u0131 veya onlar\u0131n kurduklar\u0131 \u015firketlerde ve\/veya yerel y\u00f6netimlerle her alanda \u015firketler ortakl\u0131klar kurmak ve i\u015fletmek, d\u00f6ner sermaye olu\u015fturmak, \u00fcye yerel y\u00f6netimler ad\u0131na i\u00e7 ve d\u0131\u015f piyasadan ara\u00e7, gere\u00e7 ve i\u015f makinesini sat\u0131n almak ve ortak ara\u00e7 parklar\u0131 kurmak;<\/span><\/li>\n<li><span style=\"color: #000000;\">Belediyecilik konusunda e\u011fitim ve ara\u015ft\u0131rmalar yapmak;<\/span><\/li>\n<li><span style=\"color: #000000;\">Belediyelere, belediyecili\u011fin \u00e7e\u015fitli alanlar\u0131nda dan\u0131\u015fmanl\u0131k hizmeti sunmak; ve<\/span><\/li>\n<li><span style=\"color: #000000;\">Yukar\u0131daki g\u00f6revlerini ger\u00e7ekle\u015ftirmek amac\u0131yla komiteler kurmak ve gerekli konularda organizasyonlar olu\u015fturmak.<\/span><\/li>\n<\/ol>\n<p>&nbsp;<\/p>\n","protected":false},"excerpt":{"rendered":"<p>B\u0130RL\u0130\u011e\u0130N AMACI: Belediyeler aras\u0131ndaki ili\u015fkileri, i\u015fbirli\u011fini ve e\u015fg\u00fcd\u00fcm\u00fc etkin bir [&hellip;]<\/p>\n","protected":false},"author":9,"featured_media":0,"parent":0,"menu_order":0,"comment_status":"open","ping_status":"closed","template":"","meta":{"footnotes":""},"class_list":["post-22","page","type-page","status-publish","hentry"],"_links":{"self":[{"href":"https:\/\/ktbb.org\/v1\/wp-json\/wp\/v2\/pages\/22","targetHints":{"allow":["GET"]}}],"collection":[{"href":"https:\/\/ktbb.org\/v1\/wp-json\/wp\/v2\/pages"}],"about":[{"href":"https:\/\/ktbb.org\/v1\/wp-json\/wp\/v2\/types\/page"}],"author":[{"embeddable":true,"href":"https:\/\/ktbb.org\/v1\/wp-json\/wp\/v2\/users\/9"}],"replies":[{"embeddable":true,"href":"https:\/\/ktbb.org\/v1\/wp-json\/wp\/v2\/comments?post=22"}],"version-history":[{"count":3,"href":"https:\/\/ktbb.org\/v1\/wp-json\/wp\/v2\/pages\/22\/revisions"}],"predecessor-version":[{"id":1527,"href":"https:\/\/ktbb.org\/v1\/wp-json\/wp\/v2\/pages\/22\/revisions\/1527"}],"wp:attachment":[{"href":"https:\/\/ktbb.org\/v1\/wp-json\/wp\/v2\/media?parent=22"}],"curies":[{"name":"wp","href":"https:\/\/api.w.org\/{rel}","templated":true}]}}