{"id":24,"date":"2015-03-07T07:36:40","date_gmt":"2015-03-07T07:36:40","guid":{"rendered":"http:\/\/ktbb.org\/v1\/?page_id=24"},"modified":"2018-06-06T08:35:51","modified_gmt":"2018-06-06T08:35:51","slug":"birlik-semasi","status":"publish","type":"page","link":"https:\/\/ktbb.org\/v1\/birlik-semasi\/","title":{"rendered":"Birlik \u015eemas\u0131"},"content":{"rendered":"<p><span style=\"color: #000000;\"><strong>1) B\u0130RL\u0130K HAKKINDA;<\/strong><\/span><\/p>\n<p><span style=\"color: #000000;\">K\u0131br\u0131s T\u00fcrk Belediyeler Birli\u011fi (KTBB) 1983 y\u0131l\u0131nda kurulmu\u015ftur. Kurulu\u015fundan 2 y\u0131l sonra -1985 y\u0131l\u0131nda tarihi bina olan Bayraktar Ortaokulu restore edilerek K\u0131br\u0131s T\u00fcrk Belediyeler Birli\u011fi\u2019nin kullan\u0131m\u0131na a\u00e7\u0131lm\u0131\u015ft\u0131r. \u015eu an ise, KTBB P.K. 480, Selimiye Meydan\u0131, Lefko\u015fa, adresinde bu tarihi binada faaliyet g\u00f6stermektedir.<\/span><\/p>\n<p><span style=\"color: #000000;\">Kuzey K\u0131br\u0131s T\u00fcrk Cumhuriyeti s\u0131n\u0131rlar\u0131 i\u00e7erisinde bulunan t\u00fcm belediyeler, K\u0131br\u0131s T\u00fcrk Belediyeler Birli\u011fi\u2019nin \u00fcyesi say\u0131lmaktad\u0131r.<\/span><\/p>\n<p><span style=\"color: #000000;\"><strong>2) B\u0130RL\u0130\u011e\u0130N ORGANLARI:<\/strong><\/span><\/p>\n<p><span style=\"color: #000000;\"><strong>Birli\u011fin organlar\u0131 \u015funlard\u0131r:<\/strong><\/span><\/p>\n<p><span style=\"color: #000000;\"><strong>a)\u00a0\u00a0\u00a0\u00a0 Birlik Meclisi,<\/strong><\/span><\/p>\n<p><span style=\"color: #000000;\"><strong>b)\u00a0\u00a0\u00a0\u00a0 Birlik Genel Y\u00f6netim Kurulu,<\/strong><\/span><\/p>\n<p><span style=\"color: #000000;\"><strong>c)\u00a0\u00a0\u00a0\u00a0 Birlik Y\u00fcr\u00fctme Kurulu,<\/strong><\/span><\/p>\n<p><span style=\"color: #000000;\"><strong>d)\u00a0\u00a0\u00a0\u00a0 Birlik Ba\u015fkan\u0131<\/strong><\/span><\/p>\n<p><span style=\"color: #000000;\"><strong>e)\u00a0\u00a0\u00a0\u00a0 Birlik Genel Sekreteri<\/strong><\/span><\/p>\n<p><span style=\"color: #000000;\"><strong>a)\u00a0\u00a0\u00a0\u00a0 <span style=\"text-decoration: underline;\">Birlik Meclisi:<\/span><\/strong><\/span><\/p>\n<p><span style=\"color: #000000;\">Kuzey K\u0131br\u0131s T\u00fcrk Cumhuriyeti s\u0131n\u0131rlar\u0131 i\u00e7erisinde bulunan 28 belediyenin ba\u015fkanlar\u0131, K\u0131br\u0131s T\u00fcrk Belediyeler Birli\u011fi\u2019nin \u00fcyesidir.<\/span><\/p>\n<p><span style=\"color: #000000;\">Birlik Meclisi, Birli\u011fin en y\u00fcksek karar organ\u0131d\u0131r ve bu s\u0131fatla a\u015fa\u011f\u0131daki g\u00f6rev ve yetkilere sahiptir:<\/span><\/p>\n<ol>\n<li><span style=\"color: #000000;\">Genel konular\u0131 tart\u0131\u015fmak ve Birlik Genel Y\u00f6netim Kurulu ile Birlik Y\u00fcr\u00fctme kuruluna y\u00f6n \u00e7izmek;<\/span><\/li>\n<li><span style=\"color: #000000;\">Birlik ad\u0131na ta\u015f\u0131nmaz mal sat\u0131n almak veya Birli\u011fin ta\u015f\u0131nmaz mallar\u0131n\u0131n sat\u0131lmas\u0131na karar vermek; ve<\/span><\/li>\n<li><span style=\"color: #000000;\">\u00a0Birli\u011fi ilgilendiren di\u011fer konularda karar almak.<\/span><\/li>\n<\/ol>\n<p><span style=\"color: #000000;\"><strong>b)\u00a0\u00a0\u00a0\u00a0 <span style=\"text-decoration: underline;\">Birlik Genel Y\u00f6netim Kurulu:<\/span><\/strong><\/span><\/p>\n<p><span style=\"color: #000000;\">Birlik Genel Y\u00f6netim Kurulunun g\u00f6rev ve yetkileri \u015funlard\u0131r:<\/span><\/p>\n<p><span style=\"color: #000000;\">1. Birlik Y\u00fcr\u00fctme Kurulunu se\u00e7mek;<\/span><\/p>\n<p><span style=\"color: #000000;\">2. Birlik Y\u00fcr\u00fctme Kurulunun haz\u0131rlad\u0131\u011f\u0131 b\u00fct\u00e7eyi g\u00f6r\u00fc\u015fmek ve \u00e7al\u0131\u015fma program\u0131n\u0131<\/span><\/p>\n<p><span style=\"color: #000000;\">onaylamak;<\/span><\/p>\n<p><span style=\"color: #000000;\">3. Birlik Y\u00fcr\u00fctme Kuruluna \u00f6neriler sunmak;<\/span><\/p>\n<p><span style=\"color: #000000;\">4. Yurt d\u0131\u015f\u0131 birliklerle ve derneklerle \u00fcyelik ili\u015fkilerini d\u00fczenlemek.<\/span><\/p>\n<p><span style=\"color: #000000;\"><strong>c)\u00a0\u00a0\u00a0\u00a0 <span style=\"text-decoration: underline;\">Birlik Y\u00fcr\u00fctme Kurulunun G\u00f6rev ve Yetkileri:<\/span><\/strong><\/span><\/p>\n<p><span style=\"color: #000000;\">Birlik Y\u00fcr\u00fctme Kurulunun g\u00f6rev ve yetkileri \u015funlard\u0131r:<\/span><\/p>\n<p><span style=\"color: #000000;\">(1)\u00a0\u00a0 Birlik B\u00fct\u00e7esini ve \u00e7al\u0131\u015fma program\u0131n\u0131 haz\u0131rlayarak Birlik Genel Y\u00f6netim<\/span><\/p>\n<p><span style=\"color: #000000;\">Kurulunun onay\u0131na sunmak;<\/span><\/p>\n<p><span style=\"color: #000000;\">(2) Kesinle\u015fmi\u015f b\u00fct\u00e7eyi uygulamak, buna uygun olarak giderleri ve al\u0131mlar\u0131, yay\u0131n,<\/span><\/p>\n<p><span style=\"color: #000000;\">propaganda, tan\u0131t\u0131m, festival, gezi ve inceleme i\u015flerini kararla\u015ft\u0131rarak<\/span><\/p>\n<p><span style=\"color: #000000;\">uygulamak ve b\u00fct\u00e7enin b\u00f6l\u00fcmleri i\u00e7indeki maddeler aras\u0131nda aktarma yapmak;<\/span><\/p>\n<p><span style=\"color: #000000;\">(3) Yap\u0131lan i\u015fler ve gelir-gider bilan\u00e7olar\u0131 hakk\u0131nda Genel Y\u00f6netim Kuruluna hesap<\/span><\/p>\n<p><span style=\"color: #000000;\">vermek;<\/span><\/p>\n<p><span style=\"color: #000000;\">(4) Birli\u011fin ama\u00e7lar\u0131n\u0131 ger\u00e7ekle\u015ftirmeye y\u00f6nelik \u00e7al\u0131\u015fmalar yapmak;<\/span><\/p>\n<p><span style=\"color: #000000;\">(5) Birlik paras\u0131n\u0131n, b\u00fct\u00e7eye uygun olarak harcanmas\u0131n\u0131 sa\u011flamak ve denetlemek;<\/span><\/p>\n<p><span style=\"color: #000000;\">(6) Birli\u011fin al\u0131m-sat\u0131m, kiraya verme, kiralama ve benzeri i\u015flerini d\u00fczenlemek ve<\/span><\/p>\n<p><span style=\"color: #000000;\">karara ba\u011flamak; ve<\/span><\/p>\n<p><span style=\"color: #000000;\">(7) E\u011fitimle ilgili olarak, \u00fcniversite ve kamu kurulu\u015flar\u0131 ile i\u015fbirli\u011fi konusunda karar<\/span><\/p>\n<p><span style=\"color: #000000;\">almak.<\/span><\/p>\n<p><span style=\"color: #000000;\"><strong>d)\u00a0\u00a0\u00a0\u00a0 <span style=\"text-decoration: underline;\">Birlik Ba\u015fkan\u0131n\u0131n G\u00f6rev ve Yetkileri:<\/span><\/strong><\/span><\/p>\n<p><span style=\"color: #000000;\">Birlik Ba\u015fkan\u0131n\u0131n G\u00f6rev ve Yetkileri \u015funlard\u0131r:<\/span><\/p>\n<p><span style=\"color: #000000;\">(1)\u00a0\u00a0 Birlik Meclisi, Birlik Genel Y\u00f6netim Kurulu ve Birlik Y\u00fcr\u00fctme\u00a0\u00a0\u00a0\u00a0 Kurulu Toplant\u0131lar\u0131na ba\u015fkanl\u0131k eder.<\/span><\/p>\n<p><span style=\"color: #000000;\">(2) Birli\u011fi y\u00f6netim ve yarg\u0131 mercilerinde temsil eder;<\/span><\/p>\n<p><span style=\"color: #000000;\">(3) \u00c7al\u0131\u015fmalar\u0131 organize ve koordine eder;<\/span><\/p>\n<p><span style=\"color: #000000;\">(4) B\u00fct\u00e7e Tasar\u0131s\u0131n\u0131, \u00e7al\u0131\u015fma plan ve program\u0131n\u0131, kesin hesap cetvellerini, y\u0131l<\/span><\/p>\n<p><span style=\"color: #000000;\">sonu faaliyet raporunu haz\u0131rlar ve b\u00fct\u00e7eyi uygular;<\/span><\/p>\n<p><span style=\"color: #000000;\">(5) Birlik b\u00fct\u00e7esinin \u0130ta Amirli\u011fini yapar.<\/span><\/p>\n<p><span style=\"color: #000000;\">(6) Birlik gelirlerinin tahsilini sa\u011flar, alacak, hak ve menfaatlerini korur;<\/span><\/p>\n<p><span style=\"color: #000000;\">(7) Birlik Meclisini toplant\u0131ya \u00e7a\u011f\u0131r\u0131r.<\/span><\/p>\n<p><span style=\"color: #000000;\">(8) Birli\u011fin program\u0131n\u0131 uygular;<\/span><\/p>\n<p><span style=\"color: #000000;\">(9) Birlik Meclisi, Birlik Genel Y\u00f6netim Kurulu ve Birlik Y\u00fcr\u00fctme Kurulu karar\u0131<\/span><\/p>\n<p><span style=\"color: #000000;\">gerektirmeyen g\u00f6revleri y\u00fcr\u00fct\u00fcr ve yetkileri kullan\u0131r.<\/span><\/p>\n<p><span style=\"color: #000000;\">(10) Birlik ad\u0131na ko\u015fulsuz ba\u011f\u0131\u015flar\u0131 kabul eder; ve<\/span><\/p>\n<p><span style=\"color: #000000;\">(11) Birli\u011fin ta\u015f\u0131n\u0131r ve ta\u015f\u0131nmaz mallar\u0131n\u0131 idare eder.<\/span><\/p>\n<p>&nbsp;<\/p>\n<p><span style=\"color: #000000;\"><strong>e)\u00a0\u00a0\u00a0\u00a0 <span style=\"text-decoration: underline;\">Birlik Genel Sekreterinin G\u00f6revleri:<\/span><\/strong><\/span><\/p>\n<p><span style=\"color: #000000;\">Birlik Genel Sekreterinin g\u00f6rev ve yetkileri \u015funlard\u0131r:<\/span><\/p>\n<p><span style=\"color: #000000;\">(1)\u00a0\u00a0 Birlik Y\u00fcr\u00fctme ve Genel Y\u00f6netim Kurulunun do\u011fal \u00fcyesidir, ancak oylamada oy<\/span><\/p>\n<p><span style=\"color: #000000;\">hakk\u0131na sahip de\u011fildir.<\/span><\/p>\n<p><span style=\"color: #000000;\">(2) Birlik Ba\u015fkan\u0131 ve Y\u00fcr\u00fctme Kurulunun denetiminde \u00f6rg\u00fct\u00fcn genel i\u015fleyi\u015finden<\/span><\/p>\n<p><span style=\"color: #000000;\">sorumludur.<\/span><\/p>\n<p>&nbsp;<\/p>\n<p><span style=\"color: #000000;\"><strong>3) <span style=\"text-decoration: underline;\">B\u0130RL\u0130\u011e\u0130N AMACI:<\/span><\/strong><\/span><\/p>\n<p><span style=\"color: #000000;\">Belediyeler aras\u0131ndaki ili\u015fkileri, i\u015fbirli\u011fini ve e\u015fg\u00fcd\u00fcm\u00fc etkin bir kurumsal yap\u0131ya kavu\u015fturmak \u00fczere t\u00fcm belediyelerin do\u011fal \u00fcye olaca\u011f\u0131 kamu t\u00fczel ki\u015fili\u011fini haiz bir birlik olu\u015fturmak ve bu birli\u011fin hukuki stat\u00fcs\u00fcn\u00fc d\u00fczenlemektir.<\/span><\/p>\n<p>&nbsp;<\/p>\n<p><span style=\"color: #000000;\"><strong>4) B\u0130RL\u0130\u011e\u0130N G\u00d6REVLER\u0130:<\/strong><\/span><\/p>\n<p><span style=\"color: #000000;\">K\u0131br\u0131s T\u00fcrk Belediyeler Birli\u011finin G\u00f6revleri \u015funlard\u0131r:<\/span><\/p>\n<ol>\n<li><span style=\"color: #000000;\">Belediyelerin ortak \u00e7\u0131karlar\u0131n\u0131 savunmak ve geli\u015ftirmek;<\/span><\/li>\n<li><span style=\"color: #000000;\">Belediyelerin yasal ve kurumsal yap\u0131s\u0131n\u0131 geli\u015ftirmek i\u00e7in \u00e7al\u0131\u015fma yapmak;<\/span><\/li>\n<li><span style=\"color: #000000;\">Belediyeleri ilgilendiren yasal ve y\u00f6netsel d\u00fczenlemeler konusuda ortak g\u00f6r\u00fc\u015f olu\u015fturmak ve \u00f6nerilerde bulunmak;<\/span><\/li>\n<li><span style=\"color: #000000;\">Yasalarla Belediyelere verilen g\u00f6revlerden bir veya birka\u00e7\u0131n\u0131n ortakla\u015fa ifas\u0131n\u0131 ger\u00e7ekle\u015ftirmek amac\u0131yla her t\u00fcrl\u00fc altyap\u0131, konut yap\u0131m\u0131, planlama, kamu esenli\u011fi, kamu sa\u011fl\u0131\u011f\u0131 ve t\u00fcketicinin korunmas\u0131, \u00e7evre sorunlar\u0131n\u0131n \u00e7\u00f6z\u00fcm\u00fc, turizm, k\u00fclt\u00fcr, e\u011fitim ve sanat hizmetleriyle di\u011fer yerel konularda faaliyette bulunmak, gerekli tesisleri kurmak, i\u015fletmek ve \u00fcye yerel y\u00f6netimlerce yap\u0131lacak yat\u0131r\u0131m ve yard\u0131mlar\u0131 kabul ve organize etmek,<\/span><\/li>\n<li><span style=\"color: #000000;\">Di\u011fer iktisadi faaliyetlerde bulunmak, gerekli tesisleri kurmak, i\u015fletmek ve \u00fcye yerel y\u00f6netimlerce yap\u0131lacak yat\u0131r\u0131m ve yard\u0131mlar\u0131 kabul ve organize etmek;<\/span><\/li>\n<li><span style=\"color: #000000;\">Kamu kurulu\u015flar\u0131 veya onlar\u0131n kurduklar\u0131 \u015firketlerde ve\/veya yerel y\u00f6netimlerle her alanda \u015firketler ortakl\u0131klar kurmak ve i\u015fletmek, d\u00f6ner sermaye olu\u015fturmak, \u00fcye yerel y\u00f6netimler ad\u0131na i\u00e7 ve d\u0131\u015f piyasadan ara\u00e7, gere\u00e7 ve i\u015f makinesini sat\u0131n almak ve ortak ara\u00e7 parklar\u0131 kurmak;<\/span><\/li>\n<li><span style=\"color: #000000;\">Belediyecilik konusunda e\u011fitim ve ara\u015ft\u0131rmalar yapmak;<\/span><\/li>\n<li><span style=\"color: #000000;\">Belediyelere, belediyecili\u011fin \u00e7e\u015fitli alanlar\u0131nda dan\u0131\u015fmanl\u0131k hizmeti sunmak; ve<\/span><\/li>\n<li><span style=\"color: #000000;\">Yukar\u0131daki g\u00f6revlerini ger\u00e7ekle\u015ftirmek amac\u0131yla komiteler kurmak ve gerekli konularda organizasyonlar olu\u015fturmak.<\/span><\/li>\n<\/ol>\n<p>&nbsp;<\/p>\n","protected":false},"excerpt":{"rendered":"<p>1) B\u0130RL\u0130K HAKKINDA; K\u0131br\u0131s T\u00fcrk Belediyeler Birli\u011fi (KTBB) 1983 y\u0131l\u0131nda [&hellip;]<\/p>\n","protected":false},"author":9,"featured_media":0,"parent":0,"menu_order":0,"comment_status":"open","ping_status":"closed","template":"","meta":{"footnotes":""},"class_list":["post-24","page","type-page","status-publish","hentry"],"_links":{"self":[{"href":"https:\/\/ktbb.org\/v1\/wp-json\/wp\/v2\/pages\/24","targetHints":{"allow":["GET"]}}],"collection":[{"href":"https:\/\/ktbb.org\/v1\/wp-json\/wp\/v2\/pages"}],"about":[{"href":"https:\/\/ktbb.org\/v1\/wp-json\/wp\/v2\/types\/page"}],"author":[{"embeddable":true,"href":"https:\/\/ktbb.org\/v1\/wp-json\/wp\/v2\/users\/9"}],"replies":[{"embeddable":true,"href":"https:\/\/ktbb.org\/v1\/wp-json\/wp\/v2\/comments?post=24"}],"version-history":[{"count":4,"href":"https:\/\/ktbb.org\/v1\/wp-json\/wp\/v2\/pages\/24\/revisions"}],"predecessor-version":[{"id":1528,"href":"https:\/\/ktbb.org\/v1\/wp-json\/wp\/v2\/pages\/24\/revisions\/1528"}],"wp:attachment":[{"href":"https:\/\/ktbb.org\/v1\/wp-json\/wp\/v2\/media?parent=24"}],"curies":[{"name":"wp","href":"https:\/\/api.w.org\/{rel}","templated":true}]}}