{"id":26,"date":"2015-03-07T07:37:04","date_gmt":"2015-03-07T07:37:04","guid":{"rendered":"http:\/\/ktbb.org\/v1\/?page_id=26"},"modified":"2023-05-11T10:33:37","modified_gmt":"2023-05-11T08:33:37","slug":"birlik-baskani","status":"publish","type":"page","link":"https:\/\/ktbb.org\/v1\/birlik-baskani\/","title":{"rendered":"Birlik Ba\u015fkan\u0131"},"content":{"rendered":"<p><img decoding=\"async\" class=\"alignnone size-medium wp-image-1568\" src=\"http:\/\/ktbb.org\/v1\/wp-content\/uploads\/2018\/07\/MAHMUT-\u00d6Z\u00c7INAR-219x300.jpg\" alt=\"\" width=\"219\" height=\"300\" srcset=\"https:\/\/ktbb.org\/v1\/wp-content\/uploads\/2018\/07\/MAHMUT-\u00d6Z\u00c7INAR-117x160.jpg 117w, https:\/\/ktbb.org\/v1\/wp-content\/uploads\/2018\/07\/MAHMUT-\u00d6Z\u00c7INAR-200x274.jpg 200w, https:\/\/ktbb.org\/v1\/wp-content\/uploads\/2018\/07\/MAHMUT-\u00d6Z\u00c7INAR-219x300.jpg 219w, https:\/\/ktbb.org\/v1\/wp-content\/uploads\/2018\/07\/MAHMUT-\u00d6Z\u00c7INAR-400x549.jpg 400w, https:\/\/ktbb.org\/v1\/wp-content\/uploads\/2018\/07\/MAHMUT-\u00d6Z\u00c7INAR-600x823.jpg 600w, https:\/\/ktbb.org\/v1\/wp-content\/uploads\/2018\/07\/MAHMUT-\u00d6Z\u00c7INAR-746x1024.jpg 746w, https:\/\/ktbb.org\/v1\/wp-content\/uploads\/2018\/07\/MAHMUT-\u00d6Z\u00c7INAR-768x1054.jpg 768w, https:\/\/ktbb.org\/v1\/wp-content\/uploads\/2018\/07\/MAHMUT-\u00d6Z\u00c7INAR-800x1098.jpg 800w, https:\/\/ktbb.org\/v1\/wp-content\/uploads\/2018\/07\/MAHMUT-\u00d6Z\u00c7INAR-1200x1647.jpg 1200w, https:\/\/ktbb.org\/v1\/wp-content\/uploads\/2018\/07\/MAHMUT-\u00d6Z\u00c7INAR.jpg 1324w\" sizes=\"(max-width: 219px) 100vw, 219px\" \/><\/p>\n<p>29 Ekim 1957 tarihinde Binatl\u0131\u2019da do\u011fdu. \u0130lkokul ve Ortaokulu Binatl\u0131 ve Limasol\u2019da, Liseyi de G\u00fczelyurt\u2019ta tamamlad\u0131. Ankara 19 May\u0131s Gen\u00e7lik ve Spor Akademisi Beden E\u011fitimi ve Spor B\u00f6l\u00fcm\u00fcn\u00fc derece ile bitirdi.<\/p>\n<p>1982 y\u0131l\u0131ndan itibaren G\u00fczelyurt\u2019da Orta \u00d6\u011fretim Okullar\u0131n\u0131n t\u00fcm\u00fcnde Beden E\u011fitimi \u00d6\u011fretmenli\u011fi g\u00f6revini yapt\u0131. 1992 y\u0131l\u0131ndan itibaren K\u0131br\u0131s T\u00fcrk Futbol Antren\u00f6rler Derne\u011fi Ba\u015fkanl\u0131\u011f\u0131 yapt\u0131. 1996 y\u0131l\u0131nda G\u00fczelyurt Kurtulu\u015f Lisesinde M\u00fcd\u00fcr Muavini olarak g\u00f6rev yapt\u0131.1996 Y\u0131l\u0131ndan itibaren KKTC Amat\u00f6r Atletizm Federasyonu Ba\u015fkanl\u0131\u011f\u0131\u2019n\u0131 s\u00fcrd\u00fcrd\u00fc. 1999-2005 Y\u0131llar\u0131nda LA\u00dc M\u00fctevelli Heyeti \u00dcyeli\u011fini yapt\u0131.<\/p>\n<p>1998-2002, 2002-2006, 2006-2010, 2010-2014, 2014-2018, 2018-2022 d\u00f6nemlerinde 6 kez G\u00fczelyurt Belediye Ba\u015fkanl\u0131\u011f\u0131 g\u00f6revine se\u00e7ilmi\u015f olup, 25 Aral\u0131k 2022 tarihinde yap\u0131lan yerel se\u00e7imlerde 7. kez Belediye Ba\u015fkanl\u0131\u011f\u0131na se\u00e7ildi.<\/p>\n<p>K\u0131br\u0131s T\u00fcrk Belediyeler Birli\u011fi Ba\u015fkan\u0131 da olan \u00d6z\u00e7\u0131nar, UCLG-MEWA Konsey \u00dcyesi, Avrupa Konseyi Temsilcisi ve T\u00fcrk D\u00fcnyas\u0131 Belediyeler Birli\u011fi E\u015f Ba\u015fkan\u0131d\u0131r. Evli ve iki \u00e7ocuk babas\u0131d\u0131r.<\/p>\n<p>&nbsp;<\/p>\n","protected":false},"excerpt":{"rendered":"<p>29 Ekim 1957 tarihinde Binatl\u0131\u2019da do\u011fdu. \u0130lkokul ve Ortaokulu Binatl\u0131 [&hellip;]<\/p>\n","protected":false},"author":9,"featured_media":0,"parent":0,"menu_order":0,"comment_status":"open","ping_status":"closed","template":"","meta":{"footnotes":""},"class_list":["post-26","page","type-page","status-publish","hentry"],"_links":{"self":[{"href":"https:\/\/ktbb.org\/v1\/wp-json\/wp\/v2\/pages\/26","targetHints":{"allow":["GET"]}}],"collection":[{"href":"https:\/\/ktbb.org\/v1\/wp-json\/wp\/v2\/pages"}],"about":[{"href":"https:\/\/ktbb.org\/v1\/wp-json\/wp\/v2\/types\/page"}],"author":[{"embeddable":true,"href":"https:\/\/ktbb.org\/v1\/wp-json\/wp\/v2\/users\/9"}],"replies":[{"embeddable":true,"href":"https:\/\/ktbb.org\/v1\/wp-json\/wp\/v2\/comments?post=26"}],"version-history":[{"count":12,"href":"https:\/\/ktbb.org\/v1\/wp-json\/wp\/v2\/pages\/26\/revisions"}],"predecessor-version":[{"id":15266,"href":"https:\/\/ktbb.org\/v1\/wp-json\/wp\/v2\/pages\/26\/revisions\/15266"}],"wp:attachment":[{"href":"https:\/\/ktbb.org\/v1\/wp-json\/wp\/v2\/media?parent=26"}],"curies":[{"name":"wp","href":"https:\/\/api.w.org\/{rel}","templated":true}]}}