{"id":2628,"date":"2018-11-21T12:36:30","date_gmt":"2018-11-21T12:36:30","guid":{"rendered":"http:\/\/ktbb.org\/v1\/?page_id=2628"},"modified":"2018-11-21T12:43:37","modified_gmt":"2018-11-21T12:43:37","slug":"faaliyet-ortaklari","status":"publish","type":"page","link":"https:\/\/ktbb.org\/v1\/faaliyet-ortaklari\/","title":{"rendered":"Faaliyet Ortaklar\u0131"},"content":{"rendered":"<div class=\"fusion-fullwidth fullwidth-box fusion-builder-row-1 nonhundred-percent-fullwidth non-hundred-percent-height-scrolling\" style=\"--awb-border-radius-top-left:0px;--awb-border-radius-top-right:0px;--awb-border-radius-bottom-right:0px;--awb-border-radius-bottom-left:0px;\" ><div class=\"fusion-builder-row fusion-row\"><div class=\"fusion-layout-column fusion_builder_column fusion-builder-column-0 fusion_builder_column_1_1 1_1 fusion-one-full fusion-column-first fusion-column-last\" style=\"--awb-bg-size:cover;--awb-margin-top:0px;--awb-margin-bottom:0px;\"><div class=\"fusion-column-wrapper fusion-flex-column-wrapper-legacy\"><div class=\"fusion-image-carousel fusion-image-carousel-fixed fusion-image-carousel-1 fusion-carousel-border\"><div class=\"awb-carousel awb-swiper awb-swiper-carousel\" data-autoplay=\"no\" data-columns=\"5\" data-itemmargin=\"13\" data-itemwidth=\"180\" data-touchscroll=\"no\" data-imagesize=\"fixed\"><div class=\"swiper-wrapper fusion-flex-align-items-center\"><div class=\"swiper-slide\"><div class=\"fusion-carousel-item-wrapper\"><div class=\"fusion-image-wrapper hover-type-none\"><a href=\"http:\/\/www.tdbb.org.tr\" target=\"_blank\" rel=\"noopener noreferrer\"><img decoding=\"async\" width=\"320\" height=\"202\" src=\"https:\/\/ktbb.org\/v1\/wp-content\/uploads\/2018\/11\/T\u00dcRK-D\u00dcNYASI-BELED\u0130YELER-B\u0130RL\u0130\u011e\u0130-320x202.png\" class=\"attachment-blog-medium size-blog-medium\" alt=\"\" \/><\/a><\/div><\/div><\/div><div class=\"swiper-slide\"><div class=\"fusion-carousel-item-wrapper\"><div class=\"fusion-image-wrapper hover-type-none\"><a href=\"http:\/\/uclg-mewa.org\/tr\" target=\"_blank\" rel=\"noopener noreferrer\"><img decoding=\"async\" width=\"211\" height=\"153\" src=\"https:\/\/ktbb.org\/v1\/wp-content\/uploads\/2018\/11\/UCLG-MEWA.png\" class=\"attachment-blog-medium size-blog-medium\" alt=\"\" srcset=\"https:\/\/ktbb.org\/v1\/wp-content\/uploads\/2018\/11\/UCLG-MEWA-200x145.png 200w, https:\/\/ktbb.org\/v1\/wp-content\/uploads\/2018\/11\/UCLG-MEWA.png 211w\" sizes=\"(min-width: 2200px) 100vw, (min-width: 928px) 210px, (min-width: 856px) 262px, (min-width: 784px) 349px, (min-width: 712px) 524px, (min-width: 640px) 712px, \" \/><\/a><\/div><\/div><\/div><div class=\"swiper-slide\"><div class=\"fusion-carousel-item-wrapper\"><div class=\"fusion-image-wrapper hover-type-none\"><a href=\"http:\/\/www.tbb.gov.tr\/ \" target=\"_blank\" rel=\"noopener noreferrer\"><img decoding=\"async\" width=\"195\" height=\"195\" src=\"https:\/\/ktbb.org\/v1\/wp-content\/uploads\/2018\/11\/T\u00fcrkiye-Belediyeler-Birli\u011fi.png\" class=\"attachment-blog-medium size-blog-medium\" alt=\"\" \/><\/a><\/div><\/div><\/div><div class=\"swiper-slide\"><div class=\"fusion-carousel-item-wrapper\"><div class=\"fusion-image-wrapper hover-type-none\"><a href=\"http:\/\/www.akdenizbelbir.gov.tr\/\" target=\"_blank\" rel=\"noopener noreferrer\"><img decoding=\"async\" width=\"320\" height=\"141\" src=\"https:\/\/ktbb.org\/v1\/wp-content\/uploads\/2018\/11\/Akdeniz-Belediyeler-Birli\u011fi-320x141.png\" class=\"attachment-blog-medium size-blog-medium\" alt=\"\" \/><\/a><\/div><\/div><\/div><div class=\"swiper-slide\"><div class=\"fusion-carousel-item-wrapper\"><div class=\"fusion-image-wrapper hover-type-none\"><a href=\"http:\/\/marmara.gov.tr\/\" target=\"_blank\" rel=\"noopener noreferrer\"><img decoding=\"async\" width=\"320\" height=\"202\" src=\"https:\/\/ktbb.org\/v1\/wp-content\/uploads\/2018\/11\/Marmara-Belediyeler-Birli\u011fi-320x202.png\" class=\"attachment-blog-medium size-blog-medium\" alt=\"\" \/><\/a><\/div><\/div><\/div><div class=\"swiper-slide\"><div class=\"fusion-carousel-item-wrapper\"><div class=\"fusion-image-wrapper hover-type-none\"><a href=\"http:\/\/kiyiege.gov.tr\/\" target=\"_blank\" rel=\"noopener noreferrer\"><img decoding=\"async\" width=\"228\" height=\"199\" src=\"https:\/\/ktbb.org\/v1\/wp-content\/uploads\/2018\/11\/K\u0131y\u0131-Ege-Belediyeler-Birli\u011fi.png\" class=\"attachment-blog-medium size-blog-medium\" alt=\"\" srcset=\"https:\/\/ktbb.org\/v1\/wp-content\/uploads\/2018\/11\/K\u0131y\u0131-Ege-Belediyeler-Birli\u011fi-200x175.png 200w, https:\/\/ktbb.org\/v1\/wp-content\/uploads\/2018\/11\/K\u0131y\u0131-Ege-Belediyeler-Birli\u011fi.png 228w\" sizes=\"(min-width: 2200px) 100vw, (min-width: 928px) 210px, (min-width: 856px) 262px, (min-width: 784px) 349px, (min-width: 712px) 524px, (min-width: 640px) 712px, \" \/><\/a><\/div><\/div><\/div><div class=\"swiper-slide\"><div class=\"fusion-carousel-item-wrapper\"><div class=\"fusion-image-wrapper hover-type-none\"><a href=\"http:\/\/www.dabb.gov.tr\/\" target=\"_blank\" rel=\"noopener noreferrer\"><img decoding=\"async\" width=\"224\" height=\"202\" src=\"https:\/\/ktbb.org\/v1\/wp-content\/uploads\/2018\/11\/Do\u011fu-Akdeniz-Belediyeler-Birli\u011fi-224x202.jpg\" class=\"attachment-blog-medium size-blog-medium\" alt=\"\" \/><\/a><\/div><\/div><\/div><div class=\"swiper-slide\"><div class=\"fusion-carousel-item-wrapper\"><div class=\"fusion-image-wrapper hover-type-none\"><a href=\"http:\/\/www.dkbb.gov.tr\/\" target=\"_blank\" rel=\"noopener noreferrer\"><img decoding=\"async\" width=\"320\" height=\"202\" src=\"https:\/\/ktbb.org\/v1\/wp-content\/uploads\/2018\/11\/Do\u011fu-Karadeniz-Belediyeler-Birli\u011fi-320x202.jpg\" class=\"attachment-blog-medium size-blog-medium\" alt=\"\" \/><\/a><\/div><\/div><\/div><div class=\"swiper-slide\"><div class=\"fusion-carousel-item-wrapper\"><div class=\"fusion-image-wrapper hover-type-none\"><a href=\"http:\/\/www.cbb.gov.tr\/ \" target=\"_blank\" rel=\"noopener noreferrer\"><img decoding=\"async\" width=\"239\" height=\"202\" src=\"https:\/\/ktbb.org\/v1\/wp-content\/uploads\/2018\/11\/\u00c7ukurova-Belediyeler-Birli\u011fi-239x202.png\" class=\"attachment-blog-medium size-blog-medium\" alt=\"\" \/><\/a><\/div><\/div><\/div><\/div><div class=\"awb-swiper-button awb-swiper-button-prev\"><i class=\"awb-icon-angle-left\" aria-hidden=\"true\"><\/i><\/div><div class=\"awb-swiper-button awb-swiper-button-next\"><i class=\"awb-icon-angle-right\" aria-hidden=\"true\"><\/i><\/div><\/div><\/div><div class=\"fusion-text fusion-text-1\"><p><b>FAAL\u0130YET ORTAKLARI<\/b><\/p>\n<ul>\n<li>T\u00dcRK D\u00dcNYASI BELED\u0130YELER B\u0130RL\u0130\u011e\u0130\u00a0<a class=\"daria-goto-anchor\" href=\"http:\/\/www.tdbb.org.tr\/\" target=\"_blank\" rel=\"noopener noreferrer\" data-vdir-href=\"https:\/\/mail.yandex.com.tr\/re.jsx?uid=1130000031123646&amp;c=LIZA&amp;cv=15.0.670&amp;mid=167477611142843925&amp;h=a,RqmXGzt9CV0A1Oy1Rbbrgw&amp;l=aHR0cDovL3d3dy50ZGJiLm9yZy50ci8\" data-orig-href=\"http:\/\/www.tdbb.org.tr\/\">http:\/\/www.tdbb.org.tr<\/a><\/li>\n<li>UCLG-MEWA\u00a0\u00a0\u00a0\u00a0<a class=\"daria-goto-anchor\" href=\"http:\/\/uclg-mewa.org\/tr\" target=\"_blank\" rel=\"noopener noreferrer\" data-vdir-href=\"https:\/\/mail.yandex.com.tr\/re.jsx?uid=1130000031123646&amp;c=LIZA&amp;cv=15.0.670&amp;mid=167477611142843925&amp;h=a,LH3igHczRX6Cq_3nqCVNzQ&amp;l=aHR0cDovL3VjbGctbWV3YS5vcmcvdHI\" data-orig-href=\"http:\/\/uclg-mewa.org\/tr\">http:\/\/uclg-mewa.org\/tr<\/a><\/li>\n<li>T\u00fcrkiye Belediyeler Birli\u011fi\u00a0\u00a0\u00a0\u00a0\u00a0<a class=\"daria-goto-anchor\" href=\"http:\/\/www.tbb.gov.tr\/\" target=\"_blank\" rel=\"noopener noreferrer\" data-vdir-href=\"https:\/\/mail.yandex.com.tr\/re.jsx?uid=1130000031123646&amp;c=LIZA&amp;cv=15.0.670&amp;mid=167477611142843925&amp;h=a,MWkEnnFzFLt2hp9oNRSMhA&amp;l=aHR0cDovL3d3dy50YmIuZ292LnRyLw\" data-orig-href=\"http:\/\/www.tbb.gov.tr\/\">http:\/\/www.tbb.gov.tr\/<\/a><\/li>\n<li>Akdeniz Belediyeler Birli\u011fi\u00a0\u00a0\u00a0<a class=\"daria-goto-anchor\" href=\"http:\/\/www.akdenizbelbir.gov.tr\/\" target=\"_blank\" rel=\"noopener noreferrer\" data-vdir-href=\"https:\/\/mail.yandex.com.tr\/re.jsx?uid=1130000031123646&amp;c=LIZA&amp;cv=15.0.670&amp;mid=167477611142843925&amp;h=a,vOZyLDOeeMypRv7HWrLOJQ&amp;l=aHR0cDovL3d3dy5ha2Rlbml6YmVsYmlyLmdvdi50ci8\" data-orig-href=\"http:\/\/www.akdenizbelbir.gov.tr\/\">http:\/\/www.akdenizbelbir.gov.tr\/<\/a><\/li>\n<li>Marmara Belediyeler Birli\u011fi\u00a0\u00a0<a class=\"daria-goto-anchor\" href=\"http:\/\/marmara.gov.tr\/\" target=\"_blank\" rel=\"noopener noreferrer\" data-vdir-href=\"https:\/\/mail.yandex.com.tr\/re.jsx?uid=1130000031123646&amp;c=LIZA&amp;cv=15.0.670&amp;mid=167477611142843925&amp;h=a,yPFnh94_zsSWA7tUGAqn8w&amp;l=aHR0cDovL21hcm1hcmEuZ292LnRyLw\" data-orig-href=\"http:\/\/marmara.gov.tr\/\">http:\/\/marmara.gov.tr\/<\/a><\/li>\n<li>K\u0131y\u0131 Ege Belediyeler Birli\u011fi\u00a0\u00a0\u00a0<a class=\"daria-goto-anchor\" href=\"http:\/\/kiyiege.gov.tr\/\" target=\"_blank\" rel=\"noopener noreferrer\" data-vdir-href=\"https:\/\/mail.yandex.com.tr\/re.jsx?uid=1130000031123646&amp;c=LIZA&amp;cv=15.0.670&amp;mid=167477611142843925&amp;h=a,ng6g77QXPh-48eFT1Z8Djg&amp;l=aHR0cDovL2tpeWllZ2UuZ292LnRyLw\" data-orig-href=\"http:\/\/kiyiege.gov.tr\/\">http:\/\/kiyiege.gov.tr\/<\/a><\/li>\n<li>Do\u011fu Akdeniz Belediyeler Birli\u011fi\u00a0 \u00a0<a class=\"daria-goto-anchor\" href=\"http:\/\/www.dabb.gov.tr\/\" target=\"_blank\" rel=\"noopener noreferrer\" data-vdir-href=\"https:\/\/mail.yandex.com.tr\/re.jsx?uid=1130000031123646&amp;c=LIZA&amp;cv=15.0.670&amp;mid=167477611142843925&amp;h=a,jQ9oBd7W7KJdg2SzHEe-8g&amp;l=aHR0cDovL3d3dy5kYWJiLmdvdi50ci8\" data-orig-href=\"http:\/\/www.dabb.gov.tr\/\">http:\/\/www.dabb.gov.tr\/<\/a><\/li>\n<li>Do\u011fu Karadeniz Belediyeler Birli\u011fi\u00a0\u00a0<a class=\"daria-goto-anchor\" href=\"http:\/\/www.dkbb.gov.tr\/\" target=\"_blank\" rel=\"noopener noreferrer\" data-vdir-href=\"https:\/\/mail.yandex.com.tr\/re.jsx?uid=1130000031123646&amp;c=LIZA&amp;cv=15.0.670&amp;mid=167477611142843925&amp;h=a,2FmFOV6ufLui2Gutwz3byw&amp;l=aHR0cDovL3d3dy5ka2JiLmdvdi50ci8\" data-orig-href=\"http:\/\/www.dkbb.gov.tr\/\">http:\/\/www.dkbb.gov.tr\/<\/a><\/li>\n<li>\u00c7ukurova Belediyeler Birli\u011fi\u00a0\u00a0\u00a0\u00a0\u00a0\u00a0\u00a0\u00a0<a class=\"daria-goto-anchor\" href=\"http:\/\/www.cbb.gov.tr\/\" target=\"_blank\" rel=\"noopener noreferrer\" data-vdir-href=\"https:\/\/mail.yandex.com.tr\/re.jsx?uid=1130000031123646&amp;c=LIZA&amp;cv=15.0.670&amp;mid=167477611142843925&amp;h=a,CHcHiacdG7MFa9RsAfFmPQ&amp;l=aHR0cDovL3d3dy5jYmIuZ292LnRyLw\" data-orig-href=\"http:\/\/www.cbb.gov.tr\/\">http:\/\/www.cbb.gov.tr\/<\/a><\/li>\n<\/ul>\n<\/div><div class=\"fusion-clearfix\"><\/div><\/div><\/div><\/div><\/div>\n","protected":false},"excerpt":{"rendered":"","protected":false},"author":9,"featured_media":0,"parent":0,"menu_order":0,"comment_status":"closed","ping_status":"closed","template":"","meta":{"footnotes":""},"class_list":["post-2628","page","type-page","status-publish","hentry"],"_links":{"self":[{"href":"https:\/\/ktbb.org\/v1\/wp-json\/wp\/v2\/pages\/2628","targetHints":{"allow":["GET"]}}],"collection":[{"href":"https:\/\/ktbb.org\/v1\/wp-json\/wp\/v2\/pages"}],"about":[{"href":"https:\/\/ktbb.org\/v1\/wp-json\/wp\/v2\/types\/page"}],"author":[{"embeddable":true,"href":"https:\/\/ktbb.org\/v1\/wp-json\/wp\/v2\/users\/9"}],"replies":[{"embeddable":true,"href":"https:\/\/ktbb.org\/v1\/wp-json\/wp\/v2\/comments?post=2628"}],"version-history":[{"count":3,"href":"https:\/\/ktbb.org\/v1\/wp-json\/wp\/v2\/pages\/2628\/revisions"}],"predecessor-version":[{"id":2641,"href":"https:\/\/ktbb.org\/v1\/wp-json\/wp\/v2\/pages\/2628\/revisions\/2641"}],"wp:attachment":[{"href":"https:\/\/ktbb.org\/v1\/wp-json\/wp\/v2\/media?parent=2628"}],"curies":[{"name":"wp","href":"https:\/\/api.w.org\/{rel}","templated":true}]}}