{"id":2646,"date":"2023-05-11T09:54:12","date_gmt":"2023-05-11T07:54:12","guid":{"rendered":"http:\/\/ktbb.org\/v1\/?page_id=2646"},"modified":"2023-05-11T10:35:13","modified_gmt":"2023-05-11T08:35:13","slug":"ali-karavezirler","status":"publish","type":"page","link":"https:\/\/ktbb.org\/v1\/ali-karavezirler\/","title":{"rendered":"Ali Karavezirler"},"content":{"rendered":"<p><img decoding=\"async\" class=\"alignnone size-full wp-image-15267\" src=\"http:\/\/ktbb.org\/v1\/wp-content\/uploads\/2023\/05\/Ali-Karavezirler.jpg\" alt=\"\" width=\"301\" height=\"301\" srcset=\"https:\/\/ktbb.org\/v1\/wp-content\/uploads\/2023\/05\/Ali-Karavezirler-66x66.jpg 66w, https:\/\/ktbb.org\/v1\/wp-content\/uploads\/2023\/05\/Ali-Karavezirler-150x150.jpg 150w, https:\/\/ktbb.org\/v1\/wp-content\/uploads\/2023\/05\/Ali-Karavezirler-200x200.jpg 200w, https:\/\/ktbb.org\/v1\/wp-content\/uploads\/2023\/05\/Ali-Karavezirler.jpg 301w\" sizes=\"(max-width: 301px) 100vw, 301px\" \/><\/p>\n<p>1966 y\u0131l\u0131nda Cihangir\u2019de do\u011fdu. Lise \u00f6\u011frenimini Sedat Simavi Yap\u0131 Meslek Lisesi\u2019nde tamamlad\u0131.<\/p>\n<p>K\u0131br\u0131s T\u00fcrk Elektrik M\u00fcteahhitleri Birli\u011fi\u2019nde Y\u00f6netim Kurulu \u00dcyeli\u011fi ve Asba\u015fkanl\u0131k g\u00f6revlerinde bulundu. Cihangir Gen\u00e7lik Spor Kul\u00fcb\u00fc\u2019nde 10 y\u0131l ba\u015fkanl\u0131k yapt\u0131 ve ba\u015fkanl\u0131k yapt\u0131\u011f\u0131 d\u00f6nemde kul\u00fcb\u00fc S\u00fcper Lig\u2019e \u00e7\u0131karmay\u0131 ba\u015fard\u0131.<\/p>\n<p>2010 y\u0131l\u0131ndan 2017 y\u0131l\u0131 Haziran ay\u0131na kadar K\u0131br\u0131s T\u00fcrk Futbol Federasyonu\u2019nda Asba\u015fkanl\u0131k g\u00f6revini y\u00fcr\u00fctt\u00fc.<\/p>\n<p>1989 y\u0131l\u0131ndan itibaren elektrik m\u00fcteahhidi olarak g\u00f6rev yapt\u0131.<\/p>\n<p>14 Haziran 2015\u2019ten bug\u00fcne CTP Merkez Y\u00f6netim Kurulu\u2019nda Mali Sekreter olarak sorumluluk \u00fcstlendi.<\/p>\n<p>24 Haziran 2018\u2019te De\u011firmenlik Belediye Ba\u015fkan\u0131, 25 Aral\u0131k 2022&#8217;de De\u011firmenlik-Ak\u0131nc\u0131lar Belediye Ba\u015fkan\u0131 se\u00e7ildi.<\/p>\n<p>Evli ve 2 \u00e7ocuk babas\u0131d\u0131r.<\/p>\n","protected":false},"excerpt":{"rendered":"<p>1966 y\u0131l\u0131nda Cihangir\u2019de do\u011fdu. Lise \u00f6\u011frenimini Sedat Simavi Yap\u0131 Meslek [&hellip;]<\/p>\n","protected":false},"author":9,"featured_media":0,"parent":0,"menu_order":0,"comment_status":"closed","ping_status":"closed","template":"","meta":{"footnotes":""},"class_list":["post-2646","page","type-page","status-publish","hentry"],"_links":{"self":[{"href":"https:\/\/ktbb.org\/v1\/wp-json\/wp\/v2\/pages\/2646","targetHints":{"allow":["GET"]}}],"collection":[{"href":"https:\/\/ktbb.org\/v1\/wp-json\/wp\/v2\/pages"}],"about":[{"href":"https:\/\/ktbb.org\/v1\/wp-json\/wp\/v2\/types\/page"}],"author":[{"embeddable":true,"href":"https:\/\/ktbb.org\/v1\/wp-json\/wp\/v2\/users\/9"}],"replies":[{"embeddable":true,"href":"https:\/\/ktbb.org\/v1\/wp-json\/wp\/v2\/comments?post=2646"}],"version-history":[{"count":3,"href":"https:\/\/ktbb.org\/v1\/wp-json\/wp\/v2\/pages\/2646\/revisions"}],"predecessor-version":[{"id":15268,"href":"https:\/\/ktbb.org\/v1\/wp-json\/wp\/v2\/pages\/2646\/revisions\/15268"}],"wp:attachment":[{"href":"https:\/\/ktbb.org\/v1\/wp-json\/wp\/v2\/media?parent=2646"}],"curies":[{"name":"wp","href":"https:\/\/api.w.org\/{rel}","templated":true}]}}