{"id":2664,"date":"2023-05-11T09:41:26","date_gmt":"2023-05-11T07:41:26","guid":{"rendered":"http:\/\/ktbb.org\/v1\/?page_id=2664"},"modified":"2023-05-11T10:37:03","modified_gmt":"2023-05-11T08:37:03","slug":"yuksel-celebi","status":"publish","type":"page","link":"https:\/\/ktbb.org\/v1\/yuksel-celebi\/","title":{"rendered":"Y\u00fcksel \u00c7elebi"},"content":{"rendered":"<p><img decoding=\"async\" class=\"alignnone size-medium wp-image-15271\" src=\"http:\/\/ktbb.org\/v1\/wp-content\/uploads\/2023\/05\/yuksel-celebi-300x169.jpg\" alt=\"\" width=\"300\" height=\"169\" srcset=\"https:\/\/ktbb.org\/v1\/wp-content\/uploads\/2023\/05\/yuksel-celebi-200x112.jpg 200w, https:\/\/ktbb.org\/v1\/wp-content\/uploads\/2023\/05\/yuksel-celebi-300x169.jpg 300w, https:\/\/ktbb.org\/v1\/wp-content\/uploads\/2023\/05\/yuksel-celebi-400x225.jpg 400w, https:\/\/ktbb.org\/v1\/wp-content\/uploads\/2023\/05\/yuksel-celebi.jpg 500w\" sizes=\"(max-width: 300px) 100vw, 300px\" \/><\/p>\n<p>1961 y\u0131l\u0131nda Baf kazas\u0131na ba\u011fl\u0131 Aydo\u011fan k\u00f6y\u00fcnde do\u011fdu.<\/p>\n<p>1975 y\u0131l\u0131nda Dikmen\u2019de ikamet etmeye ba\u015flad\u0131. 1980 y\u0131l\u0131nda askerli\u011fini tamamlad\u0131kdan sonra i\u015f hayat\u0131na at\u0131ld\u0131. Uzun y\u0131llar konfeksiyon i\u015fiyle u\u011fra\u015ft\u0131. Sosyal alanda ise, Dikmen G\u00fcc\u00fc Spor Kul\u00fcb\u00fc y\u00f6netim kurulu \u00fcyeli\u011fi ve kul\u00fcp ba\u015fkanl\u0131\u011f\u0131 yapt\u0131.<\/p>\n<p>\u00d6zel sekt\u00f6rdeki \u00e7al\u0131\u015fmalar\u0131n\u0131n yan\u0131nda siyasete at\u0131larak 1986 y\u0131l\u0131nda kurulan Dikmen Belediyesi\u2019nde d\u00f6rt d\u00f6nem (16 y\u0131l) aktif olarak Belediye meclis \u00fcyesi se\u00e7ilerek Meclis \u00dcyeli\u011fi yapt\u0131.<\/p>\n<p>Ba\u015far\u0131yla y\u00fcr\u00fctt\u00fc\u011f\u00fc bu g\u00f6revi sonras\u0131nda Haziran 2006 Yerel Se\u00e7imlerinde Dikmen Belediye Ba\u015fkan\u0131 se\u00e7ildi. Halen bu g\u00f6revi ba\u015far\u0131yla y\u00fcr\u00fctmekte olan Y\u00fcksel \u00c7elebi, evli ve 2 \u00e7ocuk babas\u0131d\u0131r.<\/p>\n","protected":false},"excerpt":{"rendered":"<p>1961 y\u0131l\u0131nda Baf kazas\u0131na ba\u011fl\u0131 Aydo\u011fan k\u00f6y\u00fcnde do\u011fdu. 1975 y\u0131l\u0131nda [&hellip;]<\/p>\n","protected":false},"author":9,"featured_media":0,"parent":0,"menu_order":0,"comment_status":"closed","ping_status":"closed","template":"","meta":{"footnotes":""},"class_list":["post-2664","page","type-page","status-publish","hentry"],"_links":{"self":[{"href":"https:\/\/ktbb.org\/v1\/wp-json\/wp\/v2\/pages\/2664","targetHints":{"allow":["GET"]}}],"collection":[{"href":"https:\/\/ktbb.org\/v1\/wp-json\/wp\/v2\/pages"}],"about":[{"href":"https:\/\/ktbb.org\/v1\/wp-json\/wp\/v2\/types\/page"}],"author":[{"embeddable":true,"href":"https:\/\/ktbb.org\/v1\/wp-json\/wp\/v2\/users\/9"}],"replies":[{"embeddable":true,"href":"https:\/\/ktbb.org\/v1\/wp-json\/wp\/v2\/comments?post=2664"}],"version-history":[{"count":3,"href":"https:\/\/ktbb.org\/v1\/wp-json\/wp\/v2\/pages\/2664\/revisions"}],"predecessor-version":[{"id":15272,"href":"https:\/\/ktbb.org\/v1\/wp-json\/wp\/v2\/pages\/2664\/revisions\/15272"}],"wp:attachment":[{"href":"https:\/\/ktbb.org\/v1\/wp-json\/wp\/v2\/media?parent=2664"}],"curies":[{"name":"wp","href":"https:\/\/api.w.org\/{rel}","templated":true}]}}