{"id":2665,"date":"2023-05-11T09:40:55","date_gmt":"2023-05-11T07:40:55","guid":{"rendered":"http:\/\/ktbb.org\/v1\/?page_id=2665"},"modified":"2023-05-11T10:57:45","modified_gmt":"2023-05-11T08:57:45","slug":"hasan-sadikoglu","status":"publish","type":"page","link":"https:\/\/ktbb.org\/v1\/hasan-sadikoglu\/","title":{"rendered":"Hasan Sad\u0131ko\u011flu"},"content":{"rendered":"<p><img decoding=\"async\" class=\"alignnone size-medium wp-image-15286\" src=\"http:\/\/ktbb.org\/v1\/wp-content\/uploads\/2023\/05\/Hasan-Sadikoglu-Copy-183x300.png\" alt=\"\" width=\"183\" height=\"300\" srcset=\"https:\/\/ktbb.org\/v1\/wp-content\/uploads\/2023\/05\/Hasan-Sadikoglu-Copy-183x300.png 183w, https:\/\/ktbb.org\/v1\/wp-content\/uploads\/2023\/05\/Hasan-Sadikoglu-Copy-200x328.png 200w, https:\/\/ktbb.org\/v1\/wp-content\/uploads\/2023\/05\/Hasan-Sadikoglu-Copy-400x656.png 400w, https:\/\/ktbb.org\/v1\/wp-content\/uploads\/2023\/05\/Hasan-Sadikoglu-Copy-600x984.png 600w, https:\/\/ktbb.org\/v1\/wp-content\/uploads\/2023\/05\/Hasan-Sadikoglu-Copy-624x1024.png 624w, https:\/\/ktbb.org\/v1\/wp-content\/uploads\/2023\/05\/Hasan-Sadikoglu-Copy-768x1260.png 768w, https:\/\/ktbb.org\/v1\/wp-content\/uploads\/2023\/05\/Hasan-Sadikoglu-Copy-800x1312.png 800w, https:\/\/ktbb.org\/v1\/wp-content\/uploads\/2023\/05\/Hasan-Sadikoglu-Copy-936x1536.png 936w, https:\/\/ktbb.org\/v1\/wp-content\/uploads\/2023\/05\/Hasan-Sadikoglu-Copy-1200x1968.png 1200w, https:\/\/ktbb.org\/v1\/wp-content\/uploads\/2023\/05\/Hasan-Sadikoglu-Copy-1249x2048.png 1249w, https:\/\/ktbb.org\/v1\/wp-content\/uploads\/2023\/05\/Hasan-Sadikoglu-Copy.png 1270w\" sizes=\"(max-width: 183px) 100vw, 183px\" \/><\/p>\n<p>31 Aral\u0131k 1977 y\u0131l\u0131nda Gazima\u011fusa\u2019da do\u011fdu.<\/p>\n<p>\u0130skele \u015eehit \u0130lker Karter \u0130lkokulu\u2019ndan mezun olduktan sonra orta ve lise tahsiline Bekirpa\u015fa Lisesi\u2019nde devam etti.<\/p>\n<p>\u00dcniversite \u00f6\u011frenimini DA\u00dc \u0130n\u015faat Teknikerli\u011fi b\u00f6l\u00fcm\u00fcnde tamamlad\u0131.<\/p>\n<p>Vatani g\u00f6revini tamamlad\u0131ktan sonra i\u015f d\u00fcnyas\u0131na at\u0131lan Sad\u0131ko\u011flu kendisine ait benzin istasyonunu \u00e7al\u0131\u015ft\u0131rd\u0131.<\/p>\n<p>2006 \u2013 2014 y\u0131llar\u0131 aras\u0131nda iki d\u00f6nem \u0130skele Belediyesi UBP Meclis \u00dcyeli\u011fi ve de Asba\u015fkanl\u0131k yapan, 2014 y\u0131l\u0131 yerel se\u00e7imlerinde ise \u0130skele Belediye Ba\u015fkanl\u0131\u011f\u0131n\u0131 kazanan, 2018 ve 2022 y\u0131llar\u0131nda ger\u00e7ekle\u015fen se\u00e7imlerde de halk\u0131n deste\u011fini alarak ba\u015fkanl\u0131k g\u00f6revini devam ettiren Hasan Sad\u0131ko\u011flu iki k\u0131z \u00e7ocu\u011fu babas\u0131d\u0131r.<\/p>\n","protected":false},"excerpt":{"rendered":"<p>31 Aral\u0131k 1977 y\u0131l\u0131nda Gazima\u011fusa\u2019da do\u011fdu. \u0130skele \u015eehit \u0130lker Karter [&hellip;]<\/p>\n","protected":false},"author":9,"featured_media":0,"parent":0,"menu_order":0,"comment_status":"closed","ping_status":"closed","template":"","meta":{"footnotes":""},"class_list":["post-2665","page","type-page","status-publish","hentry"],"_links":{"self":[{"href":"https:\/\/ktbb.org\/v1\/wp-json\/wp\/v2\/pages\/2665","targetHints":{"allow":["GET"]}}],"collection":[{"href":"https:\/\/ktbb.org\/v1\/wp-json\/wp\/v2\/pages"}],"about":[{"href":"https:\/\/ktbb.org\/v1\/wp-json\/wp\/v2\/types\/page"}],"author":[{"embeddable":true,"href":"https:\/\/ktbb.org\/v1\/wp-json\/wp\/v2\/users\/9"}],"replies":[{"embeddable":true,"href":"https:\/\/ktbb.org\/v1\/wp-json\/wp\/v2\/comments?post=2665"}],"version-history":[{"count":5,"href":"https:\/\/ktbb.org\/v1\/wp-json\/wp\/v2\/pages\/2665\/revisions"}],"predecessor-version":[{"id":15287,"href":"https:\/\/ktbb.org\/v1\/wp-json\/wp\/v2\/pages\/2665\/revisions\/15287"}],"wp:attachment":[{"href":"https:\/\/ktbb.org\/v1\/wp-json\/wp\/v2\/media?parent=2665"}],"curies":[{"name":"wp","href":"https:\/\/api.w.org\/{rel}","templated":true}]}}